{"id":1832,"date":"2021-01-11T00:22:55","date_gmt":"2021-01-10T22:22:55","guid":{"rendered":"https:\/\/etno.net\/?post_type=product&#038;p=1832"},"modified":"2021-11-19T13:56:10","modified_gmt":"2021-11-19T11:56:10","slug":"anne-mari-kivimaki-aikapyora","status":"publish","type":"product","link":"http:\/\/etno.net\/en\/julkaisu\/aanitteet\/anne-mari-kivimaki-aikapyora","title":{"rendered":"Anne-Mari Kivim\u00e4ki &#8211; Aikapy\u00f6r\u00e4"},"content":{"rendered":"<div class=\"field field-name-field-kamucd-teknikot field-type-text-long field-label-hidden\">\n<div class=\"field-items\">\n<div class=\"field-item even\">\n<p>\u00c4\u00e4nitys: Samuli Volanto, Eero Grundstr\u00f6m, SKS:n kansanrunousarkiston tallentajat 1957-1961<br \/>\nMiksaus: Samuli Volanto, Eero Grundstr\u00f6m, Anne-Mari Kivim\u00e4ki<br \/>\nMasterointi: Taito Hoffr\u00e9n\/\u00c4\u00e4ni\u00e4<\/p>\n<\/div>\n<\/div>\n<\/div>\n<div class=\"field field-name-field-kamucd-yht-kokoonpano field-type-text-long field-label-inline clearfix\">\n<div class=\"field-label\">Muusikot:<\/div>\n<div class=\"field-items\">\n<div class=\"field-item even\">\n<p>Anne-Mari Kivim\u00e4ki: Notka-haitarit, laulu<\/p>\n<p>Muut muusikot:<\/p>\n<p>Eero Grundstr\u00f6m: konemusisointi<\/p>\n<\/div>\n<\/div>\n<\/div>\n<div class=\"field field-name-field-kamucd-raidat field-type-text-long field-label-hidden\">\n<div class=\"field-items\">\n<div class=\"field-item even\">\n<h2>1. Mirokille<\/h2>\n<p>s\u00e4v. Anne-Mari Kivim\u00e4ki<\/p>\n<!--[if lt IE 9]><script>document.createElement('audio');<\/script><![endif]-->\n<audio class=\"wp-audio-shortcode\" id=\"audio-1832-1\" preload=\"none\" style=\"width: 100%;\" controls=\"controls\"><source type=\"audio\/mpeg\" src=\"https:\/\/etno.net\/wp-content\/uploads\/2021\/01\/mirokille.mp3?_=1\" \/><a href=\"https:\/\/etno.net\/wp-content\/uploads\/2021\/01\/mirokille.mp3\">https:\/\/etno.net\/wp-content\/uploads\/2021\/01\/mirokille.mp3<\/a><\/audio>\n<h2>2. Tanssin opettelua<\/h2>\n<p>trad. sov. Eero Grundstr\u00f6m<\/p>\n<h2>3. Hutjakka<\/h2>\n<p>s\u00e4v. Anne-Mari Kivim\u00e4ki, sov. Anne-Mari Kivim\u00e4ki, Eero Grundstr\u00f6m, Samuli Volanto<\/p>\n<h2>4. Kankkusp\u00e4iv\u00e4st\u00e4 Karjala<\/h2>\n<p>s\u00e4v Anne-Mari Kivim\u00e4ki, san. Marjo Kuusela, sov. Eero Grundstr\u00f6m, Anne-Mari Kivim\u00e4ki<\/p>\n<audio class=\"wp-audio-shortcode\" id=\"audio-1832-2\" preload=\"none\" style=\"width: 100%;\" controls=\"controls\"><source type=\"audio\/mpeg\" src=\"https:\/\/etno.net\/wp-content\/uploads\/2021\/01\/kankkuspaivasta_karjalaan.mp3?_=2\" \/><a href=\"https:\/\/etno.net\/wp-content\/uploads\/2021\/01\/kankkuspaivasta_karjalaan.mp3\">https:\/\/etno.net\/wp-content\/uploads\/2021\/01\/kankkuspaivasta_karjalaan.mp3<\/a><\/audio>\n<h2>5. Palje<\/h2>\n<p>s\u00e4v. Anne-Mari Kivim\u00e4ki<\/p>\n<h2>Lipits\u00e4<\/h2>\n<p>s\u00e4v. Anne-Mari Kivim\u00e4ki, sov. Eero Grundstr\u00f6m, Anne-Mari Kivim\u00e4ki<\/p>\n<h2>7. Bileet<\/h2>\n<p>s\u00e4v Anne-Mari Kivim\u00e4ki, sov. Eero Grundstr\u00f6m, Anne-Mari Kivim\u00e4ki<\/p>\n<h2>8. Surua<\/h2>\n<p>s\u00e4v. Anne-Mari Kivim\u00e4ki, sov. Eero Grundstr\u00f6m, Anne-Mari Kivim\u00e4ki, Hehkumo<\/p>\n<h2>9. Versot<\/h2>\n<p>s\u00e4v. Anne-Mari Kivim\u00e4ki<\/p>\n<h2>10. Kalmoilla<\/h2>\n<p>sov. Eero Grundstr\u00f6m<\/p>\n<h2>11.Ruumiinpesu<\/h2>\n<p>s\u00e4v. Eero Grundstr\u00f6m, Anne-Mari Kivim\u00e4ki, san. trad., sov. Eero Grundstr\u00f6m, Anne-Mari Kivim\u00e4ki, Samuli Volanto<\/p>\n<audio class=\"wp-audio-shortcode\" id=\"audio-1832-3\" preload=\"none\" style=\"width: 100%;\" controls=\"controls\"><source type=\"audio\/mpeg\" src=\"https:\/\/etno.net\/wp-content\/uploads\/2021\/01\/ruumiinpesu.mp3?_=3\" \/><a href=\"https:\/\/etno.net\/wp-content\/uploads\/2021\/01\/ruumiinpesu.mp3\">https:\/\/etno.net\/wp-content\/uploads\/2021\/01\/ruumiinpesu.mp3<\/a><\/audio>\n<h2>12. Rauha ja Hiljaisuus<\/h2>\n<p>s\u00e4v. Anne-Mari Kivim\u00e4ki, san. trad.\/Anne-Mari Kivim\u00e4ki<\/p>\n<h2>13. Py\u00f6ritt\u00e4j\u00e4<\/h2>\n<p>s\u00e4v. Anne-Mari Kivim\u00e4ki<\/p>\n<\/div>\n<\/div>\n<\/div>\n","protected":false},"excerpt":{"rendered":"<p>\u00c4\u00e4nitys: Samuli Volanto, Eero Grundstr\u00f6m, SKS:n kansanrunousarkiston tallentajat 1957-1961 Miksaus: Samuli Volanto, Eero Grundstr\u00f6m, Anne-Mari Kivim\u00e4ki Masterointi: Taito Hoffr\u00e9n\/\u00c4\u00e4ni\u00e4 Muusikot: Anne-Mari Kivim\u00e4ki: Notka-haitarit, laulu Muut muusikot: Eero Grundstr\u00f6m: konemusisointi 1. Mirokille s\u00e4v. Anne-Mari Kivim\u00e4ki 2. Tanssin opettelua trad. sov. Eero Grundstr\u00f6m 3. Hutjakka s\u00e4v. Anne-Mari Kivim\u00e4ki, sov. Anne-Mari Kivim\u00e4ki, Eero Grundstr\u00f6m, Samuli Volanto 4. Kankkusp\u00e4iv\u00e4st\u00e4 [&hellip;]<\/p>\n","protected":false},"featured_media":1836,"comment_status":"closed","ping_status":"closed","template":"","meta":{"_acf_changed":false},"product_brand":[],"product_cat":[65],"product_tag":[],"class_list":{"0":"post-1832","1":"product","2":"type-product","3":"status-publish","4":"has-post-thumbnail","6":"product_cat-aanitteet","8":"first","9":"instock","10":"shipping-taxable","11":"product-type-simple"},"acf":[],"_links":{"self":[{"href":"http:\/\/etno.net\/en\/wp-json\/wp\/v2\/product\/1832","targetHints":{"allow":["GET"]}}],"collection":[{"href":"http:\/\/etno.net\/en\/wp-json\/wp\/v2\/product"}],"about":[{"href":"http:\/\/etno.net\/en\/wp-json\/wp\/v2\/types\/product"}],"replies":[{"embeddable":true,"href":"http:\/\/etno.net\/en\/wp-json\/wp\/v2\/comments?post=1832"}],"wp:featuredmedia":[{"embeddable":true,"href":"http:\/\/etno.net\/en\/wp-json\/wp\/v2\/media\/1836"}],"wp:attachment":[{"href":"http:\/\/etno.net\/en\/wp-json\/wp\/v2\/media?parent=1832"}],"wp:term":[{"taxonomy":"product_brand","embeddable":true,"href":"http:\/\/etno.net\/en\/wp-json\/wp\/v2\/product_brand?post=1832"},{"taxonomy":"product_cat","embeddable":true,"href":"http:\/\/etno.net\/en\/wp-json\/wp\/v2\/product_cat?post=1832"},{"taxonomy":"product_tag","embeddable":true,"href":"http:\/\/etno.net\/en\/wp-json\/wp\/v2\/product_tag?post=1832"}],"curies":[{"name":"wp","href":"https:\/\/api.w.org\/{rel}","templated":true}]}}