{"id":1921,"date":"2021-01-15T10:24:14","date_gmt":"2021-01-15T08:24:14","guid":{"rendered":"https:\/\/etno.net\/?page_id=1921"},"modified":"2021-08-27T13:51:47","modified_gmt":"2021-08-27T11:51:47","slug":"musiikin-muisti-1","status":"publish","type":"page","link":"https:\/\/etno.net\/en\/musiikin-muisti\/musiikin-muisti-1","title":{"rendered":"Musiikin muisti 1 &#8211; Suomalaisia kansansoittimia, 2000-luvun musiikkia"},"content":{"rendered":"<div data-elementor-type=\"wp-page\" data-elementor-id=\"1921\" class=\"elementor elementor-1921\" data-elementor-post-type=\"page\">\n\t\t\t\t\t\t<section class=\"elementor-section elementor-top-section elementor-element elementor-element-c7af189 elementor-section-boxed elementor-section-height-default elementor-section-height-default\" data-id=\"c7af189\" data-element_type=\"section\" data-e-type=\"section\">\n\t\t\t\t\t\t<div class=\"elementor-container elementor-column-gap-default\">\n\t\t\t\t\t<div class=\"elementor-column elementor-col-100 elementor-top-column elementor-element elementor-element-6dae71c\" data-id=\"6dae71c\" data-element_type=\"column\" data-e-type=\"column\">\n\t\t\t<div class=\"elementor-widget-wrap elementor-element-populated\">\n\t\t\t\t\t\t<div class=\"elementor-element elementor-element-0ca64f4 elementor-widget elementor-widget-heading\" data-id=\"0ca64f4\" data-element_type=\"widget\" data-e-type=\"widget\" data-widget_type=\"heading.default\">\n\t\t\t\t<div class=\"elementor-widget-container\">\n\t\t\t\t\t<h2 class=\"elementor-heading-title elementor-size-default\">Musiikin muisti 1 - Suomalaisia kansansoittimia, 2000-luvun musiikkia<\/h2>\t\t\t\t<\/div>\n\t\t\t\t<\/div>\n\t\t\t\t<div class=\"elementor-element elementor-element-3b41556 elementor-widget elementor-widget-text-editor\" data-id=\"3b41556\" data-element_type=\"widget\" data-e-type=\"widget\" data-widget_type=\"text-editor.default\">\n\t\t\t\t<div class=\"elementor-widget-container\">\n\t\t\t\t\t\t\t\t\t<p><a href=\"https:\/\/etno.net\/en\/musiikin-muisti\/\" data-type=\"page\" data-id=\"1906\">\u2190 Musiikin muisti<\/a><\/p>\n<p><!-- \/wp:paragraph --><!-- wp:list --><\/p>\n<ul>\n<li><a href=\"#osa1\" data-type=\"internal\" data-id=\"#osa1\">1. osa: Pitk\u00e4huilu, viisikielinen kantele, jouhikko ja puusarvi<\/a><\/li>\n<li><a href=\"#osa2\">2. osa: S\u00e4kkipilli, 10- ja 14-kielinen kantele, m\u00e4nkeri ja \u00e4ht\u00e4v\u00e4harppu<\/a><\/li>\n<li><a href=\"#osa3\">3. osa: Viulu, munniharppu eli m\u00e4ristysrauta, haitari ja pikkuliru<\/a><\/li>\n<li><a href=\"#osa4\">4. osa: Harmooni, talonpoikaiskantele ja mandoliini<\/a><\/li>\n<li><a href=\"#osa5\">5. osa: Harmonikka, huuliharppu, iso liru ja s\u00e4hk\u00f6kantele<\/a><\/li>\n<\/ul>\t\t\t\t\t\t\t\t<\/div>\n\t\t\t\t<\/div>\n\t\t\t\t<div class=\"elementor-element elementor-element-ff29335 elementor-widget elementor-widget-text-editor\" data-id=\"ff29335\" data-element_type=\"widget\" data-e-type=\"widget\" data-widget_type=\"text-editor.default\">\n\t\t\t\t<div class=\"elementor-widget-container\">\n\t\t\t\t\t\t\t\t\t<p id=\"osa1\"><!-- wp:video --><\/p>\n<figure class=\"wp-block-video\"><video src=\"https:\/\/media.etno.net\/sites\/default\/files\/video\/musiikinmuisti_1_suomalaisia_kansansoittimia_1_trim.mp4\" poster=\"https:\/\/etno.net\/wp-content\/uploads\/2021\/01\/vlcsnap-2021-01-29-12h42m09s271.png\" controls=\"controls\" width=\"auto\" height=\"auto\" data-mce-fragment=\"1\"><\/video><\/figure>\n<p><!-- \/wp:video --><\/p>\t\t\t\t\t\t\t\t<\/div>\n\t\t\t\t<\/div>\n\t\t\t\t<div class=\"elementor-element elementor-element-38c52c7 elementor-widget elementor-widget-text-editor\" data-id=\"38c52c7\" data-element_type=\"widget\" data-e-type=\"widget\" data-widget_type=\"text-editor.default\">\n\t\t\t\t<div class=\"elementor-widget-container\">\n\t\t\t\t\t\t\t\t\t<h2><strong>1. osa: Pitk\u00e4huilu, viisikielinen kantele, jouhikko ja puusarvi<\/strong><\/h2>\n<p><!-- \/wp:heading --><\/p>\n<p><!-- wp:paragraph --><\/p>\n<p><strong>\u00a0<\/strong><\/p>\n<p><strong>Pitk\u00e4huilu<\/strong><br \/>Esiintyj\u00e4 Kristiina Ilmonen<\/p>\n<p><!-- \/wp:paragraph --><\/p>\n<p><!-- wp:paragraph --><\/p>\n<p>Huilu, jossa ei ole lainkaan sormiaukkoja. Soitettu Suomessa tuhansia vuosia. \u00c4\u00e4ni syntyy kun putken p\u00e4\u00e4t\u00e4 avataan ja suljetaan ja puhallusvoimakkuutta s\u00e4\u00e4det\u00e4\u00e4n. Rakentanut Rauno Nieminen.<\/p>\n<p><!-- \/wp:paragraph --><\/p>\n<p><!-- wp:paragraph --><\/p>\n<p><em>Kyyt\u00f6t kotiin<\/em><br \/>s\u00e4v. trad.\/Kristiina Ilmonen<\/p>\n<p><!-- \/wp:paragraph --><\/p>\n<p><!-- wp:paragraph --><\/p>\n<p><strong>\u00a0<\/strong><\/p>\n<p><strong>Viisikielinen kantele<\/strong><br \/>Esiintyj\u00e4 Arja Kastinen<\/p>\n<p><!-- \/wp:paragraph --><\/p>\n<p><!-- wp:paragraph --><\/p>\n<p>Yhdest\u00e4 puusta koverrettu V\u00e4in\u00e4m\u00f6isen ja Kalevalan soitin, jolla on ik\u00e4\u00e4 jo parituhatta vuotta.<\/p>\n<p><!-- \/wp:paragraph --><\/p>\n<p><!-- wp:paragraph --><\/p>\n<p><em>Vaimo valkiaverinen<\/em><br \/>s\u00e4v. Arja Kastinen<\/p>\n<p><!-- \/wp:paragraph --><\/p>\n<p><!-- wp:paragraph --><\/p>\n<p><strong>\u00a0<\/strong><\/p>\n<p><strong>Jouhikko<\/strong><br \/>Esiintyj\u00e4t Lassi Logr\u00e9n, Ilkka Heinonen<\/p>\n<p><!-- \/wp:paragraph --><\/p>\n<p><!-- wp:paragraph --><\/p>\n<p>Tuhat vuotta vanha keskiaikainen soitin. Sata vuotta sitten oli j\u00e4ljell\u00e4 en\u00e4\u00e4 muutama soittaja Karjalassa, nyt taas kymmeni\u00e4 kautta maan.<\/p>\n<p><em>Tuliaiset<\/em> <br \/>s\u00e4v. Ilkka Heinonen<\/p>\n<p><em>Lutiaiset<\/em><br \/>s\u00e4v. Lassi Logr\u00e9n<\/p>\n<p><!-- \/wp:paragraph --><\/p>\n<p><!-- wp:paragraph --><\/p>\n<p><!-- \/wp:paragraph --><\/p>\n<p><!-- wp:paragraph --><\/p>\n<p><strong>\u00a0<\/strong><\/p>\n<p><strong>Puusarvi<\/strong><br \/>Esiintyj\u00e4 Leena Joutsenlahti<\/p>\n<p><!-- \/wp:paragraph --><\/p>\n<p><!-- wp:paragraph --><\/p>\n<p>Paimensoitin Karjalasta.<\/p>\n<p><!-- \/wp:paragraph --><\/p>\n<p><!-- wp:paragraph --><\/p>\n<p><em>Improvisaatiota Liisa Pessin mukaan<\/em><br \/>s\u00e4v. trad.\/Leena Joutsenlahti<\/p>\t\t\t\t\t\t\t\t<\/div>\n\t\t\t\t<\/div>\n\t\t\t\t<div class=\"elementor-element elementor-element-11feae5 elementor-widget-divider--view-line elementor-widget elementor-widget-divider\" data-id=\"11feae5\" data-element_type=\"widget\" data-e-type=\"widget\" data-widget_type=\"divider.default\">\n\t\t\t\t<div class=\"elementor-widget-container\">\n\t\t\t\t\t\t\t<div class=\"elementor-divider\">\n\t\t\t<span class=\"elementor-divider-separator\">\n\t\t\t\t\t\t<\/span>\n\t\t<\/div>\n\t\t\t\t\t\t<\/div>\n\t\t\t\t<\/div>\n\t\t\t\t<div class=\"elementor-element elementor-element-8b33590 elementor-widget elementor-widget-text-editor\" data-id=\"8b33590\" data-element_type=\"widget\" data-e-type=\"widget\" data-widget_type=\"text-editor.default\">\n\t\t\t\t<div class=\"elementor-widget-container\">\n\t\t\t\t\t\t\t\t\t<!-- wp:video -->\n<figure id=\"osa2\" class=\"wp-block-video\"><video src=\"https:\/\/media.etno.net\/sites\/default\/files\/video\/musiikinmuisti_1_suomalaisia_kansansoittimia_2_trim.mp4\" poster=\"https:\/\/etno.net\/wp-content\/uploads\/2021\/01\/vlcsnap-2021-01-29-12h44m23s927.png\" controls=\"controls\" width=\"auto\" height=\"auto\" data-mce-fragment=\"1\"><\/video><\/figure>\n<p><!-- \/wp:video --><\/p>\t\t\t\t\t\t\t\t<\/div>\n\t\t\t\t<\/div>\n\t\t\t\t<div class=\"elementor-element elementor-element-1c953af elementor-widget elementor-widget-text-editor\" data-id=\"1c953af\" data-element_type=\"widget\" data-e-type=\"widget\" data-widget_type=\"text-editor.default\">\n\t\t\t\t<div class=\"elementor-widget-container\">\n\t\t\t\t\t\t\t\t\t<h2><strong>2. osa: S\u00e4kkipilli, 10- ja 14-kielinen kantele, m\u00e4nkeri ja \u00e4ht\u00e4v\u00e4harppu<\/strong><\/h2>\n<p><!-- \/wp:heading --><\/p>\n<p><!-- wp:paragraph --><\/p>\n<p>\u00a0<\/p>\n<p><strong>S\u00e4kkipilli<\/strong><br \/>Esiintyj\u00e4 Petri Prauda<\/p>\n<p><!-- \/wp:paragraph --><\/p>\n<p><!-- wp:paragraph --><\/p>\n<p>Keskiaikainen soitin, joka h\u00e4visi Suomesta 1800-luvulla, mutta on nyt syntynyt uudelleen. Kansanlauluissa Kalevalan Kullervokin pisti pillit s\u00e4kkihins\u00e4.<\/p>\n<p><!-- \/wp:paragraph --><\/p>\n<p><!-- wp:paragraph --><\/p>\n<p>Rakensi Yrj\u00e4n\u00e4 Ermala Paattisista.<\/p>\n<p><!-- \/wp:paragraph --><\/p>\n<p><!-- wp:paragraph --><\/p>\n<p><em>Jepuan marssi \/ \u00c5ttasjillingspolska<\/em> <br \/>trad.<\/p>\n<p><!-- \/wp:paragraph --><\/p>\n<p><!-- wp:paragraph --><\/p>\n<p>\u00a0<\/p>\n<p><strong>10- ja 14-kielinen kantele<\/strong><br \/>Esiintyj\u00e4 Arja Kastinen<\/p>\n<p><!-- \/wp:paragraph --><\/p>\n<p><!-- wp:paragraph --><\/p>\n<p>Uudella ajalla kanteleen kielten m\u00e4\u00e4r\u00e4 kasvoi.<\/p>\n<p><!-- \/wp:paragraph --><\/p>\n<p><!-- wp:paragraph --><\/p>\n<p><em>Otavaisen olkap\u00e4itse<\/em><br \/>s\u00e4v. Arja Kastinen<\/p>\n<p><!-- \/wp:paragraph --><\/p>\n<p><!-- wp:paragraph --><\/p>\n<p>\u00a0<\/p>\n<p><strong>M\u00e4nkeri<\/strong><br \/>Esiintyj\u00e4 Heikki Syrj\u00e4nen<\/p>\n<p><!-- \/wp:paragraph --><\/p>\n<p><!-- wp:paragraph --><\/p>\n<p>M\u00e4nnyst\u00e4 kierretty paimensoitin L\u00e4nsi-Suomesta. Ik\u00e4\u00e4 jo yli nelj\u00e4sataa vuotta.<\/p>\n<p><!-- \/wp:paragraph --><\/p>\n<p><!-- wp:paragraph --><\/p>\n<p><em>Vapaita muunnelmia Feodor Pratsun laulusta<\/em> <br \/>s\u00e4v. trad., sov. Heikki Syrj\u00e4nen<\/p>\n<p><!-- \/wp:paragraph --><\/p>\n<p><!-- wp:paragraph --><\/p>\n<p>\u00a0<\/p>\n<p><strong>\u00c4ht\u00e4v\u00e4harppu<\/strong><br \/>Esiintyj\u00e4 Marianne Maans<\/p>\n<p><!-- \/wp:paragraph --><\/p>\n<p><!-- wp:paragraph --><\/p>\n<p>Pohjanlahden rannikkoseutujen keskiaikainen soitin. Esiintyy 1600-luvun kirkkomaalauksissa. Rakentanut Rauno Nieminen.<\/p>\n<p><!-- \/wp:paragraph --><\/p>\n<p><!-- wp:paragraph --><\/p>\n<p><em>Essemenuetten<\/em><br \/>s\u00e4v. trad.\/Marianne Maans<\/p>\t\t\t\t\t\t\t\t<\/div>\n\t\t\t\t<\/div>\n\t\t\t\t<div class=\"elementor-element elementor-element-82ddc02 elementor-widget-divider--view-line elementor-widget elementor-widget-divider\" data-id=\"82ddc02\" data-element_type=\"widget\" data-e-type=\"widget\" data-widget_type=\"divider.default\">\n\t\t\t\t<div class=\"elementor-widget-container\">\n\t\t\t\t\t\t\t<div class=\"elementor-divider\">\n\t\t\t<span class=\"elementor-divider-separator\">\n\t\t\t\t\t\t<\/span>\n\t\t<\/div>\n\t\t\t\t\t\t<\/div>\n\t\t\t\t<\/div>\n\t\t\t\t<div class=\"elementor-element elementor-element-affbc83 elementor-widget elementor-widget-text-editor\" data-id=\"affbc83\" data-element_type=\"widget\" data-e-type=\"widget\" data-widget_type=\"text-editor.default\">\n\t\t\t\t<div class=\"elementor-widget-container\">\n\t\t\t\t\t\t\t\t\t<!-- wp:video -->\n<figure id=\"osa3\" class=\"wp-block-video\"><video src=\"https:\/\/media.etno.net\/sites\/default\/files\/video\/musiikinmuisti_1_suomalaisia_kansansoittimia_3_trim.mp4\" poster=\"https:\/\/etno.net\/wp-content\/uploads\/2021\/01\/vlcsnap-2021-01-29-12h45m41s262.png\" controls=\"controls\" width=\"auto\" height=\"auto\" data-mce-fragment=\"1\"><\/video><\/figure>\n<p><!-- \/wp:video --><\/p>\t\t\t\t\t\t\t\t<\/div>\n\t\t\t\t<\/div>\n\t\t\t\t<div class=\"elementor-element elementor-element-3ded9f4 elementor-widget elementor-widget-text-editor\" data-id=\"3ded9f4\" data-element_type=\"widget\" data-e-type=\"widget\" data-widget_type=\"text-editor.default\">\n\t\t\t\t<div class=\"elementor-widget-container\">\n\t\t\t\t\t\t\t\t\t<h2><strong>3. osa: Viulu, munniharppu eli m\u00e4ristysrauta, haitari ja pikkuliru<\/strong><\/h2>\n<p><!-- \/wp:heading --><\/p>\n<p><!-- wp:paragraph --><\/p>\n<p>\u00a0<\/p>\n<p><strong>Viulu<\/strong><br \/>Esiintyj\u00e4 Piia Kleemola<\/p>\n<p><!-- \/wp:paragraph --><\/p>\n<p><!-- wp:paragraph --><\/p>\n<p>L\u00e4nsisuomalaisten pelimannien soitin 1600-luvulta l\u00e4htien.<\/p>\n<p><!-- \/wp:paragraph --><\/p>\n<p><!-- wp:paragraph --><\/p>\n<p><em>F-duuripolska<\/em><br \/>Samuel Rinda-Nickolan nuottikirjasta vuodelta 1809 <br \/>trad., sov. Piia Kleemola<\/p>\n<p><!-- \/wp:paragraph --><\/p>\n<p><!-- wp:paragraph --><\/p>\n<p>\u00a0<\/p>\n<p><strong>Munniharppu eli m\u00e4ristysrauta<\/strong><br \/>Esiintyj\u00e4 Tapani Varis<\/p>\n<p><!-- \/wp:paragraph --><\/p>\n<p><!-- wp:paragraph --><\/p>\n<p>L\u00f6ydetty Suomen keskiaikaisten linnojen raunioista. J. L. Runeberg kuvasi pelimannien h\u00e4\u00e4soittimena Hirvenhiiht\u00e4jiss\u00e4.<\/p>\n<p><!-- \/wp:paragraph --><\/p>\n<p><!-- wp:paragraph --><\/p>\n<p><em>Karstulan katuja + Pajatus<\/em><br \/>s\u00e4v. trad., sov. Tapani Varis<\/p>\n<p><!-- \/wp:paragraph --><\/p>\n<p><!-- wp:paragraph --><\/p>\n<p>\u00a0<\/p>\n<p><strong>Haitari<\/strong><br \/>Esiintyj\u00e4 Antti Paalanen<\/p>\n<p><!-- \/wp:paragraph --><\/p>\n<p><!-- wp:paragraph --><\/p>\n<p>Ensimm\u00e4isiss\u00e4 haitareissa 1800-luvulla oli yksi tai kaksi n\u00e4pp\u00e4inrivi\u00e4, t\u00e4ss\u00e4 niit\u00e4 on jo kolme.<\/p>\n<p><!-- \/wp:paragraph --><\/p>\n<p><!-- wp:paragraph --><\/p>\n<p><em>J\u00e4\u00e4t<\/em> <br \/>s\u00e4v. Antti Paalanen<\/p>\n<p><!-- \/wp:paragraph --><\/p>\n<p><!-- wp:paragraph --><\/p>\n<p>\u00a0<\/p>\n<p><strong>Pikkuliru<\/strong><br \/>Esiintyj\u00e4 Heikki Syrj\u00e4nen<\/p>\n<p><!-- \/wp:paragraph --><\/p>\n<p><!-- wp:paragraph --><\/p>\n<p>Paimensoitin Karjalasta. Puhalletaan kuin klarinettia.<\/p>\n<p><!-- \/wp:paragraph --><\/p>\n<p><!-- wp:paragraph --><\/p>\n<p><em>Katurattaat &#8211; Oriental<\/em> <br \/>improvisaatio, sov. Heikki Syrj\u00e4nen<\/p>\t\t\t\t\t\t\t\t<\/div>\n\t\t\t\t<\/div>\n\t\t\t\t<div class=\"elementor-element elementor-element-fd6c058 elementor-widget-divider--view-line elementor-widget elementor-widget-divider\" data-id=\"fd6c058\" data-element_type=\"widget\" data-e-type=\"widget\" data-widget_type=\"divider.default\">\n\t\t\t\t<div class=\"elementor-widget-container\">\n\t\t\t\t\t\t\t<div class=\"elementor-divider\">\n\t\t\t<span class=\"elementor-divider-separator\">\n\t\t\t\t\t\t<\/span>\n\t\t<\/div>\n\t\t\t\t\t\t<\/div>\n\t\t\t\t<\/div>\n\t\t\t\t<div class=\"elementor-element elementor-element-fcd18f9 elementor-widget elementor-widget-text-editor\" data-id=\"fcd18f9\" data-element_type=\"widget\" data-e-type=\"widget\" data-widget_type=\"text-editor.default\">\n\t\t\t\t<div class=\"elementor-widget-container\">\n\t\t\t\t\t\t\t\t\t<!-- wp:video -->\n<figure id=\"osa4\" class=\"wp-block-video\"><video src=\"https:\/\/media.etno.net\/sites\/default\/files\/video\/musiikinmuisti_1_suomalaisia_kansansoittimia_4_trim.mp4\" poster=\"https:\/\/etno.net\/wp-content\/uploads\/2021\/01\/vlcsnap-2021-01-29-12h47m10s735.png\" controls=\"controls\" width=\"auto\" height=\"auto\" data-mce-fragment=\"1\"><\/video><\/figure>\n<p><!-- \/wp:video --><\/p>\t\t\t\t\t\t\t\t<\/div>\n\t\t\t\t<\/div>\n\t\t\t\t<div class=\"elementor-element elementor-element-cc04783 elementor-widget elementor-widget-text-editor\" data-id=\"cc04783\" data-element_type=\"widget\" data-e-type=\"widget\" data-widget_type=\"text-editor.default\">\n\t\t\t\t<div class=\"elementor-widget-container\">\n\t\t\t\t\t\t\t\t\t<h2><strong>4. osa: Harmooni, talonpoikaiskantele ja mandoliini<\/strong><\/h2>\n<p><!-- \/wp:heading --><\/p>\n<p><!-- wp:paragraph --><\/p>\n<p>\u00a0<\/p>\n<p><strong>Harmooni<\/strong><br \/>Esiintyj\u00e4 Eero Grundstr\u00f6m<\/p>\n<p><!-- \/wp:paragraph --><\/p>\n<p><!-- wp:paragraph --><\/p>\n<p>Soitin 1800-luvulta. Harmooneja oli viime vuosisadalla joka koulussa, kaikkiaan monia tuhansia. T\u00e4m\u00e4 satavuotias soitin on ollut mm. kinkerik\u00e4yt\u00f6ss\u00e4.<\/p>\n<p><!-- \/wp:paragraph --><\/p>\n<p><!-- wp:paragraph --><\/p>\n<p><em>Haliasoitto<\/em><br \/>trad.<\/p>\n<p><em>Jatsi<\/em><br \/>s\u00e4v. Teppo Repo<\/p>\n<p><!-- \/wp:paragraph --><\/p>\n<p><!-- wp:paragraph --><\/p>\n<p>\u00a0<\/p>\n<p><strong>Talonpoikaiskantele<\/strong><br \/>Esiintyj\u00e4 Pauliina Syrj\u00e4l\u00e4<\/p>\n<p><!-- \/wp:paragraph --><\/p>\n<p><!-- wp:paragraph --><\/p>\n<p>Kanteleita alettiin 1800-luvulla rakentaa laudoista. Kielten m\u00e4\u00e4r\u00e4 lis\u00e4\u00e4ntyi ja syntyi suuri m\u00e4\u00e4r\u00e4 erilaisia soittimia ja soittotapoja.<\/p>\n<p><!-- \/wp:paragraph --><\/p>\n<p><!-- wp:paragraph --><\/p>\n<p><em>Muanitus<\/em> <br \/>s\u00e4v. Pauliina Syrj\u00e4l\u00e4<\/p>\n<p><!-- \/wp:paragraph --><\/p>\n<p><!-- wp:paragraph --><\/p>\n<p>\u00a0<\/p>\n<p><strong>Mandoliini<\/strong><br \/>Esiintyj\u00e4t Jarmo Romppanen, Petri Prauda<\/p>\n<p><!-- \/wp:paragraph --><\/p>\n<p><!-- wp:paragraph --><\/p>\n<p>Suosituimpia kotisoittimia viime vuosisadan alkupuolella.<\/p>\n<p><!-- \/wp:paragraph --><\/p>\n<p><!-- wp:paragraph --><\/p>\n<p><em>Solmogen<\/em><br \/>s\u00e4v. Jarmo Romppanen<\/p>\n<p><em>Anton-pojan polkka<\/em><br \/>s\u00e4v. Yrj\u00f6 Raja<\/p>\n<p><em>Lundgrenin menuetti<\/em><br \/>trad.<\/p>\t\t\t\t\t\t\t\t<\/div>\n\t\t\t\t<\/div>\n\t\t\t\t<div class=\"elementor-element elementor-element-94dff4a elementor-widget-divider--view-line elementor-widget elementor-widget-divider\" data-id=\"94dff4a\" data-element_type=\"widget\" data-e-type=\"widget\" data-widget_type=\"divider.default\">\n\t\t\t\t<div class=\"elementor-widget-container\">\n\t\t\t\t\t\t\t<div class=\"elementor-divider\">\n\t\t\t<span class=\"elementor-divider-separator\">\n\t\t\t\t\t\t<\/span>\n\t\t<\/div>\n\t\t\t\t\t\t<\/div>\n\t\t\t\t<\/div>\n\t\t\t\t<div class=\"elementor-element elementor-element-ef27179 elementor-widget elementor-widget-text-editor\" data-id=\"ef27179\" data-element_type=\"widget\" data-e-type=\"widget\" data-widget_type=\"text-editor.default\">\n\t\t\t\t<div class=\"elementor-widget-container\">\n\t\t\t\t\t\t\t\t\t<!-- wp:video -->\n<figure id=\"osa5\" class=\"wp-block-video\"><video src=\"https:\/\/media.etno.net\/sites\/default\/files\/video\/musiikinmuisti_1_suomalaisia_kansansoittimia_5_trim.mp4\" poster=\"https:\/\/etno.net\/wp-content\/uploads\/2021\/01\/vlcsnap-2021-01-29-12h48m47s817.png\" controls=\"controls\" width=\"auto\" height=\"auto\" data-mce-fragment=\"1\"><\/video><\/figure>\n<p><!-- \/wp:video --><\/p>\t\t\t\t\t\t\t\t<\/div>\n\t\t\t\t<\/div>\n\t\t\t\t<div class=\"elementor-element elementor-element-3e211a1 elementor-widget elementor-widget-text-editor\" data-id=\"3e211a1\" data-element_type=\"widget\" data-e-type=\"widget\" data-widget_type=\"text-editor.default\">\n\t\t\t\t<div class=\"elementor-widget-container\">\n\t\t\t\t\t\t\t\t\t<h2><strong>5. osa: Harmonikka, huuliharppu, iso liru ja s\u00e4hk\u00f6kantele<\/strong><\/h2>\n<p><!-- \/wp:heading -->\n\n<!-- wp:paragraph --><\/p>\n<p>&nbsp;<\/p>\n<p><strong>Harmonikka<\/strong><br \/>Esiintyj\u00e4 Maria Kalaniemi<\/p>\n<p><!-- \/wp:paragraph -->\n\n<!-- wp:paragraph --><\/p>\n<p>Suomalaisten uudempi kansallissoitin.<\/p>\n<p><!-- \/wp:paragraph -->\n\n<!-- wp:paragraph --><\/p>\n<p><em>Kuun henki<\/em><br \/>s\u00e4v. Maria Kalaniemi<\/p>\n<p><!-- \/wp:paragraph -->\n\n<!-- wp:paragraph --><\/p>\n<p>&nbsp;<\/p>\n<p><strong>Huuliharppu<\/strong><br \/>Esiintyj\u00e4 Jouko Kyh\u00e4l\u00e4<\/p>\n<p><!-- \/wp:paragraph -->\n\n<!-- wp:paragraph --><\/p>\n<p>Taskuun mahtuva orkesteri, joka saapui Suomeen 1800-luvulla.<\/p>\n<p><!-- \/wp:paragraph -->\n\n<!-- wp:paragraph --><\/p>\n<p><em>Jouhikisti<\/em><br \/>s\u00e4v. trad. Jouko Kyh\u00e4l\u00e4<\/p>\n<p><!-- \/wp:paragraph -->\n\n<!-- wp:paragraph --><\/p>\n<p>&nbsp;<\/p>\n<p><strong>Iso liru<\/strong><br \/>Esiintyj\u00e4 Heikki Syrj\u00e4nen<\/p>\n<p><!-- \/wp:paragraph -->\n\n<!-- wp:paragraph --><\/p>\n<p>Mallina vanha it\u00e4karjalainen kansanklarinetti. Rakensi Pekka Westerholm Nakkilassa vuonna 2003<\/p>\n<p><!-- \/wp:paragraph -->\n\n<!-- wp:paragraph --><\/p>\n<p><em>Skriittt!!! &#8211; tribute to Jan Garbarek<\/em> <br \/>improvisaatio, sov. Heikki Syrj\u00e4nen<\/p>\n<p><!-- \/wp:paragraph -->\n\n<!-- wp:paragraph --><\/p>\n<p>&nbsp;<\/p>\n<p><strong>S\u00e4hk\u00f6kantele<\/strong><br \/>Esiintyj\u00e4 Timo V\u00e4\u00e4n\u00e4nen<\/p>\n<p><!-- \/wp:paragraph -->\n\n<!-- wp:paragraph --><\/p>\n<p>Kansallissoittimen uusin vaihe. Rakentanut Hannu Koistinen 2001.<\/p>\n<p><!-- \/wp:paragraph -->\n\n<!-- wp:paragraph --><\/p>\n<p><em>Sotkan soitto<\/em> <br \/>s\u00e4v. Timo V\u00e4\u00e4n\u00e4nen<\/p>\t\t\t\t\t\t\t\t<\/div>\n\t\t\t\t<\/div>\n\t\t\t\t\t<\/div>\n\t\t<\/div>\n\t\t\t\t\t<\/div>\n\t\t<\/section>\n\t\t\t\t<\/div>","protected":false},"excerpt":{"rendered":"<p>Musiikin muisti 1 &#8211; Suomalaisia kansansoittimia, 2000-luvun musiikkia \u2190 Musiikin muisti 1. osa: Pitk\u00e4huilu, viisikielinen kantele, jouhikko ja puusarvi 2. osa: S\u00e4kkipilli, 10- ja 14-kielinen kantele, m\u00e4nkeri ja \u00e4ht\u00e4v\u00e4harppu 3. osa: Viulu, munniharppu eli m\u00e4ristysrauta, haitari ja pikkuliru 4. osa: Harmooni, talonpoikaiskantele ja mandoliini 5. osa: Harmonikka, huuliharppu, iso liru ja s\u00e4hk\u00f6kantele 1. osa: Pitk\u00e4huilu, [&hellip;]<\/p>\n","protected":false},"author":5,"featured_media":0,"parent":1906,"menu_order":1,"comment_status":"closed","ping_status":"closed","template":"","meta":{"_acf_changed":false,"footnotes":""},"class_list":["post-1921","page","type-page","status-publish","hentry"],"acf":[],"_links":{"self":[{"href":"https:\/\/etno.net\/en\/wp-json\/wp\/v2\/pages\/1921","targetHints":{"allow":["GET"]}}],"collection":[{"href":"https:\/\/etno.net\/en\/wp-json\/wp\/v2\/pages"}],"about":[{"href":"https:\/\/etno.net\/en\/wp-json\/wp\/v2\/types\/page"}],"author":[{"embeddable":true,"href":"https:\/\/etno.net\/en\/wp-json\/wp\/v2\/users\/5"}],"replies":[{"embeddable":true,"href":"https:\/\/etno.net\/en\/wp-json\/wp\/v2\/comments?post=1921"}],"version-history":[{"count":0,"href":"https:\/\/etno.net\/en\/wp-json\/wp\/v2\/pages\/1921\/revisions"}],"up":[{"embeddable":true,"href":"https:\/\/etno.net\/en\/wp-json\/wp\/v2\/pages\/1906"}],"wp:attachment":[{"href":"https:\/\/etno.net\/en\/wp-json\/wp\/v2\/media?parent=1921"}],"curies":[{"name":"wp","href":"https:\/\/api.w.org\/{rel}","templated":true}]}}