{"id":1010,"date":"2020-10-26T09:00:19","date_gmt":"2020-10-26T07:00:19","guid":{"rendered":"https:\/\/etno.net\/?post_type=product&#038;p=1010"},"modified":"2021-12-23T14:50:03","modified_gmt":"2021-12-23T12:50:03","slug":"kipera-kipera","status":"publish","type":"product","link":"https:\/\/etno.net\/en\/julkaisu\/aanitteet\/kipera-kipera","title":{"rendered":"Kiper\u00e4: Kiper\u00e4"},"content":{"rendered":"<p>Tuottaja Maija Karhinen, Janne Viksten<br \/>\n\u00c4\u00e4nitys Janne Viksten<br \/>\nMiksaus Janne Viksten ja Maija Karhinen<\/p>\n<p><strong>1. Vant&#8217;tuut<\/strong><br \/>\nS\u00e4v. Maija Karhinen, sov. Maija Karhinen.<\/p>\n<p>Maija Karhinen: 5-rivinen hanuri<br \/>\nTopi Korhonen: kitara<br \/>\nKari K\u00e4\u00e4ri\u00e4inen: ly\u00f6m\u00e4soittimet<br \/>\nMatti Laitinen: mandoliini<br \/>\nTimo Myllykangas: basso<br \/>\nMinna Padilla: viulu<br \/>\nMika Virkkala: viulu<\/p>\n<p><strong>2. Kyl\u00e4tiell\u00e4<\/strong><br \/>\nS\u00e4v. trad., sov. Maija Karhinen, Topi Korhonen, Kari K\u00e4\u00e4ri\u00e4inen, Matti Laitinen, Timo Myllykangas, Minna Padilla, Mika Virkkala.<\/p>\n<p>Maija Karhinen: laulu<br \/>\nTopi Korhonen: kitara<br \/>\nKari K\u00e4\u00e4ri\u00e4inen: ly\u00f6m\u00e4soittimet<br \/>\nTimo Myllykangas: basso<br \/>\nMinna Padilla: viulu<br \/>\nMika Virkkala: mandoliini<\/p>\n<p><strong>3. Kaiho<\/strong><\/p>\n<!--[if lt IE 9]><script>document.createElement('audio');<\/script><![endif]-->\n<audio class=\"wp-audio-shortcode\" id=\"audio-1010-1\" preload=\"none\" style=\"width: 100%;\" controls=\"controls\"><source type=\"audio\/mpeg\" src=\"https:\/\/etno.net\/wp-content\/uploads\/2020\/10\/etn_fcd_018_018_sou_003_prv.mp3?_=1\" \/><a href=\"https:\/\/etno.net\/wp-content\/uploads\/2020\/10\/etn_fcd_018_018_sou_003_prv.mp3\">https:\/\/etno.net\/wp-content\/uploads\/2020\/10\/etn_fcd_018_018_sou_003_prv.mp3<\/a><\/audio>\n<p>&nbsp;<\/p>\n<p>S\u00e4v. Maija Karhinen, sov. Maija Karhinen.<\/p>\n<p>Maija Karhinen: 1-rivinen hanuri<br \/>\nTopi Korhonen: kitara<br \/>\nKari K\u00e4\u00e4ri\u00e4inen: ly\u00f6m\u00e4soittimet<br \/>\nTimo Myllykangas: basso<br \/>\nMinna Padilla: viulu<br \/>\nMika Virkkala: mandoliini<\/p>\n<p><strong>4. Ellin polkka<\/strong><br \/>\nS\u00e4v. trad., sov. Maija Karhinen, Topi Korhonen, Kari K\u00e4\u00e4ri\u00e4inen, Matti Laitinen, Timo Myllykangas, Minna Padilla, Mika Virkkala.<\/p>\n<p>Maija Karhinen: 5-rivinen hanuri<br \/>\nKari K\u00e4\u00e4ri\u00e4inen: ly\u00f6m\u00e4soittimet<br \/>\nMatti Laitinen: mandoliini<br \/>\nTimo Myllykangas: basso<br \/>\nMinna Padilla: viulu<br \/>\nMika Virkkala: viulu<\/p>\n<p><strong>5. Himlens polska<\/strong><br \/>\nS\u00e4v. trad., sov. Maija Karhinen, Topi Korhonen, Kari K\u00e4\u00e4ri\u00e4inen, Matti Laitinen, Timo Myllykangas, Minna Padilla, Mika Virkkala.<\/p>\n<p>Maija Karhinen: 5-rivinen hanuri<br \/>\nKari K\u00e4\u00e4ri\u00e4inen: ly\u00f6m\u00e4soittimet<br \/>\nMatti Laitinen: kitara<br \/>\nTimo Myllykangas: basso<br \/>\nMinna Padilla: viulu<br \/>\nMika Virkkala: viulu<\/p>\n<p><strong>6. Dallas<\/strong><\/p>\n<audio class=\"wp-audio-shortcode\" id=\"audio-1010-2\" preload=\"none\" style=\"width: 100%;\" controls=\"controls\"><source type=\"audio\/mpeg\" src=\"https:\/\/etno.net\/wp-content\/uploads\/2020\/10\/etn_fcd_018_018_sou_006_prv.mp3?_=2\" \/><a href=\"https:\/\/etno.net\/wp-content\/uploads\/2020\/10\/etn_fcd_018_018_sou_006_prv.mp3\">https:\/\/etno.net\/wp-content\/uploads\/2020\/10\/etn_fcd_018_018_sou_006_prv.mp3<\/a><\/audio>\n<p>&nbsp;<\/p>\n<p>S\u00e4v. trad., sov. Maija Karhinen, Topi Korhonen, Kari K\u00e4\u00e4ri\u00e4inen, Matti Laitinen, Timo Myllykangas, Minna Padilla, Mika Virkkala.<\/p>\n<p>Maija Karhinen: 5-rivinen hanuri<br \/>\nTopi Korhonen: kitara<br \/>\nKari K\u00e4\u00e4ri\u00e4inen: ly\u00f6m\u00e4soittimet<br \/>\nMatti Laitinen: mandoliini<br \/>\nTimo Myllykangas: basso<br \/>\nMinna Padilla: viulu<br \/>\nJanne Viksten: banjo<br \/>\nMika Virkkala: viulu<\/p>\n<p><strong>7. Voi ruusuni<\/strong><\/p>\n<audio class=\"wp-audio-shortcode\" id=\"audio-1010-3\" preload=\"none\" style=\"width: 100%;\" controls=\"controls\"><source type=\"audio\/mpeg\" src=\"https:\/\/etno.net\/wp-content\/uploads\/2020\/10\/etn_fcd_018_018_sou_007_prv.mp3?_=3\" \/><a href=\"https:\/\/etno.net\/wp-content\/uploads\/2020\/10\/etn_fcd_018_018_sou_007_prv.mp3\">https:\/\/etno.net\/wp-content\/uploads\/2020\/10\/etn_fcd_018_018_sou_007_prv.mp3<\/a><\/audio>\n<p>S\u00e4v. trad., sov. Maija Karhinen, Matti Laitinen, Timo Myllykangas, Minna Padilla.<\/p>\n<p>Maija Karhinen: laulu<br \/>\nMatti Laitinen: kitara<br \/>\nTimo Myllykangas: basso<br \/>\nMinna Padilla: viulu<br \/>\nMika Virkkala: viulu<\/p>\n<p><strong>8. Eih\u00e4n t\u00e4m\u00e4 maa<\/strong><br \/>\nS\u00e4v. trad., sov. Maija Karhinen, Matti Laitinen, Timo Myllykangas, Minna Padilla.<\/p>\n<p>Maija Karhinen: laulu<br \/>\nMatti Laitinen: kitara<br \/>\nTimo Myllykangas: basso<br \/>\nMinna Padilla: viulu<br \/>\nMika Virkkala: viulu<\/p>\n<p><strong>9. Ilonpito<\/strong><br \/>\nS\u00e4v. trad., sov. Maija Karhinen, Matti Laitinen, Minna Padilla.<\/p>\n<p>Maija Karhinen: 1-rivinen hanuri<br \/>\nTopi Korhonen: kitara<br \/>\nKari K\u00e4\u00e4ri\u00e4inen: ly\u00f6m\u00e4soittimet<br \/>\nMatti Laitinen: kitara<br \/>\nTimo Myllykangas: basso<br \/>\nMinna Padilla: viulu<br \/>\nMika Virkkala: mandoliini<\/p>\n","protected":false},"excerpt":{"rendered":"<p>Kiper\u00e4 on helsinkil\u00e4inen tanssi- ja musiikkiryhm\u00e4, joka nousi suomalaisen kansantanssiyleis\u00f6n tietoisuuteen kev\u00e4\u00e4ll\u00e4 1993. Ryhm\u00e4 her\u00e4tti huomiota paitsi uudistavalla otteellaan tanssiin, my\u00f6s musiikillaan. Kiper\u00e4n muusikot ovat olleet alusta l\u00e4htien tasavertaisina tanssijoiden rinnalla, eiv\u00e4tk\u00e4 he ole &#8221;alistuneet&#8221; s\u00e4est\u00e4j\u00e4n rooliin. Tuloksena on ollut ehyit\u00e4 tanssi- ja musiikkikokonaisuuksia.<\/p>\n<p>T\u00e4ll\u00e4 levyll\u00e4 kuulet materiaalia nelj\u00e4n ensimm\u00e4isen toimintavuoden ajalta. Painopiste on uusimmilla teoksilla, mutta s\u00e4velmi\u00e4 soi kuudesta erilaisesta produktiosta vuosien varrelta. Nousu ja uho on Kiper\u00e4n monivivahteisen alkutaipaleen p\u00e4\u00e4t\u00f6s. Muusikkopioneerien yhteisty\u00f6 p\u00e4\u00e4ttyi levytykseen ja ryhm\u00e4n toiminta jatkuu uudistuneella kokoonpanolla.<\/p>","protected":false},"featured_media":1011,"comment_status":"closed","ping_status":"closed","template":"","meta":{"_acf_changed":false},"product_brand":[],"product_cat":[65],"product_tag":[],"class_list":{"0":"post-1010","1":"product","2":"type-product","3":"status-publish","4":"has-post-thumbnail","6":"product_cat-aanitteet","8":"first","9":"instock","10":"shipping-taxable","11":"product-type-simple"},"acf":[],"_links":{"self":[{"href":"https:\/\/etno.net\/en\/wp-json\/wp\/v2\/product\/1010","targetHints":{"allow":["GET"]}}],"collection":[{"href":"https:\/\/etno.net\/en\/wp-json\/wp\/v2\/product"}],"about":[{"href":"https:\/\/etno.net\/en\/wp-json\/wp\/v2\/types\/product"}],"replies":[{"embeddable":true,"href":"https:\/\/etno.net\/en\/wp-json\/wp\/v2\/comments?post=1010"}],"wp:featuredmedia":[{"embeddable":true,"href":"https:\/\/etno.net\/en\/wp-json\/wp\/v2\/media\/1011"}],"wp:attachment":[{"href":"https:\/\/etno.net\/en\/wp-json\/wp\/v2\/media?parent=1010"}],"wp:term":[{"taxonomy":"product_brand","embeddable":true,"href":"https:\/\/etno.net\/en\/wp-json\/wp\/v2\/product_brand?post=1010"},{"taxonomy":"product_cat","embeddable":true,"href":"https:\/\/etno.net\/en\/wp-json\/wp\/v2\/product_cat?post=1010"},{"taxonomy":"product_tag","embeddable":true,"href":"https:\/\/etno.net\/en\/wp-json\/wp\/v2\/product_tag?post=1010"}],"curies":[{"name":"wp","href":"https:\/\/api.w.org\/{rel}","templated":true}]}}