{"id":1015,"date":"2020-10-26T09:06:08","date_gmt":"2020-10-26T07:06:08","guid":{"rendered":"https:\/\/etno.net\/?post_type=product&#038;p=1015"},"modified":"2021-12-23T14:49:24","modified_gmt":"2021-12-23T12:49:24","slug":"martti-pokela-snow-kantele","status":"publish","type":"product","link":"https:\/\/etno.net\/en\/julkaisu\/aanitteet\/martti-pokela-snow-kantele","title":{"rendered":"Martti Pokela: Snow Kantele"},"content":{"rendered":"<p>Tuottajat Matti Kontio, Martti Pokela ja Timo V\u00e4\u00e4n\u00e4nen<br \/>\n\u00c4\u00e4nitys Matti Kontio<\/p>\n<p><strong>1. Nilla ja seita<\/strong><\/p>\n<!--[if lt IE 9]><script>document.createElement('audio');<\/script><![endif]-->\n<audio class=\"wp-audio-shortcode\" id=\"audio-1015-1\" preload=\"none\" style=\"width: 100%;\" controls=\"controls\"><source type=\"audio\/mpeg\" src=\"https:\/\/etno.net\/wp-content\/uploads\/2020\/10\/etn_fcd_019_019_sou_001_prv.mp3?_=1\" \/><a href=\"https:\/\/etno.net\/wp-content\/uploads\/2020\/10\/etn_fcd_019_019_sou_001_prv.mp3\">https:\/\/etno.net\/wp-content\/uploads\/2020\/10\/etn_fcd_019_019_sou_001_prv.mp3<\/a><\/audio>\n<p>S\u00e4v. Sari Kauranen, Martti Pokela, Timo V\u00e4\u00e4n\u00e4nen, sov. Sari Kauranen, Timo V\u00e4\u00e4n\u00e4nen.<\/p>\n<p>Sari Kauranen: konserttikantele<br \/>\nTimo V\u00e4\u00e4n\u00e4nen: konserttikantele<\/p>\n<p><strong>2. Pollati poro lullati<\/strong><\/p>\n<audio class=\"wp-audio-shortcode\" id=\"audio-1015-2\" preload=\"none\" style=\"width: 100%;\" controls=\"controls\"><source type=\"audio\/mpeg\" src=\"https:\/\/etno.net\/wp-content\/uploads\/2020\/10\/etn_fcd_019_019_sou_002_prv.mp3?_=2\" \/><a href=\"https:\/\/etno.net\/wp-content\/uploads\/2020\/10\/etn_fcd_019_019_sou_002_prv.mp3\">https:\/\/etno.net\/wp-content\/uploads\/2020\/10\/etn_fcd_019_019_sou_002_prv.mp3<\/a><\/audio>\n<p>S\u00e4v. Martti Pokela, sov. Sari Kauranen, Timo V\u00e4\u00e4n\u00e4nen.<\/p>\n<p>Maija Karhinen: laulu<br \/>\nSinikka Kontio: laulu<br \/>\nAnna-Kaisa Liedes: laulu<br \/>\nTimo V\u00e4\u00e4n\u00e4nen: konserttikantele<\/p>\n<p><strong>3. J\u00e4\u00e4kellot<\/strong><br \/>\nS\u00e4v. Sari Kauranen, Martti Pokela, Timo V\u00e4\u00e4n\u00e4nen, sov. Sari Kauranen, Timo V\u00e4\u00e4n\u00e4nen.<\/p>\n<p>Sari Kauranen: konserttikantele<br \/>\nTimo V\u00e4\u00e4n\u00e4nen: konserttikantele<\/p>\n<p><strong>4. Nunnu<\/strong><br \/>\nS\u00e4v. Martti Pokela, sov. Timo V\u00e4\u00e4n\u00e4nen.<\/p>\n<p>Timo V\u00e4\u00e4n\u00e4nen: konserttikantele<\/p>\n<p><strong>5. Koira<\/strong><br \/>\nS\u00e4v. Martti Pokela, sov. Matti Kontio, Martti Pokela, Timo V\u00e4\u00e4n\u00e4nen.<\/p>\n<p>Matti Kontio: 5-kielinen jouhikielinen kantele, konserttikantele<br \/>\nMartti Pokela: 5-kielinen kantele, jouhikko, saha, konserttikantele<br \/>\nTimo V\u00e4\u00e4n\u00e4nen: konserttikantele<\/p>\n<p><strong>6. Polun varrelta<\/strong><br \/>\nS\u00e4v. Martti Pokela, sov. Martti Pokela.<\/p>\n<p>Martti Pokela: 5-kieliset kanteleet<\/p>\n<p><strong>7. Seita-tyt\u00f6t<\/strong><br \/>\nS\u00e4v. Sari Kauranen, Martti Pokela, Timo V\u00e4\u00e4n\u00e4nen, sov. Sari Kauranen, Timo V\u00e4\u00e4n\u00e4nen.<\/p>\n<p>Sari Kauranen: konserttikantele<br \/>\nTimo V\u00e4\u00e4n\u00e4nen: konserttikantele<\/p>\n<p><strong>8. Toukokuu<\/strong><\/p>\n<audio class=\"wp-audio-shortcode\" id=\"audio-1015-3\" preload=\"none\" style=\"width: 100%;\" controls=\"controls\"><source type=\"audio\/mpeg\" src=\"https:\/\/etno.net\/wp-content\/uploads\/2020\/10\/etn_fcd_019_019_sou_008_prv.mp3?_=3\" \/><a href=\"https:\/\/etno.net\/wp-content\/uploads\/2020\/10\/etn_fcd_019_019_sou_008_prv.mp3\">https:\/\/etno.net\/wp-content\/uploads\/2020\/10\/etn_fcd_019_019_sou_008_prv.mp3<\/a><\/audio>\n<p>S\u00e4v. Martti Pokela, sov. Martti Pokela.<\/p>\n<p>Martti Pokela: konserttikantele<\/p>\n<p><strong>9. Hiidenkirnu<\/strong><br \/>\nS\u00e4v. Martti Pokela, sov. Sari Kauranen, Timo V\u00e4\u00e4n\u00e4nen.<\/p>\n<p>Sari Kauranen: konserttikantele<br \/>\nTimo V\u00e4\u00e4n\u00e4nen: konserttikantele<\/p>\n<p><strong>10. M\u00e4k\u00e4r\u00e4isi\u00e4<\/strong><br \/>\nS\u00e4v. Martti Pokela, sov. Martti Pokela.<\/p>\n<p>Martti Pokela: konserttikantele<\/p>\n<p><strong>11. Karhukierros<\/strong><br \/>\nS\u00e4v. Sari Kauranen, Martti Pokela, Timo V\u00e4\u00e4n\u00e4nen, sov. Sari Kauranen, Timo V\u00e4\u00e4n\u00e4nen.<\/p>\n<p>Sari Kauranen: konserttikantele<br \/>\nTimo V\u00e4\u00e4n\u00e4nen: konserttikantele<\/p>\n<p><strong>12. Tunturipuro<\/strong><br \/>\nS\u00e4v. Matti Kontio, Martti Pokela, sov. Maija Karhinen, Sinikka Kontio, Anna-Kaisa Liedes, Martti Pokela.<\/p>\n<p>Maija Karhinen: laulu<br \/>\nSinikka Kontio: laulu<br \/>\nAnna-Kaisa Liedes: laulu<br \/>\nMartti Pokela: konserttikantele ja saha<\/p>\n","protected":false},"excerpt":{"rendered":"<p>Martti Pokelan lapinaiheiset s\u00e4vellykset ovat tunnelmia, Martin ajatuksissa syntyneit\u00e4. Ne liittyv\u00e4t l\u00e4heisesti niihin erikoisiin asteikkoihin ja soittotekniikoihin, joita Martti keksii. H\u00e4n on kehitt\u00e4nyt niist\u00e4 oman tunnistettavan s\u00e4velkielen &#8211; ne eiv\u00e4t siis ole joikuja. Saamelaisen nuorukaisen, Nillan haaveista, kohtaamisista ja el\u00e4myksist\u00e4, h\u00e4nen rakastetustaan Nunnusta, tai M\u00e4k\u00e4r\u00e4isist\u00e4 tai vaikkapa Nillan seidasta olisi helppo sepitt\u00e4\u00e4 kaikenlaisia tarinoita. Martin aiheet tuntuvat kuvailevan juuri kev\u00e4tt\u00e4 ja rakkautta, etel\u00e4n miehen inisevi\u00e4 yst\u00e4vi\u00e4 tai saamelaisen tiet\u00e4j\u00e4n luonnonl\u00e4heist\u00e4 viisautta. T\u00e4t\u00e4 houkutusta kannattaa kuitenkin v\u00e4ltt\u00e4\u00e4. Palkinnoksi Nillan Kellot soivat joka kerta eri poron kaulassa, milloin matkalla kes\u00e4laitumille Norjan rannikoille, milloin syd\u00e4ntalvella voimia s\u00e4\u00e4stellen, j\u00e4k\u00e4l\u00e4\u00e4 tonkiessa, eik\u00e4 Polun varrellakaan tutkita pelk\u00e4st\u00e4\u00e4n visakoivuja tai k\u00e4kk\u00e4r\u00e4m\u00e4ntyj\u00e4, vaan el\u00e4m\u00e4\u00e4.<\/p>\n<p>Martti s\u00e4velt\u00e4\u00e4 kanteleelle kuten Heitor Villa-Lobos kitaralle: h\u00e4n k\u00e4ytt\u00e4\u00e4 soittimelle ominaisia ja luontevia soittotapoja. Niist\u00e4 h\u00e4n on l\u00f6yt\u00e4nyt erikoisen v\u00e4ripaletin, josta sommittelee n\u00e4k\u00f6kulmia omaan Lappiinsa, Martin sielunmaisemaan.<\/p>\n<p>Jotkin kappaleet Martti on tuonut valmiina t\u00e4lle \u00e4\u00e4nitteelle, toiset ovat syntyneet yhteisty\u00f6ss\u00e4 Sarin ja Timon kanssa. Heid\u00e4n osuutensa on v\u00e4liin sovittamista, joskus s\u00e4velt\u00e4mist\u00e4 &#8211; joitakin kappaleita on rakennettu ja kypsytelty kuukausia, ja viel\u00e4 \u00e4\u00e4nitystilanteessa on oivallettu, miten toteuttaa selvemmin alkuper\u00e4inen ajatus. Kanteleiden kuningatar, konserttikantele, on siit\u00e4 erikoinen soitin, ett\u00e4 siin\u00e4 on seitsem\u00e4n vipua, joilla voi korottaa tai laskea kaikkia s\u00e4veli\u00e4. Alunperin ne kehitettiin, jotta kanteleellakin voisi soittaa kaikissa s\u00e4vellajeissa ja kaikkia olemassa olevia musiikkiaarteita. Mutta Martti on l\u00f6yt\u00e4nyt uuden tavan \\&#8221;v\u00e4\u00e4rink\u00e4ytt\u00e4\u00e4\\&#8221; vipuja: h\u00e4n v\u00e4\u00e4ntelee niill\u00e4 asteikoita, joita on hankala merkit\u00e4 nuottiviivastolle, ja jotka my\u00f6s kuulostavat kapinallisilta ja raikkailta. Ne eiv\u00e4t vie ajatuksia Keski-Euroopan konserttisaleihin, ei viihdemusiikkiin eik\u00e4 edes kansanmusiikin puolelle, vaan &#8211; ehk\u00e4p\u00e4 tuntureille, kuruihin, vanhan alkuper\u00e4iskansan ihmisiin ja heid\u00e4n ajatusmaailmaansa.<\/p>","protected":false},"featured_media":1016,"comment_status":"closed","ping_status":"closed","template":"","meta":{"_acf_changed":false},"product_brand":[],"product_cat":[65],"product_tag":[],"class_list":{"0":"post-1015","1":"product","2":"type-product","3":"status-publish","4":"has-post-thumbnail","6":"product_cat-aanitteet","8":"first","9":"instock","10":"shipping-taxable","11":"product-type-simple"},"acf":[],"_links":{"self":[{"href":"https:\/\/etno.net\/en\/wp-json\/wp\/v2\/product\/1015","targetHints":{"allow":["GET"]}}],"collection":[{"href":"https:\/\/etno.net\/en\/wp-json\/wp\/v2\/product"}],"about":[{"href":"https:\/\/etno.net\/en\/wp-json\/wp\/v2\/types\/product"}],"replies":[{"embeddable":true,"href":"https:\/\/etno.net\/en\/wp-json\/wp\/v2\/comments?post=1015"}],"wp:featuredmedia":[{"embeddable":true,"href":"https:\/\/etno.net\/en\/wp-json\/wp\/v2\/media\/1016"}],"wp:attachment":[{"href":"https:\/\/etno.net\/en\/wp-json\/wp\/v2\/media?parent=1015"}],"wp:term":[{"taxonomy":"product_brand","embeddable":true,"href":"https:\/\/etno.net\/en\/wp-json\/wp\/v2\/product_brand?post=1015"},{"taxonomy":"product_cat","embeddable":true,"href":"https:\/\/etno.net\/en\/wp-json\/wp\/v2\/product_cat?post=1015"},{"taxonomy":"product_tag","embeddable":true,"href":"https:\/\/etno.net\/en\/wp-json\/wp\/v2\/product_tag?post=1015"}],"curies":[{"name":"wp","href":"https:\/\/api.w.org\/{rel}","templated":true}]}}