{"id":1020,"date":"2020-10-26T09:10:20","date_gmt":"2020-10-26T07:10:20","guid":{"rendered":"https:\/\/etno.net\/?post_type=product&#038;p=1020"},"modified":"2021-12-23T14:48:54","modified_gmt":"2021-12-23T12:48:54","slug":"timo-vaananen-viileri","status":"publish","type":"product","link":"https:\/\/etno.net\/en\/julkaisu\/aanitteet\/timo-vaananen-viileri","title":{"rendered":"Timo V\u00e4\u00e4n\u00e4nen: Viileri"},"content":{"rendered":"<p>Tuottaja Matti ja Sinikka Kontio<br \/>\n\u00c4\u00e4nitys Matti Kontio<br \/>\nMiksaus Matti Kontio<\/p>\n<p><strong>1. Pienet veitikat<\/strong><\/p>\n<!--[if lt IE 9]><script>document.createElement('audio');<\/script><![endif]-->\n<audio class=\"wp-audio-shortcode\" id=\"audio-1020-1\" preload=\"none\" style=\"width: 100%;\" controls=\"controls\"><source type=\"audio\/mpeg\" src=\"https:\/\/etno.net\/wp-content\/uploads\/2020\/10\/etn_fcd_020_020_sou_001_prv.mp3?_=1\" \/><a href=\"https:\/\/etno.net\/wp-content\/uploads\/2020\/10\/etn_fcd_020_020_sou_001_prv.mp3\">https:\/\/etno.net\/wp-content\/uploads\/2020\/10\/etn_fcd_020_020_sou_001_prv.mp3<\/a><\/audio>\n<p>S\u00e4v. Otto Hotakainen, sov. Timo V\u00e4\u00e4n\u00e4nen.<\/p>\n<p>Timo V\u00e4\u00e4n\u00e4nen: konserttikantele<\/p>\n<p><strong>2. Blinda Kalles vals<\/strong><br \/>\nS\u00e4v. trad., sov. Timo V\u00e4\u00e4n\u00e4nen.<\/p>\n<p>Timo V\u00e4\u00e4n\u00e4nen: konserttikantele<\/p>\n<p><strong>3. Koko maailman polkka<\/strong><br \/>\nS\u00e4v. trad., sov. Timo V\u00e4\u00e4n\u00e4nen.<\/p>\n<p>Timo V\u00e4\u00e4n\u00e4nen: konserttikantele<\/p>\n<p><strong>4. Hambo<\/strong><\/p>\n<audio class=\"wp-audio-shortcode\" id=\"audio-1020-2\" preload=\"none\" style=\"width: 100%;\" controls=\"controls\"><source type=\"audio\/mpeg\" src=\"https:\/\/etno.net\/wp-content\/uploads\/2020\/10\/etn_fcd_020_020_sou_004_prv.mp3?_=2\" \/><a href=\"https:\/\/etno.net\/wp-content\/uploads\/2020\/10\/etn_fcd_020_020_sou_004_prv.mp3\">https:\/\/etno.net\/wp-content\/uploads\/2020\/10\/etn_fcd_020_020_sou_004_prv.mp3<\/a><\/audio>\n<p>S\u00e4v. trad., sov. Timo V\u00e4\u00e4n\u00e4nen.<\/p>\n<p>Timo V\u00e4\u00e4n\u00e4nen: konserttikantele<\/p>\n<p><strong>5. Kerenski<\/strong><br \/>\nS\u00e4v. trad., sov. Timo V\u00e4\u00e4n\u00e4nen.<\/p>\n<p>Timo V\u00e4\u00e4n\u00e4nen: konserttikantele<\/p>\n<p><strong>6. Kirkonkellot<\/strong><br \/>\nS\u00e4v. trad., Timo V\u00e4\u00e4n\u00e4nen, Antero Vornanen.<\/p>\n<p>Timo V\u00e4\u00e4n\u00e4nen: konserttikantele<\/p>\n<p><strong>7. Ruskova<\/strong><br \/>\nS\u00e4v. Teppo Repo, trad., sov. Timo V\u00e4\u00e4n\u00e4nen.<\/p>\n<p>Timo V\u00e4\u00e4n\u00e4nen: 15-kielinen kantele<\/p>\n<p><strong>8. Polskaa<\/strong><br \/>\nS\u00e4v. trad., sov. Timo V\u00e4\u00e4n\u00e4nen.<\/p>\n<p>Timo V\u00e4\u00e4n\u00e4nen: 15-kielinen kantele<\/p>\n<p><strong>9. Laulu<\/strong><br \/>\nS\u00e4v. Timo V\u00e4\u00e4n\u00e4nen.<\/p>\n<p>Timo V\u00e4\u00e4n\u00e4nen: kokles<\/p>\n<p><strong>10. La Cuquita<\/strong><\/p>\n<audio class=\"wp-audio-shortcode\" id=\"audio-1020-3\" preload=\"none\" style=\"width: 100%;\" controls=\"controls\"><source type=\"audio\/mpeg\" src=\"https:\/\/etno.net\/wp-content\/uploads\/2020\/10\/etn_fcd_020_020_sou_010_prv.mp3?_=3\" \/><a href=\"https:\/\/etno.net\/wp-content\/uploads\/2020\/10\/etn_fcd_020_020_sou_010_prv.mp3\">https:\/\/etno.net\/wp-content\/uploads\/2020\/10\/etn_fcd_020_020_sou_010_prv.mp3<\/a><\/audio>\n<p>S\u00e4v. Narcisco Mart\u00ednez, sov. Timo V\u00e4\u00e4n\u00e4nen.<\/p>\n<p>Maija Karhinen: hanuri<br \/>\nTimo V\u00e4\u00e4n\u00e4nen: konserttikantele<\/p>\n<p><strong>11. Viileri<\/strong><br \/>\nS\u00e4v. Petty Grace Torres, sov. Timo V\u00e4\u00e4n\u00e4nen.<\/p>\n<p>Timo V\u00e4\u00e4n\u00e4nen: konserttikantele<\/p>\n","protected":false},"excerpt":{"rendered":"<p>Kantele el\u00e4\u00e4 historiallista aikaa. Koskaan aiemmin kanteleella ei ole soitettu niin monenlaista musiikkia kuin nyt. Soitin arvioidaan hyvin vanhaksi, jopa 2000 vuoden ik\u00e4iseksi. Se kantaa mukanaan tietoa siit\u00e4, miten suomalainen kulttuuri on eri aikoina muuttunut ja el\u00e4nyt. Kanteleen historiassa &#8217;kalevalainen&#8217; shamaanikulttuuri on v\u00e4istynyt sangen my\u00f6h\u00e4\u00e4n tehden tilaa pelimannimusiikille ja uudemmalle perinteelle. T\u00e4m\u00e4 vuosisata on tuonut lis\u00e4\u00e4 muotoja soittimelle ja sen musiikille, joten perinteen kehitys jatkuu yh\u00e4.<\/p>\n<p>Viilerill\u00e4 soi niin kalevalainen kulttuuri kuin pelimanni- ja viihdemusiikkikin. Soittimina ovat 15-kielinen kantele (7, 8), latvialainen kanteleen sukusoitin kokles (9) sek\u00e4 suomalainen konserttikantele (1-6, 10, 11). Kanneltaja Timo V\u00e4\u00e4n\u00e4nen (s. 1970) on opiskellut Sibelius-Akatemian kansanmusiikin osastolla ja t\u00e4m\u00e4 levy on h\u00e4nen opintojensa lopputy\u00f6. V\u00e4\u00e4n\u00e4nen valittiin Finland Festivalsin vuoden 1997 nuoreksi taiteilijaksi ja h\u00e4n on konsertoinut sek\u00e4 Suomessa ett\u00e4 ulkomailla. H\u00e4n soittaa yhtyeiss\u00e4 Loituma, Matara ja \u00c1 tre ja on mukana my\u00f6s levyill\u00e4 Sonata for Kantele (1995), Loituma (1995), Snow Kantele (1997) ja Loituma: Kuutamolla (1998).<\/p>\n<p>Levyn nelj\u00e4 ensimm\u00e4ist\u00e4 kappaletta edustavat pelimannimusiikkia, joka on perinteisen kansanmusiikin uudempaa kerrostumaa. Kanteleella sen valtakausi alkoi 1800-luvulla ja sit\u00e4 soitetaan yh\u00e4 rinnan muun musiikin kanssa. Kirkonkellot ja pienkantelekappaleet puolestaan johdattavat kansanmusiikin vanhemman kerrostuman pariin. Improvisointi, muuntelu, transsi- ja tanssisoitto kuuluvat olennaisesti ns. kalevalaiseen musiikkikulttuuriin, joka ehti l\u00e4hes kadota mutta tallentui kuitenkin arkistoihin. Kirkonkellot on tallennettu karjalaiselta kanteleensoittajalta Antero Vornaselta ja on saanut t\u00e4ll\u00e4 levyll\u00e4 uuden asteikon ja sovituksen my\u00f6t\u00e4 erilaisen ilmeen kuin Vornasella. Sukusoittimien terveiset levylle tuovat Kerenskin ven\u00e4l\u00e4istyyppiset guslitunnelmat, tosin suomalaisella konserttikanteleella soitettuna, sek\u00e4 Laulu, joka esitet\u00e4\u00e4n latvialaisella koklesilla. Kantelealueen eli Suomen, Baltian maiden ja luoteis-Ven\u00e4j\u00e4n, ulkopuolelta s\u00e4v\u00e4yksen ohjelmistoon tuovat La Cuquita sek\u00e4 Viileri (Wheels), jotka molemmat ovat tulleet kanneltajan ohjelmistoon \u00e4\u00e4nitteiden kautta. Viileri on opittu pelimannin opastuksella ja La Cuquita suoraan \u00e4\u00e4nilevylt\u00e4.<\/p>\n<p>Levy sis\u00e4lt\u00e4\u00e4 my\u00f6s cd-rom -osuuden, joka on n\u00e4ht\u00e4viss\u00e4 tietokoneilla. Se sis\u00e4lt\u00e4\u00e4 lis\u00e4tietoja kappaleista ja soittimista 9 kielell\u00e4 (suomi, englanti, saksa, ranska, japani, esperanto, viro, latvia ja liettua).<\/p>","protected":false},"featured_media":1021,"comment_status":"closed","ping_status":"closed","template":"","meta":{"_acf_changed":false},"product_brand":[],"product_cat":[65],"product_tag":[],"class_list":{"0":"post-1020","1":"product","2":"type-product","3":"status-publish","4":"has-post-thumbnail","6":"product_cat-aanitteet","8":"first","9":"instock","10":"shipping-taxable","11":"product-type-simple"},"acf":[],"_links":{"self":[{"href":"https:\/\/etno.net\/en\/wp-json\/wp\/v2\/product\/1020","targetHints":{"allow":["GET"]}}],"collection":[{"href":"https:\/\/etno.net\/en\/wp-json\/wp\/v2\/product"}],"about":[{"href":"https:\/\/etno.net\/en\/wp-json\/wp\/v2\/types\/product"}],"replies":[{"embeddable":true,"href":"https:\/\/etno.net\/en\/wp-json\/wp\/v2\/comments?post=1020"}],"wp:featuredmedia":[{"embeddable":true,"href":"https:\/\/etno.net\/en\/wp-json\/wp\/v2\/media\/1021"}],"wp:attachment":[{"href":"https:\/\/etno.net\/en\/wp-json\/wp\/v2\/media?parent=1020"}],"wp:term":[{"taxonomy":"product_brand","embeddable":true,"href":"https:\/\/etno.net\/en\/wp-json\/wp\/v2\/product_brand?post=1020"},{"taxonomy":"product_cat","embeddable":true,"href":"https:\/\/etno.net\/en\/wp-json\/wp\/v2\/product_cat?post=1020"},{"taxonomy":"product_tag","embeddable":true,"href":"https:\/\/etno.net\/en\/wp-json\/wp\/v2\/product_tag?post=1020"}],"curies":[{"name":"wp","href":"https:\/\/api.w.org\/{rel}","templated":true}]}}