{"id":1025,"date":"2020-10-26T09:15:46","date_gmt":"2020-10-26T07:15:46","guid":{"rendered":"https:\/\/etno.net\/?post_type=product&#038;p=1025"},"modified":"2021-12-23T14:48:23","modified_gmt":"2021-12-23T12:48:23","slug":"janne-viksten-blue-harbor","status":"publish","type":"product","link":"https:\/\/etno.net\/en\/julkaisu\/aanitteet\/janne-viksten-blue-harbor","title":{"rendered":"Janne Viksten: Blue Harbor"},"content":{"rendered":"<p>Tuottaja Janne Viksten<br \/>\n\u00c4\u00e4nitys Janne Viksten<br \/>\nMiksaus Janne Viksten<\/p>\n<p><strong>1. Lobo&#8217;s Shadow (Intro)<\/strong><br \/>\nS\u00e4v. Janne Viksten, sov. Janne Viksten.<\/p>\n<p>Janne Viksten: banjo<\/p>\n<p><strong>2. Back To Freetown<\/strong><\/p>\n<!--[if lt IE 9]><script>document.createElement('audio');<\/script><![endif]-->\n<audio class=\"wp-audio-shortcode\" id=\"audio-1025-1\" preload=\"none\" style=\"width: 100%;\" controls=\"controls\"><source type=\"audio\/mpeg\" src=\"https:\/\/etno.net\/wp-content\/uploads\/2020\/10\/etn_fcd_021_021_sou_002_prv.mp3?_=1\" \/><a href=\"https:\/\/etno.net\/wp-content\/uploads\/2020\/10\/etn_fcd_021_021_sou_002_prv.mp3\">https:\/\/etno.net\/wp-content\/uploads\/2020\/10\/etn_fcd_021_021_sou_002_prv.mp3<\/a><\/audio>\n<p>S\u00e4v. Janne Viksten, sov. Janne Viksten.<\/p>\n<p>Janne Viksten: banjo, kitara, mandoliini, viulu, basso<\/p>\n<p><strong>3. Spring Waters<\/strong><br \/>\nS\u00e4v. Janne Viksten, sov. Janne Viksten.<\/p>\n<p>Janne Viksten: kitarat, banjo, mandoliini, basso<\/p>\n<p><strong>4. Crossties<\/strong><br \/>\nS\u00e4v. Janne Viksten, sov. Janne Viksten.<\/p>\n<p>Janne Viksten: viulu, banjo<\/p>\n<p><strong>5. Malabar Junction<\/strong><br \/>\nS\u00e4v. Janne Viksten, sov. Janne Viksten, Tommi Viksten.<\/p>\n<p>Jaakko Kiikeri: s\u00e4hk\u00f6sitar, s\u00e4hk\u00f6dobro<br \/>\nAnssi Nyk\u00e4nen: rummut<br \/>\nTapani Varis: munniharppu<br \/>\nJanne Viksten: slide banjo, komppimandoliini<br \/>\nTommi Viksten: akustiset kitarat, basso<\/p>\n<p><strong>6. Sunday Morning Jig, Phantom Trail, Maxwell&#8217;s Favorite<\/strong><br \/>\nS\u00e4v. Janne Viksten, sov. Janne Viksten.<\/p>\n<p>Janne Viksten: banjo<\/p>\n<p><strong>7. Rosine<\/strong><br \/>\nS\u00e4v. Janne Viksten, sov. Janne Viksten.<\/p>\n<p>Janne Viksten: viulut, banjo, kitara, mandoliini, basso<\/p>\n<p><strong>8. River Valley Waltz<\/strong><\/p>\n<audio class=\"wp-audio-shortcode\" id=\"audio-1025-2\" preload=\"none\" style=\"width: 100%;\" controls=\"controls\"><source type=\"audio\/mpeg\" src=\"https:\/\/etno.net\/wp-content\/uploads\/2020\/10\/etn_fcd_021_021_sou_008_prv.mp3?_=2\" \/><a href=\"https:\/\/etno.net\/wp-content\/uploads\/2020\/10\/etn_fcd_021_021_sou_008_prv.mp3\">https:\/\/etno.net\/wp-content\/uploads\/2020\/10\/etn_fcd_021_021_sou_008_prv.mp3<\/a><\/audio>\n<p>S\u00e4v. Janne Viksten, sov. Janne Viksten.<\/p>\n<p>Janne Viksten: mandoliinit, kitarat<\/p>\n<p><strong>9. Across the Marshland<\/strong><br \/>\nS\u00e4v. Janne Viksten, sov. Janne Viksten.<\/p>\n<p>Piia Kleemola: alttoviulut<br \/>\nTapani Varis: basso<br \/>\nJanne Viksten: viulut, banjo<\/p>\n<p><strong>10. Feta Cheese and Meatballs<\/strong><br \/>\nS\u00e4v. Janne Viksten, sov. Janne Viksten.<\/p>\n<p>Janne Viksten: banjot<\/p>\n<p><strong>11. Touch and Go<\/strong><br \/>\nS\u00e4v. Janne Viksten, sov. Janne Viksten.<\/p>\n<p>Janne Viksten: banjo, viulut, mandoliini, kitara, basso<\/p>\n<p><strong>12. Blue Harbor<\/strong><\/p>\n<audio class=\"wp-audio-shortcode\" id=\"audio-1025-3\" preload=\"none\" style=\"width: 100%;\" controls=\"controls\"><source type=\"audio\/mpeg\" src=\"https:\/\/etno.net\/wp-content\/uploads\/2020\/10\/etn_fcd_021_021_sou_012_prv.mp3?_=3\" \/><a href=\"https:\/\/etno.net\/wp-content\/uploads\/2020\/10\/etn_fcd_021_021_sou_012_prv.mp3\">https:\/\/etno.net\/wp-content\/uploads\/2020\/10\/etn_fcd_021_021_sou_012_prv.mp3<\/a><\/audio>\n<p>S\u00e4v. Janne Viksten, sov. Janne Viksten.<\/p>\n<p>Maria Kalaniemi: haitari<br \/>\nJarmo Saari: s\u00e4hk\u00f6kitarat<br \/>\nJanne Viksten: kitarat, banjo, viulu<\/p>\n","protected":false},"excerpt":{"rendered":"<p>I&#8217;ve known Janne since he was in his mid-teens. Even back then he was impressive. He had the &#8221;tone, touch, taste, time&#8221; thing happening &#8211; and that&#8217;s early for that stuff to be in place. Now here he is with his first solo outing, and it&#8217;s a completely joyous opus to experience.<\/p>\n<p>Though I know him mostly as a banjo player (and his 5-string playing is outrageously good all over this cd), he also turns in beautiful performances on guitar, mandolin, fiddle(s), and probably bass as well. Not only that, he can compose like a son-of-a-gun. And after spending years engineering in studios, he&#8217;s able to conjure up great sounds. Plus his production is stellar.<\/p>\n<p>OK&#8230; enough superlatives, already. The thing is, it&#8217;s all true.<\/p>\n<p>Janne seems to have an endless fount of creativity and technique on which to draw. Perhaps my favorite tune on the album demonstrates this perfectly. &#8221;Blue Harbor&#8221;, which Janne describes as perhaps the way his music is headed, is a magnificently poignant piece with banjo serving as more of a textural participant. It&#8217;s an extended tone poem that leaves me in a state of wonder. It&#8217;s so good!<\/p>\n<p>His command of various genres &#8211; from bluegrass to Celtic to classical, and various stops in between &#8211; add to the vitality of this project.<\/p>\n<p>If Janne lived in America instead of Finland, he would be an acoustic star. One can only hope that geographical remove wilI not stand in the way of the kudos his rich talent deserves.<\/p>\n<p><em>Tony Trischka &#8211; May 1998<\/em><\/p>","protected":false},"featured_media":1026,"comment_status":"closed","ping_status":"closed","template":"","meta":{"_acf_changed":false},"product_brand":[],"product_cat":[65],"product_tag":[],"class_list":{"0":"post-1025","1":"product","2":"type-product","3":"status-publish","4":"has-post-thumbnail","6":"product_cat-aanitteet","8":"first","9":"instock","10":"shipping-taxable","11":"product-type-simple"},"acf":[],"_links":{"self":[{"href":"https:\/\/etno.net\/en\/wp-json\/wp\/v2\/product\/1025","targetHints":{"allow":["GET"]}}],"collection":[{"href":"https:\/\/etno.net\/en\/wp-json\/wp\/v2\/product"}],"about":[{"href":"https:\/\/etno.net\/en\/wp-json\/wp\/v2\/types\/product"}],"replies":[{"embeddable":true,"href":"https:\/\/etno.net\/en\/wp-json\/wp\/v2\/comments?post=1025"}],"wp:featuredmedia":[{"embeddable":true,"href":"https:\/\/etno.net\/en\/wp-json\/wp\/v2\/media\/1026"}],"wp:attachment":[{"href":"https:\/\/etno.net\/en\/wp-json\/wp\/v2\/media?parent=1025"}],"wp:term":[{"taxonomy":"product_brand","embeddable":true,"href":"https:\/\/etno.net\/en\/wp-json\/wp\/v2\/product_brand?post=1025"},{"taxonomy":"product_cat","embeddable":true,"href":"https:\/\/etno.net\/en\/wp-json\/wp\/v2\/product_cat?post=1025"},{"taxonomy":"product_tag","embeddable":true,"href":"https:\/\/etno.net\/en\/wp-json\/wp\/v2\/product_tag?post=1025"}],"curies":[{"name":"wp","href":"https:\/\/api.w.org\/{rel}","templated":true}]}}