{"id":1030,"date":"2020-10-26T09:21:26","date_gmt":"2020-10-26T07:21:26","guid":{"rendered":"https:\/\/etno.net\/?post_type=product&#038;p=1030"},"modified":"2021-12-23T14:48:01","modified_gmt":"2021-12-23T12:48:01","slug":"leena-joutsenlahti-makale","status":"publish","type":"product","link":"https:\/\/etno.net\/en\/julkaisu\/aanitteet\/leena-joutsenlahti-makale","title":{"rendered":"Leena Joutsenlahti: Makale"},"content":{"rendered":"<p>Tuottaja Heikki Laitinen<br \/>\n\u00c4\u00e4nitys Teemu Korpip\u00e4\u00e4, Timo V\u00e4\u00e4n\u00e4nen, Janne Viksten<br \/>\nMiksaus Teemu Korpip\u00e4\u00e4, Janne Viksten, Leena Joutsenlahti<\/p>\n<p><strong>1. Pollonesse<\/strong><br \/>\nS\u00e4v. trad., sov. Leena Joutsenlahti, Timo V\u00e4\u00e4n\u00e4nen.<\/p>\n<p>Leena Joutsenlahti: alttonokkahuilu<br \/>\nTimo V\u00e4\u00e4n\u00e4nen: 21-kielinen kantele<\/p>\n<p><strong>2. Valssi<\/strong><br \/>\nS\u00e4v. trad., sov. Leena Joutsenlahti.<\/p>\n<p>Leena Joutsenlahti: puuhuilu<\/p>\n<p><strong>3. Viime<\/strong><\/p>\n<!--[if lt IE 9]><script>document.createElement('audio');<\/script><![endif]-->\n<audio class=\"wp-audio-shortcode\" id=\"audio-1030-1\" preload=\"none\" style=\"width: 100%;\" controls=\"controls\"><source type=\"audio\/mpeg\" src=\"https:\/\/etno.net\/wp-content\/uploads\/2020\/10\/etn_fcd_022_022_sou_003_prv.mp3?_=1\" \/><a href=\"https:\/\/etno.net\/wp-content\/uploads\/2020\/10\/etn_fcd_022_022_sou_003_prv.mp3\">https:\/\/etno.net\/wp-content\/uploads\/2020\/10\/etn_fcd_022_022_sou_003_prv.mp3<\/a><\/audio>\n<p>S\u00e4v. Leena Joutsenlahti, sov. Hanni Autere, Eero Grundstr\u00f6m, Leena Joutsenlahti.<\/p>\n<p>Hanni Autere: viulu<br \/>\nEero Grundstr\u00f6m: harmooni<br \/>\nLeena Joutsenlahti: sopraanonokkahuilu<\/p>\n<p><strong>4. Yksi ruusu<\/strong><br \/>\nS\u00e4v. trad.<\/p>\n<p>Leena Joutsenlahti: laulu<\/p>\n<p><strong>5. Tie<\/strong><br \/>\nS\u00e4v. Leena Joutsenlahti.<\/p>\n<p>Leena Joutsenlahti: puuhuilu<\/p>\n<p><strong>6. Pluus<\/strong><\/p>\n<audio class=\"wp-audio-shortcode\" id=\"audio-1030-2\" preload=\"none\" style=\"width: 100%;\" controls=\"controls\"><source type=\"audio\/mpeg\" src=\"https:\/\/etno.net\/wp-content\/uploads\/2020\/10\/etn_fcd_022_022_sou_006_prv.mp3?_=2\" \/><a href=\"https:\/\/etno.net\/wp-content\/uploads\/2020\/10\/etn_fcd_022_022_sou_006_prv.mp3\">https:\/\/etno.net\/wp-content\/uploads\/2020\/10\/etn_fcd_022_022_sou_006_prv.mp3<\/a><\/audio>\n<p>S\u00e4v. Leena Joutsenlahti, sov. Leena Joutsenlahti, Topi Korhonen, Ricardo Padilla, Janne Viksten.<\/p>\n<p>Leena Joutsenlahti: pitk\u00e4huilu<br \/>\nTopi Korhonen: kitarat<br \/>\nRicardo Padilla: lepenelauta ja cah\u00f3n<\/p>\n<p><strong>7. Kariitti<\/strong><\/p>\n<audio class=\"wp-audio-shortcode\" id=\"audio-1030-3\" preload=\"none\" style=\"width: 100%;\" controls=\"controls\"><source type=\"audio\/mpeg\" src=\"https:\/\/etno.net\/wp-content\/uploads\/2020\/10\/etn_fcd_022_022_sou_007_prv.mp3?_=3\" \/><a href=\"https:\/\/etno.net\/wp-content\/uploads\/2020\/10\/etn_fcd_022_022_sou_007_prv.mp3\">https:\/\/etno.net\/wp-content\/uploads\/2020\/10\/etn_fcd_022_022_sou_007_prv.mp3<\/a><\/audio>\n<p>S\u00e4v. Leena Joutsenlahti, sov. Leena Joutsenlahti, Anita Lehtola, Minna Padilla.<\/p>\n<p>Leena Joutsenlahti: puusarvi<br \/>\nAnita Lehtola: laulu<br \/>\nMinna Padilla: viulu<\/p>\n<p><strong>8. S\u00e4hk\u00f6paimen<\/strong><br \/>\nS\u00e4v. Leena Joutsenlahti, Teemu Korpip\u00e4\u00e4, sov. Leena Joutsenlahti, Teemu Korpip\u00e4\u00e4.<\/p>\n<p>Leena Joutsenlahti: paimensoittu<br \/>\nTeemu Korpip\u00e4\u00e4: sampleri<\/p>\n<p><strong>9. Marian laulu<\/strong><br \/>\nS\u00e4v. Leena Joutsenlahti, san. Jukka Larsson, sov. Leena Joutsenlahti.<\/p>\n<p>Leena Joutsenlahti: laulu, 15-kielinen kantele<\/p>\n<p><strong>10. Makale<\/strong><br \/>\nS\u00e4v. Leena Joutsenlahti, sov. Leena Joutsenlahti.<\/p>\n<p>Leena Joutsenlahti: puuhuilu, harmooni<\/p>\n<p><strong>11. Toinen tie<\/strong><br \/>\nS\u00e4v. Leena Joutsenlahti.<\/p>\n<p>Leena Joutsenlahti: puuhuilu<\/p>\n","protected":false},"excerpt":{"rendered":"<p>Makale on matka: tie ja toinen tie. Loputtomia muunnelmia ilman teemaa, melodian kaarroksia syv\u00e4ll\u00e4 soivan peruss\u00e4velen yll\u00e4, tuhatvuotista estetiikkaa. Mets\u00e4polulla seisoo paimentytt\u00f6 soitinlaukkuineen, kuuntelee kaikua. Kaivaa laukustaan puuhuilunsa, kertoo kaiulle ilonsa ja surunsa. Monipuolinen muusikko: s\u00e4velt\u00e4j\u00e4, sovittaja, laulaja, monien soittimien taitaja (t\u00e4ll\u00e4 levyll\u00e4 niit\u00e4 on melkein kymmenen). Mielikuvituksellisen muuntelun ja improvisoinnin verraton opettaja.<\/p>\n<p>Klassisten nokkahuiluopintojen j\u00e4lkeen Leena Joutsenlahti hakeutui l983 ensimm\u00e4isten joukossa Sibelius-Akatemian uudelle kansanmusiikin osastolle. Tuli tunnetuksi kansanmusiikkiyhtye Niekun j\u00e4senen\u00e4, sitten monien muiden yhtyeiden keikoilla ja levyill\u00e4 sek\u00e4 teatteri- ja tanssiproduktioissa. T\u00e4ll\u00e4 ensimm\u00e4isell\u00e4 omalla levyll\u00e4 on monia muistoja matkalta.<\/p>\n<p>Paimensoittimista kiinnostuneen osa ei ole helppo: arkistot ovat vaitonaisia, tiedot hajanaisia. J\u00e4ljelle on j\u00e4\u00e4nyt v\u00e4h\u00e4n, mihin tarttua. On k\u00e4ytett\u00e4v\u00e4 mielikuvitusta ja teht\u00e4v\u00e4 matkoja menneisyyteen, aistittava suomalaisen mielen arkaaisuuksia. Vastaan tulevat yll\u00e4tt\u00e4en talonpoikaisnaiset muusikkoina. Kallioista kimpoilevat nekin s\u00e4velet, jotka Carl Axel Gottlund 1815 kuuli Juvalla &#8221;maankyl\u00e4n tytt\u00f6l\u00f6ihen h\u00e4\u00e4tanssisoitot sarvillansa&#8221;, kun &#8221;talonpojat joivat itsens\u00e4 juovuksiin, muutamat pelasivat korttia ja muutamat lauloivat vanhoja runoja.&#8221;<\/p>\n<p>Ent\u00e4s Liisa Pessi, 72v., jonka A.O. V\u00e4is\u00e4nen tapasi, valokuvasi ja nuotinsi tasan sata vuotta my\u00f6hemmin Karjalan Kannaksella, jossa &#8221;paimenet soittivat sarvella iltakajanteella kimakoita tanssin s\u00e4veleit\u00e4, niin ett\u00e4 kuului karjan kellojen helin\u00e4ss\u00e4 kilometrien p\u00e4\u00e4h\u00e4n&#8221;. Tiukka ote sarvesta ja kauas n\u00e4kev\u00e4 katse: h\u00e4nh\u00e4n on kuin itse \u00e4idin\u00e4idin\u00e4idin\u00e4iti, ainakin unessa ja musiikissa. Tien kaaoksesta on kirkastunut oma ehj\u00e4 musiikillinen maailma: tunnetta ja tahtoa, puhdasta ja palavaa, puhtaaksi palavaa. Ehk\u00e4 maailma on omalaatuinenkin: l\u00e4nsisuomalaisten polskien ja valssien j\u00e4lkeen S\u00e4hk\u00f6paimen on kuin monikerroksinen enneuni, paimenen painajainen. Ja vaikka Kariitti ja S\u00e4hk\u00f6paimen saattavat vierekk\u00e4in tuntua yhteensopimattomilta \u00e4\u00e4rip\u00e4ilt\u00e4, niin tarkemmin kuunnellen nekin ovat samaa ehj\u00e4\u00e4 el\u00e4m\u00e4\u00e4. Arkaaista mielenlaatua nykymaailmassa. Valssi on kuin mielikuvitusmatkan kuvaus: alun karhea arkistointi avautuu mielikuvituksen voimalla menneen ajan puhtaaseen kaikuun ja yhteissoiton riemukkaaseen eris\u00e4velisyyteen. Merkillist\u00e4, miten vasta uusin musiikkiteknologia tuntuu antavan mahdollisuuden kuvitella syvint\u00e4 arkaaisuutta, toteuttaa mielen muinaismatkoja. Leena Joutsenlahden el\u00e4m\u00e4nik\u00e4inen projekti, muistinvaraisen muuntelun olemuksen ymm\u00e4rt\u00e4minen ja Juvan tytt\u00f6l\u00f6ihen ja Liisa Pessin estetiikan ja el\u00e4m\u00e4ntunteen kokeminen, tuottaa jo niin omaper\u00e4ist\u00e4 musiikkia, ett\u00e4 turha kuvailla: kuunnelkaa!<\/p>\n<p><em>Heikki Laitinen<\/em><\/p>","protected":false},"featured_media":1031,"comment_status":"closed","ping_status":"closed","template":"","meta":{"_acf_changed":false},"product_brand":[],"product_cat":[65],"product_tag":[],"class_list":{"0":"post-1030","1":"product","2":"type-product","3":"status-publish","4":"has-post-thumbnail","6":"product_cat-aanitteet","8":"first","9":"instock","10":"shipping-taxable","11":"product-type-simple"},"acf":[],"_links":{"self":[{"href":"https:\/\/etno.net\/en\/wp-json\/wp\/v2\/product\/1030","targetHints":{"allow":["GET"]}}],"collection":[{"href":"https:\/\/etno.net\/en\/wp-json\/wp\/v2\/product"}],"about":[{"href":"https:\/\/etno.net\/en\/wp-json\/wp\/v2\/types\/product"}],"replies":[{"embeddable":true,"href":"https:\/\/etno.net\/en\/wp-json\/wp\/v2\/comments?post=1030"}],"wp:featuredmedia":[{"embeddable":true,"href":"https:\/\/etno.net\/en\/wp-json\/wp\/v2\/media\/1031"}],"wp:attachment":[{"href":"https:\/\/etno.net\/en\/wp-json\/wp\/v2\/media?parent=1030"}],"wp:term":[{"taxonomy":"product_brand","embeddable":true,"href":"https:\/\/etno.net\/en\/wp-json\/wp\/v2\/product_brand?post=1030"},{"taxonomy":"product_cat","embeddable":true,"href":"https:\/\/etno.net\/en\/wp-json\/wp\/v2\/product_cat?post=1030"},{"taxonomy":"product_tag","embeddable":true,"href":"https:\/\/etno.net\/en\/wp-json\/wp\/v2\/product_tag?post=1030"}],"curies":[{"name":"wp","href":"https:\/\/api.w.org\/{rel}","templated":true}]}}