{"id":1035,"date":"2020-10-26T09:31:40","date_gmt":"2020-10-26T07:31:40","guid":{"rendered":"https:\/\/etno.net\/?post_type=product&#038;p=1035"},"modified":"2021-12-23T14:47:39","modified_gmt":"2021-12-23T12:47:39","slug":"erik-hokkanen-lumisudet-in-the-heart-of-a-waking-dream","status":"publish","type":"product","link":"https:\/\/etno.net\/en\/julkaisu\/aanitteet\/erik-hokkanen-lumisudet-in-the-heart-of-a-waking-dream","title":{"rendered":"Erik Hokkanen &amp; Lumisudet: In the Heart of a Waking Dream"},"content":{"rendered":"<p>\u00c4\u00e4nitys Janne Viksten<br \/>\nMiksaus Janne Viksten ja Arto J\u00e4rvel\u00e4<br \/>\nMasterointi Pauli Saastamoinen ja Janne Viksten<\/p>\n<p><strong>1. Gypsy Joe<\/strong><\/p>\n<!--[if lt IE 9]><script>document.createElement('audio');<\/script><![endif]-->\n<audio class=\"wp-audio-shortcode\" id=\"audio-1035-1\" preload=\"none\" style=\"width: 100%;\" controls=\"controls\"><source type=\"audio\/mpeg\" src=\"https:\/\/etno.net\/wp-content\/uploads\/2020\/10\/etn_fcd_025_025_sou_001_prv.mp3?_=1\" \/><a href=\"https:\/\/etno.net\/wp-content\/uploads\/2020\/10\/etn_fcd_025_025_sou_001_prv.mp3\">https:\/\/etno.net\/wp-content\/uploads\/2020\/10\/etn_fcd_025_025_sou_001_prv.mp3<\/a><\/audio>\n<p>S\u00e4v. Erik Hokkanen.<\/p>\n<p>Petri Hakala: kitara<br \/>\nErik Hokkanen: viulu<br \/>\nTapani Varis: kontrabasso<\/p>\n<p><strong>2. Frost in the Courtyard<\/strong><br \/>\nS\u00e4v. Erik Hokkanen.<\/p>\n<p>Petri Hakala: mandoliini<br \/>\nErik Hokkanen: kitara<br \/>\nArto J\u00e4rvel\u00e4: viulu<br \/>\nTapani Varis: kontrabasso<\/p>\n<p><strong>3. Diva at the Dive<\/strong><\/p>\n<audio class=\"wp-audio-shortcode\" id=\"audio-1035-2\" preload=\"none\" style=\"width: 100%;\" controls=\"controls\"><source type=\"audio\/mpeg\" src=\"https:\/\/etno.net\/wp-content\/uploads\/2020\/10\/etn_fcd_025_025_sou_003_prv.mp3?_=2\" \/><a href=\"https:\/\/etno.net\/wp-content\/uploads\/2020\/10\/etn_fcd_025_025_sou_003_prv.mp3\">https:\/\/etno.net\/wp-content\/uploads\/2020\/10\/etn_fcd_025_025_sou_003_prv.mp3<\/a><\/audio>\n<p>S\u00e4v. Erik Hokkanen, san. Erik Hokkanen.<\/p>\n<p>Timo Alakotila: piano<br \/>\nPetri Hakala: mandoliini<br \/>\nErik Hokkanen: kitara ja laulu<br \/>\nMauno J\u00e4rvel\u00e4: viulu<br \/>\nTapani Varis: kontrabasso<\/p>\n<p><strong>4. Bombay Buckaroo<\/strong><br \/>\nS\u00e4v. Erik Hokkanen.<\/p>\n<p>Petri Hakala: mandoliini<br \/>\nErik Hokkanen: kitara<br \/>\nArto J\u00e4rvel\u00e4: viulu<br \/>\nTapani Varis: kontrabasso<\/p>\n<p><strong>5. Blues for Jethro<\/strong><br \/>\nS\u00e4v. Erik Hokkanen.<\/p>\n<p>Petri Hakala: mandoliini<br \/>\nErik Hokkanen: mandoliini<br \/>\nArto J\u00e4rvel\u00e4: mandoliini<br \/>\nTapani Varis: kontrabasso<\/p>\n<p><strong>6. Dance of the Dandelions<\/strong><br \/>\nS\u00e4v. Erik Hokkanen, Arto J\u00e4rvel\u00e4.<\/p>\n<p>Petri Hakala: kitara<br \/>\nErik Hokkanen: viulu<br \/>\nArto J\u00e4rvel\u00e4: viulu<br \/>\nTapani Varis: kontrabasso<\/p>\n<p><strong>7. Horses and Mushrooms<\/strong><br \/>\nS\u00e4v. Erik Hokkanen.<\/p>\n<p>Petri Hakala: kitara<br \/>\nErik Hokkanen: viulu<br \/>\nTapani Varis: kontrabasso<\/p>\n<p><strong>8. The Girl from Iisalmi<\/strong><br \/>\nS\u00e4v. Erik Hokkanen, san. Erik Hokkanen.<\/p>\n<p>Petri Hakala: mandoliini<br \/>\nErik Hokkanen: kitara ja laulu<br \/>\nArto J\u00e4rvel\u00e4: viulu<br \/>\nTapani Varis: kontrabasso<\/p>\n<p><strong>9. Tango in Durango<\/strong><br \/>\nS\u00e4v. Erik Hokkanen.<\/p>\n<p>Petri Hakala: mandoliini<br \/>\nErik Hokkanen: kitara<br \/>\nArto J\u00e4rvel\u00e4: viulu<br \/>\nTapani Varis: kontrabasso<\/p>\n<p><strong>10. Wild One<\/strong><br \/>\nS\u00e4v. Erik Hokkanen.<\/p>\n<p>Petri Hakala: kitara<br \/>\nErik Hokkanen: mandoliini<br \/>\nArto J\u00e4rvel\u00e4: viulu<br \/>\nTapani Varis: kontrabasso<\/p>\n<p><strong>11. Early Bird&#8217;s Worm<\/strong><br \/>\nS\u00e4v. Erik Hokkanen.<\/p>\n<p>Petri Hakala: kitara<br \/>\nErik Hokkanen: viulu<br \/>\nTapani Varis: kontrabasso<\/p>\n<p><strong>12. Valimo<\/strong><br \/>\nS\u00e4v. Erik Hokkanen.<\/p>\n<p>Petri Hakala: mandoliini<br \/>\nErik Hokkanen: kitara<br \/>\nArto J\u00e4rvel\u00e4: viulu<br \/>\nTapani Varis: kontrabasso<br \/>\nJanne Viksten: banjo<\/p>\n<p><strong>13. Wind River<\/strong><\/p>\n<audio class=\"wp-audio-shortcode\" id=\"audio-1035-3\" preload=\"none\" style=\"width: 100%;\" controls=\"controls\"><source type=\"audio\/mpeg\" src=\"https:\/\/etno.net\/wp-content\/uploads\/2020\/10\/etn_fcd_025_025_sou_013_prv.mp3?_=3\" \/><a href=\"https:\/\/etno.net\/wp-content\/uploads\/2020\/10\/etn_fcd_025_025_sou_013_prv.mp3\">https:\/\/etno.net\/wp-content\/uploads\/2020\/10\/etn_fcd_025_025_sou_013_prv.mp3<\/a><\/audio>\n<p>S\u00e4v. Erik Hokkanen.<\/p>\n<p>Petri Hakala: kitara<br \/>\nErik Hokkanen: viulu<br \/>\nTapani Varis: kontrabasso<\/p>\n<p><strong>14. Mustafan Unikkopolku<\/strong><br \/>\nS\u00e4v. Erik Hokkanen, Arto J\u00e4rvel\u00e4.<\/p>\n<p>Petri Hakala: kitara<br \/>\nErik Hokkanen: viulu<br \/>\nArto J\u00e4rvel\u00e4: viulu<br \/>\nTapani Varis: kontrabasso<\/p>\n<p><strong>15. Bug on My Arm<\/strong><br \/>\nS\u00e4v. Rubert Jacousha, Erk Necktumor, san. Erk Necktumor.<\/p>\n<p>Erk Necktumor: laulu, mandoliini<br \/>\nLeo &#8221;Buzzy&#8221; Shanahs: munniharppu, naputus<br \/>\nSlim &#8221;Washtub&#8221; Maki: kontrabasso<br \/>\nHerbert von Caravan: pullonkaulabanjo<\/p>\n<p><strong>16. Frog&#8217;s gigue<\/strong><br \/>\nS\u00e4v. Erik Hokkanen, san. Erik Hokkanen.<\/p>\n<p>Tuulikki Bartosik: laulu<br \/>\nPetri Hakala: kitara<br \/>\nErik Hokkanen: viulu<br \/>\nAnna Pudas: laulu<br \/>\nSara Puljula: laulu<br \/>\nTapani Varis: kontrabasso<\/p>\n<p><strong>17. Green-Feathered Birdy<\/strong><br \/>\nS\u00e4v. Erik Hokkanen.<\/p>\n<p>Petri Hakala: kitara<br \/>\nErik Hokkanen: viulu<br \/>\nTapani Varis: kontrabasso<\/p>\n<p><strong>18. April 15th Prayer<\/strong><br \/>\nS\u00e4v. Erik Hokkanen.<\/p>\n<p>Erik Hokkanen: viulu<br \/>\nArto J\u00e4rvel\u00e4: viulu<br \/>\nMauno J\u00e4rvel\u00e4: viulu<br \/>\nTapani Varis: kontrabasso<\/p>\n","protected":false},"excerpt":{"rendered":"<p>\u00c4\u00e4nitys Janne Viksten Miksaus Janne Viksten ja Arto J\u00e4rvel\u00e4 Masterointi Pauli Saastamoinen ja Janne Viksten 1. Gypsy Joe S\u00e4v. Erik Hokkanen. Petri Hakala: kitara Erik Hokkanen: viulu Tapani Varis: kontrabasso 2. Frost in the Courtyard S\u00e4v. Erik Hokkanen. Petri Hakala: mandoliini Erik Hokkanen: kitara Arto J\u00e4rvel\u00e4: viulu Tapani Varis: kontrabasso 3. Diva at the Dive [&hellip;]<\/p>\n","protected":false},"featured_media":1036,"comment_status":"closed","ping_status":"closed","template":"","meta":{"_acf_changed":false},"product_brand":[],"product_cat":[65],"product_tag":[],"class_list":{"0":"post-1035","1":"product","2":"type-product","3":"status-publish","4":"has-post-thumbnail","6":"product_cat-aanitteet","8":"first","9":"instock","10":"shipping-taxable","11":"product-type-simple"},"acf":[],"_links":{"self":[{"href":"https:\/\/etno.net\/en\/wp-json\/wp\/v2\/product\/1035","targetHints":{"allow":["GET"]}}],"collection":[{"href":"https:\/\/etno.net\/en\/wp-json\/wp\/v2\/product"}],"about":[{"href":"https:\/\/etno.net\/en\/wp-json\/wp\/v2\/types\/product"}],"replies":[{"embeddable":true,"href":"https:\/\/etno.net\/en\/wp-json\/wp\/v2\/comments?post=1035"}],"wp:featuredmedia":[{"embeddable":true,"href":"https:\/\/etno.net\/en\/wp-json\/wp\/v2\/media\/1036"}],"wp:attachment":[{"href":"https:\/\/etno.net\/en\/wp-json\/wp\/v2\/media?parent=1035"}],"wp:term":[{"taxonomy":"product_brand","embeddable":true,"href":"https:\/\/etno.net\/en\/wp-json\/wp\/v2\/product_brand?post=1035"},{"taxonomy":"product_cat","embeddable":true,"href":"https:\/\/etno.net\/en\/wp-json\/wp\/v2\/product_cat?post=1035"},{"taxonomy":"product_tag","embeddable":true,"href":"https:\/\/etno.net\/en\/wp-json\/wp\/v2\/product_tag?post=1035"}],"curies":[{"name":"wp","href":"https:\/\/api.w.org\/{rel}","templated":true}]}}