{"id":1045,"date":"2020-10-26T09:46:32","date_gmt":"2020-10-26T07:46:32","guid":{"rendered":"https:\/\/etno.net\/?post_type=product&#038;p=1045"},"modified":"2020-10-26T09:46:32","modified_gmt":"2020-10-26T07:46:32","slug":"virpi-forsberg-arja-kastinen-vita","status":"publish","type":"product","link":"https:\/\/etno.net\/en\/julkaisu\/aanitteet\/virpi-forsberg-arja-kastinen-vita","title":{"rendered":"Virpi Forsberg &amp; Arja Kastinen: Vita"},"content":{"rendered":"<p>Tuottaja Heikki Laitinen<br \/>\n\u00c4\u00e4nitys Matti Kontio<br \/>\nMiksaus Janne Viksten, Virpi Forsberg ja Arja Kastinen<\/p>\n<p><strong>1. Ukontaarna<\/strong><\/p>\n<p>S\u00e4v. Virpi Forsberg, Arja Kastinen, sov. Virpi Forsberg, Arja Kastinen.<\/p>\n<p>Virpi Forsberg: pukinsarvi<br \/>\nArja Kastinen: konserttikantele &amp; 15-kielinen kantele<\/p>\n<p><strong>2. Pulsatilla<\/strong><\/p>\n<!--[if lt IE 9]><script>document.createElement('audio');<\/script><![endif]-->\n<audio class=\"wp-audio-shortcode\" id=\"audio-1045-1\" preload=\"none\" style=\"width: 100%;\" controls=\"controls\"><source type=\"audio\/mpeg\" src=\"https:\/\/etno.net\/wp-content\/uploads\/2020\/10\/etn_fcd_027_027_sou_002_prv.mp3?_=1\" \/><a href=\"https:\/\/etno.net\/wp-content\/uploads\/2020\/10\/etn_fcd_027_027_sou_002_prv.mp3\">https:\/\/etno.net\/wp-content\/uploads\/2020\/10\/etn_fcd_027_027_sou_002_prv.mp3<\/a><\/audio>\n<p>S\u00e4v. Virpi Forsberg, Arja Kastinen, sov. Virpi Forsberg, Arja Kastinen.<\/p>\n<p>Virpi Forsberg: pukinsarvi<br \/>\nArja Kastinen: konserttikantele &amp; 15-kielinen kantele<\/p>\n<p><strong>3. Kyynt\u00e4hk\u00e4<\/strong><br \/>\nS\u00e4v. Virpi Forsberg, Arja Kastinen, sov. Virpi Forsberg, Arja Kastinen.<\/p>\n<p>Virpi Forsberg: pukinsarvi<br \/>\nArja Kastinen: 15-kielinen kantele<\/p>\n<p><strong>4. Trient\u00e1lis<\/strong><\/p>\n<audio class=\"wp-audio-shortcode\" id=\"audio-1045-2\" preload=\"none\" style=\"width: 100%;\" controls=\"controls\"><source type=\"audio\/mpeg\" src=\"https:\/\/etno.net\/wp-content\/uploads\/2020\/10\/etn_fcd_027_027_sou_004_prv.mp3?_=2\" \/><a href=\"https:\/\/etno.net\/wp-content\/uploads\/2020\/10\/etn_fcd_027_027_sou_004_prv.mp3\">https:\/\/etno.net\/wp-content\/uploads\/2020\/10\/etn_fcd_027_027_sou_004_prv.mp3<\/a><\/audio>\n<p>S\u00e4v. Virpi Forsberg, sov. Virpi Forsberg.<\/p>\n<p>Virpi Forsberg: pukinsarvi<\/p>\n<p><strong>5. Kuun keltto<\/strong><\/p>\n<audio class=\"wp-audio-shortcode\" id=\"audio-1045-3\" preload=\"none\" style=\"width: 100%;\" controls=\"controls\"><source type=\"audio\/mpeg\" src=\"https:\/\/etno.net\/wp-content\/uploads\/2020\/10\/etn_fcd_027_027_sou_005_prv.mp3?_=3\" \/><a href=\"https:\/\/etno.net\/wp-content\/uploads\/2020\/10\/etn_fcd_027_027_sou_005_prv.mp3\">https:\/\/etno.net\/wp-content\/uploads\/2020\/10\/etn_fcd_027_027_sou_005_prv.mp3<\/a><\/audio>\n<p>S\u00e4v. Virpi Forsberg, sov. Virpi Forsberg.<\/p>\n<p>Virpi Forsberg: pukinsarvi<\/p>\n<p><strong>6. Hapro<\/strong><br \/>\nS\u00e4v. Virpi Forsberg, Arja Kastinen, sov. Virpi Forsberg, Arja Kastinen.<\/p>\n<p>Virpi Forsberg: puusarvi &amp; pukinsarvi<br \/>\nArja Kastinen: 10-kielinen &amp; 15-kielinen kantele<\/p>\n","protected":false},"excerpt":{"rendered":"<p>Tuottaja Heikki Laitinen \u00c4\u00e4nitys Matti Kontio Miksaus Janne Viksten, Virpi Forsberg ja Arja Kastinen 1. Ukontaarna S\u00e4v. Virpi Forsberg, Arja Kastinen, sov. Virpi Forsberg, Arja Kastinen. Virpi Forsberg: pukinsarvi Arja Kastinen: konserttikantele &amp; 15-kielinen kantele 2. Pulsatilla S\u00e4v. Virpi Forsberg, Arja Kastinen, sov. Virpi Forsberg, Arja Kastinen. Virpi Forsberg: pukinsarvi Arja Kastinen: konserttikantele &amp; 15-kielinen [&hellip;]<\/p>\n","protected":false},"featured_media":1046,"comment_status":"closed","ping_status":"closed","template":"","meta":{"_acf_changed":false},"product_brand":[],"product_cat":[65],"product_tag":[],"class_list":{"0":"post-1045","1":"product","2":"type-product","3":"status-publish","4":"has-post-thumbnail","6":"product_cat-aanitteet","8":"first","9":"instock","10":"shipping-taxable","11":"product-type-simple"},"acf":[],"_links":{"self":[{"href":"https:\/\/etno.net\/en\/wp-json\/wp\/v2\/product\/1045","targetHints":{"allow":["GET"]}}],"collection":[{"href":"https:\/\/etno.net\/en\/wp-json\/wp\/v2\/product"}],"about":[{"href":"https:\/\/etno.net\/en\/wp-json\/wp\/v2\/types\/product"}],"replies":[{"embeddable":true,"href":"https:\/\/etno.net\/en\/wp-json\/wp\/v2\/comments?post=1045"}],"wp:featuredmedia":[{"embeddable":true,"href":"https:\/\/etno.net\/en\/wp-json\/wp\/v2\/media\/1046"}],"wp:attachment":[{"href":"https:\/\/etno.net\/en\/wp-json\/wp\/v2\/media?parent=1045"}],"wp:term":[{"taxonomy":"product_brand","embeddable":true,"href":"https:\/\/etno.net\/en\/wp-json\/wp\/v2\/product_brand?post=1045"},{"taxonomy":"product_cat","embeddable":true,"href":"https:\/\/etno.net\/en\/wp-json\/wp\/v2\/product_cat?post=1045"},{"taxonomy":"product_tag","embeddable":true,"href":"https:\/\/etno.net\/en\/wp-json\/wp\/v2\/product_tag?post=1045"}],"curies":[{"name":"wp","href":"https:\/\/api.w.org\/{rel}","templated":true}]}}