{"id":1050,"date":"2020-10-26T10:15:30","date_gmt":"2020-10-26T08:15:30","guid":{"rendered":"https:\/\/etno.net\/?post_type=product&#038;p=1050"},"modified":"2021-12-23T14:46:14","modified_gmt":"2021-12-23T12:46:14","slug":"petri-hakala-kirjo","status":"publish","type":"product","link":"https:\/\/etno.net\/en\/julkaisu\/aanitteet\/petri-hakala-kirjo","title":{"rendered":"Petri Hakala: Kirjo"},"content":{"rendered":"<p>Tuottaja Petri Hakala<br \/>\n\u00c4\u00e4nitys Janne Viksten<br \/>\nMiksaus Janne Viksten ja Petri Hakala<\/p>\n<p><strong>1. Rautanen<\/strong><\/p>\n<!--[if lt IE 9]><script>document.createElement('audio');<\/script><![endif]-->\n<audio class=\"wp-audio-shortcode\" id=\"audio-1050-1\" preload=\"none\" style=\"width: 100%;\" controls=\"controls\"><source type=\"audio\/mpeg\" src=\"https:\/\/etno.net\/wp-content\/uploads\/2020\/10\/etn_fcd_028_028_sou_001_prv.mp3?_=1\" \/><a href=\"https:\/\/etno.net\/wp-content\/uploads\/2020\/10\/etn_fcd_028_028_sou_001_prv.mp3\">https:\/\/etno.net\/wp-content\/uploads\/2020\/10\/etn_fcd_028_028_sou_001_prv.mp3<\/a><\/audio>\n<p>S\u00e4v. trad., sov. Petri Hakala.<\/p>\n<p>Petri Hakala: mandoliini, kitara<br \/>\nPetri Korpela: ly\u00f6m\u00e4soittimet<br \/>\nTuomas Logr\u00e9n: kitara<br \/>\nTapani Varis: basso, munniharppu<\/p>\n<p><strong>2. Minor Mode<\/strong><br \/>\nS\u00e4v. Petri Hakala, sov. Petri Hakala.<\/p>\n<p>Timo Alakotila: piano<br \/>\nPetri Hakala: mandoliini, kitara<br \/>\nPetri Korpela: ly\u00f6m\u00e4soittimet<br \/>\nTuomas Logr\u00e9n: kitara<br \/>\nTapani Varis: basso<\/p>\n<p><strong>3. Shepherd&#8217;s Blues<\/strong><br \/>\nS\u00e4v. Petri Hakala, sov. Petri Hakala.<\/p>\n<p>Petri Hakala: cittern, kitara, viulut<br \/>\nPetri Korpela: bendir<br \/>\nTuomas Logr\u00e9n: kitara<br \/>\nTapani Varis: basso<br \/>\nJanne Viksten: banjo<\/p>\n<p><strong>4. Hiljaiset soinnut<\/strong><br \/>\nS\u00e4v. trad., sov. Timo Alakotila, Petri Hakala.<\/p>\n<p>Timo Alakotila: harmooni<br \/>\nPetri Hakala: mandoliini<br \/>\nJanne Lappalainen: sopraanosaksofoni<\/p>\n<p><strong>5. Saudade do Cavaquinho<\/strong><br \/>\nS\u00e4v. Pixinquinha, sov. Petri Hakala.<\/p>\n<p>Petri Hakala: mandoliinit, mandocello<\/p>\n<p><strong>6. Swingin&#8217; Bridge<\/strong><\/p>\n<audio class=\"wp-audio-shortcode\" id=\"audio-1050-2\" preload=\"none\" style=\"width: 100%;\" controls=\"controls\"><source type=\"audio\/mpeg\" src=\"https:\/\/etno.net\/wp-content\/uploads\/2020\/10\/etn_fcd_028_028_sou_006_prv.mp3?_=2\" \/><a href=\"https:\/\/etno.net\/wp-content\/uploads\/2020\/10\/etn_fcd_028_028_sou_006_prv.mp3\">https:\/\/etno.net\/wp-content\/uploads\/2020\/10\/etn_fcd_028_028_sou_006_prv.mp3<\/a><\/audio>\n<p>S\u00e4v. Petri Hakala, sov. Petri Hakala.<\/p>\n<p>Timo Alakotila: piano<br \/>\nPetri Hakala: mandoliini, kitara<br \/>\nMarkku Lepist\u00f6: 2-rivinen haitari<br \/>\nTuomas Logr\u00e9n: kitara<br \/>\nTapani Varis: basso<\/p>\n<p><strong>7. Blue Hour<\/strong><br \/>\nS\u00e4v. Petri Hakala, sov. Petri Hakala.<\/p>\n<p>Petri Hakala: mandoliini<br \/>\nArto J\u00e4rvel\u00e4: viulu<br \/>\nTuomas Logr\u00e9n: kitara<br \/>\nTapani Varis: basso<\/p>\n<p><strong>8. On A Clear Day<\/strong><br \/>\nS\u00e4v. Petri Hakala, sov. Petri Hakala.<\/p>\n<p>Petri Hakala: mandoliini, kitara<br \/>\nTuomas Logr\u00e9n: kitara<br \/>\nTapani Varis: basso<br \/>\nJanne Viksten: banjo<\/p>\n<p><strong>9. Sarastus<\/strong><br \/>\nS\u00e4v. Petri Hakala, sov. Timo Alakotila, Petri Hakala.<\/p>\n<p>Petri Hakala: cittern<br \/>\nJanne Lappalainen: sopraanosaksofoni<br \/>\nMarkku Lepist\u00f6: 2-rivinen haitari<\/p>\n<p><strong>10. Kinnarin Polska<\/strong><\/p>\n<audio class=\"wp-audio-shortcode\" id=\"audio-1050-3\" preload=\"none\" style=\"width: 100%;\" controls=\"controls\"><source type=\"audio\/mpeg\" src=\"https:\/\/etno.net\/wp-content\/uploads\/2020\/10\/etn_fcd_028_028_sou_010_prv.mp3?_=3\" \/><a href=\"https:\/\/etno.net\/wp-content\/uploads\/2020\/10\/etn_fcd_028_028_sou_010_prv.mp3\">https:\/\/etno.net\/wp-content\/uploads\/2020\/10\/etn_fcd_028_028_sou_010_prv.mp3<\/a><\/audio>\n<p>S\u00e4v. Petri Hakala, sov. Petri Hakala.<\/p>\n<p>Petri Hakala: cittern<br \/>\nMarkku Lepist\u00f6: 2-rivinen haitari<br \/>\nTuomas Logr\u00e9n: kitara<\/p>\n<p><strong>11. Quebradinha<\/strong><br \/>\nS\u00e4v. Ernesto Nazareth, sov. Petri Hakala.<\/p>\n<p>Petri Hakala: mandoliini<br \/>\nKalle J\u00e4msen: kitara<\/p>\n<p><strong>12. Agua &amp; Vinho<\/strong><br \/>\nS\u00e4v. Egberto Gismonti, sov. Petri Hakala.<\/p>\n<p>Petri Hakala: mandoliini<br \/>\nKalle J\u00e4msen: kitara<\/p>\n","protected":false},"excerpt":{"rendered":"<p>Tuottaja Petri Hakala \u00c4\u00e4nitys Janne Viksten Miksaus Janne Viksten ja Petri Hakala 1. Rautanen S\u00e4v. trad., sov. Petri Hakala. Petri Hakala: mandoliini, kitara Petri Korpela: ly\u00f6m\u00e4soittimet Tuomas Logr\u00e9n: kitara Tapani Varis: basso, munniharppu 2. Minor Mode S\u00e4v. Petri Hakala, sov. Petri Hakala. Timo Alakotila: piano Petri Hakala: mandoliini, kitara Petri Korpela: ly\u00f6m\u00e4soittimet Tuomas Logr\u00e9n: kitara [&hellip;]<\/p>\n","protected":false},"featured_media":1051,"comment_status":"closed","ping_status":"closed","template":"","meta":{"_acf_changed":false},"product_brand":[],"product_cat":[65],"product_tag":[],"class_list":{"0":"post-1050","1":"product","2":"type-product","3":"status-publish","4":"has-post-thumbnail","6":"product_cat-aanitteet","8":"first","9":"instock","10":"shipping-taxable","11":"product-type-simple"},"acf":[],"_links":{"self":[{"href":"https:\/\/etno.net\/en\/wp-json\/wp\/v2\/product\/1050","targetHints":{"allow":["GET"]}}],"collection":[{"href":"https:\/\/etno.net\/en\/wp-json\/wp\/v2\/product"}],"about":[{"href":"https:\/\/etno.net\/en\/wp-json\/wp\/v2\/types\/product"}],"replies":[{"embeddable":true,"href":"https:\/\/etno.net\/en\/wp-json\/wp\/v2\/comments?post=1050"}],"wp:featuredmedia":[{"embeddable":true,"href":"https:\/\/etno.net\/en\/wp-json\/wp\/v2\/media\/1051"}],"wp:attachment":[{"href":"https:\/\/etno.net\/en\/wp-json\/wp\/v2\/media?parent=1050"}],"wp:term":[{"taxonomy":"product_brand","embeddable":true,"href":"https:\/\/etno.net\/en\/wp-json\/wp\/v2\/product_brand?post=1050"},{"taxonomy":"product_cat","embeddable":true,"href":"https:\/\/etno.net\/en\/wp-json\/wp\/v2\/product_cat?post=1050"},{"taxonomy":"product_tag","embeddable":true,"href":"https:\/\/etno.net\/en\/wp-json\/wp\/v2\/product_tag?post=1050"}],"curies":[{"name":"wp","href":"https:\/\/api.w.org\/{rel}","templated":true}]}}