{"id":1055,"date":"2020-10-26T10:20:28","date_gmt":"2020-10-26T08:20:28","guid":{"rendered":"https:\/\/etno.net\/?post_type=product&#038;p=1055"},"modified":"2021-12-23T14:45:37","modified_gmt":"2021-12-23T12:45:37","slug":"mr-malaska-mr-malaska","status":"publish","type":"product","link":"https:\/\/etno.net\/en\/julkaisu\/aanitteet\/mr-malaska-mr-malaska","title":{"rendered":"Mr. M\u00e4l\u00e4sk\u00e4: Mr. M\u00e4l\u00e4sk\u00e4"},"content":{"rendered":"<p><strong>1. Tallatun sottiisi<\/strong><\/p>\n<!--[if lt IE 9]><script>document.createElement('audio');<\/script><![endif]-->\n<audio class=\"wp-audio-shortcode\" id=\"audio-1055-1\" preload=\"none\" style=\"width: 100%;\" controls=\"controls\"><source type=\"audio\/mpeg\" src=\"https:\/\/etno.net\/wp-content\/uploads\/2020\/10\/etn_fcd_030_030_sou_001_prv.mp3?_=1\" \/><a href=\"https:\/\/etno.net\/wp-content\/uploads\/2020\/10\/etn_fcd_030_030_sou_001_prv.mp3\">https:\/\/etno.net\/wp-content\/uploads\/2020\/10\/etn_fcd_030_030_sou_001_prv.mp3<\/a><\/audio>\n<p>S\u00e4v. Antti Soininen.<\/p>\n<p>Oodi suolle ja suopursulle<\/p>\n<p>Pekka Pentik\u00e4inen: haitari<br \/>\nAntti Soininen: viulu<\/p>\n<p><strong>2. Maanitusta<\/strong><br \/>\nS\u00e4v. Pekka Pentik\u00e4inen, sov. Pekka Pentik\u00e4inen, Antti Soininen.<\/p>\n<p>Karjalaista kanteleen helin\u00e4\u00e4, luostarin kelloja ja maagista tanssia&#8230;<\/p>\n<p>Pekka Pentik\u00e4inen: haitari<br \/>\nAntti Soininen: viulu<\/p>\n<p><strong>3. Balladi and polska<\/strong><br \/>\nS\u00e4v. Pekka Pentik\u00e4inen.<\/p>\n<p>Menuetti, josta tulikin balladi ja polska, josta ei koskaan tullut polskaa<\/p>\n<p>Pekka Pentik\u00e4inen: haitari<br \/>\nAntti Soininen: viulu<\/p>\n<p><strong>4. Kuolleen karhun veisuu<\/strong><br \/>\nS\u00e4v. Pekka Pentik\u00e4inen, sov. Antti Soininen.<\/p>\n<p>Aleksis Kiven runoon s\u00e4velletty teos<\/p>\n<p>Pekka Pentik\u00e4inen: haitari<br \/>\nAntti Soininen: viulu<\/p>\n<p><strong>5. Aleksander&#8217;s hambo<\/strong><br \/>\nS\u00e4v. Pekka Pentik\u00e4inen.<\/p>\n<p>Ylistys vuosien saatossa tutuksi tulleelle Helsingin vanhalle oopperatalolle<\/p>\n<p>Pekka Pentik\u00e4inen: haitari<br \/>\nAntti Soininen: viulu<\/p>\n<p><strong>6. Inkoo-laukka<\/strong><\/p>\n<audio class=\"wp-audio-shortcode\" id=\"audio-1055-2\" preload=\"none\" style=\"width: 100%;\" controls=\"controls\"><source type=\"audio\/mpeg\" src=\"https:\/\/etno.net\/wp-content\/uploads\/2020\/10\/etn_fcd_030_030_sou_006_prv.mp3?_=2\" \/><a href=\"https:\/\/etno.net\/wp-content\/uploads\/2020\/10\/etn_fcd_030_030_sou_006_prv.mp3\">https:\/\/etno.net\/wp-content\/uploads\/2020\/10\/etn_fcd_030_030_sou_006_prv.mp3<\/a><\/audio>\n<p>S\u00e4v. Antti Soininen.<\/p>\n<p>Inkoolaista ratsutilatunnelmaa<\/p>\n<p>Pekka Pentik\u00e4inen: haitari<br \/>\nAntti Soininen: viulu<\/p>\n<p><strong>7. Butcher&#8217;s march<\/strong><br \/>\nS\u00e4v. Antti Soininen.<\/p>\n<p>Osanotto sian viimeiselle matkalle<\/p>\n<p>Pekka Pentik\u00e4inen: haitari<br \/>\nAntti Soininen: viulu<\/p>\n<p><strong>8. Mustan aukon tango<\/strong><\/p>\n<audio class=\"wp-audio-shortcode\" id=\"audio-1055-3\" preload=\"none\" style=\"width: 100%;\" controls=\"controls\"><source type=\"audio\/mpeg\" src=\"https:\/\/etno.net\/wp-content\/uploads\/2020\/10\/etn_fcd_030_030_sou_008_prv.mp3?_=3\" \/><a href=\"https:\/\/etno.net\/wp-content\/uploads\/2020\/10\/etn_fcd_030_030_sou_008_prv.mp3\">https:\/\/etno.net\/wp-content\/uploads\/2020\/10\/etn_fcd_030_030_sou_008_prv.mp3<\/a><\/audio>\n<p>S\u00e4v. Pekka Pentik\u00e4inen.<\/p>\n<p>Kiihke\u00e4 tango tulevaisuuden avaruuden valloittajille<\/p>\n<p>Pekka Pentik\u00e4inen: haitari<br \/>\nAntti Soininen: viulu<\/p>\n<p><strong>9. Krapulakatrilli<\/strong><br \/>\nS\u00e4v. Pekka Pentik\u00e4inen, sov. Antti Soininen.<\/p>\n<p>Pelkk\u00e4\u00e4 sanahelin\u00e4\u00e4, joka muuttui musiikiksi<\/p>\n<p>Pekka Pentik\u00e4inen: haitari<br \/>\nAntti Soininen: viulu<\/p>\n<p><strong>10. Unelmavalssi<\/strong><br \/>\nS\u00e4v. Pekka Pentik\u00e4inen, sov. Pekka Pentik\u00e4inen, Antti Soininen.<\/p>\n<p>Petri kauppisen koreografiaan s\u00e4velletty hidas valssi<\/p>\n<p>Pekka Pentik\u00e4inen: haitari<br \/>\nAntti Soininen: viulu<\/p>\n<p><strong>11. Hristos anesti<\/strong><br \/>\nS\u00e4v. Pekka Pentik\u00e4inen.<\/p>\n<p>Bysanttilaisen p\u00e4\u00e4si\u00e4istroparin ja Tito Collianderin tekstin innoittama s\u00e4vellys. Alkuper\u00e4isen kreikankielisen p\u00e4\u00e4si\u00e4istroparin laulavat Olga Rodionov ja Tarja Lossi.<\/p>\n<p>Tarja Lossi: laulu<br \/>\nPekka Pentik\u00e4inen: haitari<br \/>\nOlga Rodionov: laulu<br \/>\nAntti Soininen: viulu<\/p>\n","protected":false},"excerpt":{"rendered":"<p>Mr. M\u00e4l\u00e4sk\u00e4n muusikot Pekka Pentik\u00e4inen, 2-ja 5-rivinen hanuri sek\u00e4 Antti Soininen, viulu, ovat kansanmusiikin konkareita, joilla on takanaan my\u00f6s taidemusiikin opintoja. Nyt k\u00e4dess\u00e4si olevalla Pentik\u00e4isen ja Soinisen omista kansanmusiikin innoittamista s\u00e4vellyksist\u00e4 koostuvalla esikoislevyll\u00e4 yhdistyv\u00e4t taidokkaasti reipas pelimannihenki ja toisaalta kunnianhimoinen, herkk\u00e4 tulkinta ja ilmaisuvoima. Mr. M\u00e4l\u00e4sk\u00e4 on jatkuvaa haitarin ja viulun vuoropuhelua &#8211; keskustelua musiikin keinoin.<\/p>\n<p>The musicians Pekka Pentik\u00e4inen and Antti Soininen have worked together for a long time. They are known in Finland for, amongst other things, their contributions to the Pirnales-ensemble and the Katrilli dance group. Both have studied folk music and classical music. Their new compositions for this CD combine both worlds, the lively and fresh attitude of folk music and the ambitious interpretation and skilful expression of art music. Mr. M\u00e4l\u00e4sk\u00e4 is a continuous dialogue between accordion and violin &#8211; it is a rich discussion in the language of music. Mr. M\u00e4l\u00e4sk\u00e4 is dedicated to new northern instrumental music that is inspired by tradition and landscape.<\/p>","protected":false},"featured_media":1056,"comment_status":"closed","ping_status":"closed","template":"","meta":{"_acf_changed":false},"product_brand":[],"product_cat":[65],"product_tag":[],"class_list":{"0":"post-1055","1":"product","2":"type-product","3":"status-publish","4":"has-post-thumbnail","6":"product_cat-aanitteet","8":"first","9":"instock","10":"shipping-taxable","11":"product-type-simple"},"acf":[],"_links":{"self":[{"href":"https:\/\/etno.net\/en\/wp-json\/wp\/v2\/product\/1055","targetHints":{"allow":["GET"]}}],"collection":[{"href":"https:\/\/etno.net\/en\/wp-json\/wp\/v2\/product"}],"about":[{"href":"https:\/\/etno.net\/en\/wp-json\/wp\/v2\/types\/product"}],"replies":[{"embeddable":true,"href":"https:\/\/etno.net\/en\/wp-json\/wp\/v2\/comments?post=1055"}],"wp:featuredmedia":[{"embeddable":true,"href":"https:\/\/etno.net\/en\/wp-json\/wp\/v2\/media\/1056"}],"wp:attachment":[{"href":"https:\/\/etno.net\/en\/wp-json\/wp\/v2\/media?parent=1055"}],"wp:term":[{"taxonomy":"product_brand","embeddable":true,"href":"https:\/\/etno.net\/en\/wp-json\/wp\/v2\/product_brand?post=1055"},{"taxonomy":"product_cat","embeddable":true,"href":"https:\/\/etno.net\/en\/wp-json\/wp\/v2\/product_cat?post=1055"},{"taxonomy":"product_tag","embeddable":true,"href":"https:\/\/etno.net\/en\/wp-json\/wp\/v2\/product_tag?post=1055"}],"curies":[{"name":"wp","href":"https:\/\/api.w.org\/{rel}","templated":true}]}}