{"id":1060,"date":"2020-10-26T10:25:34","date_gmt":"2020-10-26T08:25:34","guid":{"rendered":"https:\/\/etno.net\/?post_type=product&#038;p=1060"},"modified":"2021-12-23T14:45:00","modified_gmt":"2021-12-23T12:45:00","slug":"sinikka-kontio-marian-suru","status":"publish","type":"product","link":"https:\/\/etno.net\/en\/julkaisu\/aanitteet\/sinikka-kontio-marian-suru","title":{"rendered":"Sinikka Kontio: Marian suru"},"content":{"rendered":"<p>\u00c4\u00e4nitys, miksaus ja editointi: IMU-Inkoon musiikki\/Matti ja Sinikka Kontio<br \/>\nKannet: IMU<br \/>\nTuottaja: Sinikka ja Matti Kontio<\/p>\n<p><strong>1. Jesu, sinun vaivas kovat (147)<\/strong><\/p>\n<!--[if lt IE 9]><script>document.createElement('audio');<\/script><![endif]-->\n<audio class=\"wp-audio-shortcode\" id=\"audio-1060-1\" preload=\"none\" style=\"width: 100%;\" controls=\"controls\"><source type=\"audio\/mpeg\" src=\"https:\/\/etno.net\/wp-content\/uploads\/2020\/10\/etn_fcd_032_032_sou_001_prv.mp3?_=1\" \/><a href=\"https:\/\/etno.net\/wp-content\/uploads\/2020\/10\/etn_fcd_032_032_sou_001_prv.mp3\">https:\/\/etno.net\/wp-content\/uploads\/2020\/10\/etn_fcd_032_032_sou_001_prv.mp3<\/a><\/audio>\n<p>S\u00e4v. trad., sov. Matti Kontio.<\/p>\n<p>Sinikka Kontio: veisuu, kantele<br \/>\nParoni Paakkunainen: sopraanosaksofoni<br \/>\nAntti Soininen: viulu<\/p>\n<p><strong>2. Seitsem\u00e4n sanaa ristill\u00e4 (145)<\/strong><\/p>\n<audio class=\"wp-audio-shortcode\" id=\"audio-1060-2\" preload=\"none\" style=\"width: 100%;\" controls=\"controls\"><source type=\"audio\/mpeg\" src=\"https:\/\/etno.net\/wp-content\/uploads\/2020\/10\/etn_fcd_032_032_sou_002_prv.mp3?_=2\" \/><a href=\"https:\/\/etno.net\/wp-content\/uploads\/2020\/10\/etn_fcd_032_032_sou_002_prv.mp3\">https:\/\/etno.net\/wp-content\/uploads\/2020\/10\/etn_fcd_032_032_sou_002_prv.mp3<\/a><\/audio>\n<p>S\u00e4v. trad.<\/p>\n<p>Sinikka Kontio: veisuu<\/p>\n<p><strong>3. Suruteema 1 (150)<\/strong><br \/>\nS\u00e4v. trad.<\/p>\n<p>Antti Soininen: viulu<\/p>\n<p><strong>4. Ah, suru suur&#8217; (150)<\/strong><br \/>\nS\u00e4v. trad.<\/p>\n<p>Sinikka Kontio: veisuu<\/p>\n<p><strong>5. O, Jesu, el\u00e4m\u00e4n Herra (262)<\/strong><br \/>\nS\u00e4v. trad.<\/p>\n<p>Sinikka Kontio: veisuu<\/p>\n<p><strong>6. Ah Herra Krist&#8217;! (259)<\/strong><br \/>\nS\u00e4v. trad.<\/p>\n<p>Sinikka Kontio: veisuu<\/p>\n<p><strong>7. Suruteema 2 (150)<\/strong><br \/>\nS\u00e4v. trad.<\/p>\n<p>Antti Soininen: viulu<\/p>\n<p><strong>8. Jesus kuolluis&#8217; ollesans&#8217; (160)<\/strong><br \/>\nS\u00e4v. trad.<\/p>\n<p>Sinikka Kontio: veisuu<\/p>\n<p><strong>9. Tiell\u00e4 1 (v. 1943 koraalikirja 309b)<\/strong><br \/>\nS\u00e4v. trad., sov. Eero Grundstr\u00f6m.<\/p>\n<p>Eero Grundstr\u00f6m: harmooni<\/p>\n<p><strong>10. Syntinen ja Jeesus keskustelevat (251)<\/strong><br \/>\nS\u00e4v. Sinikka Kontio.<\/p>\n<p>Sinikka Kontio: veisuu<br \/>\nHeikki Laitinen: veisuu<\/p>\n<p><strong>11. Tiell\u00e4 2 (v. 1943 koraalikirja 309b)<\/strong><br \/>\nS\u00e4v. trad., sov. Eero Grundstr\u00f6m.<\/p>\n<p>Eero Grundstr\u00f6m: harmooni<\/p>\n<p><strong>12. Ah Jesu, pysy tyk\u00f6n\u00e4m&#8217; (234)<\/strong><br \/>\nS\u00e4v. trad.<\/p>\n<p>Sinikka Kontio: veisuu<\/p>\n<p><strong>13. Lohdutukses makeus surullen on huojennus (147)<\/strong><br \/>\nS\u00e4v. trad.<\/p>\n<p>Paroni Paakkunainen: sopraanosaksofoni<\/p>\n<p><strong>14. Mun silm\u00e4n&#8217;, k\u00e4ten&#8217; nostan (84)<\/strong><br \/>\nS\u00e4v. trad.<\/p>\n<p>Sinikka Kontio: veisuu<\/p>\n<p><strong>15. Herra, sin\u00e4 pyh\u00e4 kuitenkin (37)<\/strong><br \/>\nS\u00e4v. trad.<\/p>\n<p>Sinikka Kontio: veisuu<\/p>\n<p><strong>16. Oi rakkain Jeesukseni (v. 1880 virsikirjaehdotus 153b)<\/strong><\/p>\n<audio class=\"wp-audio-shortcode\" id=\"audio-1060-3\" preload=\"none\" style=\"width: 100%;\" controls=\"controls\"><source type=\"audio\/mpeg\" src=\"https:\/\/etno.net\/wp-content\/uploads\/2020\/10\/etn_fcd_032_032_sou_016_prv.mp3?_=3\" \/><a href=\"https:\/\/etno.net\/wp-content\/uploads\/2020\/10\/etn_fcd_032_032_sou_016_prv.mp3\">https:\/\/etno.net\/wp-content\/uploads\/2020\/10\/etn_fcd_032_032_sou_016_prv.mp3<\/a><\/audio>\n<p>S\u00e4v. trad., sov. Eero Grundstr\u00f6m, Sinikka Kontio.<\/p>\n<p>Eero Grundstr\u00f6m: harmooni<br \/>\nSinikka Kontio: veisuu, kantele<br \/>\nHeikki Laitinen: veisuu<br \/>\nParoni Paakkunainen: sopraanosaksofoni<br \/>\nAntti Soininen: viulu<\/p>\n<p><strong>17. Suruteema 3<\/strong><br \/>\nS\u00e4v. trad.<\/p>\n<p>Antti Soininen: viulu<\/p>\n<p><strong>18. Ken muistella, kanss&#8217; katsella n\u00e4it&#8217; ilman itkutta taitaa (150)<\/strong><br \/>\nS\u00e4v. trad.<\/p>\n<p>Sinikka Kontio: veisuu<\/p>\n","protected":false},"excerpt":{"rendered":"<p>P\u00e4\u00e4si\u00e4isen tapahtumia vuoden 1701 virsikirjan s\u00e4velin ja sanoin.<\/p>\n<p>Marian surun teksti- ja s\u00e4velmaailma kuvaa l\u00e4heisens\u00e4 menett\u00e4neen surua. Maria Magdaleenan yst\u00e4v\u00e4, Jeesus, on kuollut, Maria on v\u00e4lill\u00e4 lohduton ja katkera, v\u00e4lill\u00e4 toiveikas. Lopulta h\u00e4n uskoo, ett\u00e4 tuo hirve\u00e4 kuolema on totta ja j\u00e4ljelle j\u00e4\u00e4 vain kaunis muisto.<\/p>","protected":false},"featured_media":1061,"comment_status":"closed","ping_status":"closed","template":"","meta":{"_acf_changed":false},"product_brand":[],"product_cat":[65],"product_tag":[],"class_list":{"0":"post-1060","1":"product","2":"type-product","3":"status-publish","4":"has-post-thumbnail","6":"product_cat-aanitteet","8":"first","9":"instock","10":"shipping-taxable","11":"product-type-simple"},"acf":[],"_links":{"self":[{"href":"https:\/\/etno.net\/en\/wp-json\/wp\/v2\/product\/1060","targetHints":{"allow":["GET"]}}],"collection":[{"href":"https:\/\/etno.net\/en\/wp-json\/wp\/v2\/product"}],"about":[{"href":"https:\/\/etno.net\/en\/wp-json\/wp\/v2\/types\/product"}],"replies":[{"embeddable":true,"href":"https:\/\/etno.net\/en\/wp-json\/wp\/v2\/comments?post=1060"}],"wp:featuredmedia":[{"embeddable":true,"href":"https:\/\/etno.net\/en\/wp-json\/wp\/v2\/media\/1061"}],"wp:attachment":[{"href":"https:\/\/etno.net\/en\/wp-json\/wp\/v2\/media?parent=1060"}],"wp:term":[{"taxonomy":"product_brand","embeddable":true,"href":"https:\/\/etno.net\/en\/wp-json\/wp\/v2\/product_brand?post=1060"},{"taxonomy":"product_cat","embeddable":true,"href":"https:\/\/etno.net\/en\/wp-json\/wp\/v2\/product_cat?post=1060"},{"taxonomy":"product_tag","embeddable":true,"href":"https:\/\/etno.net\/en\/wp-json\/wp\/v2\/product_tag?post=1060"}],"curies":[{"name":"wp","href":"https:\/\/api.w.org\/{rel}","templated":true}]}}