{"id":1070,"date":"2020-10-26T10:34:02","date_gmt":"2020-10-26T08:34:02","guid":{"rendered":"https:\/\/etno.net\/?post_type=product&#038;p=1070"},"modified":"2021-12-23T14:43:38","modified_gmt":"2021-12-23T12:43:38","slug":"frigg-frigg","status":"publish","type":"product","link":"https:\/\/etno.net\/en\/julkaisu\/aanitteet\/frigg-frigg","title":{"rendered":"Frigg: Frigg"},"content":{"rendered":"<p>\u00c4\u00e4nitys &amp; miksaus: Olli Varis<br \/>\nTuottajat: Timo Alakotila, Antti J\u00e4rvel\u00e4<br \/>\nMasterointi: Finnvox, Pauli Saastamoinen<\/p>\n<p><strong>1. Meltaus<\/strong><\/p>\n<!--[if lt IE 9]><script>document.createElement('audio');<\/script><![endif]-->\n<audio class=\"wp-audio-shortcode\" id=\"audio-1070-1\" preload=\"none\" style=\"width: 100%;\" controls=\"controls\"><source type=\"audio\/mpeg\" src=\"https:\/\/etno.net\/wp-content\/uploads\/2020\/10\/etn_fcd_035_035_sou_001_prv.mp3?_=1\" \/><a href=\"https:\/\/etno.net\/wp-content\/uploads\/2020\/10\/etn_fcd_035_035_sou_001_prv.mp3\">https:\/\/etno.net\/wp-content\/uploads\/2020\/10\/etn_fcd_035_035_sou_001_prv.mp3<\/a><\/audio>\n<p>S\u00e4v. Antti J\u00e4rvel\u00e4.<\/p>\n<p>Alina J\u00e4rvel\u00e4: viulu<br \/>\nEsko J\u00e4rvel\u00e4: viulu<br \/>\nAntti J\u00e4rvel\u00e4: kontrabasso<br \/>\nGjermund Larsen: viulu<br \/>\nEinar-Olav Larsen: viulu<br \/>\nTuomas Logr\u00e9n: kitara<br \/>\nPetri Prauda: cittern<\/p>\n<p><strong>2. S\u00e4r\u00f6<\/strong><br \/>\nS\u00e4v. Antti J\u00e4rvel\u00e4.<\/p>\n<p>Alina J\u00e4rvel\u00e4: viulu<br \/>\nEsko J\u00e4rvel\u00e4: alttoviulu<br \/>\nAntti J\u00e4rvel\u00e4: viulu<br \/>\nGjermund Larsen: viulu<br \/>\nEinar-Olav Larsen: viulu<br \/>\nTuomas Logr\u00e9n: kitara<br \/>\nPetri Prauda: cittern<\/p>\n<p><strong>3. Nuorten miesten speli<\/strong><br \/>\nS\u00e4v. trad., sov. Antti J\u00e4rvel\u00e4, Tuomas Logr\u00e9n, Pasi Porvari.<\/p>\n<p>Alina J\u00e4rvel\u00e4: viulu<br \/>\nEsko J\u00e4rvel\u00e4: alttoviulu<br \/>\nGjermund Larsen: viulu<br \/>\nEinar-Olav Larsen: viulu<br \/>\nTuomas Logr\u00e9n: kitara<br \/>\nPetri Prauda: cittern<\/p>\n<p><strong>4. Halling<\/strong><\/p>\n<audio class=\"wp-audio-shortcode\" id=\"audio-1070-2\" preload=\"none\" style=\"width: 100%;\" controls=\"controls\"><source type=\"audio\/mpeg\" src=\"https:\/\/etno.net\/wp-content\/uploads\/2020\/10\/etn_fcd_035_035_sou_004_prv.mp3?_=2\" \/><a href=\"https:\/\/etno.net\/wp-content\/uploads\/2020\/10\/etn_fcd_035_035_sou_004_prv.mp3\">https:\/\/etno.net\/wp-content\/uploads\/2020\/10\/etn_fcd_035_035_sou_004_prv.mp3<\/a><\/audio>\n<p>S\u00e4v. Gjermund Larsen, sov. Antti J\u00e4rvel\u00e4.<\/p>\n<p>Rami Eskelinen: rummut<br \/>\nAlina J\u00e4rvel\u00e4: viulu<br \/>\nEsko J\u00e4rvel\u00e4: urkuharmoni<br \/>\nAntti J\u00e4rvel\u00e4: kontrabasso<br \/>\nGjermund Larsen: viulu<br \/>\nEinar-Olav Larsen: viulu<br \/>\nTuomas Logr\u00e9n: kitara, dobro<br \/>\nPetri Prauda: cittern<\/p>\n<p><strong>5. Eliaxen speli<\/strong><br \/>\nS\u00e4v. trad., sov. Antti J\u00e4rvel\u00e4.<\/p>\n<p>Alina J\u00e4rvel\u00e4: viulu<br \/>\nEsko J\u00e4rvel\u00e4: viulu<br \/>\nAntti J\u00e4rvel\u00e4: viulu<br \/>\nGjermund Larsen: viulu<br \/>\nEinar-Olav Larsen: viulu<\/p>\n<p><strong>6. Salmetone fra Verdal<\/strong><br \/>\nS\u00e4v. trad., sov. Gjermund Larsen, Einar-Olav Larsen.<\/p>\n<p>Antti J\u00e4rvel\u00e4: kontrabasso<br \/>\nGjermund Larsen: hardangerviulu<br \/>\nEinar-Olav Larsen: hardangerviulu<\/p>\n<p><strong>7. Antilope island<\/strong><br \/>\nS\u00e4v. Antti J\u00e4rvel\u00e4, sov. Esko J\u00e4rvel\u00e4, Antti J\u00e4rvel\u00e4.<\/p>\n<p>Alina J\u00e4rvel\u00e4: viulu<br \/>\nEsko J\u00e4rvel\u00e4: alttoviulu<br \/>\nAntti J\u00e4rvel\u00e4: kontrabasso<br \/>\nGjermund Larsen: viulu<br \/>\nEinar-Olav Larsen: viulu<br \/>\nTuomas Logr\u00e9n: kitara<br \/>\nPetri Prauda: cittern<\/p>\n<p><strong>8. Takomistanssi \/ Ruunankummi<\/strong><br \/>\nS\u00e4v. Antti J\u00e4rvel\u00e4, Pasi Porvari, sov. Antti J\u00e4rvel\u00e4, Gjermund Larsen, Pasi Porvari.<\/p>\n<p>Alina J\u00e4rvel\u00e4: viulu<br \/>\nEsko J\u00e4rvel\u00e4: alttoviulu, urkuharmoni<br \/>\nAntti J\u00e4rvel\u00e4: kontrabasso<br \/>\nGjermund Larsen: viulu<br \/>\nEinar-Olav Larsen: viulu<br \/>\nTuomas Logr\u00e9n: kitara, dobro<br \/>\nPetri Prauda: cittern<\/p>\n<p><strong>9. Egi<\/strong><br \/>\nS\u00e4v. Esko J\u00e4rvel\u00e4, sov. Antti J\u00e4rvel\u00e4.<\/p>\n<p>Alina J\u00e4rvel\u00e4: viulu<br \/>\nEsko J\u00e4rvel\u00e4: viulu<br \/>\nAntti J\u00e4rvel\u00e4: kontrabasso<br \/>\nGjermund Larsen: viulu<br \/>\nEinar-Olav Larsen: viulu<br \/>\nTuomas Logr\u00e9n: kitara<br \/>\nAntti Paalanen: 2-rivinen haitari<br \/>\nPetri Prauda: cittern<br \/>\nJanne Torvikoski: ly\u00f6m\u00e4soittimet<\/p>\n<p><strong>10. Cross-country<\/strong><br \/>\nS\u00e4v. Gjermund Larsen, sov. Antti J\u00e4rvel\u00e4, Gjermund Larsen.<\/p>\n<p>Alina J\u00e4rvel\u00e4: viulu<br \/>\nEsko J\u00e4rvel\u00e4: viulu<br \/>\nAntti J\u00e4rvel\u00e4: urkuharmoni<br \/>\nGjermund Larsen: viulu<br \/>\nEinar-Olav Larsen: viulu<br \/>\nTuomas Logr\u00e9n: kitara, dobro<br \/>\nPetri Prauda: mandoliini<br \/>\nJanne Torvikoski: ly\u00f6m\u00e4soittimet<\/p>\n<p><strong>11. Kotkanp\u00e4\u00e4<\/strong><br \/>\nS\u00e4v. Antti J\u00e4rvel\u00e4, sov. Antti J\u00e4rvel\u00e4, Tuomas Logr\u00e9n.<\/p>\n<p>Alina J\u00e4rvel\u00e4: viulu<br \/>\nEsko J\u00e4rvel\u00e4: viulu<br \/>\nAntti J\u00e4rvel\u00e4: kontrabasso<br \/>\nGjermund Larsen: viulu<br \/>\nEinar-Olav Larsen: viulu<br \/>\nTuomas Logr\u00e9n: kitara, dobro<br \/>\nPetri Prauda: cittern<\/p>\n<p><strong>12. Matts n\u00e4si<\/strong><br \/>\nS\u00e4v. trad., sov. Antti J\u00e4rvel\u00e4.<\/p>\n<p>Rami Eskelinen: rummut<br \/>\nAlina J\u00e4rvel\u00e4: viulu<br \/>\nEsko J\u00e4rvel\u00e4: alttoviulu, avainviulu<br \/>\nAntti J\u00e4rvel\u00e4: kontrabasso<br \/>\nGjermund Larsen: viulu<br \/>\nEinar-Olav Larsen: viulu<br \/>\nTuomas Logr\u00e9n: kitara<br \/>\nPetri Prauda: cittern<\/p>\n<p><strong>13. Er\u00e4\u00e4n\u00e4 kauniina p\u00e4iv\u00e4n\u00e4<\/strong><\/p>\n<audio class=\"wp-audio-shortcode\" id=\"audio-1070-3\" preload=\"none\" style=\"width: 100%;\" controls=\"controls\"><source type=\"audio\/mpeg\" src=\"https:\/\/etno.net\/wp-content\/uploads\/2020\/10\/etn_fcd_035_035_sou_013_prv.mp3?_=3\" \/><a href=\"https:\/\/etno.net\/wp-content\/uploads\/2020\/10\/etn_fcd_035_035_sou_013_prv.mp3\">https:\/\/etno.net\/wp-content\/uploads\/2020\/10\/etn_fcd_035_035_sou_013_prv.mp3<\/a><\/audio>\n<p>S\u00e4v. Esko J\u00e4rvel\u00e4, sov. Esko J\u00e4rvel\u00e4, Antti J\u00e4rvel\u00e4.<\/p>\n<p>Timo Alakotila: flyygeli<br \/>\nAlina J\u00e4rvel\u00e4: viulu<br \/>\nAntti J\u00e4rvel\u00e4: kontrabasso<br \/>\nEsko J\u00e4rvel\u00e4: viulu<br \/>\nGjermund Larsen: viulu<br \/>\nEinar-Olav Larsen: viulu<br \/>\nTuomas Logr\u00e9n: kitara<br \/>\nPetri Prauda: cittern<\/p>\n","protected":false},"excerpt":{"rendered":"<p>\u00c4\u00e4nitys &amp; miksaus: Olli Varis Tuottajat: Timo Alakotila, Antti J\u00e4rvel\u00e4 Masterointi: Finnvox, Pauli Saastamoinen 1. Meltaus S\u00e4v. Antti J\u00e4rvel\u00e4. Alina J\u00e4rvel\u00e4: viulu Esko J\u00e4rvel\u00e4: viulu Antti J\u00e4rvel\u00e4: kontrabasso Gjermund Larsen: viulu Einar-Olav Larsen: viulu Tuomas Logr\u00e9n: kitara Petri Prauda: cittern 2. S\u00e4r\u00f6 S\u00e4v. Antti J\u00e4rvel\u00e4. Alina J\u00e4rvel\u00e4: viulu Esko J\u00e4rvel\u00e4: alttoviulu Antti J\u00e4rvel\u00e4: viulu Gjermund [&hellip;]<\/p>\n","protected":false},"featured_media":1071,"comment_status":"closed","ping_status":"closed","template":"","meta":{"_acf_changed":false},"product_brand":[],"product_cat":[65],"product_tag":[],"class_list":{"0":"post-1070","1":"product","2":"type-product","3":"status-publish","4":"has-post-thumbnail","6":"product_cat-aanitteet","8":"first","9":"instock","10":"shipping-taxable","11":"product-type-simple"},"acf":[],"_links":{"self":[{"href":"https:\/\/etno.net\/en\/wp-json\/wp\/v2\/product\/1070","targetHints":{"allow":["GET"]}}],"collection":[{"href":"https:\/\/etno.net\/en\/wp-json\/wp\/v2\/product"}],"about":[{"href":"https:\/\/etno.net\/en\/wp-json\/wp\/v2\/types\/product"}],"replies":[{"embeddable":true,"href":"https:\/\/etno.net\/en\/wp-json\/wp\/v2\/comments?post=1070"}],"wp:featuredmedia":[{"embeddable":true,"href":"https:\/\/etno.net\/en\/wp-json\/wp\/v2\/media\/1071"}],"wp:attachment":[{"href":"https:\/\/etno.net\/en\/wp-json\/wp\/v2\/media?parent=1070"}],"wp:term":[{"taxonomy":"product_brand","embeddable":true,"href":"https:\/\/etno.net\/en\/wp-json\/wp\/v2\/product_brand?post=1070"},{"taxonomy":"product_cat","embeddable":true,"href":"https:\/\/etno.net\/en\/wp-json\/wp\/v2\/product_cat?post=1070"},{"taxonomy":"product_tag","embeddable":true,"href":"https:\/\/etno.net\/en\/wp-json\/wp\/v2\/product_tag?post=1070"}],"curies":[{"name":"wp","href":"https:\/\/api.w.org\/{rel}","templated":true}]}}