{"id":1075,"date":"2020-10-26T10:53:05","date_gmt":"2020-10-26T08:53:05","guid":{"rendered":"https:\/\/etno.net\/?post_type=product&#038;p=1075"},"modified":"2021-12-23T14:42:57","modified_gmt":"2021-12-23T12:42:57","slug":"tsuumi-avoin-kentta","status":"publish","type":"product","link":"https:\/\/etno.net\/en\/julkaisu\/aanitteet\/tsuumi-avoin-kentta","title":{"rendered":"Tsuumi: Avoin kentt\u00e4"},"content":{"rendered":"<p>Tuottajat: Zarcus Bousse (1-3), Timo Alakotila (4-13), Hannu Kella (1-13)<br \/>\n\u00c4\u00e4nitys: Olli Varis<br \/>\n\u00c4\u00e4nitt\u00e4j\u00e4assistentit: Janne Pirkkanen, Valtteri Bruun, Taito Hoffren<br \/>\nMiksaus: Hannu Oskala (1-3), Olli Varis (4-13)<br \/>\nMasterointi: Hannu Oskala<\/p>\n<p><strong>1. Avoin kentt\u00e4<\/strong><br \/>\nS\u00e4v. Hannu Kella, sov. Esko J\u00e4rvel\u00e4, Hannu Kella, Jussi Nikula, Zarkus Poussa, Pilvi Talvitie, Jarno Tastula.<\/p>\n<p>Homo homini lupus: oman el\u00e4m\u00e4ns\u00e4 kent\u00e4ll\u00e4 jokainen pelaa lopulta omaan pusiinsa. &#8221;T\u00e4\u00e4 on synkk\u00e4\u00e4 lunastusta.&#8221; Ari Numminen<\/p>\n<p>Tommi Asplund: viulu<br \/>\nHannu Kella: haitari<br \/>\nJussi Nikula: ly\u00f6m\u00e4soittimet<br \/>\nZarkus Poussa: ohjelmointi, basso<br \/>\nPilvi Talvitie: harmoni<br \/>\nJarno Tastula: viulu<\/p>\n<p><strong>2. Katu<\/strong><br \/>\nS\u00e4v. Hannu Kella, sov. Esko J\u00e4rvel\u00e4, Hannu Kella, Jussi Nikula, Pilvi Talvitie, Jarno Tastula.<\/p>\n<p>Maailman pahuuteen on vaikea tottua.<\/p>\n<p>Tommi Asplund: viulu<br \/>\nEsko J\u00e4rvel\u00e4: viulu<br \/>\nHannu Kella: haitari<br \/>\nJussi Nikula: kitara<br \/>\nZarkus Poussa: ohjelmointi, basso<br \/>\nPilvi Talvitie: harmoni<br \/>\nJarno Tastula: viulu<\/p>\n<p><strong>3. Kipu<\/strong><\/p>\n<!--[if lt IE 9]><script>document.createElement('audio');<\/script><![endif]-->\n<audio class=\"wp-audio-shortcode\" id=\"audio-1075-1\" preload=\"none\" style=\"width: 100%;\" controls=\"controls\"><source type=\"audio\/mpeg\" src=\"https:\/\/etno.net\/wp-content\/uploads\/2020\/10\/etn_fcd_036_036_sou_003_prv.mp3?_=1\" \/><a href=\"https:\/\/etno.net\/wp-content\/uploads\/2020\/10\/etn_fcd_036_036_sou_003_prv.mp3\">https:\/\/etno.net\/wp-content\/uploads\/2020\/10\/etn_fcd_036_036_sou_003_prv.mp3<\/a><\/audio>\n<p>S\u00e4v. Hannu Kella, sov. Esko J\u00e4rvel\u00e4, Hannu Kella, Jussi Nikula, Zarkus Poussa, Pilvi Talvitie, Jarno Tastula.<\/p>\n<p>Ihminen satuttaa toista joskus tahallaan, joskus tiet\u00e4m\u00e4tt\u00e4\u00e4n. Teoksesta Avoin Kentt\u00e4.<\/p>\n<p>Tommi Asplund: viulu<br \/>\nEsko J\u00e4rvel\u00e4: viulu<br \/>\nHannu Kella: haitari<br \/>\nJussi Nikula: kitara<br \/>\nZarkus Poussa: ohjelmointi, basso, munniharppu<br \/>\nPilvi Talvitie: harmoni<br \/>\nJarno Tastula: viulu<\/p>\n<p><strong>4. Haamus\u00e4rky\u00e4<\/strong><\/p>\n<audio class=\"wp-audio-shortcode\" id=\"audio-1075-2\" preload=\"none\" style=\"width: 100%;\" controls=\"controls\"><source type=\"audio\/mpeg\" src=\"https:\/\/etno.net\/wp-content\/uploads\/2020\/10\/etn_fcd_036_036_sou_004_prv.mp3?_=2\" \/><a href=\"https:\/\/etno.net\/wp-content\/uploads\/2020\/10\/etn_fcd_036_036_sou_004_prv.mp3\">https:\/\/etno.net\/wp-content\/uploads\/2020\/10\/etn_fcd_036_036_sou_004_prv.mp3<\/a><\/audio>\n<p>S\u00e4v. Arto J\u00e4rvel\u00e4, sov. Valtteri Bruun, Antti J\u00e4rvel\u00e4.<\/p>\n<p>Kuka uskoo, ett\u00e4 se mik\u00e4 n\u00e4kyy on todempaa kuin se mik\u00e4 ei n\u00e4y?<\/p>\n<p>Tommi Asplund: viulu<br \/>\nJoakim Bergh\u00e4ll: sopraanosaksofoni, alttosaksofoni<br \/>\nValtteri Bruun: baritonikitara<br \/>\nAntti J\u00e4rvel\u00e4: mandoliini, viulu<br \/>\nHannu Kella: haitari<br \/>\nJussi Nikula: ly\u00f6m\u00e4soittimet<br \/>\nSara Puljula: kontrabasso, tamburiini<br \/>\nPilvi Talvitie: piano<\/p>\n<p><strong>5. K\u00e4yt\u00e4v\u00e4<\/strong><br \/>\nS\u00e4v. Hannu Kella, sov. Esko J\u00e4rvel\u00e4, Hannu Kella.<\/p>\n<p>Jannen ja Pauliinan h\u00e4\u00e4marssi kes\u00e4ll\u00e4 2001.<\/p>\n<p>Tommi Asplund: viulu, alttoviulu<br \/>\nEsko J\u00e4rvel\u00e4: avainviulu<br \/>\nHannu Kella: haitari<br \/>\nTimo Myllykangas: kontrabasso<br \/>\nTuure Paalanen: sello<br \/>\nPilvi Talvitie: piano<\/p>\n<p><strong>6. Hambo kahdelle<\/strong><br \/>\nS\u00e4v. Hannu Kella, sov. Hannu Kella, Timo Myllykangas, Pilvi Talvitie.<\/p>\n<p>Hambo on filosofiaa, puhdasta mietiskely\u00e4. Etenee, mutta ei kiirehdi.<\/p>\n<p>Tommi Asplund: viulu, alttoviulu<br \/>\nEsko J\u00e4rvel\u00e4: viulu<br \/>\nHannu Kella: haitari<br \/>\nTimo Myllykangas: kontrabasso<br \/>\nJussi Nikula: kitara<br \/>\nTuure Paalanen: sello<br \/>\nPilvi Talvitie: piano<\/p>\n<p><strong>7. V\u00e4\u00e4r\u00e4 seiska<\/strong><br \/>\nS\u00e4v. Hannu Kella, sov. Esko J\u00e4rvel\u00e4, Hannu Kella, Jussi Nikula, Pilvi Talvitie, Jarno Tastula.<\/p>\n<p>Folklorea keskell\u00e4 kaupunkia, tanssia farkut jalassa.<\/p>\n<p>Tommi Asplund: viulu<br \/>\nEsko J\u00e4rvel\u00e4: viulu<br \/>\nAntti J\u00e4rvel\u00e4: bouzouki<br \/>\nHannu Kella: haitari<br \/>\nJussi Nikula: kontrabasso<br \/>\nTuure Paalanen: sello<br \/>\nPilvi Talvitie: harmoni<br \/>\nJarno Tastula: mandoliini<\/p>\n<p><strong>8. Edellisess\u00e4 el\u00e4m\u00e4ss\u00e4<\/strong><br \/>\nS\u00e4v. Hannu Kella, sov. Antti J\u00e4rvel\u00e4, Hannu Kella, Timo Myllykangas, Jussi Nikula, Pilvi Talvitie, Olli Varis.<\/p>\n<p>Traditioon ja takaisin &#8211; polkka SPR:n 125-vuotisjuhlateoksesta V\u00e4rin Liike.<\/p>\n<p>Antti J\u00e4rvel\u00e4: viulu<br \/>\nHannu Kella: haitari<br \/>\nTimo Myllykangas: kontrabasso<br \/>\nJussi Nikula: ly\u00f6m\u00e4soittimet<br \/>\nPilvi Talvitie: harmoni<br \/>\nOlli Varis: kitara<\/p>\n<p><strong>9. Farmors polska<\/strong><br \/>\nS\u00e4v. trad., sov. Esko J\u00e4rvel\u00e4, Hannu Kella, Jussi Nikula, Pilvi Talvitie.<\/p>\n<p>Levyn ainoa trad.-kappale, ja sekin Ruotsista.<\/p>\n<p>Tommi Asplund: viulu<br \/>\nEsko J\u00e4rvel\u00e4: viulu<br \/>\nHannu Kella: haitari<br \/>\nTimo Myllykangas: kontrabasso<br \/>\nJussi Nikula: ly\u00f6m\u00e4soittimet<br \/>\nPilvi Talvitie: harmoni<\/p>\n<p><strong>10. Silloin ja nyt<\/strong><br \/>\nS\u00e4v. Hannu Kella, sov. Antti J\u00e4rvel\u00e4, Hannu Kella, Sanna Kurki-Suonio, Timo Myllykangas, Jussi Nikula, Pilvi Talvitie, Olli Varis, Tapani Varis.<\/p>\n<p>L\u00e4hihistoriamme inspiroima massiivinen, outo kollaasi, joka p\u00e4\u00e4tt\u00e4\u00e4 teoksen V\u00e4rin Liike.<\/p>\n<p>Joakim Bergh\u00e4ll: alttosaksofoni<br \/>\nAntti J\u00e4rvel\u00e4: viulu<br \/>\nHannu Kella: haitari<br \/>\nSanna Kurki-Suonio: laulu<br \/>\nTimo Myllykangas: kontrabasso<br \/>\nJussi Nikula: ly\u00f6m\u00e4soittimet<br \/>\nPilvi Talvitie: harmoni<br \/>\nOlli Varis: kitara<br \/>\nTapani Varis: jouhikko<\/p>\n<p><strong>11. Syliss\u00e4<\/strong><br \/>\nS\u00e4v. Esko J\u00e4rvel\u00e4, sov. Esko J\u00e4rvel\u00e4, Pilvi Talvitie.<\/p>\n<p>Pieni valssi, joka kertoo pilvenpojan ja keijukaistyt\u00f6n rakkaustarinaa.<\/p>\n<p>Tommi Asplund: viulu<br \/>\nEsko J\u00e4rvel\u00e4: avainviulu<br \/>\nPilvi Talvitie: piano<\/p>\n<p><strong>12. Tango Private<\/strong><\/p>\n<audio class=\"wp-audio-shortcode\" id=\"audio-1075-3\" preload=\"none\" style=\"width: 100%;\" controls=\"controls\"><source type=\"audio\/mpeg\" src=\"https:\/\/etno.net\/wp-content\/uploads\/2020\/10\/etn_fcd_036_036_sou_012_prv.mp3?_=3\" \/><a href=\"https:\/\/etno.net\/wp-content\/uploads\/2020\/10\/etn_fcd_036_036_sou_012_prv.mp3\">https:\/\/etno.net\/wp-content\/uploads\/2020\/10\/etn_fcd_036_036_sou_012_prv.mp3<\/a><\/audio>\n<p>S\u00e4v. Hannu Kella, sov. Hannu Kella.<\/p>\n<p>El\u00e4m\u00e4 on suhteita, suhteet ovat taistelua. Joskus molemmat osapuolet h\u00e4vi\u00e4v\u00e4t. Tango kahdelle tanssijalle teoksesta Virta -folklore show.<\/p>\n<p>Tommi Asplund: viulu, alttoviulu<br \/>\nHannu Kella: haitari<br \/>\nTimo Myllykangas: kontrabasso<br \/>\nJussi Nikula: kitara<br \/>\nTuure Paalanen: sello<br \/>\nPilvi Talvitie: piano<\/p>\n<p><strong>13. Virtaa<\/strong><br \/>\nS\u00e4v. Hannu Kella, sov. Tommi Asplund, Esko J\u00e4rvel\u00e4, Antti J\u00e4rvel\u00e4, Hannu Kella, Jarno Tastula.<\/p>\n<p>Viulujen sota, karjalainen kaiho ja kopisevat korot..<\/p>\n<p>Tommi Asplund: viulu<br \/>\nJoakim Bergh\u00e4ll: alttosaksofoni<br \/>\nEsko J\u00e4rvel\u00e4: viulu<br \/>\nAntti J\u00e4rvel\u00e4: kontrabasso<br \/>\nHannu Kella: haitari<br \/>\nJussi Nikula: ly\u00f6m\u00e4soittimet<br \/>\nPilvi Talvitie: harmoni<br \/>\nJarno Tastula: viulu<\/p>\n","protected":false},"excerpt":{"rendered":"<p>Tanssiryhm\u00e4 Tsuumi &#8211; juuret perinteess\u00e4, p\u00e4\u00e4 pilviss\u00e4<\/p>\n<p>Traditio el\u00e4\u00e4, uudistuu ja voi hyvin. Se tarvitsee silti tekij\u00f6it\u00e4, vaalijoita ja kyseenalaistajia. Helsinkil\u00e4inen Tanssiryhm\u00e4 Tsuumi tuulettaa suomalaisen kansantanssin ja kansanmusiikin kentt\u00e4\u00e4, havannoi raja-aitoja ja etsii tapoja niiden ylitt\u00e4miseen. Tsuumi tuo tanssiperinteet ja vanhan s\u00e4velmaailman nykyp\u00e4iv\u00e4\u00e4n &#8211; raudanlujaan ammattitaitoon yhdistyy herkkyys ja huumori. Urbaani ja traditionaalinen riste\u00e4v\u00e4t: kes\u00e4isin Helsingiss\u00e4 esitett\u00e4v\u00e4 Folklore Show on tulisen karjalaistemperamentin ja j\u00e4yh\u00e4n L\u00e4nsi-Suomen kohtaaminen keskell\u00e4 kaupunkia. Ammattilaisvoimin toimiva Tsuumi esiintyy ja kouluttaa ymp\u00e4ri Suomea ja my\u00f6s ulkomailla.<\/p>\n<p>T\u00e4ll\u00e4 levyll\u00e4 kuullaan musiikkia seuraavista Tsuumin teoksista: Haamus\u00e4rky\u00e4 (2000, koreografia Johanna Ekman), Virta -folklore show (2001, koreografia Matti Paloniemi), Avoin kentt\u00e4 (2001, koreografia Ari Numminen) ja SPR:n 125-vuotisjuhlaan tilausteoksena tehty V\u00e4rin Liike (2002, koreografia Matti Paloniemi).<\/p>","protected":false},"featured_media":1076,"comment_status":"closed","ping_status":"closed","template":"","meta":{"_acf_changed":false},"product_brand":[],"product_cat":[65],"product_tag":[],"class_list":{"0":"post-1075","1":"product","2":"type-product","3":"status-publish","4":"has-post-thumbnail","6":"product_cat-aanitteet","8":"first","9":"instock","10":"shipping-taxable","11":"product-type-simple"},"acf":[],"_links":{"self":[{"href":"https:\/\/etno.net\/en\/wp-json\/wp\/v2\/product\/1075","targetHints":{"allow":["GET"]}}],"collection":[{"href":"https:\/\/etno.net\/en\/wp-json\/wp\/v2\/product"}],"about":[{"href":"https:\/\/etno.net\/en\/wp-json\/wp\/v2\/types\/product"}],"replies":[{"embeddable":true,"href":"https:\/\/etno.net\/en\/wp-json\/wp\/v2\/comments?post=1075"}],"wp:featuredmedia":[{"embeddable":true,"href":"https:\/\/etno.net\/en\/wp-json\/wp\/v2\/media\/1076"}],"wp:attachment":[{"href":"https:\/\/etno.net\/en\/wp-json\/wp\/v2\/media?parent=1075"}],"wp:term":[{"taxonomy":"product_brand","embeddable":true,"href":"https:\/\/etno.net\/en\/wp-json\/wp\/v2\/product_brand?post=1075"},{"taxonomy":"product_cat","embeddable":true,"href":"https:\/\/etno.net\/en\/wp-json\/wp\/v2\/product_cat?post=1075"},{"taxonomy":"product_tag","embeddable":true,"href":"https:\/\/etno.net\/en\/wp-json\/wp\/v2\/product_tag?post=1075"}],"curies":[{"name":"wp","href":"https:\/\/api.w.org\/{rel}","templated":true}]}}