{"id":1080,"date":"2020-10-26T10:59:58","date_gmt":"2020-10-26T08:59:58","guid":{"rendered":"https:\/\/etno.net\/?post_type=product&#038;p=1080"},"modified":"2021-12-23T14:42:13","modified_gmt":"2021-12-23T12:42:13","slug":"anna-kaisa-liedes-petri-korpela-aani-merkki","status":"publish","type":"product","link":"https:\/\/etno.net\/en\/julkaisu\/aanitteet\/anna-kaisa-liedes-petri-korpela-aani-merkki","title":{"rendered":"Anna-Kaisa Liedes &amp; Petri Korpela: \u00c4\u00e4ni\/Merkki"},"content":{"rendered":"<p>Tuottaja: Anna-Kaisa Liedes<br \/>\n\u00c4\u00e4nitys: Mika Autere<br \/>\nMiksaus: Anna-Kaisa Liedes ja Mika Autere<br \/>\nMasterointi: Pauli Saastamoinen, Finnvox<\/p>\n<p><strong>1. MaMa<\/strong><br \/>\nS\u00e4v. Anna-Kaisa Liedes.<\/p>\n<p>Petri Korpela: ly\u00f6m\u00e4soittimet<br \/>\nAnna-Kaisa Liedes: \u00e4\u00e4ni<\/p>\n<p><strong>2. Beri<\/strong><br \/>\nS\u00e4v. Petri Korpela, Anna-Kaisa Liedes.<\/p>\n<p>Petri Korpela: ly\u00f6m\u00e4soittimet<br \/>\nAnna-Kaisa Liedes: \u00e4\u00e4ni<\/p>\n<p><strong>3. Puhetta<\/strong><\/p>\n<!--[if lt IE 9]><script>document.createElement('audio');<\/script><![endif]-->\n<audio class=\"wp-audio-shortcode\" id=\"audio-1080-1\" preload=\"none\" style=\"width: 100%;\" controls=\"controls\"><source type=\"audio\/mpeg\" src=\"https:\/\/etno.net\/wp-content\/uploads\/2020\/10\/etn_fcd_037_037_sou_003_prv.mp3?_=1\" \/><a href=\"https:\/\/etno.net\/wp-content\/uploads\/2020\/10\/etn_fcd_037_037_sou_003_prv.mp3\">https:\/\/etno.net\/wp-content\/uploads\/2020\/10\/etn_fcd_037_037_sou_003_prv.mp3<\/a><\/audio>\n<p>S\u00e4v. Petri Korpela, Anna-Kaisa Liedes.<\/p>\n<p>Petri Korpela: ly\u00f6m\u00e4soittimet<br \/>\nAnna-Kaisa Liedes: \u00e4\u00e4ni<\/p>\n<p><strong>4. Uneksija<\/strong><br \/>\nS\u00e4v. Anna-Kaisa Liedes.<\/p>\n<p>Petri Korpela: ly\u00f6m\u00e4soittimet<br \/>\nAnna-Kaisa Liedes: \u00e4\u00e4ni<\/p>\n<p><strong>5. N\u00e4etk\u00f6?<\/strong><\/p>\n<audio class=\"wp-audio-shortcode\" id=\"audio-1080-2\" preload=\"none\" style=\"width: 100%;\" controls=\"controls\"><source type=\"audio\/mpeg\" src=\"https:\/\/etno.net\/wp-content\/uploads\/2020\/10\/etn_fcd_037_037_sou_005_prv.mp3?_=2\" \/><a href=\"https:\/\/etno.net\/wp-content\/uploads\/2020\/10\/etn_fcd_037_037_sou_005_prv.mp3\">https:\/\/etno.net\/wp-content\/uploads\/2020\/10\/etn_fcd_037_037_sou_005_prv.mp3<\/a><\/audio>\n<p>S\u00e4v. Anna-Kaisa Liedes, sov. Petri Korpela.<\/p>\n<p>Petri Korpela: ly\u00f6m\u00e4soittimet<br \/>\nAnna-Kaisa Liedes: \u00e4\u00e4ni<\/p>\n<p><strong>6. Ehio<\/strong><\/p>\n<audio class=\"wp-audio-shortcode\" id=\"audio-1080-3\" preload=\"none\" style=\"width: 100%;\" controls=\"controls\"><source type=\"audio\/mpeg\" src=\"https:\/\/etno.net\/wp-content\/uploads\/2020\/10\/etn_fcd_037_037_sou_006_prv.mp3?_=3\" \/><a href=\"https:\/\/etno.net\/wp-content\/uploads\/2020\/10\/etn_fcd_037_037_sou_006_prv.mp3\">https:\/\/etno.net\/wp-content\/uploads\/2020\/10\/etn_fcd_037_037_sou_006_prv.mp3<\/a><\/audio>\n<p>S\u00e4v. Anna-Kaisa Liedes, sov. Petri Korpela.<\/p>\n<p>Petri Korpela: ly\u00f6m\u00e4soittimet<br \/>\nAnna-Kaisa Liedes: \u00e4\u00e4ni<\/p>\n<p><strong>7. Hm-Ba<\/strong><br \/>\nS\u00e4v. Anna-Kaisa Liedes.<\/p>\n<p>Petri Korpela: ly\u00f6m\u00e4soittimet<br \/>\nAnna-Kaisa Liedes: \u00e4\u00e4ni<\/p>\n<p><strong>8. Percus<\/strong><br \/>\nS\u00e4v. Petri Korpela.<\/p>\n<p>Petri Korpela: ly\u00f6m\u00e4soittimet<br \/>\nAnna-Kaisa Liedes: \u00e4\u00e4ni<\/p>\n<p><strong>9. Kellot<\/strong><br \/>\nS\u00e4v. Petri Korpela, Anna-Kaisa Liedes.<\/p>\n<p>Petri Korpela: ly\u00f6m\u00e4soittimet<br \/>\nAnna-Kaisa Liedes: \u00e4\u00e4ni<\/p>\n","protected":false},"excerpt":{"rendered":"<p>&#8211; kuiskausta &#8211; huutoa &#8211; riemua &#8211; raivoa &#8211;<\/p>\n<p>Anna-Kaisa Liedeksen \u00e4\u00e4nitarinat syntyv\u00e4t matkoista sisimp\u00e4\u00e4n. \u00c4\u00e4ni synnytt\u00e4\u00e4 \u00e4\u00e4nen, tunnetila uuden tunteen kasvaen \u00e4\u00e4nimaisemaksi, jota Petri Korpelan ly\u00f6m\u00e4soittimet ruokkivat ja rytmitt\u00e4v\u00e4t.<\/p>\n<p>Anna-Kaisa Liedes on kokeilevan \u00e4\u00e4nitaiteen edell\u00e4k\u00e4vij\u00e4 Suomessa. H\u00e4n on perehtynyt my\u00f6s Suomen, sukukansojen sek\u00e4 l\u00e4hialueiden lauluperinteeseen.<\/p>\n<p>Levy on \u00e4\u00e4nitetty \u00c4\u00e4ni\u00e4!-festivaaleilla Sibelius-Akatemian kamarimusiikkisalissa 28.9.2000.<\/p>","protected":false},"featured_media":1081,"comment_status":"closed","ping_status":"closed","template":"","meta":{"_acf_changed":false},"product_brand":[],"product_cat":[65],"product_tag":[],"class_list":{"0":"post-1080","1":"product","2":"type-product","3":"status-publish","4":"has-post-thumbnail","6":"product_cat-aanitteet","8":"first","9":"instock","10":"shipping-taxable","11":"product-type-simple"},"acf":[],"_links":{"self":[{"href":"https:\/\/etno.net\/en\/wp-json\/wp\/v2\/product\/1080","targetHints":{"allow":["GET"]}}],"collection":[{"href":"https:\/\/etno.net\/en\/wp-json\/wp\/v2\/product"}],"about":[{"href":"https:\/\/etno.net\/en\/wp-json\/wp\/v2\/types\/product"}],"replies":[{"embeddable":true,"href":"https:\/\/etno.net\/en\/wp-json\/wp\/v2\/comments?post=1080"}],"wp:featuredmedia":[{"embeddable":true,"href":"https:\/\/etno.net\/en\/wp-json\/wp\/v2\/media\/1081"}],"wp:attachment":[{"href":"https:\/\/etno.net\/en\/wp-json\/wp\/v2\/media?parent=1080"}],"wp:term":[{"taxonomy":"product_brand","embeddable":true,"href":"https:\/\/etno.net\/en\/wp-json\/wp\/v2\/product_brand?post=1080"},{"taxonomy":"product_cat","embeddable":true,"href":"https:\/\/etno.net\/en\/wp-json\/wp\/v2\/product_cat?post=1080"},{"taxonomy":"product_tag","embeddable":true,"href":"https:\/\/etno.net\/en\/wp-json\/wp\/v2\/product_tag?post=1080"}],"curies":[{"name":"wp","href":"https:\/\/api.w.org\/{rel}","templated":true}]}}