{"id":1090,"date":"2020-10-26T11:15:01","date_gmt":"2020-10-26T09:15:01","guid":{"rendered":"https:\/\/etno.net\/?post_type=product&#038;p=1090"},"modified":"2021-12-23T14:40:51","modified_gmt":"2021-12-23T12:40:51","slug":"iso-karhu-ulappa","status":"publish","type":"product","link":"https:\/\/etno.net\/en\/julkaisu\/aanitteet\/iso-karhu-ulappa","title":{"rendered":"Iso Karhu: Ulappa"},"content":{"rendered":"<p>Tuottaja: Tuomas Logr\u00e9n<br \/>\n\u00c4\u00e4nitys: Taito Hoffr\u00e9n (4, 5, 6, 7, 8, 10, 11, 12, 13, Kallio-Kuninkalan studio), Tom Nyman (1, 2, 3, 9, Hitsville IV -studio)<br \/>\nMiksaus: Taito Hoffr\u00e9n (3, 4, 5, 6, 7, 8, 10, 11, 12, 13), Tom Nyman (1, 2, 9)<br \/>\nMasterointi: Finnvox\/Pauli Saastamoinen<\/p>\n<p><strong>1. Miehen teht\u00e4v\u00e4<\/strong><br \/>\nS\u00e4v. Hannu Virtanen, san. Hannu Virtanen, sov. Tuomas Logr\u00e9n.<\/p>\n<p>Eero Grundstr\u00f6m: hammond, piano<br \/>\nTaito Hoffr\u00e9n: laulu<br \/>\nTuomas Logr\u00e9n: akustinen ter\u00e4skielinen kitara, s\u00e4hk\u00f6kitara, buzuki, taustalaulu<br \/>\nIlkka Tirkkonen: rummut<br \/>\nTimo Tuppurainen: s\u00e4hk\u00f6basso<br \/>\nHannu Virtanen: taustalaulu<\/p>\n<p><strong>2. Setsuanissa<\/strong><\/p>\n<!--[if lt IE 9]><script>document.createElement('audio');<\/script><![endif]-->\n<audio class=\"wp-audio-shortcode\" id=\"audio-1090-1\" preload=\"none\" style=\"width: 100%;\" controls=\"controls\"><source type=\"audio\/mpeg\" src=\"https:\/\/etno.net\/wp-content\/uploads\/2020\/10\/etn_fcd_039_039_sou_002_prv.mp3?_=1\" \/><a href=\"https:\/\/etno.net\/wp-content\/uploads\/2020\/10\/etn_fcd_039_039_sou_002_prv.mp3\">https:\/\/etno.net\/wp-content\/uploads\/2020\/10\/etn_fcd_039_039_sou_002_prv.mp3<\/a><\/audio>\n<p>S\u00e4v. Hannu Virtanen, sov. Tuomas Logr\u00e9n, Hannu Virtanen.<\/p>\n<p>Eero Grundstr\u00f6m: syntetisaattori<br \/>\nTuomas Logr\u00e9n: buzuki, dobro, 12-kielinen s\u00e4hk\u00f6kitara, s\u00e4hk\u00f6kitara, perkussiot<br \/>\nIlkka Tirkkonen: rummut<br \/>\nTimo Tuppurainen: s\u00e4hk\u00f6basso<br \/>\nHannu Virtanen: laulu, taustalaulu, nylonkielinen kitara<\/p>\n<p><strong>3. P\u00e4iv\u00e4n ohjelma<\/strong><br \/>\nS\u00e4v. Hannu Virtanen, sov. Taito Hoffr\u00e9n, Tuomas Logr\u00e9n.<\/p>\n<p>Eero Grundstr\u00f6m: Rhodes-piano, Hammond<br \/>\nTaito Hoffr\u00e9n: laulu<br \/>\nTuomas Logr\u00e9n: s\u00e4hk\u00f6kitara, ter\u00e4skielinen kitara, perkussiot<br \/>\nIlkka Tirkkonen: rummut<br \/>\nTimo Tuppurainen: s\u00e4hk\u00f6basso<\/p>\n<p><strong>4. Maja vuorella<\/strong><br \/>\nS\u00e4v. Hannu Virtanen, sov. Tuomas Logr\u00e9n.<\/p>\n<p>Eero Grundstr\u00f6m: harmooni, syntetisaattori, piano, haitari<br \/>\nMaija Karhinen: laulu<br \/>\nTuomas Logr\u00e9n: ter\u00e4sk. kitara, 12-kiel. kitara, dobro, perkussiot, taustalaulu<br \/>\nIlkka Tirkkonen: rummut<br \/>\nTimo Tuppurainen: s\u00e4hk\u00f6basso<\/p>\n<p><strong>5. El\u00e4inkunta<\/strong><\/p>\n<audio class=\"wp-audio-shortcode\" id=\"audio-1090-2\" preload=\"none\" style=\"width: 100%;\" controls=\"controls\"><source type=\"audio\/mpeg\" src=\"https:\/\/etno.net\/wp-content\/uploads\/2020\/10\/etn_fcd_039_039_sou_005_prv.mp3?_=2\" \/><a href=\"https:\/\/etno.net\/wp-content\/uploads\/2020\/10\/etn_fcd_039_039_sou_005_prv.mp3\">https:\/\/etno.net\/wp-content\/uploads\/2020\/10\/etn_fcd_039_039_sou_005_prv.mp3<\/a><\/audio>\n<p>S\u00e4v. Hannu Virtanen, sov. Taito Hoffr\u00e9n, Tuomas Logr\u00e9n.<\/p>\n<p>Eero Grundstr\u00f6m: syntetisaattori, piano, taustalaulu<br \/>\nTaito Hoffr\u00e9n: laulu<br \/>\nTuomas Logr\u00e9n: s\u00e4hk\u00f6kitara<br \/>\nIlkka Tirkkonen: rummut<br \/>\nTimo Tuppurainen: kontrabasso<\/p>\n<p><strong>6. Y\u00f6 (intro)<\/strong><br \/>\nS\u00e4v. Tuomas Logr\u00e9n, sov. Tuomas Logr\u00e9n.<\/p>\n<p>Tuomas Logr\u00e9n: baritonikitara<\/p>\n<p><strong>7. Aamun tullen<\/strong><br \/>\nS\u00e4v. Hannu Virtanen, sov. Taito Hoffr\u00e9n, Tuomas Logr\u00e9n.<\/p>\n<p>Eero Grundstr\u00f6m: harmooni, syntetisaattori, melodika<br \/>\nTaito Hoffr\u00e9n: taustalaulu<br \/>\nMaija Karhinen: laulu<br \/>\nTuomas Logr\u00e9n: nylonk. kitara, ter\u00e4sk. kitara, baritonikitara, taustalaulu<\/p>\n<p><strong>8. Hiiteen rakkaus<\/strong><br \/>\nS\u00e4v. Hannu Virtanen, sov. Tuomas Logr\u00e9n.<\/p>\n<p>Eero Grundstr\u00f6m: harmooni, piano<br \/>\nTuomas Logr\u00e9n: ter\u00e4skielinen kitara, 12-kielinen kitara, dobro<br \/>\nTimo Tuppurainen: kontrabasso<br \/>\nHannu Virtanen: laulu, taustalaulu<\/p>\n<p><strong>9. J\u00e4lkeenp\u00e4in<\/strong><br \/>\nS\u00e4v. Hannu Virtanen, sov. Tuomas Logr\u00e9n.<\/p>\n<p>Eero Grundstr\u00f6m: Hammond, Rhodes-piano, huuliharppu<br \/>\nTaito Hoffr\u00e9n: laulu<br \/>\nTuomas Logr\u00e9n: ter\u00e4skielinen kitara, s\u00e4hk\u00f6kitara, taustalaulu<br \/>\nIlkka Tirkkonen: rummut<br \/>\nTimo Tuppurainen: s\u00e4hk\u00f6basso<br \/>\nHannu Virtanen: taustalaulu<\/p>\n<p><strong>10. Voi aurinko, voi kuu<\/strong><br \/>\nS\u00e4v. Hannu Virtanen, sov. Tuomas Logr\u00e9n.<\/p>\n<p>Eero Grundstr\u00f6m: piano<br \/>\nMaija Karhinen: laulu<br \/>\nTuomas Logr\u00e9n: 12-kielinen kitara, ter\u00e4skielinen kitara<br \/>\nTimo Tuppurainen: kontrabasso<\/p>\n<p><strong>11. Lumi<\/strong><br \/>\nS\u00e4v. Hannu Virtanen, sov. Tuomas Logr\u00e9n.<\/p>\n<p>Eero Grundstr\u00f6m: harmooni<br \/>\nTaito Hoffr\u00e9n: gargara<br \/>\nTuomas Logr\u00e9n: ter\u00e4skielinen kitara, dobro<br \/>\nTimo Tuppurainen: kontrabasso<br \/>\nHannu Virtanen: laulu<\/p>\n<p><strong>12. Onko muita jotka k\u00e4rsiv\u00e4t<\/strong><\/p>\n<audio class=\"wp-audio-shortcode\" id=\"audio-1090-3\" preload=\"none\" style=\"width: 100%;\" controls=\"controls\"><source type=\"audio\/mpeg\" src=\"https:\/\/etno.net\/wp-content\/uploads\/2020\/10\/etn_fcd_039_039_sou_012_prv.mp3?_=3\" \/><a href=\"https:\/\/etno.net\/wp-content\/uploads\/2020\/10\/etn_fcd_039_039_sou_012_prv.mp3\">https:\/\/etno.net\/wp-content\/uploads\/2020\/10\/etn_fcd_039_039_sou_012_prv.mp3<\/a><\/audio>\n<p>S\u00e4v. Hannu Virtanen, sov. Tuomas Logr\u00e9n.<\/p>\n<p>Eero Grundstr\u00f6m: huuliharppu<br \/>\nTaito Hoffr\u00e9n: taustalaulu<br \/>\nMaija Karhinen: laulu<br \/>\nTuomas Logr\u00e9n: ter\u00e4skielinen kitara, buzuki, baritonikitara, taustalaulu<br \/>\nIlkka Tirkkonen: rummut<br \/>\nHannu Virtanen: taustalaulu<\/p>\n<p><strong>13. Kuulen laulettavan<\/strong><br \/>\nS\u00e4v. Hannu Virtanen, sov. Eero Grundstr\u00f6m, Tuomas Logr\u00e9n.<\/p>\n<p>Eero Grundstr\u00f6m: piano<br \/>\nTimo Tuppurainen: kontrabasso<br \/>\nHannu Virtanen: laulu<\/p>\n","protected":false},"excerpt":{"rendered":"<p>Uusia lauluja vanhoihin it\u00e4maisiin runoihin.<\/p>\n<p>Sanoitukset: Vanhaa it\u00e4maista lyriikkaa (ks. tekstivihko) paitsi 1 Hannu Virtanen.<\/p>","protected":false},"featured_media":1091,"comment_status":"closed","ping_status":"closed","template":"","meta":{"_acf_changed":false},"product_brand":[],"product_cat":[65],"product_tag":[],"class_list":{"0":"post-1090","1":"product","2":"type-product","3":"status-publish","4":"has-post-thumbnail","6":"product_cat-aanitteet","8":"first","9":"instock","10":"shipping-taxable","11":"product-type-simple"},"acf":[],"_links":{"self":[{"href":"https:\/\/etno.net\/en\/wp-json\/wp\/v2\/product\/1090","targetHints":{"allow":["GET"]}}],"collection":[{"href":"https:\/\/etno.net\/en\/wp-json\/wp\/v2\/product"}],"about":[{"href":"https:\/\/etno.net\/en\/wp-json\/wp\/v2\/types\/product"}],"replies":[{"embeddable":true,"href":"https:\/\/etno.net\/en\/wp-json\/wp\/v2\/comments?post=1090"}],"wp:featuredmedia":[{"embeddable":true,"href":"https:\/\/etno.net\/en\/wp-json\/wp\/v2\/media\/1091"}],"wp:attachment":[{"href":"https:\/\/etno.net\/en\/wp-json\/wp\/v2\/media?parent=1090"}],"wp:term":[{"taxonomy":"product_brand","embeddable":true,"href":"https:\/\/etno.net\/en\/wp-json\/wp\/v2\/product_brand?post=1090"},{"taxonomy":"product_cat","embeddable":true,"href":"https:\/\/etno.net\/en\/wp-json\/wp\/v2\/product_cat?post=1090"},{"taxonomy":"product_tag","embeddable":true,"href":"https:\/\/etno.net\/en\/wp-json\/wp\/v2\/product_tag?post=1090"}],"curies":[{"name":"wp","href":"https:\/\/api.w.org\/{rel}","templated":true}]}}