{"id":1095,"date":"2020-10-26T11:19:57","date_gmt":"2020-10-26T09:19:57","guid":{"rendered":"https:\/\/etno.net\/?post_type=product&#038;p=1095"},"modified":"2021-12-23T14:37:07","modified_gmt":"2021-12-23T12:37:07","slug":"oloneuvos-oloneuvos","status":"publish","type":"product","link":"https:\/\/etno.net\/en\/julkaisu\/aanitteet\/oloneuvos-oloneuvos","title":{"rendered":"Oloneuvos: Oloneuvos"},"content":{"rendered":"<p>\u00c4\u00e4nitys: Hannu Oskala<br \/>\nMasterointi: Finnvox, Pauli Saastamoinen<\/p>\n<p><strong>1. Palmu ja t\u00e4hti<\/strong><\/p>\n<!--[if lt IE 9]><script>document.createElement('audio');<\/script><![endif]-->\n<audio class=\"wp-audio-shortcode\" id=\"audio-1095-1\" preload=\"none\" style=\"width: 100%;\" controls=\"controls\"><source type=\"audio\/mpeg\" src=\"https:\/\/etno.net\/wp-content\/uploads\/2020\/10\/etn_fcd_040_040_sou_001_prv.mp3?_=1\" \/><a href=\"https:\/\/etno.net\/wp-content\/uploads\/2020\/10\/etn_fcd_040_040_sou_001_prv.mp3\">https:\/\/etno.net\/wp-content\/uploads\/2020\/10\/etn_fcd_040_040_sou_001_prv.mp3<\/a><\/audio>\n<p>S\u00e4v. Pedro Hietanen, san. Jukka Itkonen, sov. Esko J\u00e4rvel\u00e4, Antti J\u00e4rvel\u00e4, Olli Kari.<\/p>\n<p>Esko J\u00e4rvel\u00e4: viulu, laulu<br \/>\nAntti J\u00e4rvel\u00e4: kitara, laulu<br \/>\nOlli Kari: harmooni, kazoo<\/p>\n<p><strong>2. Vauhtuksen polkka<\/strong><br \/>\nS\u00e4v. trad., sov. Esko J\u00e4rvel\u00e4, Antti J\u00e4rvel\u00e4, Olli Kari.<\/p>\n<p>Antti J\u00e4rvel\u00e4: viulu<br \/>\nEsko J\u00e4rvel\u00e4: alttoviulu<br \/>\nOlli Kari: harmooni<\/p>\n<p><strong>3. P\u00e4iv\u00e4n pari<\/strong><br \/>\nS\u00e4v. trad., sov. Esko J\u00e4rvel\u00e4, Antti J\u00e4rvel\u00e4, Olli Kari.<\/p>\n<p>Esko J\u00e4rvel\u00e4: viulu<br \/>\nAntti J\u00e4rvel\u00e4: kitara, basso<br \/>\nOlli Kari: harmooni<\/p>\n<p><strong>4. Triolipolska<\/strong><br \/>\nS\u00e4v. Antti J\u00e4rvel\u00e4, sov. Antti J\u00e4rvel\u00e4.<\/p>\n<p>Esko J\u00e4rvel\u00e4: viulu<br \/>\nAntti J\u00e4rvel\u00e4: viulu<br \/>\nOlli Kari: piano<\/p>\n<p><strong>5. Hauho 485<\/strong><br \/>\nS\u00e4v. Antti J\u00e4rvel\u00e4, sov. Antti J\u00e4rvel\u00e4.<\/p>\n<p>Antti J\u00e4rvel\u00e4: viulu<br \/>\nEsko J\u00e4rvel\u00e4: avainviulu<br \/>\nOlli Kari: harmooni<\/p>\n<p><strong>6. Masurkka<\/strong><br \/>\nS\u00e4v. trad., sov. Esko J\u00e4rvel\u00e4, Antti J\u00e4rvel\u00e4, Olli Kari.<\/p>\n<p>Esko J\u00e4rvel\u00e4: viulu<br \/>\nAntti J\u00e4rvel\u00e4: viulu<br \/>\nOlli Kari: harmooni<\/p>\n<p><strong>7. Saunablues<\/strong><br \/>\nS\u00e4v. Mauno J\u00e4rvel\u00e4, san. Mauno J\u00e4rvel\u00e4, sov. Mauno J\u00e4rvel\u00e4, Esko J\u00e4rvel\u00e4, Antti J\u00e4rvel\u00e4, Olli Kari.<\/p>\n<p>Esko J\u00e4rvel\u00e4: viulu, laulu<br \/>\nAntti J\u00e4rvel\u00e4: viulu, laulu<br \/>\nOlli Kari: harmooni, laulu<\/p>\n<p><strong>8. Ohraa olalla<\/strong><br \/>\nS\u00e4v. Esko J\u00e4rvel\u00e4, sov. Esko J\u00e4rvel\u00e4.<\/p>\n<p>Esko J\u00e4rvel\u00e4: viulu<br \/>\nAntti J\u00e4rvel\u00e4: viulu<br \/>\nOlli Kari: harmooni<br \/>\nTimo Myllykangas: basso<\/p>\n<p><strong>9. H\u00e4lln\u00e4s<\/strong><br \/>\nS\u00e4v. Olli Kari, sov. Esko J\u00e4rvel\u00e4, Antti J\u00e4rvel\u00e4, Olli Kari.<\/p>\n<p>Esko J\u00e4rvel\u00e4: avainviulu<br \/>\nAntti J\u00e4rvel\u00e4: kitara<br \/>\nOlli Kari: haitari<\/p>\n<p><strong>10. P\u00e4iv\u00f6l\u00e4-Reepakka<\/strong><\/p>\n<audio class=\"wp-audio-shortcode\" id=\"audio-1095-2\" preload=\"none\" style=\"width: 100%;\" controls=\"controls\"><source type=\"audio\/mpeg\" src=\"https:\/\/etno.net\/wp-content\/uploads\/2020\/10\/etn_fcd_040_040_sou_010_prv.mp3?_=2\" \/><a href=\"https:\/\/etno.net\/wp-content\/uploads\/2020\/10\/etn_fcd_040_040_sou_010_prv.mp3\">https:\/\/etno.net\/wp-content\/uploads\/2020\/10\/etn_fcd_040_040_sou_010_prv.mp3<\/a><\/audio>\n<p>S\u00e4v. trad., sov. Esko J\u00e4rvel\u00e4, Antti J\u00e4rvel\u00e4, Olli Kari.<\/p>\n<p>Antti J\u00e4rvel\u00e4: viulu<br \/>\nEsko J\u00e4rvel\u00e4: harmooni<br \/>\nOlli Kari: haitari<\/p>\n<p><strong>11. Y\u00f6n tanssi<\/strong><\/p>\n<audio class=\"wp-audio-shortcode\" id=\"audio-1095-3\" preload=\"none\" style=\"width: 100%;\" controls=\"controls\"><source type=\"audio\/mpeg\" src=\"https:\/\/etno.net\/wp-content\/uploads\/2020\/10\/etn_fcd_040_040_sou_011_prv.mp3?_=3\" \/><a href=\"https:\/\/etno.net\/wp-content\/uploads\/2020\/10\/etn_fcd_040_040_sou_011_prv.mp3\">https:\/\/etno.net\/wp-content\/uploads\/2020\/10\/etn_fcd_040_040_sou_011_prv.mp3<\/a><\/audio>\n<p>S\u00e4v. Antti J\u00e4rvel\u00e4, sov. Antti J\u00e4rvel\u00e4.<\/p>\n<p>Esko J\u00e4rvel\u00e4: viulu<br \/>\nAntti J\u00e4rvel\u00e4: viulu<br \/>\nOlli Kari: piano<\/p>\n","protected":false},"excerpt":{"rendered":"<p>\u00c4\u00e4nitys: Hannu Oskala Masterointi: Finnvox, Pauli Saastamoinen 1. Palmu ja t\u00e4hti S\u00e4v. Pedro Hietanen, san. Jukka Itkonen, sov. Esko J\u00e4rvel\u00e4, Antti J\u00e4rvel\u00e4, Olli Kari. Esko J\u00e4rvel\u00e4: viulu, laulu Antti J\u00e4rvel\u00e4: kitara, laulu Olli Kari: harmooni, kazoo 2. Vauhtuksen polkka S\u00e4v. trad., sov. Esko J\u00e4rvel\u00e4, Antti J\u00e4rvel\u00e4, Olli Kari. Antti J\u00e4rvel\u00e4: viulu Esko J\u00e4rvel\u00e4: alttoviulu Olli [&hellip;]<\/p>\n","protected":false},"featured_media":1096,"comment_status":"closed","ping_status":"closed","template":"","meta":{"_acf_changed":false},"product_brand":[],"product_cat":[65],"product_tag":[],"class_list":{"0":"post-1095","1":"product","2":"type-product","3":"status-publish","4":"has-post-thumbnail","6":"product_cat-aanitteet","8":"first","9":"instock","10":"shipping-taxable","11":"product-type-simple"},"acf":[],"_links":{"self":[{"href":"https:\/\/etno.net\/en\/wp-json\/wp\/v2\/product\/1095","targetHints":{"allow":["GET"]}}],"collection":[{"href":"https:\/\/etno.net\/en\/wp-json\/wp\/v2\/product"}],"about":[{"href":"https:\/\/etno.net\/en\/wp-json\/wp\/v2\/types\/product"}],"replies":[{"embeddable":true,"href":"https:\/\/etno.net\/en\/wp-json\/wp\/v2\/comments?post=1095"}],"wp:featuredmedia":[{"embeddable":true,"href":"https:\/\/etno.net\/en\/wp-json\/wp\/v2\/media\/1096"}],"wp:attachment":[{"href":"https:\/\/etno.net\/en\/wp-json\/wp\/v2\/media?parent=1095"}],"wp:term":[{"taxonomy":"product_brand","embeddable":true,"href":"https:\/\/etno.net\/en\/wp-json\/wp\/v2\/product_brand?post=1095"},{"taxonomy":"product_cat","embeddable":true,"href":"https:\/\/etno.net\/en\/wp-json\/wp\/v2\/product_cat?post=1095"},{"taxonomy":"product_tag","embeddable":true,"href":"https:\/\/etno.net\/en\/wp-json\/wp\/v2\/product_tag?post=1095"}],"curies":[{"name":"wp","href":"https:\/\/api.w.org\/{rel}","templated":true}]}}