{"id":1100,"date":"2020-10-26T11:25:01","date_gmt":"2020-10-26T09:25:01","guid":{"rendered":"https:\/\/etno.net\/?post_type=product&#038;p=1100"},"modified":"2021-12-23T14:36:09","modified_gmt":"2021-12-23T12:36:09","slug":"hiien-hivuksista-jouhikko-music-from-finland","status":"publish","type":"product","link":"https:\/\/etno.net\/en\/julkaisu\/aanitteet\/hiien-hivuksista-jouhikko-music-from-finland","title":{"rendered":"Hiien Hivuksista &#8211; Jouhikko Music From Finland"},"content":{"rendered":"<p>\u00c4\u00e4nitys Jouko Kyh\u00e4l\u00e4<br \/>\nMiksaus Jouko Kyh\u00e4l\u00e4, Pekko K\u00e4ppi &amp; Outi Pulkkinen Sibelius-Akatemian kansanmusiikin osaston studiossa<br \/>\nMasterointi Jouko Kyh\u00e4l\u00e4 &amp; Janne Viksten\/Studiopojat Oy<\/p>\n<p><strong>1. Ripatska<\/strong><br \/>\nS\u00e4v. Fedja Happo, sov. Piia Kleemola.<\/p>\n<p>Piia soittaa Ripatskaa suoj\u00e4rvel\u00e4isen Fedja Hapon soittaman 5-kieliss\u00e4velm\u00e4n pohjalta.<\/p>\n<p>Piia Kleemola: jouhikko<\/p>\n<p><strong>2. Lapajalka<\/strong><br \/>\nS\u00e4v. Eero Turkka, sov. Pekko K\u00e4ppi, Tytti Mets\u00e4, Eero Turkka.<\/p>\n<p>Eero aloittaa s\u00e4kkipillivaikutteisen s\u00e4velm\u00e4ns\u00e4 ja muut sovittajinakin mainitut yhtyv\u00e4t ensin n\u00e4pp\u00e4illen, Tytti resonanssikielineen.<\/p>\n<p>Pekko K\u00e4ppi: jouhikko<br \/>\nLassi Logr\u00e9n: jouhikko<br \/>\nTytti Mets\u00e4: jouhikko<br \/>\nOuti Pulkkinen: jouhikko<br \/>\nEero Turkka: jouhikko<br \/>\nPatrik Weckman: jouhikko<\/p>\n<p><strong>3. Kotka<\/strong><br \/>\nS\u00e4v. Karita Rajaniemi.<\/p>\n<p>Karitan soolo. Kotka etsii rauhattomasta maailmasta paikkaa johon pys\u00e4hty\u00e4.<\/p>\n<p>Karita Rajaniemi: jouhikko<\/p>\n<p><strong>4. Haliasoitto<\/strong><br \/>\nS\u00e4v. Piia Kleemola, trad., sov. Piia Kleemola, Petri Prauda, Paula Susitaival.<\/p>\n<p>Hyperborea-yhtyeen (Piia Kleemola, Petri Prauda ja Paula Susitaival) tulkinta Matti Pukosen tuohitorvella soittamasta s\u00e4velm\u00e4st\u00e4, jonka nuotti on julkaistu Karjasoitto-kirjassa.<\/p>\n<p>Piia Kleemola: jouhikko<br \/>\nPetri Prauda: munniharppu<br \/>\nPaula Susitaival: avainviulu<\/p>\n<p><strong>5. Kaupungin komein konstaapeli<\/strong><br \/>\nS\u00e4v. Pekko K\u00e4ppi.<\/p>\n<p>Solistina s\u00e4velt\u00e4j\u00e4, muut soittajat Patrik, Lassi, Tytti ja Eero.<\/p>\n<p>Pekko K\u00e4ppi: jouhikko<br \/>\nLassi Logr\u00e9n: jouhikko<br \/>\nTytti Mets\u00e4: jouhikko<br \/>\nEero Turkka: jouhikko<br \/>\nPatrik Weckman: jouhikko<\/p>\n<p><strong>6. Entinen elo<\/strong><br \/>\nS\u00e4v. Outi Pulkkinen.<\/p>\n<p>Outin soolo, tehty jatkoksi laululle L\u00f6ytyyk\u00f6 entist\u00e4 eloa.<\/p>\n<p>Outi Pulkkinen: jouhikko<\/p>\n<p><strong>7. Laulu nro 5 ja Ralli<\/strong><\/p>\n<!--[if lt IE 9]><script>document.createElement('audio');<\/script><![endif]-->\n<audio class=\"wp-audio-shortcode\" id=\"audio-1100-1\" preload=\"none\" style=\"width: 100%;\" controls=\"controls\"><source type=\"audio\/mpeg\" src=\"https:\/\/etno.net\/wp-content\/uploads\/2020\/10\/etn_fcd_041_041_sou_007_prv.mp3?_=1\" \/><a href=\"https:\/\/etno.net\/wp-content\/uploads\/2020\/10\/etn_fcd_041_041_sou_007_prv.mp3\">https:\/\/etno.net\/wp-content\/uploads\/2020\/10\/etn_fcd_041_041_sou_007_prv.mp3<\/a><\/audio>\n<p>S\u00e4v. Feodor Prat\u0161u.<\/p>\n<p>T\u00e4st\u00e4 alkaa nelj\u00e4n kappaleen Prat\u0161u-jakso. Laulun soittavat Pekko, Lassi ja Tytti, Rallin aloittavat Rauno, Eero ja Patrik, johon Laulun soittajat yhtyv\u00e4t.<\/p>\n<p>Pekko K\u00e4ppi: jouhikko<br \/>\nLassi Logr\u00e9n: jouhikko<br \/>\nTytti Mets\u00e4: jouhikko<br \/>\nRauno Nieminen: jouhikko<br \/>\nEero Turkka: jouhikko<br \/>\nPatrik Weckman: jouhikko<\/p>\n<p><strong>8. Piilotanssi<\/strong><br \/>\nS\u00e4v. Rauno Nieminen, Petri Pentik\u00e4inen, Feodor Prat\u0161u.<\/p>\n<p>Sekaantuu-yhtye (Rauno Nieminen, Heikki Syrj\u00e4nen ja Petri Pentik\u00e4inen) soittaa tanssimusiikkia Prat\u0161un ohjelmistosta.<\/p>\n<p>Rauno Nieminen: jouhikko<br \/>\nPetri Pentik\u00e4inen: tabla<br \/>\nHeikki Syrj\u00e4nen: liru<\/p>\n<p><strong>9. Laulu nro 8<\/strong><br \/>\nS\u00e4v. Feodor Prat\u0161u, sov. Lassi Logr\u00e9n, Outi Pulkkinen.<\/p>\n<p>Patrik aloittaa ja Eero lopettaa, Outi, Lassi, Tytti ja Pekko siin\u00e4 v\u00e4liss\u00e4.<\/p>\n<p>Pekko K\u00e4ppi: jouhikko<br \/>\nLassi Logr\u00e9n: jouhikko<br \/>\nTytti Mets\u00e4: jouhikko<br \/>\nOuti Pulkkinen: jouhikko<br \/>\nEero Turkka: jouhikko<br \/>\nPatrik Weckman: jouhikko<\/p>\n<p><strong>10. Den brinnande<\/strong><br \/>\nS\u00e4v. Hans Ek.<\/p>\n<p>Rauno Nieminen soittaa t\u00e4m\u00e4n Styrbj\u00f6rn Bergeltilt\u00e4 oppimansa kappaleen. Nuotti on julkaistu S\u00f6rmlandsl\u00e5ten-lehdess\u00e4 (3\/1982). Lehden mukaan kappaletta &#8221;Den brinnande&#8221; on soittanut jouhikolla Hans Ek Orms\u00f6st\u00e4, jonka kahden kappaleen repertuaarista t\u00e4m\u00e4 on se toinen.<\/p>\n<p>Rauno Nieminen: jouhikko<\/p>\n<p><strong>11. V\u00e4in\u00e4m\u00f6isen soitto<\/strong><br \/>\nS\u00e4v. Outi Pulkkinen, san. trad.<\/p>\n<p>Sanat: Suomen Kansan Vanhat Runot, osa Vienan Karjala.<\/p>\n<p>Kannanotto V\u00e4in\u00e4m\u00f6isen soittuun: ettei se kuitenkin ollut jouhikko! Laulusolisteina Pekko ja Outi, joka aloittaa soiton. Muut laulavat soittajat ovat Lassi, Patrik, Tytti ja Eero.<\/p>\n<p>&#8221;Oi, nyt armas akkaseni, tuo sie luikku lehm\u00e4n luuta, kappale kalan eve\u00e4.&#8221; Loati vanha V\u00e4in\u00e4m\u00f6ine, loati soitun sormillansa, k\u00e4sin kantervon asetti. &#8221;Mist&#8217; on tuoho naulat soatih? Suuren hauin hampahista, merikoiran kokkoluista. Mist&#8217; on tuoho kielet soatih? Itsen Hiien hivuksista. Mist on tuoho roka soatih?Juoksijan orihin jouhet.&#8221; Saip&#8217; on soitun valmiheksi. Eip\u00e4 l\u00f6yvy soittajoa. Soitti nuoret, soitti vanhat. Ei se soittu muilla soita, jok&#8217; ei soita loatijalla, iloitse asettajalla. Sormin soitti V\u00e4in\u00e4m\u00f6ini, kielin kantervo pakisi. Ei ollut sit\u00e4 mets\u00e4ss\u00e4, jok&#8217; ei tullut kuulomaha soitantoa V\u00e4in\u00e4m\u00f6isen. Itseki mets\u00e4n em\u00e4nt\u00e4 nousi koivun konkelolla, lep\u00e4n lengolla yleni. Itseki ve&#8217;en em\u00e4nt\u00e4 rinnoin ruokoho rupesi, ve\u00e4nn\u00e4ksi vesikivell\u00e4, kuulomaha soitantoa, laulantoa.<\/p>\n<p>Pekko K\u00e4ppi: laulu, jouhikko<br \/>\nLassi Logr\u00e9n: laulu, jouhikko<br \/>\nTytti Mets\u00e4: laulu, jouhikko<br \/>\nOuti Pulkkinen: laulu, jouhikko<br \/>\nEero Turkka: laulu, jouhikko<br \/>\nPatrik Weckman: laulu, jouhikko<\/p>\n<p><strong>12. Maanitusta<\/strong><\/p>\n<audio class=\"wp-audio-shortcode\" id=\"audio-1100-2\" preload=\"none\" style=\"width: 100%;\" controls=\"controls\"><source type=\"audio\/mpeg\" src=\"https:\/\/etno.net\/wp-content\/uploads\/2020\/10\/etn_fcd_041_041_sou_012_prv.mp3?_=2\" \/><a href=\"https:\/\/etno.net\/wp-content\/uploads\/2020\/10\/etn_fcd_041_041_sou_012_prv.mp3\">https:\/\/etno.net\/wp-content\/uploads\/2020\/10\/etn_fcd_041_041_sou_012_prv.mp3<\/a><\/audio>\n<p>S\u00e4v. Lassi Logr\u00e9n, trad.<\/p>\n<p>Lassin improvisaatio, jossa voi kuulla vanhojen jouhikko- ja kantelesoitteiden teemoja.<\/p>\n<p>Lassi Logr\u00e9n: jouhikko<\/p>\n<p><strong>13. Volapek-valssi ja -sottiisi<\/strong><br \/>\nS\u00e4v. Tytti Mets\u00e4, sov. Tytti Mets\u00e4, Petri Prauda.<\/p>\n<p>Tytin ja Petrin duetto.<\/p>\n<p>Tytti Mets\u00e4: jouhikko<br \/>\nPetri Prauda: cittern<\/p>\n<p><strong>14. Ressan Lassi<\/strong><\/p>\n<audio class=\"wp-audio-shortcode\" id=\"audio-1100-3\" preload=\"none\" style=\"width: 100%;\" controls=\"controls\"><source type=\"audio\/mpeg\" src=\"https:\/\/etno.net\/wp-content\/uploads\/2020\/10\/etn_fcd_041_041_sou_014_prv.mp3?_=3\" \/><a href=\"https:\/\/etno.net\/wp-content\/uploads\/2020\/10\/etn_fcd_041_041_sou_014_prv.mp3\">https:\/\/etno.net\/wp-content\/uploads\/2020\/10\/etn_fcd_041_041_sou_014_prv.mp3<\/a><\/audio>\n<p>S\u00e4v. trad., sov. Eero Grundstr\u00f6m, Patrik Weckman.<\/p>\n<p>Patrik soittaa sikerm\u00e4n\u00e4 Eero Grundstr\u00f6min s\u00e4estyksell\u00e4 kolme kainuulaisen Lauri Ker\u00e4sen eli Ressan Lassin soittamaa viulukappaletta: Rakkineen Henterin jouhikkosotteinen, Tenhusen sotteinen ja R\u00e4tt\u00e4lin ryypyt polkka. Nuotit ja l\u00e4hdetiedot l\u00f6ytyv\u00e4t Ressan Lassi \u2013 Kainuulaisen pelimannisuvun perint\u00f6 -kirjasta.<\/p>\n<p>Eero Grundstr\u00f6m: harmooni<br \/>\nPatrik Weckman: jouhikko<\/p>\n<p><strong>15. Vanha valssi<\/strong><br \/>\nS\u00e4v. Juho Villanen, sov. Outi Pulkkinen.<\/p>\n<p>Outin tulkinta savonrantalaisen viulupelimannin jouhikkosoitteesta.<\/p>\n<p>Outi Pulkkinen: jouhikko<\/p>\n<p><strong>16. Hoilola ja Hoppavalssi<\/strong><br \/>\nS\u00e4v. Pekka Lamberg.<\/p>\n<p>T\u00e4ss\u00e4 tanssisikerm\u00e4ss\u00e4 toimii esisoittajana sortavalalaisen jouhikonsoittajan Lambergin Pekon pojanpoika Jouni Arjava. Lamberg oppi lapsena jouhikonsoiton \u00e4itipuolensa is\u00e4lt\u00e4 ja veljelt\u00e4, Olli Lambergilta. Muut jouhikistit ovat Pekko, Lassi, Tytti, Outi, Eero ja Patrik.<\/p>\n<p>Jouni Arjava: jouhikko<br \/>\nPekko K\u00e4ppi: jouhikko<br \/>\nLassi Logr\u00e9n: jouhikko<br \/>\nTytti Mets\u00e4: jouhikko<br \/>\nOuti Pulkkinen: jouhikko<br \/>\nEero Turkka: jouhikko<br \/>\nPatrik Weckman: jouhikko<\/p>\n<p><strong>17. Kivil\u00f6i, ei vuorii<\/strong><br \/>\nS\u00e4v. Pekko K\u00e4ppi.<\/p>\n<p>Pekon soolo.<\/p>\n<p>Pekko K\u00e4ppi: jouhikko<\/p>\n<p><strong>18. Jaamieli<\/strong><br \/>\nS\u00e4v. Pekko K\u00e4ppi, Outi Pulkkinen, Karita Rajaniemi.<\/p>\n<p>4.6.2002 Karita tuli Kallio-Kuninkalan \u00e4\u00e4nityksiin, ja kun Karitan soolosoitteet oli \u00e4\u00e4nitetty, lykk\u00e4simme Outin 3-kielisen jouhikon oktaavi-kvintti -virityksell\u00e4 Karitalle. Pekko viritti alttojouhikkonsa (G-d-g) ja Outi 4-kielisens\u00e4. Karitan kanssa ei oltu soitettu ennen, Pekko ja Outikin yhdess\u00e4 vain n\u00e4iden nauhoitusten yhteydess\u00e4. T\u00e4ss\u00e4 kuullaan nauhoitetuista improvisaatioista ensimm\u00e4inen. Ensimm\u00e4iset yhteiset \u00e4\u00e4net t\u00e4ll\u00e4 kokoonpanolla \u2013 yhteys oli syntynyt jo ennen kuin \u00e4\u00e4nt\u00e4k\u00e4\u00e4n oli soitettu.<\/p>\n<p>Pekko K\u00e4ppi: jouhikko<br \/>\nOuti Pulkkinen: jouhikko<br \/>\nKarita Rajaniemi: jouhikko<\/p>\n<p><strong>19. Hitaasti, hitaasti<\/strong><br \/>\nS\u00e4v. Lassi Logr\u00e9n.<\/p>\n<p>Lassin soolo.<\/p>\n<p>Lassi Logr\u00e9n: jouhikko<\/p>\n","protected":false},"excerpt":{"rendered":"<p>T\u00e4m\u00e4 on ensimm\u00e4inen suomalainen t\u00e4ysipituinen jouhikkolevy. Levyll\u00e4 soi kolmetoista jouhikkoa kymmenen soittajan k\u00e4siss\u00e4, karheina, kauniina ja voimakkaina. Mukana on muinaista musiikkia edesmenneiden jouhikon taitajien ohjelmistoista sek\u00e4 uusia jouhikkos\u00e4vellyksi\u00e4. Levyll\u00e4 kuullaan useita sooloja, eri kokoonpanoja ja my\u00f6s ensi kertaa seitsem\u00e4n jouhikon orkesteria, joka koottiin varta vasten levyn \u00e4\u00e4nityksi\u00e4 varten Kallio-Kuninkalan navetan ylisille.<\/p>","protected":false},"featured_media":1101,"comment_status":"closed","ping_status":"closed","template":"","meta":{"_acf_changed":false},"product_brand":[],"product_cat":[65],"product_tag":[],"class_list":{"0":"post-1100","1":"product","2":"type-product","3":"status-publish","4":"has-post-thumbnail","6":"product_cat-aanitteet","8":"first","9":"instock","10":"shipping-taxable","11":"product-type-simple"},"acf":[],"_links":{"self":[{"href":"https:\/\/etno.net\/en\/wp-json\/wp\/v2\/product\/1100","targetHints":{"allow":["GET"]}}],"collection":[{"href":"https:\/\/etno.net\/en\/wp-json\/wp\/v2\/product"}],"about":[{"href":"https:\/\/etno.net\/en\/wp-json\/wp\/v2\/types\/product"}],"replies":[{"embeddable":true,"href":"https:\/\/etno.net\/en\/wp-json\/wp\/v2\/comments?post=1100"}],"wp:featuredmedia":[{"embeddable":true,"href":"https:\/\/etno.net\/en\/wp-json\/wp\/v2\/media\/1101"}],"wp:attachment":[{"href":"https:\/\/etno.net\/en\/wp-json\/wp\/v2\/media?parent=1100"}],"wp:term":[{"taxonomy":"product_brand","embeddable":true,"href":"https:\/\/etno.net\/en\/wp-json\/wp\/v2\/product_brand?post=1100"},{"taxonomy":"product_cat","embeddable":true,"href":"https:\/\/etno.net\/en\/wp-json\/wp\/v2\/product_cat?post=1100"},{"taxonomy":"product_tag","embeddable":true,"href":"https:\/\/etno.net\/en\/wp-json\/wp\/v2\/product_tag?post=1100"}],"curies":[{"name":"wp","href":"https:\/\/api.w.org\/{rel}","templated":true}]}}