{"id":1105,"date":"2020-10-26T11:29:39","date_gmt":"2020-10-26T09:29:39","guid":{"rendered":"https:\/\/etno.net\/?post_type=product&#038;p=1105"},"modified":"2021-12-23T14:35:33","modified_gmt":"2021-12-23T12:35:33","slug":"kylapelimannit-projekti-nain","status":"publish","type":"product","link":"https:\/\/etno.net\/en\/julkaisu\/aanitteet\/kylapelimannit-projekti-nain","title":{"rendered":"Kyl\u00e4pelimannit-projekti: N\u00e4in"},"content":{"rendered":"<p>\u00c4\u00e4nitys ja miksaus: Juha Saarinen, Soundwall studio, Sein\u00e4joki<br \/>\nTuottajat: Anne-Mari Kivim\u00e4ki, Piia Kleemola ja Mika Virkkala<br \/>\nMasterointi: Minerva Pappi, Finnvox<\/p>\n<p><strong>1. Rommipottu<\/strong><\/p>\n<!--[if lt IE 9]><script>document.createElement('audio');<\/script><![endif]-->\n<audio class=\"wp-audio-shortcode\" id=\"audio-1105-1\" preload=\"none\" style=\"width: 100%;\" controls=\"controls\"><source type=\"audio\/mpeg\" src=\"https:\/\/etno.net\/wp-content\/uploads\/2020\/10\/etn_fcd_042_042_sou_001_prv.mp3?_=1\" \/><a href=\"https:\/\/etno.net\/wp-content\/uploads\/2020\/10\/etn_fcd_042_042_sou_001_prv.mp3\">https:\/\/etno.net\/wp-content\/uploads\/2020\/10\/etn_fcd_042_042_sou_001_prv.mp3<\/a><\/audio>\n<p>S\u00e4v. trad., san. trad., sov. Anne-Mari Kivim\u00e4ki.<\/p>\n<p>Railakas rekilaulu alavutelaisen mestarikansanlaulaja Tiila Ilkan ohjelmistosta, j\u00e4lleen lauletaan viinasta.<\/p>\n<p>Antti J\u00e4rvel\u00e4: kontrabasso, laulu<br \/>\nAnne-Mari Kivim\u00e4ki: 5-rivinen haitari, laulu<br \/>\nPiia Kleemola: viulu, laulu<br \/>\nPetri Prauda: mandoliini, laulu<\/p>\n<p><strong>2. Ellin polkka<\/strong><br \/>\nS\u00e4v. trad.<\/p>\n<p>Ohjelmistossamme paikkansa vakiinnuttanut amerikansuomalaisen Viola Turpeisen soittama vauhdikas polkka, jossa on kuultavissa vaikutteita niin Maria Kalaniemen kuin Kiper\u00e4nkin tulkinnoista.<\/p>\n<p>Anne-Mari Kivim\u00e4ki: 5-rivinen haitari<br \/>\nPiia Kleemola: viulu<br \/>\nMika Virkkala: mandoliini<\/p>\n<p><strong>3. Nummij\u00e4rven venhot<\/strong><br \/>\nS\u00e4v. trad., san. trad., sov. Anne-Mari Kivim\u00e4ki, Piia Kleemola.<\/p>\n<p>Kauhajoen Nummij\u00e4rvell\u00e4 asuneen Kerttu Talvitien laulama rekilaulu on ilahduttanut yleis\u00f6\u00e4mme ymp\u00e4ri Pohjanmaata.<\/p>\n<p>Anne-Mari Kivim\u00e4ki: 5-rivinen haitari, laulu<br \/>\nPiia Kleemola: viulu, laulu<br \/>\nMika Virkkala: mandoliini<\/p>\n<p><strong>4. M\u00e4kel\u00e4\u00e4nen<\/strong><br \/>\nS\u00e4v. trad., sov. Anne-Mari Kivim\u00e4ki.<\/p>\n<p>Karun komea viulupolska kuortanelaisen Elias Tallarin ja jurvalaisen Eino Ketolan ohjelmistosta.<\/p>\n<p>Anne-Mari Kivim\u00e4ki: 5-rivinen haitari<br \/>\nPiia Kleemola: alttoviulu<br \/>\nMika Virkkala: viulu<\/p>\n<p><strong>5. Valssi Kauhajoelta<\/strong><\/p>\n<audio class=\"wp-audio-shortcode\" id=\"audio-1105-2\" preload=\"none\" style=\"width: 100%;\" controls=\"controls\"><source type=\"audio\/mpeg\" src=\"https:\/\/etno.net\/wp-content\/uploads\/2020\/10\/etn_fcd_042_042_sou_005_prv.mp3?_=2\" \/><a href=\"https:\/\/etno.net\/wp-content\/uploads\/2020\/10\/etn_fcd_042_042_sou_005_prv.mp3\">https:\/\/etno.net\/wp-content\/uploads\/2020\/10\/etn_fcd_042_042_sou_005_prv.mp3<\/a><\/audio>\n<p>S\u00e4v. trad.<\/p>\n<p>Viulisti Antero Haapasen soittama valssi Kauhajoen purpurista kuuluu ohjelmistomme perinteisemp\u00e4\u00e4n osastoon.<\/p>\n<p>Anne-Mari Kivim\u00e4ki: 5-rivinen haitari<br \/>\nPiia Kleemola: viulu<br \/>\nMika Virkkala: viulu<\/p>\n<p><strong>6. Kaksriviset<\/strong><br \/>\nS\u00e4v. trad.<\/p>\n<p>Juurevan polkkasikerm\u00e4n kappaleet &#8211; Mullin markinapolkka ja Kuortaneen polkka &#8211; on tallennettu edesmenneilt\u00e4 mestaripelimanneilta Aapeli Hautaselta Jalasj\u00e4rvelt\u00e4 ja Tauno Aholta Kuortaneelta.<\/p>\n<p>Anne-Mari Kivim\u00e4ki: 2-rivinen haitari<br \/>\nPiia Kleemola: viulu<br \/>\nMika Virkkala: mandoliini<\/p>\n<p><strong>7. Variksentappolaulu<\/strong><br \/>\nS\u00e4v. trad., san. trad., sov. Piia Kleemola.<\/p>\n<p>Kerttu Talvitielt\u00e4 muistiinmerkitty laulu josta muodostui nopeasti koululaiskonserttiemme hittikappale.<\/p>\n<p>Anne-Mari Kivim\u00e4ki: 5-rivinen haitari, laulu<br \/>\nPiia Kleemola: viulu, laulu<br \/>\nMika Virkkala: mandoliini<\/p>\n<p><strong>8. Kuura<\/strong><br \/>\nS\u00e4v. trad., sov. Anne-Mari Kivim\u00e4ki.<\/p>\n<p>Jouhikolle hyvin sopiva ruotsalainen l\u00e5ngdans-melodia jonka s\u00e4vyt tuovat mieleen kuuraiset pakkasp\u00e4iv\u00e4t lakeuksilla.<\/p>\n<p>Anne-Mari Kivim\u00e4ki: 2-rivinen haitari<br \/>\nPiia Kleemola: jouhikko<br \/>\nMika Virkkala: mandoliini<\/p>\n<p><strong>9. Kihlalaulu<\/strong><\/p>\n<audio class=\"wp-audio-shortcode\" id=\"audio-1105-3\" preload=\"none\" style=\"width: 100%;\" controls=\"controls\"><source type=\"audio\/mpeg\" src=\"https:\/\/etno.net\/wp-content\/uploads\/2020\/10\/etn_fcd_042_042_sou_009_prv.mp3?_=3\" \/><a href=\"https:\/\/etno.net\/wp-content\/uploads\/2020\/10\/etn_fcd_042_042_sou_009_prv.mp3\">https:\/\/etno.net\/wp-content\/uploads\/2020\/10\/etn_fcd_042_042_sou_009_prv.mp3<\/a><\/audio>\n<p>S\u00e4v. trad., san. trad., sov. Piia Kleemola.<\/p>\n<p>Kantele ja munniharppu rytmitt\u00e4v\u00e4t t\u00e4t\u00e4 Kerttu Talvitien ohjelmistosta l\u00f6ytynytt\u00e4 haikeaa rekilaulua.<\/p>\n<p>Antti J\u00e4rvel\u00e4: kitara<br \/>\nAnne-Mari Kivim\u00e4ki: 2-rivinen haitari, laulu<br \/>\nPiia Kleemola: 15-kielinen kantele, laulu<br \/>\nPetri Prauda: munniharppu<\/p>\n<p><strong>10. Kun en olisi kallistanu viinapikaria<\/strong><br \/>\nS\u00e4v. trad., san. trad., sov. Anne-Mari Kivim\u00e4ki.<\/p>\n<p>Tiila Ilkan laulama rekilaulu viinan vaaroista. S\u00e4kkipillin johdolla yllyt\u00e4\u00e4n unkarilaishenkiseen iloitteluun.<\/p>\n<p>Antti J\u00e4rvel\u00e4: kontrabasso, laulu<br \/>\nAnne-Mari Kivim\u00e4ki: 5-rivinen haitari, laulu<br \/>\nPiia Kleemola: viulu, laulu<br \/>\nPetri Prauda: s\u00e4kkipilli, laulu<\/p>\n<p><strong>11. Otatus<\/strong><br \/>\nS\u00e4v. Anne-Mari Kivim\u00e4ki, sov. Anne-Mari Kivim\u00e4ki.<\/p>\n<p>(Kappaleet 11 ja 12.) Tanssimusiikiksi s\u00e4velletty karjalaisia s\u00e4vyj\u00e4 sis\u00e4lt\u00e4v\u00e4 kokonaisuus. Hitaassa Otatuksessa etsit\u00e4\u00e4n sopivaa tanssiparia ja kappaleen vaihtuessa alkaa Vehtaus\u0085<\/p>\n<p>Antti J\u00e4rvel\u00e4: kitara, kontrabasso<br \/>\nAnne-Mari Kivim\u00e4ki: 5-rivinen haitari<br \/>\nPiia Kleemola: viulu<br \/>\nPetri Prauda: cittern<\/p>\n<p><strong>12. Vehtaus<\/strong><br \/>\nS\u00e4v. Anne-Mari Kivim\u00e4ki, Piia Kleemola, sov. Anne-Mari Kivim\u00e4ki.<\/p>\n<p>(Kappaleet 11 ja 12.) Tanssimusiikiksi s\u00e4velletty karjalaisia s\u00e4vyj\u00e4 sis\u00e4lt\u00e4v\u00e4 kokonaisuus. Hitaassa Otatuksessa etsit\u00e4\u00e4n sopivaa tanssiparia ja kappaleen vaihtuessa alkaa Vehtaus\u0085<\/p>\n<p>Antti J\u00e4rvel\u00e4: kitara, kontrabasso<br \/>\nAnne-Mari Kivim\u00e4ki: 5-rivinen haitari<br \/>\nPiia Kleemola: viulu<br \/>\nPetri Prauda: cittern<\/p>\n<p><strong>13. Kirjeen sulle kirjootan<\/strong><br \/>\nS\u00e4v. Jussi Asu, san. Jussi Asu, sov. Jonna Pirttijoki.<\/p>\n<p>(Esitt\u00e4j\u00e4: Jonna Pirttijoki)<br \/>\nJussi Asun klassikko Jonna Pirttijoen tuoreena tulkintana.<\/p>\n<p><strong>14. Hanhirenki<\/strong><br \/>\nS\u00e4v. trad., sov. Anne-Mari Kivim\u00e4ki.<\/p>\n<p>(Esitt\u00e4j\u00e4: Poka)<br \/>\nTiila Ilkan rallattama Hanhilammen saksanpolkka sek\u00e4 Jaana Rinta-Ruonan 2-rivisell\u00e4 haitarilla soittama Renki-Kallen polkka.<\/p>\n<p><strong>15. Juoru\u00e4mm\u00e4t<\/strong><br \/>\nS\u00e4v. Petri Sepp\u00e4l\u00e4, san. trad., sov. Petri Sepp\u00e4l\u00e4.<\/p>\n<p>(Esitt\u00e4j\u00e4: V\u00e4kk\u00e4r\u00e4)<br \/>\nYksi V\u00e4kk\u00e4r\u00e4n lempikappaleista, liek\u00f6 todellisuutensa vuoksi?<\/p>\n<p><strong>16. Matkalla oikeaan is\u00e4nmaahan<\/strong><br \/>\nS\u00e4v. Helena Ojaniemi, sov. Paul Oja.<\/p>\n<p>(Esitt\u00e4j\u00e4: Kauhajoen pelimannit)<br \/>\nHelena Ojaniemen s\u00e4velt\u00e4m\u00e4 kappale kauhajokisen mestaripelimanni Urho Myllym\u00e4en muistolle.<\/p>\n","protected":false},"excerpt":{"rendered":"<p>Hyv\u00e4 kuulija, kuuntelet &#8221;Kyl\u00e4pelimannit&#8221; \u2013 Etel\u00e4-Pohjanmaan kansanmusiikin kehitt\u00e4mishankkeen tuloksena syntynytt\u00e4 levy\u00e4. Levyll\u00e4 ovat mukana Kyl\u00e4pelimannit muusikkoyst\u00e4vineen sek\u00e4 paikalliset kansanmusiikin harrastajat joiden kanssa olemme ty\u00f6skennelleet projektimme aikana. Levyn kappaleet ovat p\u00e4\u00e4osin etel\u00e4pohjalaista perinnemusiikkia, n\u00e4it\u00e4 kappaleita olemme soittaneet projektimme kuluessa lukemattomilla keikoilla niin ala-asteilla, vanhainkodeissa kuin festivaaleillakin. Levy tarjoaa teille monipuolisen kuvan etel\u00e4pohjalaisen kansanmusiikin nykytilasta. Mukavia kuunteluhetki\u00e4!!<\/p>\n<p>Kiitokset: Kuusiokuntien ja Suupohjan alueiden kunnat, Aatos Rinta-Kosken perilliset, Seppo Sepponen, Marianne Maans.<\/p>\n<p>Anne-Mari Kivim\u00e4ki, Kuusiokuntien kyl\u00e4pelimanni; Piia Kleemola, Suupohjan kyl\u00e4pelimanni; Mika Virkkala, Projektip\u00e4\u00e4llikk\u00f6<\/p>","protected":false},"featured_media":1106,"comment_status":"closed","ping_status":"closed","template":"","meta":{"_acf_changed":false},"product_brand":[],"product_cat":[65],"product_tag":[],"class_list":{"0":"post-1105","1":"product","2":"type-product","3":"status-publish","4":"has-post-thumbnail","6":"product_cat-aanitteet","8":"first","9":"instock","10":"shipping-taxable","11":"product-type-simple"},"acf":[],"_links":{"self":[{"href":"https:\/\/etno.net\/en\/wp-json\/wp\/v2\/product\/1105","targetHints":{"allow":["GET"]}}],"collection":[{"href":"https:\/\/etno.net\/en\/wp-json\/wp\/v2\/product"}],"about":[{"href":"https:\/\/etno.net\/en\/wp-json\/wp\/v2\/types\/product"}],"replies":[{"embeddable":true,"href":"https:\/\/etno.net\/en\/wp-json\/wp\/v2\/comments?post=1105"}],"wp:featuredmedia":[{"embeddable":true,"href":"https:\/\/etno.net\/en\/wp-json\/wp\/v2\/media\/1106"}],"wp:attachment":[{"href":"https:\/\/etno.net\/en\/wp-json\/wp\/v2\/media?parent=1105"}],"wp:term":[{"taxonomy":"product_brand","embeddable":true,"href":"https:\/\/etno.net\/en\/wp-json\/wp\/v2\/product_brand?post=1105"},{"taxonomy":"product_cat","embeddable":true,"href":"https:\/\/etno.net\/en\/wp-json\/wp\/v2\/product_cat?post=1105"},{"taxonomy":"product_tag","embeddable":true,"href":"https:\/\/etno.net\/en\/wp-json\/wp\/v2\/product_tag?post=1105"}],"curies":[{"name":"wp","href":"https:\/\/api.w.org\/{rel}","templated":true}]}}