{"id":1110,"date":"2020-10-30T13:43:52","date_gmt":"2020-10-30T11:43:52","guid":{"rendered":"https:\/\/etno.net\/?post_type=product&#038;p=1110"},"modified":"2021-11-19T11:01:15","modified_gmt":"2021-11-19T09:01:15","slug":"mingled-years-hannu-kella-timo-alakotila","status":"publish","type":"product","link":"https:\/\/etno.net\/en\/julkaisu\/aanitteet\/mingled-years-hannu-kella-timo-alakotila","title":{"rendered":"Mingled Years &#8211; Hannu Kella &amp; Timo Alakotila"},"content":{"rendered":"<div class=\"field field-name-body field-type-text-with-summary field-label-hidden\">\n<div class=\"field-items\">\n<div class=\"field-item even\">\n<p>Mingled Years has been under construction since 2006. The idea was born when Timo and Hannu were discussing the huge backlog of compositions and arrangements which they have written for different theatre, film and dance projects throughout the last decade. Some of these pieces had been performed live only two or three times and the musicians felt it a shame that the music had never been recorded and released.<\/p>\n<p>It was a few years before the duo actively started to work on realizing this project and what a journey it became. The project began by collecting old tunes and choosing which ones to use but they also wanted to include new tunes and original material. Finally they decided on a wide spectrum of older tunes, new\u00a0ones and some which they composed specifically for this album.<\/p>\n<p><strong>Hannu Kella:<\/strong><\/p>\n<p>It has been a great honor for me to collaborate with my childhood musical hero, former teacher and one of the all time best musicians in Finnish folk music. One of the best feelings from this project was the sheer delight of composing together with Timo. I might, for example, start with an A-part and Timo would continue and expand from that. Then we improvised together and found the final form for the composition. Each piece was a special adventure.<\/p>\n<p>Altogether this has been a thrilling process and it has given me much joy and pleasure to work with Timo and all the other brilliant musicians who have contributed to this album.<\/p>\n<p><strong>Timo Alakotila:<\/strong><\/p>\n<p>This album is one of the biggest and most exciting projects with which I have been involved. Think of two musicians\/composers\/arrangers combining their powers with the result being much more that 1+1. Thank you, Hannu! It was also a thrill to work with such excellent musicians. Thanks to you all!<\/p>\n<\/div>\n<\/div>\n<\/div>\n<div class=\"field field-name-field-kamucd-koodi field-type-text field-label-inline clearfix\"><\/div>\n<div class=\"field field-name-field-kamucd-tallennusmaa field-type-text field-label-inline clearfix\">\n<div class=\"field-items\">\n<div class=\"field-item even\">Produced by <strong>Timo Alakotila<\/strong>\u00a0&amp;\u00a0<strong>Hannu Kella<\/strong><\/div>\n<\/div>\n<\/div>\n<div class=\"field field-name-field-kamucd-teknikot field-type-text-long field-label-hidden\">\n<div class=\"field-items\">\n<div class=\"field-item even\">\n<p>Recorded at Helsinki Music Centre studios (2015) by J<strong>uuso Raunio<\/strong>\u00a0(1-2, 5-7, 9-11)<br \/>\nand Kallio-Kuninkala studios (2006) by\u00a0<strong>Marko My\u00f6h\u00e4nen<\/strong>\u00a0(3-4, 8)<br \/>\nMixed by\u00a0<strong>Jyrki &#8221;Speedy&#8221; Saarinen<\/strong>\u00a0at Mediagents studios<br \/>\nMastered by\u00a0<strong>Svante Forsb\u00e4ck<\/strong>\u00a0at Chartmakers<br \/>\nCover art by\u00a0<strong>Marko M\u00e4kinen<\/strong><\/p>\n<\/div>\n<\/div>\n<\/div>\n<div class=\"field field-name-field-kamucd-yht-kokoonpano field-type-text-long field-label-inline clearfix\">\n<div class=\"field-label\">Muusikot:<\/div>\n<div class=\"field-items\">\n<div class=\"field-item even\">\n<p><strong>Timo Alakotila<\/strong>\u00a0&#8211; piano, harmonium<br \/>\n<strong>Hannu Kella<\/strong>\u00a0&#8211; accordion<br \/>\n<strong>Raisa P\u00e4ivinen\u00a0<\/strong>&#8211; violin<br \/>\n<strong>Esko J\u00e4rvel\u00e4<\/strong>\u00a0&#8211; violin<br \/>\n<strong>Salla Hakkola<\/strong>\u00a0&#8211; harp<br \/>\n<strong>Kaisa M\u00e4enp\u00e4\u00e4\u00a0<\/strong>&#8211; clarinet<br \/>\n<strong>Aile Hettula<\/strong>\u00a0&#8211; oboe<br \/>\n<strong>Ville Herrala<\/strong>\u00a0&#8211; double bass<br \/>\n<strong>Hannu Rantanen<\/strong>\u00a0&#8211; double bass<br \/>\n<strong>Jani Kivel\u00e4\u00a0<\/strong>&#8211; guitar<br \/>\n<strong>Minna Koskenlahti<\/strong>\u00a0&#8211; glockenspiel &amp; percussion<\/p>\n<p>String quartet:<br \/>\n<strong>Alina J\u00e4rvel\u00e4<\/strong>\u00a0&#8211; 1st violin<br \/>\n<strong>Tommi Asplund<\/strong>\u00a0&#8211; 2nd violin<br \/>\n<strong>Krishna Nagaraja<\/strong>\u00a0&#8211; viola<br \/>\n<strong>Riku Vartiainen<\/strong>\u00a0&#8211; cello<\/p>\n<p>Choir:<br \/>\n<strong>Kaisa Saarikorpi<br \/>\nMinna-Liisa Tammela<br \/>\nAnna Wiksten<br \/>\nLaura Kaartinen<\/strong><\/p>\n<\/div>\n<\/div>\n<\/div>\n<div class=\"field field-name-field-kamucd-raidat field-type-text-long field-label-hidden\">\n<div class=\"field-items\">\n<div class=\"field-item even\">\n<p>1.\u00a0<strong>Lobo de Oro<\/strong><\/p>\n<!--[if lt IE 9]><script>document.createElement('audio');<\/script><![endif]-->\n<audio class=\"wp-audio-shortcode\" id=\"audio-1110-1\" preload=\"none\" style=\"width: 100%;\" controls=\"controls\"><source type=\"audio\/mpeg\" src=\"https:\/\/etno.net\/wp-content\/uploads\/2020\/10\/01_lobo_de_oro_etnonet.mp3?_=1\" \/><a href=\"https:\/\/etno.net\/wp-content\/uploads\/2020\/10\/01_lobo_de_oro_etnonet.mp3\">https:\/\/etno.net\/wp-content\/uploads\/2020\/10\/01_lobo_de_oro_etnonet.mp3<\/a><\/audio>\n<p>2. Matrimonio<\/p>\n<p>3. Vals 333<\/p>\n<p>4. Arctic Halo<\/p>\n<p>5.\u00a0<strong>Sundown Prelude<\/strong><\/p>\n<audio class=\"wp-audio-shortcode\" id=\"audio-1110-2\" preload=\"none\" style=\"width: 100%;\" controls=\"controls\"><source type=\"audio\/mpeg\" src=\"https:\/\/etno.net\/wp-content\/uploads\/2020\/10\/05_sundown_prelude_etnonet.mp3?_=2\" \/><a href=\"https:\/\/etno.net\/wp-content\/uploads\/2020\/10\/05_sundown_prelude_etnonet.mp3\">https:\/\/etno.net\/wp-content\/uploads\/2020\/10\/05_sundown_prelude_etnonet.mp3<\/a><\/audio>\n<p>6. Raceroller<\/p>\n<p>7. Lampaan polska<\/p>\n<p>8. Minglewaltz<\/p>\n<p>9. Kuma<\/p>\n<p>10. Olavin polska<\/p>\n<p>11.\u00a0<strong>Sorrow March<\/strong><\/p>\n<audio class=\"wp-audio-shortcode\" id=\"audio-1110-3\" preload=\"none\" style=\"width: 100%;\" controls=\"controls\"><source type=\"audio\/mpeg\" src=\"https:\/\/etno.net\/wp-content\/uploads\/2020\/10\/11_sorrow_march_etnonet.mp3?_=3\" \/><a href=\"https:\/\/etno.net\/wp-content\/uploads\/2020\/10\/11_sorrow_march_etnonet.mp3\">https:\/\/etno.net\/wp-content\/uploads\/2020\/10\/11_sorrow_march_etnonet.mp3<\/a><\/audio>\n<\/div>\n<\/div>\n<\/div>\n","protected":false},"excerpt":{"rendered":"<p>Mingled Years has been under construction since 2006. The idea was born when Timo and Hannu were discussing the huge backlog of compositions and arrangements which they have written for different theatre, film and dance projects throughout the last decade. Some of these pieces had been performed live only two or three times and the [&hellip;]<\/p>\n","protected":false},"featured_media":1114,"comment_status":"closed","ping_status":"closed","template":"","meta":{"_acf_changed":false},"product_brand":[],"product_cat":[65],"product_tag":[],"class_list":{"0":"post-1110","1":"product","2":"type-product","3":"status-publish","4":"has-post-thumbnail","6":"product_cat-aanitteet","8":"first","9":"instock","10":"shipping-taxable","11":"product-type-simple"},"acf":[],"_links":{"self":[{"href":"https:\/\/etno.net\/en\/wp-json\/wp\/v2\/product\/1110","targetHints":{"allow":["GET"]}}],"collection":[{"href":"https:\/\/etno.net\/en\/wp-json\/wp\/v2\/product"}],"about":[{"href":"https:\/\/etno.net\/en\/wp-json\/wp\/v2\/types\/product"}],"replies":[{"embeddable":true,"href":"https:\/\/etno.net\/en\/wp-json\/wp\/v2\/comments?post=1110"}],"wp:featuredmedia":[{"embeddable":true,"href":"https:\/\/etno.net\/en\/wp-json\/wp\/v2\/media\/1114"}],"wp:attachment":[{"href":"https:\/\/etno.net\/en\/wp-json\/wp\/v2\/media?parent=1110"}],"wp:term":[{"taxonomy":"product_brand","embeddable":true,"href":"https:\/\/etno.net\/en\/wp-json\/wp\/v2\/product_brand?post=1110"},{"taxonomy":"product_cat","embeddable":true,"href":"https:\/\/etno.net\/en\/wp-json\/wp\/v2\/product_cat?post=1110"},{"taxonomy":"product_tag","embeddable":true,"href":"https:\/\/etno.net\/en\/wp-json\/wp\/v2\/product_tag?post=1110"}],"curies":[{"name":"wp","href":"https:\/\/api.w.org\/{rel}","templated":true}]}}