{"id":1115,"date":"2020-10-30T13:48:54","date_gmt":"2020-10-30T11:48:54","guid":{"rendered":"https:\/\/etno.net\/?post_type=product&#038;p=1115"},"modified":"2021-11-19T11:02:23","modified_gmt":"2021-11-19T09:02:23","slug":"subsonic-trio-sonic-migration","status":"publish","type":"product","link":"https:\/\/etno.net\/en\/julkaisu\/aanitteet\/subsonic-trio-sonic-migration","title":{"rendered":"Subsonic Trio &#8211; Sonic Migration"},"content":{"rendered":"<div class=\"field field-name-field-kamucd-teknikot field-type-text-long field-label-hidden\">\n<div class=\"field-items\">\n<div class=\"field-item even\">\n<p>Produced by Subtronic Trio and\u00a0<strong>Mikko Raita<\/strong><br \/>\nExecutive producer\u00a0<strong>Jyri Lehtonen<\/strong>\u00a0\/ Bafe&#8217;s Factory<br \/>\nRecorded and and mixed by\u00a0<strong>Mikko Raita<\/strong>\u00a0\/ Studio Kekkonen 17-20 September 2016<br \/>\nAssistant recording engineer\u00a0<strong>Ville Salminen<\/strong><br \/>\nMastered by J<strong>aakko Viital\u00e4hde<\/strong>\u00a0at Virtal\u00e4hde mastering<br \/>\nGraphic design by\u00a0<strong>JImmy Tr\u00e4skelin<\/strong><br \/>\nTrio photo by\u00a0<strong>Kalle Kallio<\/strong><br \/>\nHand drawn birds by\u00a0<strong>Kai Thomson<\/strong><\/p>\n<\/div>\n<\/div>\n<\/div>\n<div class=\"field field-name-field-kamucd-yht-kokoonpano field-type-text-long field-label-inline clearfix\">\n<div class=\"field-label\">Muusikot:<\/div>\n<div class=\"field-items\">\n<div class=\"field-item even\">\n<p><strong>Adriano\u00a0Adewale (Brazil)<\/strong>\u00a0percussion, vocals<br \/>\n<strong>Kristiina Ilmonen (Finland)\u00a0<\/strong>flutes, liru, percussion, vocals<br \/>\n<strong>Nathan Riki Thomson (Australia)<\/strong>\u00a0double bass, kalimba, Maori flute, Wagogo flute, vocals<\/p>\n<\/div>\n<\/div>\n<\/div>\n<div class=\"field field-name-field-kamucd-raidat field-type-text-long field-label-hidden\">\n<div class=\"field-items\">\n<div class=\"field-item even\">\n<p><strong>1. Impilahti Hop<\/strong><\/p>\n<p>(Trad \/ Subsonic Trio)<\/p>\n<!--[if lt IE 9]><script>document.createElement('audio');<\/script><![endif]-->\n<audio class=\"wp-audio-shortcode\" id=\"audio-1115-1\" preload=\"none\" style=\"width: 100%;\" controls=\"controls\"><source type=\"audio\/mpeg\" src=\"https:\/\/etno.net\/wp-content\/uploads\/2020\/10\/1_impilahti_hop_2.mp3?_=1\" \/><a href=\"https:\/\/etno.net\/wp-content\/uploads\/2020\/10\/1_impilahti_hop_2.mp3\">https:\/\/etno.net\/wp-content\/uploads\/2020\/10\/1_impilahti_hop_2.mp3<\/a><\/audio>\n<p>2. Dance of the Forest Creatures<\/p>\n<p>(Subsonic Trio)<\/p>\n<p>3. Kes\u00e4y\u00f6 \/ Summer Night<\/p>\n<p>(Trad \/ Subsonic Trio)<\/p>\n<p>4. Krannin prunnista<\/p>\n<p>(Subsonic Trio)<\/p>\n<p>5. Bosques Sagrados<\/p>\n<p>(Subsonic Trio)<\/p>\n<p>6. View from Above<\/p>\n<p>(Subsonic Trio)<\/p>\n<p><strong>7. \u00c4l\u00e4 sin\u00e4 flikka<\/strong><\/p>\n<p>(Trad \/ Subsonic Trio)<\/p>\n<audio class=\"wp-audio-shortcode\" id=\"audio-1115-2\" preload=\"none\" style=\"width: 100%;\" controls=\"controls\"><source type=\"audio\/mpeg\" src=\"https:\/\/etno.net\/wp-content\/uploads\/2020\/10\/ala_sina_flikka.mp3?_=2\" \/><a href=\"https:\/\/etno.net\/wp-content\/uploads\/2020\/10\/ala_sina_flikka.mp3\">https:\/\/etno.net\/wp-content\/uploads\/2020\/10\/ala_sina_flikka.mp3<\/a><\/audio>\n<p>8. Deusa das \u00c0guas \/ Goddess of the Waters<\/p>\n<p>(Subsonic Trio)<\/p>\n<p>9. MIgration of the Night Birds<\/p>\n<p>(Subsonic Trio)<\/p>\n<p><strong>10. Journey till Dawn<\/strong><\/p>\n<p>(Subsonic Trio)<\/p>\n<audio class=\"wp-audio-shortcode\" id=\"audio-1115-3\" preload=\"none\" style=\"width: 100%;\" controls=\"controls\"><source type=\"audio\/mpeg\" src=\"https:\/\/etno.net\/wp-content\/uploads\/2020\/10\/jorney_till_dawn_2.mp3?_=3\" \/><a href=\"https:\/\/etno.net\/wp-content\/uploads\/2020\/10\/jorney_till_dawn_2.mp3\">https:\/\/etno.net\/wp-content\/uploads\/2020\/10\/jorney_till_dawn_2.mp3<\/a><\/audio>\n<p>11. A Distant Memory<\/p>\n<p>(Subsonic Trio)<\/p>\n<p>&nbsp;<\/p>\n<p>Traditional tunes:<br \/>\n<em>Impilahti Hop<\/em>: Bowed lyre (jouhikko) melody &#8221;Laulu&#8221; played by Feodor Pratsu,<br \/>\nKoirinoja, Impilahti. REcorded by A.O. V\u00e4is\u00e4nen 1916.<br \/>\n<em>Kes\u00e4y\u00f6 \/ Summer Night:\u00a0<\/em>From Maria Helena Spoof&#8217;s (1768-1828) notebook.<br \/>\n<em>\u00c4l\u00e4 sin\u00e4 flikka:\u00a0<\/em>The first part of the melody is from a folk song from Kauhava,<br \/>\nsung by Jussi Erkkil\u00e4, collected by Toivo Kuula 1907.<\/p>\n<\/div>\n<\/div>\n<\/div>\n","protected":false},"excerpt":{"rendered":"<p>Produced by Subtronic Trio and\u00a0Mikko Raita Executive producer\u00a0Jyri Lehtonen\u00a0\/ Bafe&#8217;s Factory Recorded and and mixed by\u00a0Mikko Raita\u00a0\/ Studio Kekkonen 17-20 September 2016 Assistant recording engineer\u00a0Ville Salminen Mastered by Jaakko Viital\u00e4hde\u00a0at Virtal\u00e4hde mastering Graphic design by\u00a0JImmy Tr\u00e4skelin Trio photo by\u00a0Kalle Kallio Hand drawn birds by\u00a0Kai Thomson Muusikot: Adriano\u00a0Adewale (Brazil)\u00a0percussion, vocals Kristiina Ilmonen (Finland)\u00a0flutes, liru, percussion, vocals [&hellip;]<\/p>\n","protected":false},"featured_media":1119,"comment_status":"closed","ping_status":"closed","template":"","meta":{"_acf_changed":false},"product_brand":[],"product_cat":[65],"product_tag":[],"class_list":{"0":"post-1115","1":"product","2":"type-product","3":"status-publish","4":"has-post-thumbnail","6":"product_cat-aanitteet","8":"first","9":"instock","10":"shipping-taxable","11":"product-type-simple"},"acf":[],"_links":{"self":[{"href":"https:\/\/etno.net\/en\/wp-json\/wp\/v2\/product\/1115","targetHints":{"allow":["GET"]}}],"collection":[{"href":"https:\/\/etno.net\/en\/wp-json\/wp\/v2\/product"}],"about":[{"href":"https:\/\/etno.net\/en\/wp-json\/wp\/v2\/types\/product"}],"replies":[{"embeddable":true,"href":"https:\/\/etno.net\/en\/wp-json\/wp\/v2\/comments?post=1115"}],"wp:featuredmedia":[{"embeddable":true,"href":"https:\/\/etno.net\/en\/wp-json\/wp\/v2\/media\/1119"}],"wp:attachment":[{"href":"https:\/\/etno.net\/en\/wp-json\/wp\/v2\/media?parent=1115"}],"wp:term":[{"taxonomy":"product_brand","embeddable":true,"href":"https:\/\/etno.net\/en\/wp-json\/wp\/v2\/product_brand?post=1115"},{"taxonomy":"product_cat","embeddable":true,"href":"https:\/\/etno.net\/en\/wp-json\/wp\/v2\/product_cat?post=1115"},{"taxonomy":"product_tag","embeddable":true,"href":"https:\/\/etno.net\/en\/wp-json\/wp\/v2\/product_tag?post=1115"}],"curies":[{"name":"wp","href":"https:\/\/api.w.org\/{rel}","templated":true}]}}