{"id":1120,"date":"2020-10-30T13:55:41","date_gmt":"2020-10-30T11:55:41","guid":{"rendered":"https:\/\/etno.net\/?post_type=product&#038;p=1120"},"modified":"2021-11-19T11:03:08","modified_gmt":"2021-11-19T09:03:08","slug":"hyva-trio-loistava","status":"publish","type":"product","link":"https:\/\/etno.net\/en\/julkaisu\/aanitteet\/hyva-trio-loistava","title":{"rendered":"Hyv\u00e4 Trio &#8211; Loistava"},"content":{"rendered":"<div class=\"field field-name-body field-type-text-with-summary field-label-hidden\">\n<div class=\"field-items\">\n<div class=\"field-item even\">\n<p>Hyv\u00e4 trio kohtasi Kokkolassa vuonna 2006 ja halusi tehd\u00e4 omanlaista hullun heitt\u00e4ytyv\u00e4\u00e4 musiikkia perinteen temmellyskent\u00e4ll\u00e4.<br \/>\nLoistava on Hyv\u00e4 trion toinen julkaisu ja 10-vuotisjuhlalevy, johon mahtuu tuliaisia Suomen lis\u00e4ksi reissuiltamme Viroon, Islantiin ja elettyyn el\u00e4m\u00e4\u00e4n.<\/p>\n<p>Hyv\u00e4 trio met in Kokkola in a year 2006 and wanted to make it&#8217;s own kind of crazy spellbinding music in the playground of tradition.<br \/>\nLoistava is Hyv\u00e4 trio&#8217;s second publication and 10-year anniversary album which contains souvenirs from Finland and from our trip to Estonia, Iceland and life experiences.<\/p>\n<\/div>\n<\/div>\n<\/div>\n<div class=\"field field-name-field-kamucd-koodi field-type-text field-label-inline clearfix\">\n<div class=\"field-label\">Koodi:<\/div>\n<div class=\"field-items\">\n<div class=\"field-item even\">HYVA-02<\/div>\n<\/div>\n<\/div>\n<div class=\"field field-name-field-kamucd-kustantaja field-type-text field-label-inline clearfix\">\n<div class=\"field-label\">Kustantaja:<\/div>\n<div class=\"field-items\">\n<div class=\"field-item even\">Hyv\u00e4 trio<\/div>\n<\/div>\n<\/div>\n<div class=\"field field-name-field-kamucd-julk-vuosi field-type-date field-label-inline clearfix\">\n<div class=\"field-label\">Julkaisuvuosi:<\/div>\n<div class=\"field-items\">\n<div class=\"field-item even\">2016-01-01T00:00:00<\/div>\n<\/div>\n<\/div>\n<div class=\"field field-name-field-kamucd-aanitysvuosi field-type-text field-label-inline clearfix\">\n<div class=\"field-label\">\u00c4\u00e4nitysvuosi:<\/div>\n<div class=\"field-items\">\n<div class=\"field-item even\">2016<\/div>\n<\/div>\n<\/div>\n<div class=\"field field-name-field-kamucd-tallennusmaa field-type-text field-label-inline clearfix\">\n<div class=\"field-label\">\u00c4\u00e4nitysmaa:<\/div>\n<div class=\"field-items\">\n<div class=\"field-item even\">Suomi<\/div>\n<\/div>\n<\/div>\n<div class=\"field field-name-field-kamucd-teknikot field-type-text-long field-label-hidden\">\n<div class=\"field-items\">\n<div class=\"field-item even\">\n<p>Mikko H. Haapoja<br \/>\nTaito Hoffr\u00e8n<\/p>\n<\/div>\n<\/div>\n<\/div>\n<div class=\"field field-name-field-kamucd-yht-kokoonpano field-type-text-long field-label-inline clearfix\">\n<div class=\"field-label\">Muusikot:<\/div>\n<div class=\"field-items\">\n<div class=\"field-item even\">\n<p>Elina Lappalainen: kontrabasso, mandoliini, laulu<br \/>\nUlla-Sisko Jauhiainen: kanteleet, jouhikko, laulu<br \/>\nAmanda Kauranne: laulu, ly\u00f6m\u00e4soittimet, munniharppu, harmooni<\/p>\n<p>Vierailija: Eedia-lehm\u00e4: ammuminen (5)<\/p>\n<\/div>\n<\/div>\n<\/div>\n<div class=\"field field-name-field-kamucd-raidat field-type-text-long field-label-hidden\">\n<div class=\"field-items\">\n<div class=\"field-item even\">\n<p><strong>1. Prinsessalaulu<\/strong><\/p>\n<p>S\u00e4v. &amp; san. U-SJ sov. HT<\/p>\n<!--[if lt IE 9]><script>document.createElement('audio');<\/script><![endif]-->\n<audio class=\"wp-audio-shortcode\" id=\"audio-1120-1\" preload=\"none\" style=\"width: 100%;\" controls=\"controls\"><source type=\"audio\/mpeg\" src=\"https:\/\/etno.net\/wp-content\/uploads\/2020\/10\/prinsessa_laului.mp3?_=1\" \/><a href=\"https:\/\/etno.net\/wp-content\/uploads\/2020\/10\/prinsessa_laului.mp3\">https:\/\/etno.net\/wp-content\/uploads\/2020\/10\/prinsessa_laului.mp3<\/a><\/audio>\n<p>2. T\u00e4ysille maljoille<\/p>\n<p>S\u00e4v. &amp; san. trad, laulanu Ilkka, sov. AK &amp; HT, composition &amp; lyrics trad, sung by tila Ilkka, arr. AK &amp; HT<\/p>\n<p>3. Kissaviikolla<\/p>\n<p>S\u00e4v. san. Matti Koskinen, sov. U-SJ + HT<\/p>\n<p>4. M\u00cdna d\u00e0 mundi&#8217; \u00e8g denja v\u00e6ngi \u00fat<\/p>\n<p>S\u00e4v. &amp; san. trad Islannista, sov. HT<\/p>\n<p>5. H\u00e4rgvasika<\/p>\n<p>s\u00e4v. &amp; san. trad Virosta, sov\u00a0U-SJ &amp; HT<\/p>\n<p><strong>6. Vanhanpiian rakkauslaulu<\/strong><\/p>\n<p>S\u00e4v. &amp; san. &amp; sov. U-SJ<\/p>\n<audio class=\"wp-audio-shortcode\" id=\"audio-1120-2\" preload=\"none\" style=\"width: 100%;\" controls=\"controls\"><source type=\"audio\/mpeg\" src=\"https:\/\/etno.net\/wp-content\/uploads\/2020\/10\/vanhanpiian_rakkauslaulu.mp3?_=2\" \/><a href=\"https:\/\/etno.net\/wp-content\/uploads\/2020\/10\/vanhanpiian_rakkauslaulu.mp3\">https:\/\/etno.net\/wp-content\/uploads\/2020\/10\/vanhanpiian_rakkauslaulu.mp3<\/a><\/audio>\n<p>7. J\u00e4\u00e4hyv\u00e4iset<\/p>\n<p>San. trad, laulanut Domna Huovinenm s\u00e4v. trad. &amp; AK, sov.\u00a0AK\u00a0+ HT<\/p>\n<p>8. Alakulo<\/p>\n<p>S\u00e4v. EL, Sov. EL &amp; AK<\/p>\n<p><strong>9. Kantarelli sek\u00e4 koivu eli pienin yhteinen jaettava\u00a0<\/strong><\/p>\n<p>S\u00e4v. &amp; san. AK, sov. HT, composition &amp; lyrics AK, arr. HT<\/p>\n<audio class=\"wp-audio-shortcode\" id=\"audio-1120-3\" preload=\"none\" style=\"width: 100%;\" controls=\"controls\"><source type=\"audio\/mpeg\" src=\"https:\/\/etno.net\/wp-content\/uploads\/2020\/10\/kantarelli_seka_koivu_eli_pienin_yhteinen_jaettava.mp3?_=3\" \/><a href=\"https:\/\/etno.net\/wp-content\/uploads\/2020\/10\/kantarelli_seka_koivu_eli_pienin_yhteinen_jaettava.mp3\">https:\/\/etno.net\/wp-content\/uploads\/2020\/10\/kantarelli_seka_koivu_eli_pienin_yhteinen_jaettava.mp3<\/a><\/audio>\n<\/div>\n<\/div>\n<\/div>\n","protected":false},"excerpt":{"rendered":"<p>Hyv\u00e4 trio kohtasi Kokkolassa vuonna 2006 ja halusi tehd\u00e4 omanlaista hullun heitt\u00e4ytyv\u00e4\u00e4 musiikkia perinteen temmellyskent\u00e4ll\u00e4. Loistava on Hyv\u00e4 trion toinen julkaisu ja 10-vuotisjuhlalevy, johon mahtuu tuliaisia Suomen lis\u00e4ksi reissuiltamme Viroon, Islantiin ja elettyyn el\u00e4m\u00e4\u00e4n. Hyv\u00e4 trio met in Kokkola in a year 2006 and wanted to make it&#8217;s own kind of crazy spellbinding music in [&hellip;]<\/p>\n","protected":false},"featured_media":1124,"comment_status":"closed","ping_status":"closed","template":"","meta":{"_acf_changed":false},"product_brand":[],"product_cat":[65],"product_tag":[],"class_list":{"0":"post-1120","1":"product","2":"type-product","3":"status-publish","4":"has-post-thumbnail","6":"product_cat-aanitteet","8":"first","9":"instock","10":"shipping-taxable","11":"product-type-simple"},"acf":[],"_links":{"self":[{"href":"https:\/\/etno.net\/en\/wp-json\/wp\/v2\/product\/1120","targetHints":{"allow":["GET"]}}],"collection":[{"href":"https:\/\/etno.net\/en\/wp-json\/wp\/v2\/product"}],"about":[{"href":"https:\/\/etno.net\/en\/wp-json\/wp\/v2\/types\/product"}],"replies":[{"embeddable":true,"href":"https:\/\/etno.net\/en\/wp-json\/wp\/v2\/comments?post=1120"}],"wp:featuredmedia":[{"embeddable":true,"href":"https:\/\/etno.net\/en\/wp-json\/wp\/v2\/media\/1124"}],"wp:attachment":[{"href":"https:\/\/etno.net\/en\/wp-json\/wp\/v2\/media?parent=1120"}],"wp:term":[{"taxonomy":"product_brand","embeddable":true,"href":"https:\/\/etno.net\/en\/wp-json\/wp\/v2\/product_brand?post=1120"},{"taxonomy":"product_cat","embeddable":true,"href":"https:\/\/etno.net\/en\/wp-json\/wp\/v2\/product_cat?post=1120"},{"taxonomy":"product_tag","embeddable":true,"href":"https:\/\/etno.net\/en\/wp-json\/wp\/v2\/product_tag?post=1120"}],"curies":[{"name":"wp","href":"https:\/\/api.w.org\/{rel}","templated":true}]}}