{"id":1127,"date":"2020-11-04T11:54:50","date_gmt":"2020-11-04T09:54:50","guid":{"rendered":"https:\/\/etno.net\/?post_type=product&#038;p=1127"},"modified":"2021-12-23T14:35:05","modified_gmt":"2021-12-23T12:35:05","slug":"pekka-lehti-outo-voima","status":"publish","type":"product","link":"https:\/\/etno.net\/en\/julkaisu\/aanitteet\/pekka-lehti-outo-voima","title":{"rendered":"Pekka Lehti &amp; Outo Voima"},"content":{"rendered":"<p>Tuottaja: Pekka Lehti<br \/>\n\u00c4\u00e4nitt\u00e4j\u00e4: Janne Viksten, Janne Haavisto<br \/>\nMiksaaja: Janne Viksten<\/p>\n<p><strong>1. Zen<\/strong><br \/>\nS\u00e4v. Jouko Kyh\u00e4l\u00e4, Pekka Lehti, Marko Timonen, sov. Jouko Kyh\u00e4l\u00e4, Pekka Lehti, Marko Timonen.<\/p>\n<p>Jouko Kyh\u00e4l\u00e4: kantele<br \/>\nPekka Lehti: kontrabasso<br \/>\nMarko Timonen: ly\u00f6m\u00e4soittimet<\/p>\n<p><strong>2. Snadina<\/strong><br \/>\nS\u00e4v. Pekka Lehti, sov. Jouko Kyh\u00e4l\u00e4, Pekka Lehti, Marko Timonen.<\/p>\n<p>Jouko Kyh\u00e4l\u00e4: harmooni, huuliharppu, kantele (loopit)<br \/>\nPekka Lehti: kontrabasso<br \/>\nMarko Timonen: ly\u00f6m\u00e4soittimet<\/p>\n<p><strong>3. Artsi<\/strong><\/p>\n<!--[if lt IE 9]><script>document.createElement('audio');<\/script><![endif]-->\n<audio class=\"wp-audio-shortcode\" id=\"audio-1127-1\" preload=\"none\" style=\"width: 100%;\" controls=\"controls\"><source type=\"audio\/mpeg\" src=\"https:\/\/etno.net\/wp-content\/uploads\/2020\/11\/etn_fcd_043_043_sou_003_prv.mp3?_=1\" \/><a href=\"https:\/\/etno.net\/wp-content\/uploads\/2020\/11\/etn_fcd_043_043_sou_003_prv.mp3\">https:\/\/etno.net\/wp-content\/uploads\/2020\/11\/etn_fcd_043_043_sou_003_prv.mp3<\/a><\/audio>\n<p>&nbsp;<\/p>\n<p>S\u00e4v. Pekka Lehti, sov. Jouko Kyh\u00e4l\u00e4, Pekka Lehti, Marko Timonen.<\/p>\n<p>Jouko Kyh\u00e4l\u00e4: bassohuuliharppu, claviola, kantele (loopit)<br \/>\nPekka Lehti: kontrabasso<br \/>\nMarko Timonen: ly\u00f6m\u00e4soittimet<\/p>\n<p><strong>4. Ite<\/strong><br \/>\nS\u00e4v. Pekka Lehti, sov. Jouko Kyh\u00e4l\u00e4, Pekka Lehti, Marko Timonen.<\/p>\n<p>Jouko Kyh\u00e4l\u00e4: harmooni, huuliharppu<br \/>\nPekka Lehti: kontrabasso<br \/>\nMarko Timonen: ly\u00f6m\u00e4soittimet<\/p>\n<p><strong>5. Jenkka skitsofrenia<\/strong><\/p>\n<audio class=\"wp-audio-shortcode\" id=\"audio-1127-2\" preload=\"none\" style=\"width: 100%;\" controls=\"controls\"><source type=\"audio\/mpeg\" src=\"https:\/\/etno.net\/wp-content\/uploads\/2020\/11\/etn_fcd_043_043_sou_005_prv.mp3?_=2\" \/><a href=\"https:\/\/etno.net\/wp-content\/uploads\/2020\/11\/etn_fcd_043_043_sou_005_prv.mp3\">https:\/\/etno.net\/wp-content\/uploads\/2020\/11\/etn_fcd_043_043_sou_005_prv.mp3<\/a><\/audio>\n<p>S\u00e4v. Jouko Kyh\u00e4l\u00e4.<\/p>\n<p>Jouko Kyh\u00e4l\u00e4: harmooni<br \/>\nPekka Lehti: kontrabasso<br \/>\nMarko Timonen: ly\u00f6m\u00e4soittimet<\/p>\n<p><strong>6. Skrubu<\/strong><\/p>\n<audio class=\"wp-audio-shortcode\" id=\"audio-1127-3\" preload=\"none\" style=\"width: 100%;\" controls=\"controls\"><source type=\"audio\/mpeg\" src=\"https:\/\/etno.net\/wp-content\/uploads\/2020\/11\/etn_fcd_043_043_sou_006_prv.mp3?_=3\" \/><a href=\"https:\/\/etno.net\/wp-content\/uploads\/2020\/11\/etn_fcd_043_043_sou_006_prv.mp3\">https:\/\/etno.net\/wp-content\/uploads\/2020\/11\/etn_fcd_043_043_sou_006_prv.mp3<\/a><\/audio>\n<p>S\u00e4v. Pekka Lehti, sov. Jouko Kyh\u00e4l\u00e4, Pekka Lehti, Marko Timonen.<\/p>\n<p>Jouko Kyh\u00e4l\u00e4: harmooni, melodika<br \/>\nPekka Lehti: kontrabasso<br \/>\nMarko Timonen: ly\u00f6m\u00e4soittimet<\/p>\n<p><strong>7. Kumma<\/strong><br \/>\nS\u00e4v. Pekka Lehti, sov. Jouko Kyh\u00e4l\u00e4, Pekka Lehti, Marko Timonen.<\/p>\n<p>Jouko Kyh\u00e4l\u00e4: huuliharppu, bassohuuliharppu, yl\u00e4s\u00e4vellaulu<br \/>\nPekka Lehti: kontrabasso<br \/>\nMarko Timonen: ly\u00f6m\u00e4soittimet<\/p>\n<p><strong>8. Kultaranta<\/strong><br \/>\nS\u00e4v. Pekka Lehti, sov. Jouko Kyh\u00e4l\u00e4, Pekka Lehti, Marko Timonen.<\/p>\n<p>Jouko Kyh\u00e4l\u00e4: harmooni<br \/>\nPekka Lehti: kontrabasso<br \/>\nMarko Timonen: ly\u00f6m\u00e4soittimet<\/p>\n","protected":false},"excerpt":{"rendered":"<p>Tuottaja: Pekka Lehti \u00c4\u00e4nitt\u00e4j\u00e4: Janne Viksten, Janne Haavisto Miksaaja: Janne Viksten 1. Zen S\u00e4v. Jouko Kyh\u00e4l\u00e4, Pekka Lehti, Marko Timonen, sov. Jouko Kyh\u00e4l\u00e4, Pekka Lehti, Marko Timonen. Jouko Kyh\u00e4l\u00e4: kantele Pekka Lehti: kontrabasso Marko Timonen: ly\u00f6m\u00e4soittimet 2. Snadina S\u00e4v. Pekka Lehti, sov. Jouko Kyh\u00e4l\u00e4, Pekka Lehti, Marko Timonen. Jouko Kyh\u00e4l\u00e4: harmooni, huuliharppu, kantele (loopit) Pekka [&hellip;]<\/p>\n","protected":false},"featured_media":1128,"comment_status":"closed","ping_status":"closed","template":"","meta":{"_acf_changed":false},"product_brand":[],"product_cat":[65],"product_tag":[],"class_list":{"0":"post-1127","1":"product","2":"type-product","3":"status-publish","4":"has-post-thumbnail","6":"product_cat-aanitteet","8":"first","9":"instock","10":"shipping-taxable","11":"product-type-simple"},"acf":[],"_links":{"self":[{"href":"https:\/\/etno.net\/en\/wp-json\/wp\/v2\/product\/1127","targetHints":{"allow":["GET"]}}],"collection":[{"href":"https:\/\/etno.net\/en\/wp-json\/wp\/v2\/product"}],"about":[{"href":"https:\/\/etno.net\/en\/wp-json\/wp\/v2\/types\/product"}],"replies":[{"embeddable":true,"href":"https:\/\/etno.net\/en\/wp-json\/wp\/v2\/comments?post=1127"}],"wp:featuredmedia":[{"embeddable":true,"href":"https:\/\/etno.net\/en\/wp-json\/wp\/v2\/media\/1128"}],"wp:attachment":[{"href":"https:\/\/etno.net\/en\/wp-json\/wp\/v2\/media?parent=1127"}],"wp:term":[{"taxonomy":"product_brand","embeddable":true,"href":"https:\/\/etno.net\/en\/wp-json\/wp\/v2\/product_brand?post=1127"},{"taxonomy":"product_cat","embeddable":true,"href":"https:\/\/etno.net\/en\/wp-json\/wp\/v2\/product_cat?post=1127"},{"taxonomy":"product_tag","embeddable":true,"href":"https:\/\/etno.net\/en\/wp-json\/wp\/v2\/product_tag?post=1127"}],"curies":[{"name":"wp","href":"https:\/\/api.w.org\/{rel}","templated":true}]}}