{"id":1132,"date":"2020-11-04T11:58:04","date_gmt":"2020-11-04T09:58:04","guid":{"rendered":"https:\/\/etno.net\/?post_type=product&#038;p=1132"},"modified":"2021-12-23T14:34:38","modified_gmt":"2021-12-23T12:34:38","slug":"duo-milla-viljamaa-johanna-juhola-piazzolla-passage","status":"publish","type":"product","link":"https:\/\/etno.net\/en\/julkaisu\/aanitteet\/duo-milla-viljamaa-johanna-juhola-piazzolla-passage","title":{"rendered":"Duo Milla Viljamaa &amp; Johanna Juhola: Piazzolla Passage"},"content":{"rendered":"<p>\u00c4\u00e4nitys, editointi ja masterointi: Matti Heinonen<br \/>\nRecording Producer: Timo Alakotila<br \/>\nExecutive producer \/ A&amp;R: Jari Tiessalo<\/p>\n<p><strong>1. Fuga y misterio<\/strong><br \/>\nS\u00e4v. Astor Piazzolla, sov. Johanna Juhola, Milla Viljamaa.<\/p>\n<p>Johanna Juhola: harmonikka<br \/>\nMilla Viljamaa: piano<\/p>\n<p><strong>2. Jeanne y Paul<\/strong><br \/>\nS\u00e4v. Astor Piazzolla, sov. Johanna Juhola, Milla Viljamaa.<\/p>\n<p>Johanna Juhola: harmonikka<br \/>\nMilla Viljamaa: piano<\/p>\n<p><strong>3. Guardia Nueva<\/strong><br \/>\nS\u00e4v. Astor Piazzolla, sov. Johanna Juhola, Milla Viljamaa.<\/p>\n<p>Johanna Juhola: harmonikka<br \/>\nMilla Viljamaa: piano<\/p>\n<p><strong>4. Pechvogel<\/strong><br \/>\nS\u00e4v. Tobias Morgenstern, sov. Johanna Juhola, Milla Viljamaa.<\/p>\n<p>Johanna Juhola: harmonikka<br \/>\nMilla Viljamaa: piano<\/p>\n<p><strong>5. Milonga Sylvia<\/strong><br \/>\nS\u00e4v. Johanna Juhola, sov. Johanna Juhola, Milla Viljamaa.<\/p>\n<p>Johanna Juhola: harmonikka<br \/>\nMilla Viljamaa: piano<\/p>\n<p><strong>6. Decarisimo<\/strong><br \/>\nS\u00e4v. Astor Piazzolla, sov. Johanna Juhola, Milla Viljamaa.<\/p>\n<p>Johanna Juhola: harmonikka<br \/>\nMilla Viljamaa: piano<\/p>\n<p><strong>7. S.V.P.\/Avaruustango<\/strong><br \/>\nS\u00e4v. Johanna Juhola, Astor Piazzolla, sov. Johanna Juhola, Milla Viljamaa.<\/p>\n<p>Johanna Juhola: harmonikka<br \/>\nMilla Viljamaa: piano<\/p>\n<p><strong>8. Bandoneon<\/strong><br \/>\nS\u00e4v. Astor Piazzolla, sov. Johanna Juhola, Milla Viljamaa.<\/p>\n<p>Johanna Juhola: harmonikka<br \/>\nMilla Viljamaa: piano<\/p>\n<p><strong>9. Balada para un loco<\/strong><br \/>\nS\u00e4v. Astor Piazzolla, sov. Johanna Juhola, Milla Viljamaa.<\/p>\n<p>Johanna Juhola: harmonikka<br \/>\nMilla Viljamaa: piano<\/p>\n<p><strong>10. Dando<\/strong><br \/>\nS\u00e4v. Astor Piazzolla, sov. Johanna Juhola, Milla Viljamaa.<\/p>\n<p>Johanna Juhola: harmonikka<br \/>\nMilla Viljamaa: piano<\/p>\n<p><strong>11. Irti tangosta<\/strong><br \/>\nS\u00e4v. Johanna Juhola, sov. Johanna Juhola, Milla Viljamaa.<\/p>\n<p>Johanna Juhola: harmonikka<br \/>\nMilla Viljamaa: piano<\/p>\n<p><strong>12. Oblivion<\/strong><br \/>\nS\u00e4v. Astor Piazzolla, sov. Johanna Juhola, Milla Viljamaa.<\/p>\n<p>Johanna Juhola: harmonikka<br \/>\nMilla Viljamaa: piano<\/p>","protected":false},"excerpt":{"rendered":"<p>Johanna Juhola (harmonikka) ja Milla Viljamaa (piano) l\u00e4hestyv\u00e4t uutta tangoa kaupunkilaiskansanmuusikon ottein. Heid\u00e4n yhteisty\u00f6ns\u00e4 alkoi vuonna 2001 Sibelius-Akatemian kansanmusiikin osastolla, miss\u00e4 molemmat edelleen opiskelevat. T\u00e4ll\u00e4 levyll\u00e4 p\u00e4\u00e4osa duon esitt\u00e4m\u00e4st\u00e4 musiikista on Astor Piazzollan ja Johanna Juholan s\u00e4velt\u00e4m\u00e4\u00e4, mutta mit\u00e4\u00e4n tiukkaa linjanvetoa ei ohjelmiston suhteen ole tehty. Duon omaper\u00e4isess\u00e4 sovitus- ja soittotyyliss\u00e4 yhdistyv\u00e4t vaikutteet niin tango nuevosta, jazzista kuin eri maiden kansanmusiikeistakin. Tilaa on j\u00e4tetty my\u00f6s varioinnille ja improvisaatiolle. Duo sai ty\u00f6st\u00e4\u00e4n merkitt\u00e4v\u00e4n tunnustuksen voittamalla lokakuussa 2002 kansainv\u00e4lisen Astor Piazzolla -kilpailun Italiassa, Castelfidardossa. Vuodesta 2002 Johanna ja Milla ovat tehneet yhteisty\u00f6t\u00e4 tangoprinsessa Kukka-Maaria Ahosen kanssa triona nimelt\u00e4 &#8221;Las Chicas del Tango&#8221;.<\/p>\n<p>Johanna Juholan (s. 1978) omimpia musiikinalueita ovat erilaiset etniset tyylit. Syd\u00e4nt\u00e4 l\u00e4hell\u00e4 ovat tango nuevon lis\u00e4ksi pohjoismainen pelimannimusiikki, brasilialainen forro, klezmer sek\u00e4 Irlannin ja Balkanin maiden kansanmusiikki. Johannan omissa s\u00e4vellyksiss\u00e4 kuuluu n\u00e4iden lis\u00e4ksi h\u00e4iv\u00e4hdyksi\u00e4 mm. sirkus- ja elokuvamusiikista. Johanna on soittanut yhtyeiss\u00e4 Grupo Caf\u00e9, Troka, Keystone Cops, Novjaro, Golem, K\u00e4ki-orkesteri, Las Chicas del Tango ja Jukka Kuoppam\u00e4en Taika-yhtye. H\u00e4n on toiminut muusikkona ja s\u00e4velt\u00e4j\u00e4n\u00e4 my\u00f6s Q-teatterissa, Tanssiteatteri Hurjaruuthissa, Uuden tanssin keskus Zodiakissa, Circo Aereo -ryhm\u00e4ss\u00e4, Turun Taideakatemiassa ja Keski-Uudenmaan teatterissa.<\/p>\n<p>Milla Viljamaan (s.1980) musiikilliseen historiaan mahtuu useita tyylisuuntia alkaen eri maiden kansanmusiikeista, p\u00e4\u00e4tyen klassisen ja tango nuevon kautta poppiin ja rokkiin. H\u00e4nen t\u00e4m\u00e4nhetkisi\u00e4 yhtyeit\u00e4\u00e4n ovat mm. Routa, Grupo Caf\u00e9, K\u00e4py ja Las Chicas del Tango. Milla on ty\u00f6skennellyt muusikkona, s\u00e4velt\u00e4j\u00e4n\u00e4, sanoittajana ja sovittajana teatteriproduktioissa ja konserteissa, sek\u00e4 esimerkiksi MTV3:n &#8221;Kulkuri ja kaunottaret&#8221; -sarjan houseb\u00e4ndiss\u00e4. Pianon ohella Milla soittaa polkuharmoonia ja ilimbaa eli afrikkalaista sormipianoa sek\u00e4 laulaa. Lis\u00e4ksi h\u00e4net on n\u00e4hty rumpujen takana ja tanssisolistina suomalais-tansanialaisessa Bandu Bandu -esityksess\u00e4.<\/p>","protected":false},"featured_media":1133,"comment_status":"closed","ping_status":"closed","template":"","meta":{"_acf_changed":false},"product_brand":[],"product_cat":[65],"product_tag":[],"class_list":{"0":"post-1132","1":"product","2":"type-product","3":"status-publish","4":"has-post-thumbnail","6":"product_cat-aanitteet","8":"first","9":"instock","10":"shipping-taxable","11":"product-type-simple"},"acf":[],"_links":{"self":[{"href":"https:\/\/etno.net\/en\/wp-json\/wp\/v2\/product\/1132","targetHints":{"allow":["GET"]}}],"collection":[{"href":"https:\/\/etno.net\/en\/wp-json\/wp\/v2\/product"}],"about":[{"href":"https:\/\/etno.net\/en\/wp-json\/wp\/v2\/types\/product"}],"replies":[{"embeddable":true,"href":"https:\/\/etno.net\/en\/wp-json\/wp\/v2\/comments?post=1132"}],"wp:featuredmedia":[{"embeddable":true,"href":"https:\/\/etno.net\/en\/wp-json\/wp\/v2\/media\/1133"}],"wp:attachment":[{"href":"https:\/\/etno.net\/en\/wp-json\/wp\/v2\/media?parent=1132"}],"wp:term":[{"taxonomy":"product_brand","embeddable":true,"href":"https:\/\/etno.net\/en\/wp-json\/wp\/v2\/product_brand?post=1132"},{"taxonomy":"product_cat","embeddable":true,"href":"https:\/\/etno.net\/en\/wp-json\/wp\/v2\/product_cat?post=1132"},{"taxonomy":"product_tag","embeddable":true,"href":"https:\/\/etno.net\/en\/wp-json\/wp\/v2\/product_tag?post=1132"}],"curies":[{"name":"wp","href":"https:\/\/api.w.org\/{rel}","templated":true}]}}