{"id":1134,"date":"2020-11-04T12:03:55","date_gmt":"2020-11-04T10:03:55","guid":{"rendered":"https:\/\/etno.net\/?post_type=product&#038;p=1134"},"modified":"2021-12-23T14:33:42","modified_gmt":"2021-12-23T12:33:42","slug":"anne-mari-kivimaki-pauhu","status":"publish","type":"product","link":"https:\/\/etno.net\/en\/julkaisu\/aanitteet\/anne-mari-kivimaki-pauhu","title":{"rendered":"Anne-Mari Kivim\u00e4ki: Pauhu"},"content":{"rendered":"<p><strong>1. Ilja<\/strong><br \/>\nS\u00e4v. trad., sov. Anne-Mari Kivim\u00e4ki.<\/p>\n<p>Anne-Mari Kivim\u00e4ki: 1-rivinen haitari<\/p>\n<p><strong>2. Sinda II<\/strong><br \/>\nS\u00e4v. Anne-Mari Kivim\u00e4ki, sov. Anne-Mari Kivim\u00e4ki.<\/p>\n<p>Anne-Mari Kivim\u00e4ki: 1-rivinen haitari<\/p>\n<p><strong>3. Siiputus<\/strong><br \/>\nS\u00e4v. trad., sov. Anne-Mari Kivim\u00e4ki, Reetta-Kaisa Pirhonen.<\/p>\n<p>Anne-Mari Kivim\u00e4ki: 1-rivinen haitari<br \/>\nReetta-Kaisa Pirhonen: tanssi<\/p>\n<p><strong>4. Matka<\/strong><br \/>\nS\u00e4v. trad., sov. Anne-Mari Kivim\u00e4ki.<\/p>\n<p>Anne-Mari Kivim\u00e4ki: 1-rivinen haitari<\/p>\n<p><strong>5. Sinda I<\/strong><br \/>\nS\u00e4v. Anne-Mari Kivim\u00e4ki, sov. Anne-Mari Kivim\u00e4ki.<\/p>\n<p>Anne-Mari Kivim\u00e4ki: 1-rivinen haitari<\/p>\n<p><strong>6. Pauhu<\/strong><br \/>\nS\u00e4v. Anne-Mari Kivim\u00e4ki, sov. Anne-Mari Kivim\u00e4ki.<\/p>\n<p>Anne-Mari Kivim\u00e4ki: 1-rivinen haitari<\/p>\n<p><strong>7. Tanhuvaara<\/strong><br \/>\nS\u00e4v. Anne-Mari Kivim\u00e4ki, sov. Eero Grundstr\u00f6m, Anne-Mari Kivim\u00e4ki.<\/p>\n<p>Eero Grundstr\u00f6m: harmooni, Nord Modular -syntetisaattori<br \/>\nAntti J\u00e4rvel\u00e4: basso<br \/>\nAnne-Mari Kivim\u00e4ki: 5-rivinen haitari<br \/>\nPiia Kleemola: viulu<br \/>\nJuha-Matti Kurra: mandoliini<br \/>\nPetri Prauda: munniharppu<\/p>\n<p><strong>8. Patronen I<\/strong><br \/>\nS\u00e4v. trad., sov. Anne-Mari Kivim\u00e4ki.<\/p>\n<p>Anne-Mari Kivim\u00e4ki: 2-rivinen haitari<\/p>\n<p><strong>9. Patronen II<\/strong><br \/>\nS\u00e4v. trad., sov. Anne-Mari Kivim\u00e4ki.<\/p>\n<p>Anne-Mari Kivim\u00e4ki: 2-rivinen haitari<\/p>\n<p><strong>10. Patronen III<\/strong><br \/>\nS\u00e4v. Eero Grundstr\u00f6m, Anne-Mari Kivim\u00e4ki, sov. Eero Grundstr\u00f6m, Anne-Mari Kivim\u00e4ki.<\/p>\n<p>Eero Grundstr\u00f6m: harmooni<br \/>\nAnne-Mari Kivim\u00e4ki: 2-rivinen haitari<\/p>\n<p><strong>11. Patronen IV<\/strong><br \/>\nS\u00e4v. Anne-Mari Kivim\u00e4ki, Soila Sariola, sov. Eero Grundstr\u00f6m, Anne-Mari Kivim\u00e4ki, Reetta-Kaisa Pirhonen.<\/p>\n<p>Anne-Mari Kivim\u00e4ki: 2-rivinen haitari<br \/>\nReetta-Kaisa Pirhonen: tanssi<br \/>\nSoila Sariola: laulu<\/p>","protected":false},"excerpt":{"rendered":"<p>Opiskellessani Sibelius-Akatemian kansanmusiikin osastolla er\u00e4s rakkaimmista projekteistani oli karjalaisen v\u00e4h\u00e4rivisperinteen elvytt\u00e4minen. Opettajani Maria (Mia) Kalaniemi esitteli minulle Suomalaisen Kirjallisuuden Seuran arkisto\u00e4\u00e4nitteit\u00e4, joihin oli tallennettu suistamolaisen haitarinsoittaja Ilja Kotikallion soittoa. Ilja Kotikallio (s. 1894 tai 1896, k. 1961) soitti karmuunilla (er\u00e4\u00e4nlainen 1-rivinen haitari) karjalaista tanssimusiikkia: ripatskaa, ristikontraa ja maanitusta. Innostuin valtavasti Iljan soitosta ja tarinoista, joten aloitin Mian johdolla perehtymisen karjalaiseen pienhaitariperinteeseen. Kiinnostuksen tuloksena on vuosien varrella syntynyt koko levyllinen karjalaiss\u00e4vytteist\u00e4 musiikkia.<\/p>\n<p>Ripatskansoiton ohella syntyi kahden naisen kansantanssi- ja musiikkiryhm\u00e4 Puhti, joka esitt\u00e4\u00e4 omalla valloittavalla tavallaan kansanperinnett\u00e4. Puhdin hullun koheltavaa, v\u00e4lill\u00e4 herkistyv\u00e4\u00e4, iloista ja paatoksellista tanssijan ja muusikon yhteisty\u00f6t\u00e4 on n\u00e4ht\u00e4viss\u00e4 levyn kahdella videoraidalla.<\/p>\n<p>Levy sis\u00e4lt\u00e4\u00e4 my\u00f6s videoraidat &#8221;Ilja&#8221; ja &#8221;Patronen&#8221;, joissa esiintyy Puhti-duo (Anne-Mari Kivim\u00e4ki haitarit ja Reetta-Kaisa Pirhonen tanssi).<\/p>\n<p><em>Anne-Mari Kivim\u00e4ki<\/em><\/p>","protected":false},"featured_media":1135,"comment_status":"closed","ping_status":"closed","template":"","meta":{"_acf_changed":false},"product_brand":[],"product_cat":[65],"product_tag":[],"class_list":{"0":"post-1134","1":"product","2":"type-product","3":"status-publish","4":"has-post-thumbnail","6":"product_cat-aanitteet","8":"first","9":"instock","10":"shipping-taxable","11":"product-type-simple"},"acf":[],"_links":{"self":[{"href":"https:\/\/etno.net\/en\/wp-json\/wp\/v2\/product\/1134","targetHints":{"allow":["GET"]}}],"collection":[{"href":"https:\/\/etno.net\/en\/wp-json\/wp\/v2\/product"}],"about":[{"href":"https:\/\/etno.net\/en\/wp-json\/wp\/v2\/types\/product"}],"replies":[{"embeddable":true,"href":"https:\/\/etno.net\/en\/wp-json\/wp\/v2\/comments?post=1134"}],"wp:featuredmedia":[{"embeddable":true,"href":"https:\/\/etno.net\/en\/wp-json\/wp\/v2\/media\/1135"}],"wp:attachment":[{"href":"https:\/\/etno.net\/en\/wp-json\/wp\/v2\/media?parent=1134"}],"wp:term":[{"taxonomy":"product_brand","embeddable":true,"href":"https:\/\/etno.net\/en\/wp-json\/wp\/v2\/product_brand?post=1134"},{"taxonomy":"product_cat","embeddable":true,"href":"https:\/\/etno.net\/en\/wp-json\/wp\/v2\/product_cat?post=1134"},{"taxonomy":"product_tag","embeddable":true,"href":"https:\/\/etno.net\/en\/wp-json\/wp\/v2\/product_tag?post=1134"}],"curies":[{"name":"wp","href":"https:\/\/api.w.org\/{rel}","templated":true}]}}