{"id":1136,"date":"2020-11-04T12:08:16","date_gmt":"2020-11-04T10:08:16","guid":{"rendered":"https:\/\/etno.net\/?post_type=product&#038;p=1136"},"modified":"2022-08-16T20:10:11","modified_gmt":"2022-08-16T18:10:11","slug":"plektronite-plektroniitit-tuloo","status":"publish","type":"product","link":"https:\/\/etno.net\/en\/julkaisu\/aanitteet\/plektronite-plektroniitit-tuloo","title":{"rendered":"Plektronite: Plektroniitit tuloo!"},"content":{"rendered":"<p><strong>1. Risum\u00e4ki-beat<\/strong><br \/>\nS\u00e4v. trad., sov. Juha-Matti Kurra, Petri Prauda, Jarmo Romppanen.<\/p>\n<p>Vanhakantaiset kappaleet ovat saaneet uudet kannat. N\u00e4it\u00e4 paimens\u00e4velmi\u00e4 ovat soittaneet tuohitorvella Pavel Larinpoika Risum\u00e4elt\u00e4 ja Matti Pukonen Ropsusta.<\/p>\n<p>Juha-Matti Kurra: mandocello<br \/>\nPetri Prauda: mandoliini<br \/>\nJarmo Romppanen: mandoliini<\/p>\n<p><strong>2. Anna ja Wilhelmi<\/strong><br \/>\nS\u00e4v. Juha-Matti Kurra, sov. Petri Prauda, Jarmo Romppanen.<\/p>\n<p>Jussi s\u00e4velsi h\u00e4ihins\u00e4 hyviss\u00e4 ajoin t\u00e4m\u00e4n kauniin h\u00e4\u00e4valssin.<\/p>\n<p>Juha-Matti Kurra: mandoliini<br \/>\nPetri Prauda: cittern<br \/>\nJarmo Romppanen: mandola<\/p>\n<p><strong>3. II \u00f6\u00f6pari \/ II m\u00e4l\u00e4sk\u00e4 \/ I Tallarin polska<\/strong><br \/>\nS\u00e4v. trad., sov. Petri Prauda, Jarmo Romppanen.<\/p>\n<p>Suomalaista kolmitasaista polskaa kuortanelaisen viulupelimannin Elias Tallarin ohjelmistosta.<\/p>\n<p>Juha-Matti Kurra: mandoliini<br \/>\nPetri Prauda: mandoliini<br \/>\nJarmo Romppanen: mandoliini<\/p>\n<p><strong>4. Puistolan paavin parempi sottiisi<\/strong><br \/>\nS\u00e4v. Petri Prauda.<\/p>\n<p>Mukaansatempaava kolmimuunteinen ralli Helsingin Puistolasta.<\/p>\n<p>Juha-Matti Kurra: mandoliini<br \/>\nPetri Prauda: cittern<br \/>\nJarmo Romppanen: mandola<\/p>\n<p><strong>5. Harsus-Jussin polkka \/ Koukkulammin polkka<\/strong><br \/>\nS\u00e4v. Jarmo Romppanen, sov. Petri Prauda, Jarmo Romppanen.<\/p>\n<p>Kaksi &#8221;Polkka-Oton&#8221; klassikkopolkkaa, jotka nautitaan usein j\u00e4ms\u00e4nkoskelaisten mandoliinimestaripelimannien seurassa.<\/p>\n<p>Juha-Matti Kurra: mandoliini<br \/>\nPetri Prauda: cittern<br \/>\nJarmo Romppanen: mandoliini<\/p>\n<p><strong>6. Maarin hambo<\/strong><br \/>\nS\u00e4v. Jarmo Romppanen, sov. Petri Prauda, Jarmo Romppanen.<\/p>\n<p>Jarmon vaimolleen syntym\u00e4p\u00e4iv\u00e4lahjaksi s\u00e4velt\u00e4m\u00e4 tunteellinen hambopolska.<\/p>\n<p>Juha-Matti Kurra: mandoliini<br \/>\nPetri Prauda: cittern<br \/>\nJarmo Romppanen: mandoliini<\/p>\n<p><strong>7. Masurkat 1282 &amp; 1294<\/strong><br \/>\nS\u00e4v. trad., sov. Juha-Matti Kurra, Jarmo Romppanen.<\/p>\n<p>N\u00e4it\u00e4 masurkkoja ovat soittaneet Herman Sandsten Korsn\u00e4sist\u00e4 sek\u00e4 J. A. Sundstr\u00f6m Siuntiosta.<\/p>\n<p>Juha-Matti Kurra: mandoliini<br \/>\nPetri Prauda: mandoliini<br \/>\nJarmo Romppanen: mandola<\/p>\n<p><strong>8. Poloneesi Lapinj\u00e4rvelt\u00e4<\/strong><br \/>\nS\u00e4v. trad., sov. Jarmo Romppanen.<\/p>\n<p>Jylh\u00e4 poloneesi, jota on soittanut Hans Johan Hansson.<\/p>\n<p>Juha-Matti Kurra: mandocello<br \/>\nPetri Prauda: mandoliini<br \/>\nJarmo Romppanen: mandola<\/p>\n<p><strong>9. Plektroniittien tulomarssi<\/strong><br \/>\nS\u00e4v. Petri Prauda.<\/p>\n<p>Vanhaa arvokkuutta henkiv\u00e4 marssi, jota oli tapana soittaa plektroniittien saapuessa saunan taakse.<\/p>\n<p>Juha-Matti Kurra: mandoliini<br \/>\nPetri Prauda: mandoliini<br \/>\nJarmo Romppanen: mandola<\/p>\n<p><strong>10. Kokem\u00e4en flikkain kuumat valssit<\/strong><br \/>\nS\u00e4v. trad., sov. Petri Prauda, Jarmo Romppanen.<\/p>\n<p>T\u00e4ss\u00e4 sikerm\u00e4ss\u00e4 eli moniossa Juhantalon Faari kietoutuu kuumaan valssiin Kokem\u00e4en flikkain kanssa. Kappaleita on soittanut Kustaa J\u00e4rvinen Eurasta.<\/p>\n<p>Juha-Matti Kurra: mandoliini<br \/>\nPetri Prauda: cittern<br \/>\nJarmo Romppanen: mandola<\/p>\n<p><strong>11. Rautaneitsyen polskat<\/strong><br \/>\nS\u00e4v. trad., sov. Petri Prauda, Jarmo Romppanen.<\/p>\n<p>Kahta minuuttia ennen illan vaihtumista plektroniittien y\u00f6ksi alkoi polskarinki tiivisty\u00e4 pahaenteisen rauta-arkun ymp\u00e4rille.<\/p>\n<p>Juha-Matti Kurra: mandoliini<br \/>\nPetri Prauda: cittern<br \/>\nJarmo Romppanen: mandola<\/p>\n<p><strong>12. Plektroniittien y\u00f6<\/strong><br \/>\nS\u00e4v. trad., sov. Juha-Matti Kurra, Petri Prauda.<\/p>\n<p>Plektroniittien y\u00f6 on tumma ja kostea.<\/p>\n<p>Juha-Matti Kurra: mandocello<br \/>\nPetri Prauda: cittern<br \/>\nJarmo Romppanen: mandola<\/p>\n<p><strong>13. Siin\u00e4 ja siin\u00e4<\/strong><br \/>\nS\u00e4v. Juha-Matti Kurra, sov. Petri Prauda, Jarmo Romppanen.<\/p>\n<p>Kaksi jykev\u00e4\u00e4 sottiisia Haapaveden Etel\u00e4lahdelta. Plektroniittien y\u00f6n\u00e4 etel\u00e4lahtisen veijarin tapaamisesta saattoi j\u00e4\u00e4d\u00e4 vahvoja muistoja.<\/p>\n<p>Juha-Matti Kurra: mandoliini<br \/>\nPetri Prauda: cittern<br \/>\nJarmo Romppanen: mandoliini<\/p>\n<p><strong>Bonusraita:<\/strong><br \/>\nPlektroniitit Men\u00f6\u00f6!<\/p>","protected":false},"excerpt":{"rendered":"<p>Plektronite on l\u00e4mminhenkinen mandoliinitrio, joka rakastaa suomalaisen pelimannimusiikin soittamista. Yhtye perustettiin vuonna 1998. Yhtyeen j\u00e4senten harvinaislaatuinen kemia oli havaittavissa heti alusta l\u00e4htien. Aivan kuin he olisivat aina soittaneet yhdess\u00e4 \u2013 sen verran vaivatonta ja irtonaista on poikien yhteisplimputus.<\/p>\n<p>T\u00e4m\u00e4 yhtyeen esikoislevy sis\u00e4lt\u00e4\u00e4 kuunneltavaa ja tanssittavaa suomalaista kansanmusiikkia soitettuna sek\u00e4 juhlavasti ett\u00e4 raikkaalla poljennolla. Yhtye keskittyy perinnemusiikin ydinasioihin. Samassa hengess\u00e4 pojat s\u00e4velt\u00e4v\u00e4t uusia kappaleita, standardis\u00e4velmien kuitenkin s\u00e4ilyess\u00e4 niiden rinnalla.<\/p>\n<p>Meininki tempaa mukaansa live-esiintymisist\u00e4 tutulla energialla. Plektronite suhtautuu perinteeseen sit\u00e4 kunnioittaen ja hell\u00e4sti uudistaen!<\/p>","protected":false},"featured_media":1137,"comment_status":"closed","ping_status":"closed","template":"","meta":{"_acf_changed":false},"product_brand":[],"product_cat":[65],"product_tag":[],"class_list":{"0":"post-1136","1":"product","2":"type-product","3":"status-publish","4":"has-post-thumbnail","6":"product_cat-aanitteet","8":"first","9":"instock","10":"shipping-taxable","11":"product-type-simple"},"acf":[],"_links":{"self":[{"href":"https:\/\/etno.net\/en\/wp-json\/wp\/v2\/product\/1136","targetHints":{"allow":["GET"]}}],"collection":[{"href":"https:\/\/etno.net\/en\/wp-json\/wp\/v2\/product"}],"about":[{"href":"https:\/\/etno.net\/en\/wp-json\/wp\/v2\/types\/product"}],"replies":[{"embeddable":true,"href":"https:\/\/etno.net\/en\/wp-json\/wp\/v2\/comments?post=1136"}],"wp:featuredmedia":[{"embeddable":true,"href":"https:\/\/etno.net\/en\/wp-json\/wp\/v2\/media\/1137"}],"wp:attachment":[{"href":"https:\/\/etno.net\/en\/wp-json\/wp\/v2\/media?parent=1136"}],"wp:term":[{"taxonomy":"product_brand","embeddable":true,"href":"https:\/\/etno.net\/en\/wp-json\/wp\/v2\/product_brand?post=1136"},{"taxonomy":"product_cat","embeddable":true,"href":"https:\/\/etno.net\/en\/wp-json\/wp\/v2\/product_cat?post=1136"},{"taxonomy":"product_tag","embeddable":true,"href":"https:\/\/etno.net\/en\/wp-json\/wp\/v2\/product_tag?post=1136"}],"curies":[{"name":"wp","href":"https:\/\/api.w.org\/{rel}","templated":true}]}}