{"id":1139,"date":"2020-11-04T12:16:37","date_gmt":"2020-11-04T10:16:37","guid":{"rendered":"https:\/\/etno.net\/?post_type=product&#038;p=1139"},"modified":"2021-12-23T14:32:22","modified_gmt":"2021-12-23T12:32:22","slug":"kylapelimannit-trio-tapeetilla","status":"publish","type":"product","link":"https:\/\/etno.net\/en\/julkaisu\/aanitteet\/kylapelimannit-trio-tapeetilla","title":{"rendered":"Kyl\u00e4pelimannit-trio: Tapeetilla"},"content":{"rendered":"<p><strong>1. Pilkkalaulu<\/strong><br \/>\nS\u00e4v. trad., san. trad., sov. Anne-Mari Kivim\u00e4ki.<\/p>\n<p>Anne-Mari Kivim\u00e4ki: 5-rivinen haitari, laulu<br \/>\nPiia Kleemola: viulu, laulu<br \/>\nSilja Palom\u00e4ki: laulu<br \/>\nTiina Panula: laulu<br \/>\nMika Virkkala: oktaavimandoliini<\/p>\n<p><strong>2. Nainen hallitsee<\/strong><br \/>\nS\u00e4v. trad., san. trad., sov. Petri Prauda.<\/p>\n<p>Anne-Mari Kivim\u00e4ki: 5-rivinen haitari, laulu<br \/>\nPiia Kleemola: viulu, laulu<br \/>\nMika Virkkala: mandoliini<\/p>\n<p><strong>3. Iliman<\/strong><br \/>\nS\u00e4v. trad., sov. Anne-Mari Kivim\u00e4ki.<\/p>\n<p>Anne-Mari Kivim\u00e4ki: 2-rivinen haitari<br \/>\nPiia Kleemola: viulu<br \/>\nMika Virkkala: oktaavimandoliini<\/p>\n<p><strong>4. Kustaan polskat<\/strong><br \/>\nS\u00e4v. trad., sov. Anne-Mari Kivim\u00e4ki, Piia Kleemola, Mika Virkkala.<\/p>\n<p>Anne-Mari Kivim\u00e4ki: 5-rivinen haitari<br \/>\nPiia Kleemola: viulu<br \/>\nMika Virkkala: viulu<\/p>\n<p><strong>5. Lungreeska ja Lingreeni<\/strong><br \/>\nS\u00e4v. trad., san. trad., sov. Piia Kleemola.<\/p>\n<p>Anne-Mari Kivim\u00e4ki: 5-rivinen haitari<br \/>\nPiia Kleemola: viulu, laulu<br \/>\nSilja Palom\u00e4ki: laulu<br \/>\nTiina Panula: laulu<br \/>\nMika Virkkala: mandoliini<\/p>\n<p><strong>6. Kes\u00e4n maku<\/strong><br \/>\nS\u00e4v. Timo Vieru.<\/p>\n<p>Anne-Mari Kivim\u00e4ki: 5-rivinen haitari, laulu<br \/>\nPiia Kleemola: viulu, laulu<br \/>\nMika Virkkala: mandoliini, oktaavimandoliini<\/p>\n<p><strong>7. Valkaman potpuri<\/strong><br \/>\nS\u00e4v. trad., sov. Anne-Mari Kivim\u00e4ki.<\/p>\n<p>Anne-Mari Kivim\u00e4ki: 1-rivinen haitari, lusikat<br \/>\nPiia Kleemola: 15-kielinen kantele<br \/>\nMika Virkkala: viulu, mandoliini<\/p>\n<p><strong>8. Tuonen valssi<\/strong><br \/>\nS\u00e4v. trad., san. trad., sov. Piia Kleemola.<\/p>\n<p>Anne-Mari Kivim\u00e4ki: 5-rivinen haitari<br \/>\nPiia Kleemola: viulu<br \/>\nSilja Palom\u00e4ki: laulu<br \/>\nMika Virkkala: mandoliini<\/p>\n<p><strong>9. Rakkauden tuli<\/strong><br \/>\nS\u00e4v. trad., san. trad., sov. Piia Kleemola.<\/p>\n<p>Anne-Mari Kivim\u00e4ki: 5-rivinen haitari, laulu<br \/>\nPiia Kleemola: viulu, laulu<br \/>\nMika Virkkala: mandoliini, rai-rai<\/p>\n<p><strong>10. H\u00e4\u00e4vi<\/strong><br \/>\nS\u00e4v. Piia Kleemola, san. trad., sov. Anne-Mari Kivim\u00e4ki, Piia Kleemola, Mika Virkkala.<\/p>\n<p>Anne-Mari Kivim\u00e4ki: tamburiini, laulu<br \/>\nPiia Kleemola: viulu, laulu<\/p>\n<p><strong>11. Nouskaa rient\u00e4m\u00e4h\u00e4n<\/strong><br \/>\nS\u00e4v. trad., sov. Anne-Mari Kivim\u00e4ki.<\/p>\n<p>Anne-Mari Kivim\u00e4ki: 2-rivinen haitari<br \/>\nPiia Kleemola: 15-kielinen kantele<br \/>\nMika Virkkala: viulu<\/p>","protected":false},"excerpt":{"rendered":"<p>Kyl\u00e4pelimannit-trion uutukainen, Tapeetilla, on musiikillinen iloittelumatka pohjalaisessa suurten tuntojen maisemassa. Trion soitossa on mukana tunteiden koko kirjo hilpeydest\u00e4 haikeuteen, kepeydest\u00e4 rajuuteen, vakavuudesta svengin hurmokseen. Trion musiikki on ajatonta, mutta el\u00e4\u00e4 samalla vahvasti t\u00e4ss\u00e4 p\u00e4iv\u00e4ss\u00e4. Heid\u00e4n soittoaan kuunnellessa her\u00e4\u00e4 kaipuu siihen kotipuolen tuttuun maisemaan, jonne on aina yht\u00e4 mukava palata. Musisointi on riemukasta iloittelua kansanomaisuutta kunnioittaen ja vaalien. Se on korian jylh\u00e4\u00e4 ja sointuvaa, aivan kuten on tarkoitettukin!<\/p>\n<p><em>Antti Paalanen<\/em><\/p>","protected":false},"featured_media":1140,"comment_status":"closed","ping_status":"closed","template":"","meta":{"_acf_changed":false},"product_brand":[],"product_cat":[65],"product_tag":[],"class_list":{"0":"post-1139","1":"product","2":"type-product","3":"status-publish","4":"has-post-thumbnail","6":"product_cat-aanitteet","8":"first","9":"instock","10":"shipping-taxable","11":"product-type-simple"},"acf":[],"_links":{"self":[{"href":"https:\/\/etno.net\/en\/wp-json\/wp\/v2\/product\/1139","targetHints":{"allow":["GET"]}}],"collection":[{"href":"https:\/\/etno.net\/en\/wp-json\/wp\/v2\/product"}],"about":[{"href":"https:\/\/etno.net\/en\/wp-json\/wp\/v2\/types\/product"}],"replies":[{"embeddable":true,"href":"https:\/\/etno.net\/en\/wp-json\/wp\/v2\/comments?post=1139"}],"wp:featuredmedia":[{"embeddable":true,"href":"https:\/\/etno.net\/en\/wp-json\/wp\/v2\/media\/1140"}],"wp:attachment":[{"href":"https:\/\/etno.net\/en\/wp-json\/wp\/v2\/media?parent=1139"}],"wp:term":[{"taxonomy":"product_brand","embeddable":true,"href":"https:\/\/etno.net\/en\/wp-json\/wp\/v2\/product_brand?post=1139"},{"taxonomy":"product_cat","embeddable":true,"href":"https:\/\/etno.net\/en\/wp-json\/wp\/v2\/product_cat?post=1139"},{"taxonomy":"product_tag","embeddable":true,"href":"https:\/\/etno.net\/en\/wp-json\/wp\/v2\/product_tag?post=1139"}],"curies":[{"name":"wp","href":"https:\/\/api.w.org\/{rel}","templated":true}]}}