{"id":1141,"date":"2020-11-04T12:26:39","date_gmt":"2020-11-04T10:26:39","guid":{"rendered":"https:\/\/etno.net\/?post_type=product&#038;p=1141"},"modified":"2020-11-04T12:26:39","modified_gmt":"2020-11-04T10:26:39","slug":"anna-kaisa-liedes-utua","status":"publish","type":"product","link":"https:\/\/etno.net\/en\/julkaisu\/aanitteet\/anna-kaisa-liedes-utua","title":{"rendered":"Anna-Kaisa Liedes: Utua"},"content":{"rendered":"<p><strong>1. Usein miun utuisen<\/strong><br \/>\nS\u00e4v. Anna-Kaisa Liedes, san. Anna-Kaisa Liedes, trad., sov. Ari-Pekka Anttila, Kristiina Ilmonen, Topi Korhonen, Anna-Kaisa Liedes.<\/p>\n<p>Ari-Pekka Anttila: basso<br \/>\nKristiina Ilmonen: ly\u00f6m\u00e4soittimet, huilut<br \/>\nTopi Korhonen: kitara<br \/>\nAnna-Kaisa Liedes: laulu, mbira, taustalaulut<br \/>\nVilma Timonen: kantele<\/p>\n<p><strong>2. \u00c4l\u00e4 sin\u00e4 laula<\/strong><br \/>\nS\u00e4v. Anna-Kaisa Liedes, trad., san. trad., sov. Ari-Pekka Anttila, Kristiina Ilmonen, Topi Korhonen, Anna-Kaisa Liedes.<\/p>\n<p>Ari-Pekka Anttila: basso<br \/>\nKristiina Ilmonen: ly\u00f6m\u00e4soittimet, huilut<br \/>\nTopi Korhonen: kitara, taustalaulu<br \/>\nAnna-Kaisa Liedes: laulu, mbira, taustalaulut<br \/>\nVilma Timonen: kantele, taustalaulu<\/p>\n<p><strong>3. Mink\u00e4h\u00e4n takia<\/strong><br \/>\nS\u00e4v. Anna-Kaisa Liedes, san. trad., sov. Ari-Pekka Anttila, Kristiina Ilmonen, Topi Korhonen, Anna-Kaisa Liedes.<\/p>\n<p>Ari-Pekka Anttila: basso<br \/>\nKristiina Ilmonen: ly\u00f6m\u00e4soittimet, huilut<br \/>\nTopi Korhonen: kitara, taustalaulu<br \/>\nAnna-Kaisa Liedes: laulu, mbira, taustalaulut<br \/>\nVilma Timonen: kantele<\/p>\n<p><strong>4. Viimeist\u00e4 y\u00f6t\u00e4<\/strong><br \/>\nS\u00e4v. trad., san. trad., sov. Ari-Pekka Anttila, Kristiina Ilmonen, Topi Korhonen, Anna-Kaisa Liedes.<\/p>\n<p>Ari-Pekka Anttila: basso<br \/>\nKristiina Ilmonen: ly\u00f6m\u00e4soittimet, huilut<br \/>\nTopi Korhonen: kitara<br \/>\nAnna-Kaisa Liedes: laulu, mbira, taustalaulut<br \/>\nVilma Timonen: kantele<\/p>\n<p><strong>5. Lumivalkija<\/strong><br \/>\nS\u00e4v. Anna-Kaisa Liedes, san. trad., sov. Ari-Pekka Anttila, Kristiina Ilmonen, Topi Korhonen, Anna-Kaisa Liedes.<\/p>\n<p>Ari-Pekka Anttila: basso<br \/>\nKristiina Ilmonen: ly\u00f6m\u00e4soittimet, huilut<br \/>\nTopi Korhonen: kitara<br \/>\nAnna-Kaisa Liedes: laulu, mbira, taustalaulut<br \/>\nVilma Timonen: kantele<\/p>\n<p><strong>6. Rannan kivell\u00e4<\/strong><br \/>\nS\u00e4v. Anna-Kaisa Liedes, san. trad., sov. Ari-Pekka Anttila, Kristiina Ilmonen, Topi Korhonen, Anna-Kaisa Liedes.<\/p>\n<p>Ari-Pekka Anttila: basso<br \/>\nKristiina Ilmonen: ly\u00f6m\u00e4soittimet, huilut<br \/>\nTopi Korhonen: kitara<br \/>\nAnna-Kaisa Liedes: laulu, mbira, taustalaulut<br \/>\nVilma Timonen: kantele<\/p>\n<p><strong>7. L\u00e4ksin koista<\/strong><br \/>\nS\u00e4v. trad., san. trad., sov. Ari-Pekka Anttila, Kristiina Ilmonen, Topi Korhonen, Anna-Kaisa Liedes.<\/p>\n<p>Ari-Pekka Anttila: basso<br \/>\nKristiina Ilmonen: ly\u00f6m\u00e4soittimet, huilut<br \/>\nTopi Korhonen: kitara<br \/>\nAnna-Kaisa Liedes: laulu, mbira, taustalaulut<br \/>\nVilma Timonen: kantele<\/p>\n<p><strong>8. Haitra<\/strong><br \/>\nS\u00e4v. Anna-Kaisa Liedes, san. Kanteletar, sov. Ari-Pekka Anttila, Kristiina Ilmonen, Topi Korhonen, Anna-Kaisa Liedes.<\/p>\n<p>Ari-Pekka Anttila: basso<br \/>\nKristiina Ilmonen: ly\u00f6m\u00e4soittimet, huilut<br \/>\nAnu It\u00e4pelto: kantele<br \/>\nTopi Korhonen: kitara<br \/>\nAnna-Kaisa Liedes: laulu, mbira, taustalaulut<br \/>\nVilma Timonen: kantele<\/p>\n<p><strong>9. Toisko tuuli<\/strong><br \/>\nS\u00e4v. Anna-Kaisa Liedes, trad., san. Anna-Kaisa Liedes, trad., sov. Ari-Pekka Anttila, Kristiina Ilmonen, Topi Korhonen, Anna-Kaisa Liedes.<\/p>\n<p>Ari-Pekka Anttila: basso<br \/>\nKristiina Ilmonen: ly\u00f6m\u00e4soittimet, huilut<br \/>\nTopi Korhonen: kitara<br \/>\nAnna-Kaisa Liedes: laulu, mbira, taustalaulut<br \/>\nVilma Timonen: kantele<\/p>\n<p><strong>10. Y\u00f6 on kylm\u00e4<\/strong><br \/>\nS\u00e4v. Anna-Kaisa Liedes, san. Eija Tuomela, sov. Anna-Kaisa Liedes, Timo V\u00e4\u00e4n\u00e4nen.<\/p>\n<p>Ari-Pekka Anttila: basso<br \/>\nKristiina Ilmonen: ly\u00f6m\u00e4soittimet, huilut<br \/>\nTopi Korhonen: kitara<br \/>\nAnna-Kaisa Liedes: laulu, mbira, taustalaulut<br \/>\nVilma Timonen: kantele<br \/>\nTimo V\u00e4\u00e4n\u00e4nen: kantele<\/p>","protected":false},"excerpt":{"rendered":"<p>Anna-Kaisa Liedeksen ja Utua-yhtyeen musiikin juuret ovat suomalais-karjalais-inkeril\u00e4isess\u00e4 kansanlaulutraditiossa. T\u00e4ll\u00e4 levyll\u00e4 Liedes l\u00e4hestyy perinteisi\u00e4 tekstej\u00e4 omasta n\u00e4k\u00f6kulmastaan, k\u00e4ytt\u00e4en hyv\u00e4ksi t\u00e4m\u00e4n p\u00e4iv\u00e4n musiikillista kielt\u00e4. Runojen ikuinen aihe rakkaus, pettymys, intohimo, rakkauden ja vihan kummallinen kietoutuminen toisiinsa ovat innoittaneet h\u00e4nt\u00e4 tulkitsemaan tarinoita hienojakoisin s\u00e4vyin ja vokaalien ekspressiivisin v\u00e4rein.<\/p>\n<p>Anna-Kaisa Liedes on perehtynyt suomalais-ugrilaisen laulutradition lis\u00e4ksi \u00e4\u00e4ni-improvisaatioon.<br \/>\nH\u00e4nen \u00e4\u00e4nitarinoitaan voi kuulla levyill\u00e4 \u00c4\u00e4ni-Merkki ja Pidot! MeNaiset-lauluyhtyeen kanssa (levyill\u00e4 MeNaiset ja Mastorava) Liedes syventyy Suomen sukukansojen musiikkiin.<\/p>","protected":false},"featured_media":1142,"comment_status":"closed","ping_status":"closed","template":"","meta":{"_acf_changed":false},"product_brand":[],"product_cat":[65],"product_tag":[],"class_list":{"0":"post-1141","1":"product","2":"type-product","3":"status-publish","4":"has-post-thumbnail","6":"product_cat-aanitteet","8":"first","9":"instock","10":"shipping-taxable","11":"product-type-simple"},"acf":[],"_links":{"self":[{"href":"https:\/\/etno.net\/en\/wp-json\/wp\/v2\/product\/1141","targetHints":{"allow":["GET"]}}],"collection":[{"href":"https:\/\/etno.net\/en\/wp-json\/wp\/v2\/product"}],"about":[{"href":"https:\/\/etno.net\/en\/wp-json\/wp\/v2\/types\/product"}],"replies":[{"embeddable":true,"href":"https:\/\/etno.net\/en\/wp-json\/wp\/v2\/comments?post=1141"}],"wp:featuredmedia":[{"embeddable":true,"href":"https:\/\/etno.net\/en\/wp-json\/wp\/v2\/media\/1142"}],"wp:attachment":[{"href":"https:\/\/etno.net\/en\/wp-json\/wp\/v2\/media?parent=1141"}],"wp:term":[{"taxonomy":"product_brand","embeddable":true,"href":"https:\/\/etno.net\/en\/wp-json\/wp\/v2\/product_brand?post=1141"},{"taxonomy":"product_cat","embeddable":true,"href":"https:\/\/etno.net\/en\/wp-json\/wp\/v2\/product_cat?post=1141"},{"taxonomy":"product_tag","embeddable":true,"href":"https:\/\/etno.net\/en\/wp-json\/wp\/v2\/product_tag?post=1141"}],"curies":[{"name":"wp","href":"https:\/\/api.w.org\/{rel}","templated":true}]}}