{"id":1143,"date":"2020-11-04T12:36:23","date_gmt":"2020-11-04T10:36:23","guid":{"rendered":"https:\/\/etno.net\/?post_type=product&#038;p=1143"},"modified":"2020-11-04T12:36:23","modified_gmt":"2020-11-04T10:36:23","slug":"hyperborea-perinnearkku","status":"publish","type":"product","link":"https:\/\/etno.net\/en\/julkaisu\/aanitteet\/hyperborea-perinnearkku","title":{"rendered":"Hyperborea: Perinnearkku"},"content":{"rendered":"<p><strong>1. Enkeliskat<\/strong><br \/>\nS\u00e4v. trad., sov. Piia Kleemola, Antti Paalanen, Petri Prauda, Paula Susitaival.<\/p>\n<p>Enkeliskaa (n:o 289), suoraa enkeliskaa (n:o 291) sek\u00e4 ankeliinia (n:o 287) kokoelmasta Vanhoja pelimannis\u00e4velmi\u00e4. Martti B\u00e5lman Viitasaarelta soitti ja me yhdistelimme.<\/p>\n<p>Piia Kleemola: viulu, alttoviulu, 15-kielinen kantele, laulu<br \/>\nAntti Paalanen: 1- ja 2-rivinen haitari<br \/>\nPetri Prauda: cittern (DGDGD), mandoliini, s\u00e4kkipilli, laulu<br \/>\nPaula Susitaival: viulu, avainviulu, laulu<\/p>\n<p><strong>2. J\u00e4\u00e4ns\u00e4rkij\u00e4polska<\/strong><br \/>\nS\u00e4v. Petri Prauda, sov. Piia Kleemola, Antti Paalanen, Petri Prauda, Paula Susitaival.<\/p>\n<p>Kev\u00e4ttalven kuulaita tunnelmia Pohjolasta. Rasahtelevatko j\u00e4\u00e4t meress\u00e4 vai lasissa?<\/p>\n<p>Piia Kleemola: viulu, alttoviulu, 15-kielinen kantele, laulu<br \/>\nAntti Paalanen: 1- ja 2-rivinen haitari<br \/>\nPetri Prauda: cittern (DGDGD), mandoliini, s\u00e4kkipilli, laulu<br \/>\nPaula Susitaival: viulu, avainviulu, laulu<\/p>\n<p><strong>3. Pyh\u00e4aamu Mallusjoella<\/strong><br \/>\nS\u00e4v. Paula Susitaival, sov. Piia Kleemola, Antti Paalanen, Petri Prauda, Paula Susitaival.<\/p>\n<p>Liikuttava valssi, jonka s\u00e4veliss\u00e4 piirtyy Orimattilan perinnemaisema.<\/p>\n<p>Piia Kleemola: viulu, alttoviulu, 15-kielinen kantele, laulu<br \/>\nAntti Paalanen: 1- ja 2-rivinen haitari<br \/>\nPetri Prauda: cittern (DGDGD), mandoliini, s\u00e4kkipilli, laulu<br \/>\nPaula Susitaival: viulu, avainviulu, laulu<\/p>\n<p><strong>4. Lemmenlaulu<\/strong><br \/>\nS\u00e4v. trad., san. trad., sov. Piia Kleemola, Antti Paalanen, Petri Prauda, Paula Susitaival.<\/p>\n<p>Sanat l\u00f6ytyiv\u00e4t Kymenlaakson laulukirjasta \u2013 laulajana iittil\u00e4inen Taavi Uutela \u2013 ja melodia H\u00e4rm\u00e4n laulukirjasta Kustaa Etel\u00e4m\u00e4elt\u00e4.<\/p>\n<p>Piia Kleemola: viulu, alttoviulu, 15-kielinen kantele, laulu<br \/>\nAntti Paalanen: 1- ja 2-rivinen haitari<br \/>\nPetri Prauda: cittern (DGDGD), mandoliini, s\u00e4kkipilli, laulu<br \/>\nPaula Susitaival: viulu, avainviulu, laulu<\/p>\n<p><strong>5. Vihtorin Antin polska<\/strong><br \/>\nS\u00e4v. Antti Paalanen, sov. Piia Kleemola, Antti Paalanen, Petri Prauda, Paula Susitaival.<\/p>\n<p>Isoisien Vihtori Paalasen ja Antti Ylitalon mukaan nimetty, l\u00e4hes eeppisiin mittoihin yltyv\u00e4 polska, joka s\u00e4vellettiin alun perin tanssiteatterikappaleeseen Balladi Villist\u00e4 Pohjolasta. Antin papat ovat molemmat olleet kaksirivispelimanneja.<\/p>\n<p>Piia Kleemola: viulu, alttoviulu, 15-kielinen kantele, laulu<br \/>\nAntti Paalanen: 1- ja 2-rivinen haitari<br \/>\nPetri Prauda: cittern (DGDGD), mandoliini, s\u00e4kkipilli, laulu<br \/>\nPaula Susitaival: viulu, avainviulu, laulu<\/p>\n<p><strong>6. Samu<\/strong><br \/>\nS\u00e4v. Piia Kleemola, sov. Piia Kleemola, Antti Paalanen, Petri Prauda, Paula Susitaival.<\/p>\n<p>Vuonna 1996 syntynyt hambo, joka on vuosien mittaan muuttunut yh\u00e4 venyv\u00e4mm\u00e4ksi.<\/p>\n<p>Piia Kleemola: viulu, alttoviulu, 15-kielinen kantele, laulu<br \/>\nAntti Paalanen: 1- ja 2-rivinen haitari<br \/>\nPetri Prauda: cittern (DGDGD), mandoliini, s\u00e4kkipilli, laulu<br \/>\nPaula Susitaival: viulu, avainviulu, laulu<\/p>\n<p><strong>7. Murnutes<\/strong><br \/>\nS\u00e4v. trad., sov. Piia Kleemola, Antti Paalanen, Petri Prauda, Paula Susitaival.<\/p>\n<p>Seesteinen, kanteleen s\u00e4vytt\u00e4m\u00e4 polska Kauhajoen nuottikirjasta. Tallennettu Antero Haapaselta, kauhajokelaiselta pyssysep\u00e4lt\u00e4 1927\u00961928.<\/p>\n<p>Piia Kleemola: viulu, alttoviulu, 15-kielinen kantele, laulu<br \/>\nAntti Paalanen: 1- ja 2-rivinen haitari<br \/>\nPetri Prauda: cittern (DGDGD), mandoliini, s\u00e4kkipilli, laulu<br \/>\nPaula Susitaival: viulu, avainviulu, laulu<\/p>\n<p><strong>8. Sielunestun polkka<\/strong><br \/>\nS\u00e4v. trad., sov. Piia Kleemola, Antti Paalanen, Petri Prauda, Paula Susitaival.<\/p>\n<p>Alavutelaiselta mestaripelimanni Airi Hautam\u00e4elt\u00e4 opittu raivokas kaksirivispolkka \u2013 t\u00e4ll\u00e4 kertaa vain yhdell\u00e4 rivill\u00e4 soitettuna<\/p>\n<p>Piia Kleemola: viulu, alttoviulu, 15-kielinen kantele, laulu<br \/>\nAntti Paalanen: 1- ja 2-rivinen haitari<br \/>\nPetri Prauda: cittern (DGDGD), mandoliini, s\u00e4kkipilli, laulu<br \/>\nPaula Susitaival: viulu, avainviulu, laulu<\/p>\n<p><strong>9. Venemiehen valssi \/ laululintu<\/strong><br \/>\nS\u00e4v. trad., san. trad., sov. Petri Prauda, Paula Susitaival.<\/p>\n<p>Saaristolaishenkinen valssi Alavudelta, ryyditettyn\u00e4 savolaisen viulu- ja laulupelimannin Optatus Raatikaisen viisulla.<\/p>\n<p>Piia Kleemola: viulu, alttoviulu, 15-kielinen kantele, laulu<br \/>\nAntti Paalanen: 1- ja 2-rivinen haitari<br \/>\nPetri Prauda: cittern (DGDGD), mandoliini, s\u00e4kkipilli, laulu<br \/>\nPaula Susitaival: viulu, avainviulu, laulu<\/p>\n<p><strong>10. Gammal hamburgska \/ Ho hoi!<\/strong><br \/>\nS\u00e4v. trad., sov. Arto J\u00e4rvel\u00e4, Piia Kleemola, Petri Prauda.<\/p>\n<p>Keinahtelevaa triolipolskaa Piian ja Petrin duona. Hamburgska on tallennettu Eri Vilhelm Erikssonilta Ecker\u00f6st\u00e4, kokoelmaan \u00c4ldre dansmelodier (n:o 454). J\u00e4lkimm\u00e4inen s\u00e4velm\u00e4 on kaustislaisen Fiina Valon rallattama piirileikkilaulu.<\/p>\n<p>Piia Kleemola: viulu, alttoviulu, 15-kielinen kantele, laulu<br \/>\nAntti Paalanen: 1- ja 2-rivinen haitari<br \/>\nPetri Prauda: cittern (DGDGD), mandoliini, s\u00e4kkipilli, laulu<br \/>\nPaula Susitaival: viulu, avainviulu, laulu<\/p>\n<p><strong>11. Sotteinen<\/strong><br \/>\nS\u00e4v. trad., sov. Piia Kleemola, Antti Paalanen, Petri Prauda, Paula Susitaival.<\/p>\n<p>Suomalaisen s\u00e4kkipillin tahdittama sottiisi. Poimittu Entiset etniset -arkisto\u00e4\u00e4nitteelt\u00e4, jolla kappaleen esitt\u00e4\u00e4 viulullaan Ville Paananen.<\/p>\n<p>Piia Kleemola: viulu, alttoviulu, 15-kielinen kantele, laulu<br \/>\nAntti Paalanen: 1- ja 2-rivinen haitari<br \/>\nPetri Prauda: cittern (DGDGD), mandoliini, s\u00e4kkipilli, laulu<br \/>\nPaula Susitaival: viulu, avainviulu, laulu<\/p>\n<p><strong>12. Koiranmuotoinen hambo<\/strong><br \/>\nS\u00e4v. Paula Susitaival, sov. Piia Kleemola, Antti Paalanen, Petri Prauda, Paula Susitaival.<\/p>\n<p>L\u00e4nsinaapurin tunnelmia tapaileva ripe\u00e4 hambo sai aikoinaan nimens\u00e4 leikkelelordi Snellmanilta.<\/p>\n<p>Piia Kleemola: viulu, alttoviulu, 15-kielinen kantele, laulu<br \/>\nAntti Paalanen: 1- ja 2-rivinen haitari<br \/>\nPetri Prauda: cittern (DGDGD), mandoliini, s\u00e4kkipilli, laulu<br \/>\nPaula Susitaival: viulu, avainviulu, laulu<\/p>\n<p><strong>13. Jaakko Rautasen suurpolska<\/strong><br \/>\nS\u00e4v. trad., sov. Petri Prauda.<\/p>\n<p>Jalasj\u00e4rven nuottikirjan numeroista 15 ja 16 yhdistelty komea polska on saanut nimens\u00e4 melodian suurista hypp\u00e4yksist\u00e4. Jaakko Rautanen oli maineikas jalasj\u00e4rvel\u00e4inen viulupelimanni, jolta tallennettiin 1900-luvun alussa noin 70 viulukappaletta.<\/p>\n<p>Piia Kleemola: viulu, alttoviulu, 15-kielinen kantele, laulu<br \/>\nAntti Paalanen: 1- ja 2-rivinen haitari<br \/>\nPetri Prauda: cittern (DGDGD), mandoliini, s\u00e4kkipilli, laulu<br \/>\nPaula Susitaival: viulu, avainviulu, laulu<\/p>\n<p><strong>14. Viikoksi viri\u00e4 mieli<\/strong><br \/>\nS\u00e4v. Petri Prauda, san. trad., sov. Petri Prauda.<\/p>\n<p>Kalevalaksi laulettu etnospektaakkeli.<\/p>\n<p>Piia Kleemola: viulu, alttoviulu, 15-kielinen kantele, laulu<br \/>\nAntti Paalanen: 1- ja 2-rivinen haitari<br \/>\nPetri Prauda: cittern (DGDGD), mandoliini, s\u00e4kkipilli, laulu<br \/>\nPaula Susitaival: viulu, avainviulu, laulu<\/p>","protected":false},"excerpt":{"rendered":"<p>Antiikin kreikkalaiset puhuivat Hyperborean myyttisest\u00e4 kansasta, joka asui kaukana pohjoisessa, pohjantuulten takana t\u00e4ydellisess\u00e4 maassa, jossa aurinko ei koskaan laskenut, Yh\u00e4 viel\u00e4kin asuttaa maata pelimanniv\u00e4ki, jonka soitannon ikiaikaisissa moodeissa on y\u00f6tt\u00f6m\u00e4n y\u00f6n pikkutuntien valo. Eeppisiss\u00e4 s\u00e4velkuluissa, kuin my\u00f6s kaihoisissa balladeissa soi selitt\u00e4m\u00e4t\u00f6n tenhon tunne \u2013 tanakoissa tulkinnoissa on aito riihen tuoksu.<\/p>\n<p>Perinteikk\u00e4\u00e4n repertoaarin ja tyylit tuntevan s\u00e4vellysty\u00f6n vastapainoksi Hyperborean musiikki tihkuu kelttivaikutteita, popin aateloimia sointukulkuja ja nautinnollista taiturointia. Sen lis\u00e4ksi Hyperborea annostelee perinnearkustaan anteliaasti pelimannimusiikin olennaisimpia aineksia: svengi\u00e4 ja soittamisen riemua.<\/p>\n<p>L\u00e4hteet Suomen kansanmusiikki \u2013 teoria ja k\u00e4yt\u00e4nt\u00f6; Wikipedia, http:\/\/en.wikipedia.org<\/p>","protected":false},"featured_media":1144,"comment_status":"closed","ping_status":"closed","template":"","meta":{"_acf_changed":false},"product_brand":[],"product_cat":[65],"product_tag":[],"class_list":{"0":"post-1143","1":"product","2":"type-product","3":"status-publish","4":"has-post-thumbnail","6":"product_cat-aanitteet","8":"first","9":"instock","10":"shipping-taxable","11":"product-type-simple"},"acf":[],"_links":{"self":[{"href":"https:\/\/etno.net\/en\/wp-json\/wp\/v2\/product\/1143","targetHints":{"allow":["GET"]}}],"collection":[{"href":"https:\/\/etno.net\/en\/wp-json\/wp\/v2\/product"}],"about":[{"href":"https:\/\/etno.net\/en\/wp-json\/wp\/v2\/types\/product"}],"replies":[{"embeddable":true,"href":"https:\/\/etno.net\/en\/wp-json\/wp\/v2\/comments?post=1143"}],"wp:featuredmedia":[{"embeddable":true,"href":"https:\/\/etno.net\/en\/wp-json\/wp\/v2\/media\/1144"}],"wp:attachment":[{"href":"https:\/\/etno.net\/en\/wp-json\/wp\/v2\/media?parent=1143"}],"wp:term":[{"taxonomy":"product_brand","embeddable":true,"href":"https:\/\/etno.net\/en\/wp-json\/wp\/v2\/product_brand?post=1143"},{"taxonomy":"product_cat","embeddable":true,"href":"https:\/\/etno.net\/en\/wp-json\/wp\/v2\/product_cat?post=1143"},{"taxonomy":"product_tag","embeddable":true,"href":"https:\/\/etno.net\/en\/wp-json\/wp\/v2\/product_tag?post=1143"}],"curies":[{"name":"wp","href":"https:\/\/api.w.org\/{rel}","templated":true}]}}