{"id":1145,"date":"2020-11-04T12:44:24","date_gmt":"2020-11-04T10:44:24","guid":{"rendered":"https:\/\/etno.net\/?post_type=product&#038;p=1145"},"modified":"2022-08-16T20:27:57","modified_gmt":"2022-08-16T18:27:57","slug":"lelo-lelo","status":"publish","type":"product","link":"https:\/\/etno.net\/en\/julkaisu\/aanitteet\/lelo-lelo","title":{"rendered":"Lelo: Lelo"},"content":{"rendered":"<p>Sound engineer: Mika Autere<br \/>\nMastering: IMU Matti Kontio<br \/>\nProducers: Anna-Kaisa Liedes, Maija Karhinen-Ilo, Timo V\u00e4\u00e4n\u00e4nen<\/p>\n<p>Muusikot:<br \/>\nGennadi Dulkin, Leena Joutsenlahti, Maija Karhinen-Ilo, Anna-Kaisa Liedes, Timo V\u00e4\u00e4n\u00e4nen<\/p>\n<p><strong>1. Kyl\u00e4 vuotti<\/strong><\/p>\n<p><strong>2. Tanssilaulu<\/strong><\/p>\n<p><strong>3. Kore kajadi<\/strong><\/p>\n<!--[if lt IE 9]><script>document.createElement('audio');<\/script><![endif]-->\n<audio class=\"wp-audio-shortcode\" id=\"audio-1145-1\" preload=\"none\" style=\"width: 100%;\" controls=\"controls\"><source type=\"audio\/mpeg\" src=\"https:\/\/etno.net\/wp-content\/uploads\/2020\/11\/etn_fcd_050_050_sou_003_prv.mp3?_=1\" \/><a href=\"https:\/\/etno.net\/wp-content\/uploads\/2020\/11\/etn_fcd_050_050_sou_003_prv.mp3\">https:\/\/etno.net\/wp-content\/uploads\/2020\/11\/etn_fcd_050_050_sou_003_prv.mp3<\/a><\/audio>\n<p><strong>4. \u0160ok\u0161alainen H\u00e4\u00e4laulu<\/strong><\/p>\n<p><strong>5. Vajo bez<\/strong><\/p>\n<p><strong>6. Itku<\/strong><\/p>\n<p><strong>7. Sjupav Makaro<\/strong><\/p>\n<p><strong>8. Rannalla itkij\u00e4<\/strong><\/p>\n<p><strong>9. Fof-falssi<\/strong><\/p>\n<p><strong>10. Morsiamen itku<\/strong><\/p>\n<p><strong>11. Pellavankylv\u00f6laulu<\/strong><\/p>\n<audio class=\"wp-audio-shortcode\" id=\"audio-1145-2\" preload=\"none\" style=\"width: 100%;\" controls=\"controls\"><source type=\"audio\/mpeg\" src=\"https:\/\/etno.net\/wp-content\/uploads\/2020\/11\/etn_fcd_050_050_sou_011_prv.mp3?_=2\" \/><a href=\"https:\/\/etno.net\/wp-content\/uploads\/2020\/11\/etn_fcd_050_050_sou_011_prv.mp3\">https:\/\/etno.net\/wp-content\/uploads\/2020\/11\/etn_fcd_050_050_sou_011_prv.mp3<\/a><\/audio>\n<p><strong>12. Sotilas<\/strong><\/p>\n<p><strong>13. Miehentappaja Mari<\/strong><\/p>\n<audio class=\"wp-audio-shortcode\" id=\"audio-1145-3\" preload=\"none\" style=\"width: 100%;\" controls=\"controls\"><source type=\"audio\/mpeg\" src=\"https:\/\/etno.net\/wp-content\/uploads\/2020\/11\/etn_fcd_050_050_sou_013_prv.mp3?_=3\" \/><a href=\"https:\/\/etno.net\/wp-content\/uploads\/2020\/11\/etn_fcd_050_050_sou_013_prv.mp3\">https:\/\/etno.net\/wp-content\/uploads\/2020\/11\/etn_fcd_050_050_sou_013_prv.mp3<\/a><\/audio>\n<p><strong>14. Kynna kari<\/strong><\/p>\n<p><strong>15. Lelo<\/strong><\/p>\n","protected":false},"excerpt":{"rendered":"<p><strong>Matka suomalais-ugrilaisen musiikin maailmaan<\/strong><br \/>\nSuomen sukulaiskansojen kieli ja kulttuuri on kiehtonut Lelo-yhtyeen muusikoita jo kauan. Sama kieliperim\u00e4 sek\u00e4 yhteiset soittimet antoivat inspiraation koota vanhoja s\u00e4velmi\u00e4 eri kansoilta ja tuoda ne t\u00e4m\u00e4n p\u00e4iv\u00e4n ihmisten kuuluville.<\/p>\n<p>Suuri osa suomalais-ugrilaisista kansoista asuu Ven\u00e4j\u00e4n federaatiossa Marin, Mordvan, Komin, Udmurtianja Karjalan tasavallassa sek\u00e4 Hanti-Mansin, Nenetsien, Jamalin Nenetsien, Komi-Permin ja Taimyrin autonomisessa piirikunnassa. Saamelaiset ovat jakaantuneet nelj\u00e4n valtion alueelle (Suomi, Ruotsi, Norja ja Ven\u00e4j\u00e4). V\u00e4kiluvultaan suurimmat suomalais-ugrilaiset kansat asuvat Unkarissa, Suomessa ja Virossa. Vaikka kansat ovat toisistaan et\u00e4\u00e4ll\u00e4, kielisukulaisten musiikin yhteinen s\u00e4vel l\u00f6ytyy helposti: laulamalla ja soittamalla.<\/p>","protected":false},"featured_media":1146,"comment_status":"closed","ping_status":"closed","template":"","meta":{"_acf_changed":false},"product_brand":[],"product_cat":[65],"product_tag":[],"class_list":{"0":"post-1145","1":"product","2":"type-product","3":"status-publish","4":"has-post-thumbnail","6":"product_cat-aanitteet","8":"first","9":"instock","10":"shipping-taxable","11":"product-type-simple"},"acf":[],"_links":{"self":[{"href":"https:\/\/etno.net\/en\/wp-json\/wp\/v2\/product\/1145","targetHints":{"allow":["GET"]}}],"collection":[{"href":"https:\/\/etno.net\/en\/wp-json\/wp\/v2\/product"}],"about":[{"href":"https:\/\/etno.net\/en\/wp-json\/wp\/v2\/types\/product"}],"replies":[{"embeddable":true,"href":"https:\/\/etno.net\/en\/wp-json\/wp\/v2\/comments?post=1145"}],"wp:featuredmedia":[{"embeddable":true,"href":"https:\/\/etno.net\/en\/wp-json\/wp\/v2\/media\/1146"}],"wp:attachment":[{"href":"https:\/\/etno.net\/en\/wp-json\/wp\/v2\/media?parent=1145"}],"wp:term":[{"taxonomy":"product_brand","embeddable":true,"href":"https:\/\/etno.net\/en\/wp-json\/wp\/v2\/product_brand?post=1145"},{"taxonomy":"product_cat","embeddable":true,"href":"https:\/\/etno.net\/en\/wp-json\/wp\/v2\/product_cat?post=1145"},{"taxonomy":"product_tag","embeddable":true,"href":"https:\/\/etno.net\/en\/wp-json\/wp\/v2\/product_tag?post=1145"}],"curies":[{"name":"wp","href":"https:\/\/api.w.org\/{rel}","templated":true}]}}