{"id":1158,"date":"2020-11-04T14:11:14","date_gmt":"2020-11-04T12:11:14","guid":{"rendered":"https:\/\/etno.net\/?post_type=product&#038;p=1158"},"modified":"2020-11-04T14:11:39","modified_gmt":"2020-11-04T12:11:39","slug":"hanni-autere-puhun-puille","status":"publish","type":"product","link":"https:\/\/etno.net\/en\/julkaisu\/aanitteet\/hanni-autere-puhun-puille","title":{"rendered":"Hanni Autere: Puhun puille"},"content":{"rendered":"<p>Tuottajat Hanni &amp; Mika Autere<br \/>\n\u00c4\u00e4nitys ja miksaus Mika Autere Kallio-Kuninkala &amp; Oriville Studiolla<br \/>\nMasterointi Timo J\u00e4rvinen, Z-Trading Oy<\/p>\n<p><strong>1. Aapon hambo<\/strong><br \/>\nS\u00e4v. Hanni Autere, sov. Hanni Autere, Maija Karhinen, Matti Laitinen.<\/p>\n<p>Hambo on yksi suosikkitansseistani, ja t\u00e4m\u00e4n kappaleen olen nimennyt kummipoikani mukaan.<\/p>\n<p>Hanni Autere: laulu, alttoviulu, nokkahuilu<br \/>\nMaija Karhinen: haitari<br \/>\nMatti Laitinen: kitara<\/p>\n<p><strong>2. Menuetti<\/strong><br \/>\nS\u00e4v. Hanni Autere, sov. Hanni Autere, Eero Grundstr\u00f6m.<\/p>\n<p>T\u00e4m\u00e4 kappale l\u00f6ytyy my\u00f6s Loituman levylt\u00e4 &#8221;Kuutamolla&#8221;.<\/p>\n<p>Hanni Autere: laulu, viulu<br \/>\nEero Grundstr\u00f6m: harmooni<\/p>\n<p><strong>3. Intt\u00e4j\u00e4ispolska<\/strong><br \/>\nS\u00e4v. Hanni Autere, sov. Hanni Autere, Eero Grundstr\u00f6m.<\/p>\n<p>Kappale on kantaesitetty Marjukka ja Pekka Suhosen &#8221;intt\u00e4j\u00e4is&#8221;karonkassa ja on arvon tohtoreille omistettu.<\/p>\n<p>Hanni Autere: laulu, viulu<br \/>\nEero Grundstr\u00f6m: piano<\/p>\n<p><strong>4. Puhun puille<\/strong><br \/>\nS\u00e4v. Hanni Autere, san. Hanni Autere, trad.<\/p>\n<p>Mets\u00e4 lohduttaa yksin\u00e4ist\u00e4 ihmist\u00e4. Ensimm\u00e4inen viululaulusooloni.<\/p>\n<p>Hanni Autere: laulu, viulu<\/p>\n<p><strong>5. Kes\u00e4sade<\/strong><br \/>\nS\u00e4v. Hanni Autere, sov. Hanni Autere, Eero Grundstr\u00f6m, Timo Myllykangas.<\/p>\n<p>Vesipisarat hiljaa virtaavan joen pinnalla.<\/p>\n<p>Hanni Autere: laulu, viulu<br \/>\nEero Grundstr\u00f6m: piano<br \/>\nMaija Karhinen: haitari, laulu<br \/>\nMatti Laitinen: kitara, laulu<br \/>\nSara Puljula: kontrabasso<br \/>\nSara Puljula: ly\u00f6m\u00e4soittimet<\/p>\n<p><strong>6. Meret suuret sulavat<\/strong><br \/>\nS\u00e4v. Hanni Autere, san. Hanni Autere, trad., sov. Hanni Autere, Sara Puljula.<\/p>\n<p>T\u00e4m\u00e4 on minun itkuvirteni.<\/p>\n<p>Hanni Autere: laulu, alttoviulu<br \/>\nSara Puljula: kontrabasso<br \/>\nSara Puljula: ly\u00f6m\u00e4soittimet<\/p>\n<p><strong>7. Lempilintu<\/strong><br \/>\nS\u00e4v. Hanni Autere, san. trad.<\/p>\n<p>Rakkauslaulu Kantelettaren tapaan.<\/p>\n<p>Hanni Autere: laulu<br \/>\nTuukka Haapaniemi: laulu<\/p>\n<p><strong>8. Masurkkaamo<\/strong><br \/>\nS\u00e4v. Hanni Autere, sov. Hanni Autere, Maija Karhinen, Matti Laitinen.<\/p>\n<p>Hilpe\u00e4 masurkkapartio soittaa piiriss\u00e4 istuen.<\/p>\n<p>Hanni Autere: laulu, alttoviulu<br \/>\nMaija Karhinen: haitari<br \/>\nMatti Laitinen: kitara<\/p>\n<p><strong>9. Hieho saunapolulla<\/strong><br \/>\nS\u00e4v. Hanni Autere, sov. Hanni Autere, Eero Grundstr\u00f6m.<\/p>\n<p>Kappale sai nimens\u00e4 tositapahtumasta kes\u00e4m\u00f6kill\u00e4.<\/p>\n<p>Hanni Autere: alttoviulu<br \/>\nEero Grundstr\u00f6m: harmooni<\/p>\n<p><strong>10. Saattomarssi<\/strong><br \/>\nS\u00e4v. Hanni Autere, sov. Hanni Autere, Eero Grundstr\u00f6m.<\/p>\n<p>Kappale alkoi soida p\u00e4\u00e4ss\u00e4ni heti, kun kuulin perheemme hyv\u00e4n yst\u00e4v\u00e4n kuolleen. Soitin t\u00e4m\u00e4n my\u00f6s Aili-mummolleni arkkua haudalle viet\u00e4ess\u00e4.<\/p>\n<p>Hanni Autere: laulu, viulu<br \/>\nEero Grundstr\u00f6m: harmooni<br \/>\nMaija Karhinen: laulu<\/p>\n<p><strong>11. Hirvipolska<\/strong><br \/>\nS\u00e4v. Hanni Autere, sov. Hanni Autere, Eero Grundstr\u00f6m, Timo Myllykangas.<\/p>\n<p>Kappale sai inspiraationsa visiosta, jossa soitin Timo Myllykankaan kanssa duona.<\/p>\n<p>Hanni Autere: laulu, viulu<br \/>\nEero Grundstr\u00f6m: piano<br \/>\nMatti Laitinen: kitara<br \/>\nSara Puljula: kontrabasso<\/p>","protected":false},"excerpt":{"rendered":"<p>Aloin kokeilla viulunsoiton ja laulun yhdist\u00e4mist\u00e4 ensin Loituma-yhtyeess\u00e4, ja pikku hiljaa vahvistui tunne siit\u00e4, ett\u00e4 t\u00e4m\u00e4 on minun omin instrumenttini. Musiikkini juuret ovat suomalaisessa kansanmusiikissa, mutta kuultavissa on my\u00f6s ruotsalaisen ja irlantilaisen musiikin vaikutus. Kappaleitten innoittajina ovat usein kauniit ja maanl\u00e4heiset asiat kuten Kantelettaren runot, kansantanssit tai luonto.<\/p>\n<p><em>Hanni Autere<\/em><\/p>","protected":false},"featured_media":1159,"comment_status":"closed","ping_status":"closed","template":"","meta":{"_acf_changed":false},"product_brand":[],"product_cat":[65],"product_tag":[],"class_list":{"0":"post-1158","1":"product","2":"type-product","3":"status-publish","4":"has-post-thumbnail","6":"product_cat-aanitteet","8":"first","9":"instock","10":"shipping-taxable","11":"product-type-simple"},"acf":[],"_links":{"self":[{"href":"https:\/\/etno.net\/en\/wp-json\/wp\/v2\/product\/1158","targetHints":{"allow":["GET"]}}],"collection":[{"href":"https:\/\/etno.net\/en\/wp-json\/wp\/v2\/product"}],"about":[{"href":"https:\/\/etno.net\/en\/wp-json\/wp\/v2\/types\/product"}],"replies":[{"embeddable":true,"href":"https:\/\/etno.net\/en\/wp-json\/wp\/v2\/comments?post=1158"}],"wp:featuredmedia":[{"embeddable":true,"href":"https:\/\/etno.net\/en\/wp-json\/wp\/v2\/media\/1159"}],"wp:attachment":[{"href":"https:\/\/etno.net\/en\/wp-json\/wp\/v2\/media?parent=1158"}],"wp:term":[{"taxonomy":"product_brand","embeddable":true,"href":"https:\/\/etno.net\/en\/wp-json\/wp\/v2\/product_brand?post=1158"},{"taxonomy":"product_cat","embeddable":true,"href":"https:\/\/etno.net\/en\/wp-json\/wp\/v2\/product_cat?post=1158"},{"taxonomy":"product_tag","embeddable":true,"href":"https:\/\/etno.net\/en\/wp-json\/wp\/v2\/product_tag?post=1158"}],"curies":[{"name":"wp","href":"https:\/\/api.w.org\/{rel}","templated":true}]}}