{"id":1160,"date":"2020-11-04T14:14:17","date_gmt":"2020-11-04T12:14:17","guid":{"rendered":"https:\/\/etno.net\/?post_type=product&#038;p=1160"},"modified":"2020-11-04T14:14:17","modified_gmt":"2020-11-04T12:14:17","slug":"svang-svang","status":"publish","type":"product","link":"https:\/\/etno.net\/en\/julkaisu\/aanitteet\/svang-svang","title":{"rendered":"Sv\u00e4ng: Sv\u00e4ng"},"content":{"rendered":"<p><strong>1. Jampparaleele<\/strong><br \/>\nS\u00e4v. Eero Turkka.<\/p>\n<p>Eero Grundstr\u00f6m: kromaattinen huuliharppu<br \/>\nJouko Kyh\u00e4l\u00e4: Harmonetta<br \/>\nPasi Leino: bassohuuliharppu<br \/>\nEero Turkka: kromaattinen huuliharppu<\/p>\n<p><strong>2. Kaipaustango<\/strong><br \/>\nS\u00e4v. Eero Turkka.<\/p>\n<p>Eero Grundstr\u00f6m: kromaattinen huuliharppu<br \/>\nJouko Kyh\u00e4l\u00e4: Harmonetta<br \/>\nPasi Leino: bassohuuliharppu<br \/>\nEero Turkka: kromaattinen huuliharppu<\/p>\n<p><strong>3. Saaren erakko<\/strong><br \/>\nS\u00e4v. Martti Maja, sov. Eero Grundstr\u00f6m.<\/p>\n<p>Eero Grundstr\u00f6m: kromaattinen huuliharppu<br \/>\nJouko Kyh\u00e4l\u00e4: Harmonetta<br \/>\nPasi Leino: bassohuuliharppu<br \/>\nEero Turkka: kromaattinen huuliharppu<\/p>\n<p><strong>4. Kurjet<\/strong><br \/>\nS\u00e4v. Ismo Alanko.<\/p>\n<p>Eero Grundstr\u00f6m: kromaattinen huuliharppu<br \/>\nJouko Kyh\u00e4l\u00e4: kromaattinen huuliharppu<br \/>\nPasi Leino: bassohuuliharppu<br \/>\nEero Turkka: kromaattinen huuliharppu<\/p>\n<p><strong>5. Moara<\/strong><br \/>\nS\u00e4v. trad., sov. Eero Grundstr\u00f6m, Jouko Kyh\u00e4l\u00e4, Pasi Leino, Eero Turkka.<\/p>\n<p>Romaniasta.<\/p>\n<p>Eero Grundstr\u00f6m: kromaattinen huuliharppu<br \/>\nJouko Kyh\u00e4l\u00e4: kromaattinen huuliharppu<br \/>\nPasi Leino: bassohuuliharppu<br \/>\nEero Turkka: kromaattinen huuliharppu<\/p>\n<p><strong>6. Tyysk\u00e4<\/strong><br \/>\nS\u00e4v. trad., sov. Eero Grundstr\u00f6m.<\/p>\n<p>Suomesta.<\/p>\n<p>Eero Grundstr\u00f6m: diatoninen huuliharppu<br \/>\nJouko Kyh\u00e4l\u00e4: Harmonetta<br \/>\nPasi Leino: bassohuuliharppu<br \/>\nEero Turkka: diatoninen huuliharppu<\/p>\n<p><strong>7. Po Muromskoj Doroshkje \u2013 Muromskin tiell\u00e4<\/strong><br \/>\nS\u00e4v. trad.<\/p>\n<p>Mandoliinipelimanni Heikki Lahden is\u00e4 V\u00e4in\u00f6 oppi t\u00e4m\u00e4n valssin palvellessaan Syv\u00e4rill\u00e4 konekiv\u00e4\u00e4rikomppaniassa. H\u00e4n kuuli melodian ven\u00e4l\u00e4isten puolelta, ja opetteli sen. Heikki oppi sen is\u00e4lt\u00e4\u00e4n ensimm\u00e4isen\u00e4 mandoliinikappaleenaan 5-vuotiaana v. 1939, kun t\u00e4m\u00e4 p\u00e4\u00e4si k\u00e4ym\u00e4\u00e4n kotona rintamalta.<\/p>\n<p>Pasi Leino: bassohuuliharppu<br \/>\nEero Turkka: diatoninen huuliharppu<\/p>\n<p><strong>8. Sandy boys and Hangman&#8217;s reel<\/strong><br \/>\nS\u00e4v. trad., sov. Eero Grundstr\u00f6m, Jouko Kyh\u00e4l\u00e4.<\/p>\n<p>USA:sta.<\/p>\n<p>Eero Grundstr\u00f6m: diatoninen huuliharppu<br \/>\nJouko Kyh\u00e4l\u00e4: diatoninen huuliharppu<\/p>\n<p><strong>9. Lelita Ioanna<\/strong><br \/>\nS\u00e4v. trad.<\/p>\n<p>Romaniasta.<\/p>\n<p>Eero Grundstr\u00f6m: diatoninen huuliharppu<br \/>\nJouko Kyh\u00e4l\u00e4: Harmonetta<br \/>\nPasi Leino: bassohuuliharppu<br \/>\nEero Turkka: kromaattinen huuliharppu<\/p>\n<p><strong>10. Om inte du vill<\/strong><br \/>\nS\u00e4v. trad., sov. Eero Grundstr\u00f6m, Jouko Kyh\u00e4l\u00e4, Pasi Leino, Eero Turkka.<\/p>\n<p>Ruotsista.<\/p>\n<p>Eero Grundstr\u00f6m: kromaattinen huuliharppu<br \/>\nJouko Kyh\u00e4l\u00e4: Harmonetta<br \/>\nPasi Leino: bassohuuliharppu<br \/>\nEero Turkka: kromaattinen huuliharppu<\/p>\n<p><strong>11. Sateen tango<\/strong><br \/>\nS\u00e4v. Unto Mononen, sov. Eero Grundstr\u00f6m, Jouko Kyh\u00e4l\u00e4.<\/p>\n<p>Eero Grundstr\u00f6m: kromaattinen huuliharppu<br \/>\nJouko Kyh\u00e4l\u00e4: Harmonetta<br \/>\nPasi Leino: bassohuuliharppu<br \/>\nEero Turkka: kromaattinen huuliharppu<\/p>\n<p><strong>12. Sv\u00e4ngtime rag<\/strong><br \/>\nS\u00e4v. Eero Turkka, sov. Eero Grundstr\u00f6m, Eero Turkka.<\/p>\n<p>Eero Grundstr\u00f6m: diatoninen huuliharppu<br \/>\nJouko Kyh\u00e4l\u00e4: Harmonetta<br \/>\nPasi Leino: bassohuuliharppu<br \/>\nEero Turkka: diatoninen huuliharppu<\/p>","protected":false},"excerpt":{"rendered":"<p>1. Jampparaleele S\u00e4v. Eero Turkka. Eero Grundstr\u00f6m: kromaattinen huuliharppu Jouko Kyh\u00e4l\u00e4: Harmonetta Pasi Leino: bassohuuliharppu Eero Turkka: kromaattinen huuliharppu 2. Kaipaustango S\u00e4v. Eero Turkka. Eero Grundstr\u00f6m: kromaattinen huuliharppu Jouko Kyh\u00e4l\u00e4: Harmonetta Pasi Leino: bassohuuliharppu Eero Turkka: kromaattinen huuliharppu 3. Saaren erakko S\u00e4v. Martti Maja, sov. Eero Grundstr\u00f6m. Eero Grundstr\u00f6m: kromaattinen huuliharppu Jouko Kyh\u00e4l\u00e4: Harmonetta Pasi [&hellip;]<\/p>\n","protected":false},"featured_media":1161,"comment_status":"closed","ping_status":"closed","template":"","meta":{"_acf_changed":false},"product_brand":[],"product_cat":[65],"product_tag":[],"class_list":{"0":"post-1160","1":"product","2":"type-product","3":"status-publish","4":"has-post-thumbnail","6":"product_cat-aanitteet","8":"first","9":"instock","10":"shipping-taxable","11":"product-type-simple"},"acf":[],"_links":{"self":[{"href":"https:\/\/etno.net\/en\/wp-json\/wp\/v2\/product\/1160","targetHints":{"allow":["GET"]}}],"collection":[{"href":"https:\/\/etno.net\/en\/wp-json\/wp\/v2\/product"}],"about":[{"href":"https:\/\/etno.net\/en\/wp-json\/wp\/v2\/types\/product"}],"replies":[{"embeddable":true,"href":"https:\/\/etno.net\/en\/wp-json\/wp\/v2\/comments?post=1160"}],"wp:featuredmedia":[{"embeddable":true,"href":"https:\/\/etno.net\/en\/wp-json\/wp\/v2\/media\/1161"}],"wp:attachment":[{"href":"https:\/\/etno.net\/en\/wp-json\/wp\/v2\/media?parent=1160"}],"wp:term":[{"taxonomy":"product_brand","embeddable":true,"href":"https:\/\/etno.net\/en\/wp-json\/wp\/v2\/product_brand?post=1160"},{"taxonomy":"product_cat","embeddable":true,"href":"https:\/\/etno.net\/en\/wp-json\/wp\/v2\/product_cat?post=1160"},{"taxonomy":"product_tag","embeddable":true,"href":"https:\/\/etno.net\/en\/wp-json\/wp\/v2\/product_tag?post=1160"}],"curies":[{"name":"wp","href":"https:\/\/api.w.org\/{rel}","templated":true}]}}