{"id":1162,"date":"2020-11-04T14:20:20","date_gmt":"2020-11-04T12:20:20","guid":{"rendered":"https:\/\/etno.net\/?post_type=product&#038;p=1162"},"modified":"2020-11-04T14:20:20","modified_gmt":"2020-11-04T12:20:20","slug":"arja-kastinen-ja-riitta-liisa-joutsenlahti-kajo","status":"publish","type":"product","link":"https:\/\/etno.net\/en\/julkaisu\/aanitteet\/arja-kastinen-ja-riitta-liisa-joutsenlahti-kajo","title":{"rendered":"Arja Kastinen ja Riitta-Liisa Joutsenlahti: Kajo"},"content":{"rendered":"<p>Marko My\u00f6h\u00e4nen, \u00e4\u00e4nitys, miksaus, masterointi<\/p>\n<p><strong>1. Tarakkamies<\/strong><\/p>\n<!--[if lt IE 9]><script>document.createElement('audio');<\/script><![endif]-->\n<audio class=\"wp-audio-shortcode\" id=\"audio-1162-1\" preload=\"none\" style=\"width: 100%;\" controls=\"controls\"><source type=\"audio\/mpeg\" src=\"https:\/\/etno.net\/wp-content\/uploads\/2020\/11\/kajo_1_etnonet.mp3?_=1\" \/><a href=\"https:\/\/etno.net\/wp-content\/uploads\/2020\/11\/kajo_1_etnonet.mp3\">https:\/\/etno.net\/wp-content\/uploads\/2020\/11\/kajo_1_etnonet.mp3<\/a><\/audio>\n<p>S\u00e4v. Riitta-Liisa Joutsenlahti, Arja Kastinen.<\/p>\n<p>Riitta-Liisa Joutsenlahti: m\u00e4kel\u00e4huilu<br \/>\nArja Kastinen: kanteleet<\/p>\n<p><strong>2. Kaune<\/strong><\/p>\n<audio class=\"wp-audio-shortcode\" id=\"audio-1162-2\" preload=\"none\" style=\"width: 100%;\" controls=\"controls\"><source type=\"audio\/mpeg\" src=\"https:\/\/etno.net\/wp-content\/uploads\/2020\/11\/kajo_2_etnonet.mp3?_=2\" \/><a href=\"https:\/\/etno.net\/wp-content\/uploads\/2020\/11\/kajo_2_etnonet.mp3\">https:\/\/etno.net\/wp-content\/uploads\/2020\/11\/kajo_2_etnonet.mp3<\/a><\/audio>\n<p>S\u00e4v. Riitta-Liisa Joutsenlahti, Arja Kastinen.<\/p>\n<p>Riitta-Liisa Joutsenlahti: m\u00e4kel\u00e4huilu<br \/>\nArja Kastinen: kanteleet<\/p>\n<p><strong>3. Ailut<\/strong><br \/>\nS\u00e4v. Riitta-Liisa Joutsenlahti, Arja Kastinen.<\/p>\n<p>Riitta-Liisa Joutsenlahti: m\u00e4kel\u00e4huilu<br \/>\nArja Kastinen: kanteleet<\/p>\n<p><strong>4. Saajannainen<\/strong><br \/>\nS\u00e4v. Riitta-Liisa Joutsenlahti, Arja Kastinen.<\/p>\n<p>Riitta-Liisa Joutsenlahti: m\u00e4kel\u00e4huilu<br \/>\nArja Kastinen: kanteleet<\/p>\n<p><strong>5. Nietsivoo<\/strong><br \/>\nS\u00e4v. Riitta-Liisa Joutsenlahti, Arja Kastinen.<\/p>\n<p>Riitta-Liisa Joutsenlahti: surra<br \/>\nArja Kastinen: kanteleet<\/p>\n","protected":false},"excerpt":{"rendered":"<p>Marko My\u00f6h\u00e4nen, \u00e4\u00e4nitys, miksaus, masterointi 1. Tarakkamies S\u00e4v. Riitta-Liisa Joutsenlahti, Arja Kastinen. Riitta-Liisa Joutsenlahti: m\u00e4kel\u00e4huilu Arja Kastinen: kanteleet 2. Kaune S\u00e4v. Riitta-Liisa Joutsenlahti, Arja Kastinen. Riitta-Liisa Joutsenlahti: m\u00e4kel\u00e4huilu Arja Kastinen: kanteleet 3. Ailut S\u00e4v. Riitta-Liisa Joutsenlahti, Arja Kastinen. Riitta-Liisa Joutsenlahti: m\u00e4kel\u00e4huilu Arja Kastinen: kanteleet 4. Saajannainen S\u00e4v. Riitta-Liisa Joutsenlahti, Arja Kastinen. Riitta-Liisa Joutsenlahti: m\u00e4kel\u00e4huilu Arja [&hellip;]<\/p>\n","protected":false},"featured_media":1163,"comment_status":"closed","ping_status":"closed","template":"","meta":{"_acf_changed":false},"product_brand":[],"product_cat":[65],"product_tag":[],"class_list":{"0":"post-1162","1":"product","2":"type-product","3":"status-publish","4":"has-post-thumbnail","6":"product_cat-aanitteet","8":"first","9":"instock","10":"shipping-taxable","11":"product-type-simple"},"acf":[],"_links":{"self":[{"href":"https:\/\/etno.net\/en\/wp-json\/wp\/v2\/product\/1162","targetHints":{"allow":["GET"]}}],"collection":[{"href":"https:\/\/etno.net\/en\/wp-json\/wp\/v2\/product"}],"about":[{"href":"https:\/\/etno.net\/en\/wp-json\/wp\/v2\/types\/product"}],"replies":[{"embeddable":true,"href":"https:\/\/etno.net\/en\/wp-json\/wp\/v2\/comments?post=1162"}],"wp:featuredmedia":[{"embeddable":true,"href":"https:\/\/etno.net\/en\/wp-json\/wp\/v2\/media\/1163"}],"wp:attachment":[{"href":"https:\/\/etno.net\/en\/wp-json\/wp\/v2\/media?parent=1162"}],"wp:term":[{"taxonomy":"product_brand","embeddable":true,"href":"https:\/\/etno.net\/en\/wp-json\/wp\/v2\/product_brand?post=1162"},{"taxonomy":"product_cat","embeddable":true,"href":"https:\/\/etno.net\/en\/wp-json\/wp\/v2\/product_cat?post=1162"},{"taxonomy":"product_tag","embeddable":true,"href":"https:\/\/etno.net\/en\/wp-json\/wp\/v2\/product_tag?post=1162"}],"curies":[{"name":"wp","href":"https:\/\/api.w.org\/{rel}","templated":true}]}}