{"id":1166,"date":"2020-11-04T14:26:28","date_gmt":"2020-11-04T12:26:28","guid":{"rendered":"https:\/\/etno.net\/?post_type=product&#038;p=1166"},"modified":"2020-11-04T14:26:28","modified_gmt":"2020-11-04T12:26:28","slug":"frigg-keidas","status":"publish","type":"product","link":"https:\/\/etno.net\/en\/julkaisu\/aanitteet\/frigg-keidas","title":{"rendered":"Frigg: Keidas"},"content":{"rendered":"<p>\u00c4\u00e4nitys: Marko My\u00f6h\u00e4nen, Olli Varis ja Vesa Laasanen<br \/>\nMiksaus: Vesa Laasanen ja Antti J\u00e4rvel\u00e4<br \/>\nMasterointi: Minerva Pappi, Finnvox<\/p>\n<p><strong>1. Jokijenkka<\/strong><br \/>\nS\u00e4v. Antti J\u00e4rvel\u00e4.<\/p>\n<p>T\u00e4m\u00e4 sottiisi kiskoo sinut turbulenssiin. Pullo viinaa, supikkaat, pelastusliivit ja hyv\u00e4\u00e4 musiikkia, niin Suomen kes\u00e4st\u00e4 on jo paljon pelastettu!<\/p>\n<p>Esko J\u00e4rvel\u00e4: piano, viulu<br \/>\nAntti J\u00e4rvel\u00e4: kontrabasso, viulu<br \/>\nAlina J\u00e4rvel\u00e4: viulu<br \/>\nGjermund Larsen: viulu<br \/>\nEinar Olav Larsen: viulu<br \/>\nTuomas Logr\u00e9n: kitara<br \/>\nKalevi Louhivuori: trumpetti<br \/>\nJoonas Outakoski: saksofoni<br \/>\nPetri Prauda: mandoliini<\/p>\n<p><strong>2. Daavid Ja Min\u00e4<\/strong><br \/>\nS\u00e4v. Esko J\u00e4rvel\u00e4, sov. Alina J\u00e4rvel\u00e4, Antti J\u00e4rvel\u00e4, Esko J\u00e4rvel\u00e4, Einar Olav Larsen, Gjermund Larsen, Tuomas Logr\u00e9n, Petri Prauda.<\/p>\n<p>Esko J\u00e4rvel\u00e4: viulu<br \/>\nAntti J\u00e4rvel\u00e4: kontrabasso<br \/>\nAlina J\u00e4rvel\u00e4: viulu<br \/>\nGjermund Larsen: viulu<br \/>\nEinar Olav Larsen: viulu<br \/>\nTuomas Logr\u00e9n: kitara<br \/>\nPetri Prauda: mandoliini<\/p>\n<p><strong>3. Hasse<\/strong><br \/>\nS\u00e4v. Mikael Marin, sov. Alina J\u00e4rvel\u00e4, Antti J\u00e4rvel\u00e4, Esko J\u00e4rvel\u00e4, Einar Olav Larsen, Gjermund Larsen, Tuomas Logr\u00e9n, Petri Prauda.<\/p>\n<p>Opimme t\u00e4m\u00e4n polskan Sulhorannassa Kaustisella 2003. Nelj\u00e4 ruotsalaista veijaria ja Frigg kohtasivat pihakoivun alla kauniina kes\u00e4p\u00e4iv\u00e4n\u00e4.<\/p>\n<p>Esko J\u00e4rvel\u00e4: nyckelharpa, alttoviulu<br \/>\nAntti J\u00e4rvel\u00e4: kontrabasso<br \/>\nAlina J\u00e4rvel\u00e4: viulu<br \/>\nGjermund Larsen: viulu<br \/>\nEinar Olav Larsen: viulu<br \/>\nTuomas Logr\u00e9n: kitara<br \/>\nPetri Prauda: cittern<br \/>\nSara Puljula: udu, tamburiini<\/p>\n<p><strong>4. Keidas<\/strong><\/p>\n<!--[if lt IE 9]><script>document.createElement('audio');<\/script><![endif]-->\n<audio class=\"wp-audio-shortcode\" id=\"audio-1166-1\" preload=\"none\" style=\"width: 100%;\" controls=\"controls\"><source type=\"audio\/mpeg\" src=\"https:\/\/etno.net\/wp-content\/uploads\/2020\/11\/etn_fcd_056_056_sou_004_prv.mp3?_=1\" \/><a href=\"https:\/\/etno.net\/wp-content\/uploads\/2020\/11\/etn_fcd_056_056_sou_004_prv.mp3\">https:\/\/etno.net\/wp-content\/uploads\/2020\/11\/etn_fcd_056_056_sou_004_prv.mp3<\/a><\/audio>\n<p>S\u00e4v. Petri Prauda, sov. Antti J\u00e4rvel\u00e4.<\/p>\n<p>\u00c4l\u00e4 katso taaksesi Tangerissa!<\/p>\n<p>Arto Anttila: kontrabasso<br \/>\nInka Eerola: viulu<br \/>\nMarion G\u00f6bel: sello<br \/>\nSanna Hel\u00e9n: alttoviulu<br \/>\nEsko J\u00e4rvel\u00e4: alttoviulu<br \/>\nEsko J\u00e4rvel\u00e4: urut<br \/>\nAntti J\u00e4rvel\u00e4: kontrabasso, laulu<br \/>\nAlina J\u00e4rvel\u00e4: viulu<br \/>\nAlina J\u00e4rvel\u00e4: viulu<br \/>\nAili J\u00e4rvel\u00e4: laulu<br \/>\nAija Kangas: laulu<br \/>\nPekka Kuusisto: viulu<br \/>\nGjermund Larsen: viulu<br \/>\nEinar Olav Larsen: viulu<br \/>\nTuomas Logr\u00e9n: kitara, laulu<br \/>\nEeva Oksala: viulu<br \/>\nPetri Prauda: cittern<\/p>\n<p><strong>5. Kj\u00f8mestermarsj<\/strong><br \/>\nS\u00e4v. Gjermund Larsen, sov. Antti J\u00e4rvel\u00e4, Gjermund Larsen.<\/p>\n<p>Seremoniamestarin marssi. S\u00e4velt\u00e4j\u00e4 teki t\u00e4m\u00e4n omaksi h\u00e4\u00e4marssikseen.<\/p>\n<p>Esko J\u00e4rvel\u00e4: kirkkourut<br \/>\nAntti J\u00e4rvel\u00e4: kontrabasso<br \/>\nGjermund Larsen: hardangerviulu<br \/>\nEinar Olav Larsen: hardangerviulu<br \/>\nTuomas Logr\u00e9n: kitara<br \/>\nPetri Prauda: cittern<\/p>\n<p><strong>6. M\u00e4enp\u00e4\u00e4n Heikin Valssi<\/strong><\/p>\n<audio class=\"wp-audio-shortcode\" id=\"audio-1166-2\" preload=\"none\" style=\"width: 100%;\" controls=\"controls\"><source type=\"audio\/mpeg\" src=\"https:\/\/etno.net\/wp-content\/uploads\/2020\/11\/etn_fcd_056_056_sou_006_prv.mp3?_=2\" \/><a href=\"https:\/\/etno.net\/wp-content\/uploads\/2020\/11\/etn_fcd_056_056_sou_006_prv.mp3\">https:\/\/etno.net\/wp-content\/uploads\/2020\/11\/etn_fcd_056_056_sou_006_prv.mp3<\/a><\/audio>\n<p>S\u00e4v. trad., sov. Antti J\u00e4rvel\u00e4, Tuomas Logr\u00e9n.<\/p>\n<p>Alavutelaisen kansanlaulaja Tiila Ilkan (1875-1963) rallattama valssi. Rankka se on kyll\u00e4 ollut jo silloinkin\u0085<\/p>\n<p>Esko J\u00e4rvel\u00e4: alttoviulu<br \/>\nAntti J\u00e4rvel\u00e4: kontrabasso, bassosyntetisaattori<br \/>\nAlina J\u00e4rvel\u00e4: viulu<br \/>\nGjermund Larsen: viulu<br \/>\nEinar Olav Larsen: viulu<br \/>\nTuomas Logr\u00e9n: kitara<br \/>\nPetri Prauda: eestil\u00e4inen s\u00e4kkipilli<br \/>\nSara Puljula: cajon, tamburiini<\/p>\n<p><strong>7. Fantomen<\/strong><\/p>\n<audio class=\"wp-audio-shortcode\" id=\"audio-1166-3\" preload=\"none\" style=\"width: 100%;\" controls=\"controls\"><source type=\"audio\/mpeg\" src=\"https:\/\/etno.net\/wp-content\/uploads\/2020\/11\/etn_fcd_056_056_sou_007_prv.mp3?_=3\" \/><a href=\"https:\/\/etno.net\/wp-content\/uploads\/2020\/11\/etn_fcd_056_056_sou_007_prv.mp3\">https:\/\/etno.net\/wp-content\/uploads\/2020\/11\/etn_fcd_056_056_sou_007_prv.mp3<\/a><\/audio>\n<p>S\u00e4v. Eric \u00d6st, sov. Alina J\u00e4rvel\u00e4, Antti J\u00e4rvel\u00e4, Esko J\u00e4rvel\u00e4, Einar Olav Larsen, Gjermund Larsen, Tuomas Logr\u00e9n, Petri Prauda.<\/p>\n<p>Ihmemies \u2013 ruotsalainen tajunnanr\u00e4j\u00e4ystyspolkka.<\/p>\n<p>Esko J\u00e4rvel\u00e4: hammond<br \/>\nAntti J\u00e4rvel\u00e4: kontrabasso<br \/>\nAlina J\u00e4rvel\u00e4: viulu<br \/>\nGjermund Larsen: viulu<br \/>\nEinar Olav Larsen: viulu<br \/>\nTuomas Logr\u00e9n: kitara<br \/>\nPetri Prauda: mandoliini<\/p>\n<p><strong>8. Tepeq<\/strong><br \/>\nS\u00e4v. Tuomas Logr\u00e9n, sov. Juha-Matti Kurra, Tuomas Logr\u00e9n.<\/p>\n<p>Inkeril\u00e4isen paimensoittajan Teppo Revon sek\u00e4 kanadanranskalaisen perinnemusiikin innoittamana syntynyt menopala.<\/p>\n<p>Antti J\u00e4rvel\u00e4: viulu<br \/>\nTuomas Logr\u00e9n: kitara<br \/>\nPetri Prauda: mandoliini<\/p>\n<p><strong>9. Solberg<\/strong><br \/>\nS\u00e4v. Gjermund Larsen, sov. Alina J\u00e4rvel\u00e4, Antti J\u00e4rvel\u00e4, Esko J\u00e4rvel\u00e4, Einar Olav Larsen, Gjermund Larsen, Tuomas Logr\u00e9n, Petri Prauda.<\/p>\n<p>Jokainen meist\u00e4 kaipaa joskus vauhtia ja vaaratilanteita\u0085<\/p>\n<p>Esko J\u00e4rvel\u00e4: viulu<br \/>\nAntti J\u00e4rvel\u00e4: kontrabasso<br \/>\nAlina J\u00e4rvel\u00e4: viulu<br \/>\nGjermund Larsen: viulu<br \/>\nEinar Olav Larsen: viulu<br \/>\nTuomas Logr\u00e9n: kitara<br \/>\nPetri Prauda: mandoliini<br \/>\nSara Puljula: triangeli, cajon, virvelirumpu<\/p>\n<p><strong>10. Return From Helsinki<\/strong><br \/>\nS\u00e4v. Ian Stephenson, sov. Antti J\u00e4rvel\u00e4, Esko J\u00e4rvel\u00e4, Ian Stephenson.<\/p>\n<p>Englantilainen yst\u00e4v\u00e4mme s\u00e4velsi t\u00e4m\u00e4n haikean balladin palattuaan vaihto-opiskeluvuoden j\u00e4lkeen kotiinsa Newcastleen.<\/p>\n<p>Esko J\u00e4rvel\u00e4: piano<br \/>\nAntti J\u00e4rvel\u00e4: viulu, kontrabasso<br \/>\nAlina J\u00e4rvel\u00e4: viulu<br \/>\nTuomas Logr\u00e9n: kitara<\/p>\n<p><strong>11. Toulpagorni<\/strong><br \/>\nS\u00e4v. Kalle Ankarblom, sov. Kalle Ankarblom, Alina J\u00e4rvel\u00e4, Antti J\u00e4rvel\u00e4, Esko J\u00e4rvel\u00e4, Einar Olav Larsen, Gjermund Larsen, Tuomas Logr\u00e9n, Petri Prauda.<\/p>\n<p>Ruotsalaisen tunturimaiseman jaloutta ylist\u00e4v\u00e4 polskahdus.<\/p>\n<p>Esko J\u00e4rvel\u00e4: viulu<br \/>\nAntti J\u00e4rvel\u00e4: kontrabasso, kitara<br \/>\nAlina J\u00e4rvel\u00e4: viulu<br \/>\nGjermund Larsen: viulu<br \/>\nEinar Olav Larsen: viulu<br \/>\nTuomas Logr\u00e9n: dobro<br \/>\nPetri Prauda: cittern<br \/>\nSara Puljula: cajon, rytminalle<\/p>\n<p><strong>12. Peltoniemen Hintriikin Surumarssi<\/strong><br \/>\nS\u00e4v. trad., sov. Antti J\u00e4rvel\u00e4, Petri Prauda.<\/p>\n<p>Er\u00e4s kauneimmista suomalaisista perinnes\u00e4velmist\u00e4. T\u00e4t\u00e4 surullista marssia soitetaan aina kaustislaista pelimannia viimeiseen leposijaan saatettaessa. Soittokavereidemme Kurt Lindbladin ja Juho Koirasen muistolle.<\/p>\n<p>Arto Anttila: kontrabasso<br \/>\nInka Eerola: viulu<br \/>\nMarion G\u00f6bel: sello<br \/>\nSanna Hel\u00e9n: alttoviulu<br \/>\nEsko J\u00e4rvel\u00e4: alttoviulu<br \/>\nEsko J\u00e4rvel\u00e4: kirkkourut<br \/>\nAntti J\u00e4rvel\u00e4: kontrabasso<br \/>\nAlina J\u00e4rvel\u00e4: viulu<br \/>\nPekka Kuusisto: viulu<br \/>\nTuomas Logr\u00e9n: kitara<br \/>\nEeva Oksala: viulu<br \/>\nPetri Prauda: eestil\u00e4inen s\u00e4kkipilli<\/p>\n","protected":false},"excerpt":{"rendered":"<p>\u00c4\u00e4nitys: Marko My\u00f6h\u00e4nen, Olli Varis ja Vesa Laasanen Miksaus: Vesa Laasanen ja Antti J\u00e4rvel\u00e4 Masterointi: Minerva Pappi, Finnvox 1. Jokijenkka S\u00e4v. Antti J\u00e4rvel\u00e4. T\u00e4m\u00e4 sottiisi kiskoo sinut turbulenssiin. Pullo viinaa, supikkaat, pelastusliivit ja hyv\u00e4\u00e4 musiikkia, niin Suomen kes\u00e4st\u00e4 on jo paljon pelastettu! Esko J\u00e4rvel\u00e4: piano, viulu Antti J\u00e4rvel\u00e4: kontrabasso, viulu Alina J\u00e4rvel\u00e4: viulu Gjermund Larsen: [&hellip;]<\/p>\n","protected":false},"featured_media":1167,"comment_status":"closed","ping_status":"closed","template":"","meta":{"_acf_changed":false},"product_brand":[],"product_cat":[65],"product_tag":[],"class_list":{"0":"post-1166","1":"product","2":"type-product","3":"status-publish","4":"has-post-thumbnail","6":"product_cat-aanitteet","8":"first","9":"instock","10":"shipping-taxable","11":"product-type-simple"},"acf":[],"_links":{"self":[{"href":"https:\/\/etno.net\/en\/wp-json\/wp\/v2\/product\/1166","targetHints":{"allow":["GET"]}}],"collection":[{"href":"https:\/\/etno.net\/en\/wp-json\/wp\/v2\/product"}],"about":[{"href":"https:\/\/etno.net\/en\/wp-json\/wp\/v2\/types\/product"}],"replies":[{"embeddable":true,"href":"https:\/\/etno.net\/en\/wp-json\/wp\/v2\/comments?post=1166"}],"wp:featuredmedia":[{"embeddable":true,"href":"https:\/\/etno.net\/en\/wp-json\/wp\/v2\/media\/1167"}],"wp:attachment":[{"href":"https:\/\/etno.net\/en\/wp-json\/wp\/v2\/media?parent=1166"}],"wp:term":[{"taxonomy":"product_brand","embeddable":true,"href":"https:\/\/etno.net\/en\/wp-json\/wp\/v2\/product_brand?post=1166"},{"taxonomy":"product_cat","embeddable":true,"href":"https:\/\/etno.net\/en\/wp-json\/wp\/v2\/product_cat?post=1166"},{"taxonomy":"product_tag","embeddable":true,"href":"https:\/\/etno.net\/en\/wp-json\/wp\/v2\/product_tag?post=1166"}],"curies":[{"name":"wp","href":"https:\/\/api.w.org\/{rel}","templated":true}]}}