{"id":1171,"date":"2020-11-04T14:34:10","date_gmt":"2020-11-04T12:34:10","guid":{"rendered":"https:\/\/etno.net\/?post_type=product&#038;p=1171"},"modified":"2020-11-04T14:34:10","modified_gmt":"2020-11-04T12:34:10","slug":"pasi-k-hurmos-perustuu-tositapahtumiin","status":"publish","type":"product","link":"https:\/\/etno.net\/en\/julkaisu\/aanitteet\/pasi-k-hurmos-perustuu-tositapahtumiin","title":{"rendered":"Pasi K &amp; Hurmos: Perustuu tositapahtumiin"},"content":{"rendered":"<p>\u00c4\u00e4nitys: Olli Varis, studio Solgl\u00e4ntan, Valtteri Bruun ja Hannu Oskala, Sibelius-Akatemian kansanmusiikin osaston studio.<br \/>\nMiksaus: Valtteri Bruun ja Hannu Oskala, Sibelius-Akatemian kansanmusiikin osaston studio.<br \/>\nMasterointi: Minerva Pappi, Finnvox.<\/p>\n<p><strong>1. Saippuakupla<\/strong><\/p>\n<!--[if lt IE 9]><script>document.createElement('audio');<\/script><![endif]-->\n<audio class=\"wp-audio-shortcode\" id=\"audio-1171-1\" preload=\"none\" style=\"width: 100%;\" controls=\"controls\"><source type=\"audio\/mpeg\" src=\"https:\/\/etno.net\/wp-content\/uploads\/2020\/11\/etn_fcd_057_057_sou_001_prv.mp3?_=1\" \/><a href=\"https:\/\/etno.net\/wp-content\/uploads\/2020\/11\/etn_fcd_057_057_sou_001_prv.mp3\">https:\/\/etno.net\/wp-content\/uploads\/2020\/11\/etn_fcd_057_057_sou_001_prv.mp3<\/a><\/audio>\n<p>S\u00e4v. G. Malmsten, san. L. Ry\u00f6m\u00e4.<\/p>\n<p>Roope Aarnio: laulu<br \/>\nValtteri Bruun: kitara<br \/>\nAntti J\u00e4rvel\u00e4: basso<br \/>\nRiku Kettunen: mandoliini<br \/>\nTopi Korhonen: trumpetti<br \/>\nPasi Kuivalainen: laulu<br \/>\nHannu Oskala: haitari<br \/>\nPekka Saarikorpi: rummut<br \/>\nKaisa Saarikorpi: laulu<br \/>\nMinna-Liisa Tammela: laulu<br \/>\nAnna Wiksten: laulu<\/p>\n<p><strong>2. It\u00e4maista rakkautta<\/strong><br \/>\nS\u00e4v. L. Bohuslav, D. Gillespie, san. M. J\u00e4ppil\u00e4.<\/p>\n<p>Roope Aarnio: laulu<br \/>\nValtteri Bruun: kitara<br \/>\nAntti J\u00e4rvel\u00e4: basso<br \/>\nRiku Kettunen: mandoliini<br \/>\nTopi Korhonen: trumpetti<br \/>\nPasi Kuivalainen: laulu<br \/>\nHannu Oskala: haitari<br \/>\nPekka Saarikorpi: rummut<br \/>\nKaisa Saarikorpi: laulu<br \/>\nMinna-Liisa Tammela: laulu<br \/>\nAnna Wiksten: laulu<\/p>\n<p><strong>3. Seitsem\u00e4n p\u00e4iv\u00e4\u00e4<\/strong><br \/>\nS\u00e4v. M. Brown, A. Shuman, E. Shuman, san. Saukki.<\/p>\n<p>Roope Aarnio: laulu<br \/>\nValtteri Bruun: kitara<br \/>\nAntti J\u00e4rvel\u00e4: basso<br \/>\nRiku Kettunen: mandoliini<br \/>\nTopi Korhonen: trumpetti<br \/>\nPasi Kuivalainen: laulu<br \/>\nHannu Oskala: haitari<br \/>\nPekka Saarikorpi: rummut<br \/>\nKaisa Saarikorpi: laulu<br \/>\nMinna-Liisa Tammela: laulu<br \/>\nAnna Wiksten: laulu<\/p>\n<p><strong>4. Vanha salakuljettaja Laitinen<\/strong><br \/>\nS\u00e4v. J. K\u00e4rki, san. J. Vainio.<\/p>\n<p>Roope Aarnio: laulu<br \/>\nValtteri Bruun: kitara<br \/>\nAntti J\u00e4rvel\u00e4: basso<br \/>\nRiku Kettunen: mandoliini<br \/>\nTopi Korhonen: trumpetti<br \/>\nPasi Kuivalainen: laulu<br \/>\nHannu Oskala: haitari<br \/>\nPekka Saarikorpi: rummut<br \/>\nKaisa Saarikorpi: laulu<br \/>\nMinna-Liisa Tammela: laulu<br \/>\nAnna Wiksten: laulu<\/p>\n<p><strong>5. Atrain<\/strong><\/p>\n<audio class=\"wp-audio-shortcode\" id=\"audio-1171-2\" preload=\"none\" style=\"width: 100%;\" controls=\"controls\"><source type=\"audio\/mpeg\" src=\"https:\/\/etno.net\/wp-content\/uploads\/2020\/11\/etn_fcd_057_057_sou_005_prv.mp3?_=2\" \/><a href=\"https:\/\/etno.net\/wp-content\/uploads\/2020\/11\/etn_fcd_057_057_sou_005_prv.mp3\">https:\/\/etno.net\/wp-content\/uploads\/2020\/11\/etn_fcd_057_057_sou_005_prv.mp3<\/a><\/audio>\n<p>S\u00e4v. B. Strayhorn, san. P. Oskala.<\/p>\n<p>Roope Aarnio: laulu<br \/>\nValtteri Bruun: kitara<br \/>\nAntti J\u00e4rvel\u00e4: basso<br \/>\nRiku Kettunen: mandoliini<br \/>\nTopi Korhonen: trumpetti<br \/>\nPasi Kuivalainen: laulu<br \/>\nHannu Oskala: haitari<br \/>\nPekka Saarikorpi: rummut<br \/>\nKaisa Saarikorpi: laulu<br \/>\nMinna-Liisa Tammela: laulu<br \/>\nAnna Wiksten: laulu<\/p>\n<p><strong>6. Vasten auringon siltaa<\/strong><br \/>\nS\u00e4v. C. Conti, M. Panzeri, L. Pilal, san. C. Johansson.<\/p>\n<p>Roope Aarnio: laulu<br \/>\nValtteri Bruun: kitara<br \/>\nAntti J\u00e4rvel\u00e4: basso<br \/>\nRiku Kettunen: mandoliini<br \/>\nTopi Korhonen: trumpetti<br \/>\nPasi Kuivalainen: laulu<br \/>\nHannu Oskala: haitari<br \/>\nPekka Saarikorpi: rummut<br \/>\nKaisa Saarikorpi: laulu<br \/>\nMinna-Liisa Tammela: laulu<br \/>\nAnna Wiksten: laulu<\/p>\n<p><strong>7. Illalla, illalla<\/strong><br \/>\nS\u00e4v. S. Taccani, san. Saukki.<\/p>\n<p>Roope Aarnio: laulu<br \/>\nValtteri Bruun: kitara<br \/>\nAntti J\u00e4rvel\u00e4: basso<br \/>\nRiku Kettunen: mandoliini<br \/>\nTopi Korhonen: trumpetti<br \/>\nPasi Kuivalainen: laulu<br \/>\nHannu Oskala: haitari<br \/>\nPekka Saarikorpi: rummut<br \/>\nKaisa Saarikorpi: laulu<br \/>\nMinna-Liisa Tammela: laulu<br \/>\nAnna Wiksten: laulu<\/p>\n<p><strong>8. Veikkaus<\/strong><br \/>\nS\u00e4v. R. Sandvik.<\/p>\n<p>Roope Aarnio: laulu<br \/>\nValtteri Bruun: kitara<br \/>\nAntti J\u00e4rvel\u00e4: basso<br \/>\nRiku Kettunen: mandoliini<br \/>\nTopi Korhonen: trumpetti<br \/>\nPasi Kuivalainen: laulu<br \/>\nHannu Oskala: haitari<br \/>\nPekka Saarikorpi: rummut<br \/>\nKaisa Saarikorpi: laulu<br \/>\nMinna-Liisa Tammela: laulu<br \/>\nAnna Wiksten: laulu<\/p>\n<p><strong>9. Syd\u00e4n s\u00e4p\u00e4lein\u00e4<\/strong><br \/>\nS\u00e4v. trad., san. P. Oskala.<\/p>\n<p>Roope Aarnio: laulu<br \/>\nValtteri Bruun: kitara<br \/>\nAntti J\u00e4rvel\u00e4: basso<br \/>\nRiku Kettunen: mandoliini<br \/>\nTopi Korhonen: trumpetti<br \/>\nPasi Kuivalainen: laulu<br \/>\nHannu Oskala: haitari<br \/>\nPekka Saarikorpi: rummut<br \/>\nKaisa Saarikorpi: laulu<br \/>\nMinna-Liisa Tammela: laulu<br \/>\nAnna Wiksten: laulu<\/p>\n<p><strong>10. Delilah<\/strong><br \/>\nS\u00e4v. M. J. Barry, R. L. David, san. P. Reponen.<\/p>\n<p>Roope Aarnio: laulu<br \/>\nValtteri Bruun: kitara<br \/>\nAntti J\u00e4rvel\u00e4: basso<br \/>\nRiku Kettunen: mandoliini<br \/>\nTopi Korhonen: trumpetti<br \/>\nPasi Kuivalainen: laulu<br \/>\nHannu Oskala: haitari<br \/>\nPekka Saarikorpi: rummut<br \/>\nKaisa Saarikorpi: laulu<br \/>\nMinna-Liisa Tammela: laulu<br \/>\nAnna Wiksten: laulu<\/p>\n<p><strong>11. Miljoonan markan pakarat<\/strong><br \/>\nS\u00e4v. W. Hendrics, san. J. Itkonen.<\/p>\n<p>Roope Aarnio: laulu<br \/>\nValtteri Bruun: kitara<br \/>\nAntti J\u00e4rvel\u00e4: basso<br \/>\nRiku Kettunen: mandoliini<br \/>\nTopi Korhonen: trumpetti<br \/>\nPasi Kuivalainen: laulu<br \/>\nHannu Oskala: haitari<br \/>\nPekka Saarikorpi: rummut<br \/>\nKaisa Saarikorpi: laulu<br \/>\nMinna-Liisa Tammela: laulu<br \/>\nAnna Wiksten: laulu<\/p>\n<p><strong>12. Sulamith<\/strong><\/p>\n<audio class=\"wp-audio-shortcode\" id=\"audio-1171-3\" preload=\"none\" style=\"width: 100%;\" controls=\"controls\"><source type=\"audio\/mpeg\" src=\"https:\/\/etno.net\/wp-content\/uploads\/2020\/11\/etn_fcd_057_057_sou_012_prv.mp3?_=3\" \/><a href=\"https:\/\/etno.net\/wp-content\/uploads\/2020\/11\/etn_fcd_057_057_sou_012_prv.mp3\">https:\/\/etno.net\/wp-content\/uploads\/2020\/11\/etn_fcd_057_057_sou_012_prv.mp3<\/a><\/audio>\n<p>S\u00e4v. M. Jurva.<\/p>\n<p>Roope Aarnio: laulu<br \/>\nValtteri Bruun: kitara<br \/>\nAntti J\u00e4rvel\u00e4: basso<br \/>\nRiku Kettunen: mandoliini<br \/>\nTopi Korhonen: trumpetti<br \/>\nPasi Kuivalainen: laulu<br \/>\nHannu Oskala: haitari<br \/>\nPekka Saarikorpi: rummut<br \/>\nKaisa Saarikorpi: laulu<br \/>\nMinna-Liisa Tammela: laulu<br \/>\nAnna Wiksten: laulu<\/p>\n","protected":false},"excerpt":{"rendered":"<p>\u00c4\u00e4nitys: Olli Varis, studio Solgl\u00e4ntan, Valtteri Bruun ja Hannu Oskala, Sibelius-Akatemian kansanmusiikin osaston studio. Miksaus: Valtteri Bruun ja Hannu Oskala, Sibelius-Akatemian kansanmusiikin osaston studio. Masterointi: Minerva Pappi, Finnvox. 1. Saippuakupla S\u00e4v. G. Malmsten, san. L. Ry\u00f6m\u00e4. Roope Aarnio: laulu Valtteri Bruun: kitara Antti J\u00e4rvel\u00e4: basso Riku Kettunen: mandoliini Topi Korhonen: trumpetti Pasi Kuivalainen: laulu Hannu [&hellip;]<\/p>\n","protected":false},"featured_media":1173,"comment_status":"closed","ping_status":"closed","template":"","meta":{"_acf_changed":false},"product_brand":[],"product_cat":[65],"product_tag":[],"class_list":{"0":"post-1171","1":"product","2":"type-product","3":"status-publish","4":"has-post-thumbnail","6":"product_cat-aanitteet","8":"first","9":"instock","10":"shipping-taxable","11":"product-type-simple"},"acf":[],"_links":{"self":[{"href":"https:\/\/etno.net\/en\/wp-json\/wp\/v2\/product\/1171","targetHints":{"allow":["GET"]}}],"collection":[{"href":"https:\/\/etno.net\/en\/wp-json\/wp\/v2\/product"}],"about":[{"href":"https:\/\/etno.net\/en\/wp-json\/wp\/v2\/types\/product"}],"replies":[{"embeddable":true,"href":"https:\/\/etno.net\/en\/wp-json\/wp\/v2\/comments?post=1171"}],"wp:featuredmedia":[{"embeddable":true,"href":"https:\/\/etno.net\/en\/wp-json\/wp\/v2\/media\/1173"}],"wp:attachment":[{"href":"https:\/\/etno.net\/en\/wp-json\/wp\/v2\/media?parent=1171"}],"wp:term":[{"taxonomy":"product_brand","embeddable":true,"href":"https:\/\/etno.net\/en\/wp-json\/wp\/v2\/product_brand?post=1171"},{"taxonomy":"product_cat","embeddable":true,"href":"https:\/\/etno.net\/en\/wp-json\/wp\/v2\/product_cat?post=1171"},{"taxonomy":"product_tag","embeddable":true,"href":"https:\/\/etno.net\/en\/wp-json\/wp\/v2\/product_tag?post=1171"}],"curies":[{"name":"wp","href":"https:\/\/api.w.org\/{rel}","templated":true}]}}