{"id":1177,"date":"2020-11-04T14:42:30","date_gmt":"2020-11-04T12:42:30","guid":{"rendered":"https:\/\/etno.net\/?post_type=product&#038;p=1177"},"modified":"2020-11-04T14:42:30","modified_gmt":"2020-11-04T12:42:30","slug":"timo-vaananen-musiikkia","status":"publish","type":"product","link":"https:\/\/etno.net\/en\/julkaisu\/aanitteet\/timo-vaananen-musiikkia","title":{"rendered":"Timo V\u00e4\u00e4n\u00e4nen: Musiikkia"},"content":{"rendered":"<p>Tuottajat: Timo V\u00e4\u00e4n\u00e4nen, Mika Autere<br \/>\n\u00c4\u00e4nitys: Timo V\u00e4\u00e4n\u00e4nen, Mika Autere<br \/>\nMiksaus: Timo V\u00e4\u00e4n\u00e4nen, Mika Autere<br \/>\nMasterointi: Pauli Saastamoinen, Finnvox<\/p>\n<p><strong>1. Verso<\/strong><br \/>\nS\u00e4v. Timo V\u00e4\u00e4n\u00e4nen, sov. Timo V\u00e4\u00e4n\u00e4nen.<\/p>\n<p>Timo V\u00e4\u00e4n\u00e4nen: s\u00e4hk\u00f6kantele<\/p>\n<p><strong>2. Kasvot<\/strong><\/p>\n<!--[if lt IE 9]><script>document.createElement('audio');<\/script><![endif]-->\n<audio class=\"wp-audio-shortcode\" id=\"audio-1177-1\" preload=\"none\" style=\"width: 100%;\" controls=\"controls\"><source type=\"audio\/mpeg\" src=\"https:\/\/etno.net\/wp-content\/uploads\/2020\/11\/etn_fcd_058_058_sou_002_prv.mp3?_=1\" \/><a href=\"https:\/\/etno.net\/wp-content\/uploads\/2020\/11\/etn_fcd_058_058_sou_002_prv.mp3\">https:\/\/etno.net\/wp-content\/uploads\/2020\/11\/etn_fcd_058_058_sou_002_prv.mp3<\/a><\/audio>\n<p>S\u00e4v. Timo V\u00e4\u00e4n\u00e4nen, sov. Timo V\u00e4\u00e4n\u00e4nen.<\/p>\n<p>Timo V\u00e4\u00e4n\u00e4nen: s\u00e4hk\u00f6kantele<\/p>\n<p><strong>3. Kantelein<\/strong><br \/>\nS\u00e4v. Timo V\u00e4\u00e4n\u00e4nen, sov. Timo V\u00e4\u00e4n\u00e4nen.<\/p>\n<p>Timo V\u00e4\u00e4n\u00e4nen: s\u00e4hk\u00f6kantele<\/p>\n<p><strong>4. Maalaus<\/strong><\/p>\n<audio class=\"wp-audio-shortcode\" id=\"audio-1177-2\" preload=\"none\" style=\"width: 100%;\" controls=\"controls\"><source type=\"audio\/mpeg\" src=\"https:\/\/etno.net\/wp-content\/uploads\/2020\/11\/etn_fcd_058_058_sou_004_prv.mp3?_=2\" \/><a href=\"https:\/\/etno.net\/wp-content\/uploads\/2020\/11\/etn_fcd_058_058_sou_004_prv.mp3\">https:\/\/etno.net\/wp-content\/uploads\/2020\/11\/etn_fcd_058_058_sou_004_prv.mp3<\/a><\/audio>\n<p>S\u00e4v. Timo V\u00e4\u00e4n\u00e4nen, sov. Timo V\u00e4\u00e4n\u00e4nen.<\/p>\n<p>Timo V\u00e4\u00e4n\u00e4nen: s\u00e4hk\u00f6kantele<\/p>\n<p><strong>5. Maailman synty<\/strong><br \/>\nS\u00e4v. Timo V\u00e4\u00e4n\u00e4nen, sov. Timo V\u00e4\u00e4n\u00e4nen.<\/p>\n<p>Timo V\u00e4\u00e4n\u00e4nen: s\u00e4hk\u00f6kantele<\/p>\n<p><strong>6. Neerem<\/strong><\/p>\n<audio class=\"wp-audio-shortcode\" id=\"audio-1177-3\" preload=\"none\" style=\"width: 100%;\" controls=\"controls\"><source type=\"audio\/mpeg\" src=\"https:\/\/etno.net\/wp-content\/uploads\/2020\/11\/etn_fcd_058_058_sou_006_prv.mp3?_=3\" \/><a href=\"https:\/\/etno.net\/wp-content\/uploads\/2020\/11\/etn_fcd_058_058_sou_006_prv.mp3\">https:\/\/etno.net\/wp-content\/uploads\/2020\/11\/etn_fcd_058_058_sou_006_prv.mp3<\/a><\/audio>\n<p>S\u00e4v. Timo V\u00e4\u00e4n\u00e4nen, sov. Timo V\u00e4\u00e4n\u00e4nen.<\/p>\n<p>Timo V\u00e4\u00e4n\u00e4nen: s\u00e4hk\u00f6kantele<\/p>\n<p><strong>7. Miete<\/strong><br \/>\nS\u00e4v. Timo V\u00e4\u00e4n\u00e4nen, sov. Timo V\u00e4\u00e4n\u00e4nen.<\/p>\n<p>Timo V\u00e4\u00e4n\u00e4nen: s\u00e4hk\u00f6kantele<\/p>\n","protected":false},"excerpt":{"rendered":"<p>Timon kolmas soololevy Musiikkia sis\u00e4lt\u00e4\u00e4 kappaleita konserttisarjasta V\u00e4in\u00e4m\u00f6isen kasvot, eli Timon kolmesta ensimm\u00e4isest\u00e4 tohtorikonsertista vuosilta 2004 ja 2005. Soittimena on edellisen soololevyn tapaan s\u00e4hk\u00f6kantele. Mukana on sek\u00e4 pohdiskelevaa ja minimalistista musiikkia ett\u00e4 nopeatempoista menoa.<\/p>\n<p><em>Timo V\u00e4\u00e4n\u00e4nen<\/em><\/p>","protected":false},"featured_media":1178,"comment_status":"closed","ping_status":"closed","template":"","meta":{"_acf_changed":false},"product_brand":[],"product_cat":[65],"product_tag":[],"class_list":{"0":"post-1177","1":"product","2":"type-product","3":"status-publish","4":"has-post-thumbnail","6":"product_cat-aanitteet","8":"first","9":"instock","10":"shipping-taxable","11":"product-type-simple"},"acf":[],"_links":{"self":[{"href":"https:\/\/etno.net\/en\/wp-json\/wp\/v2\/product\/1177","targetHints":{"allow":["GET"]}}],"collection":[{"href":"https:\/\/etno.net\/en\/wp-json\/wp\/v2\/product"}],"about":[{"href":"https:\/\/etno.net\/en\/wp-json\/wp\/v2\/types\/product"}],"replies":[{"embeddable":true,"href":"https:\/\/etno.net\/en\/wp-json\/wp\/v2\/comments?post=1177"}],"wp:featuredmedia":[{"embeddable":true,"href":"https:\/\/etno.net\/en\/wp-json\/wp\/v2\/media\/1178"}],"wp:attachment":[{"href":"https:\/\/etno.net\/en\/wp-json\/wp\/v2\/media?parent=1177"}],"wp:term":[{"taxonomy":"product_brand","embeddable":true,"href":"https:\/\/etno.net\/en\/wp-json\/wp\/v2\/product_brand?post=1177"},{"taxonomy":"product_cat","embeddable":true,"href":"https:\/\/etno.net\/en\/wp-json\/wp\/v2\/product_cat?post=1177"},{"taxonomy":"product_tag","embeddable":true,"href":"https:\/\/etno.net\/en\/wp-json\/wp\/v2\/product_tag?post=1177"}],"curies":[{"name":"wp","href":"https:\/\/api.w.org\/{rel}","templated":true}]}}