{"id":1182,"date":"2020-11-04T14:52:39","date_gmt":"2020-11-04T12:52:39","guid":{"rendered":"https:\/\/etno.net\/?post_type=product&#038;p=1182"},"modified":"2020-11-04T14:52:39","modified_gmt":"2020-11-04T12:52:39","slug":"tuulikki-bartosik-emma-reid-gubbdrag","status":"publish","type":"product","link":"https:\/\/etno.net\/en\/julkaisu\/aanitteet\/tuulikki-bartosik-emma-reid-gubbdrag","title":{"rendered":"Tuulikki Bartosik, Emma Reid: Gubbdrag"},"content":{"rendered":"<p>Tuottajat: Tuulikki Bartosik, Emma Reid<br \/>\n\u00c4\u00e4nitys: Marko My\u00f6h\u00e4nen<br \/>\nMiksaus: Marko My\u00f6h\u00e4nen<br \/>\nMasterointi: Minerva Pappi, Finnvox<\/p>\n<p><strong>1. Polska efter P\u00e5l Karl, Polska efter Artur Lunderg, Gr\u00f6nviken<\/strong><\/p>\n<!--[if lt IE 9]><script>document.createElement('audio');<\/script><![endif]-->\n<audio class=\"wp-audio-shortcode\" id=\"audio-1182-1\" preload=\"none\" style=\"width: 100%;\" controls=\"controls\"><source type=\"audio\/mpeg\" src=\"https:\/\/etno.net\/wp-content\/uploads\/2020\/11\/etn_fcd_059_059_sou_001_prv.mp3?_=1\" \/><a href=\"https:\/\/etno.net\/wp-content\/uploads\/2020\/11\/etn_fcd_059_059_sou_001_prv.mp3\">https:\/\/etno.net\/wp-content\/uploads\/2020\/11\/etn_fcd_059_059_sou_001_prv.mp3<\/a><\/audio>\n<p>S\u00e4v. Tuulikki Bartosik, trad., sov. Tuulikki Bartosik, Emma Reid.<\/p>\n<p>Tuulikki Bartosik: harmonikka<br \/>\nEmma Reid: viulu<\/p>\n<p><strong>2. Orsa Brudmarch efter G\u00f6ssa Anders Andersson<\/strong><br \/>\nS\u00e4v. trad., sov. Tuulikki Bartosik, Emma Reid.<\/p>\n<p>Tuulikki Bartosik: harmonikka<br \/>\nEmma Reid: viulu<\/p>\n<p><strong>3. Systerpolskor 1 och 2 efter Blecko Anders Olsson, Orsa<\/strong><br \/>\nS\u00e4v. trad., sov. Tuulikki Bartosik, Emma Reid.<\/p>\n<p>Tuulikki Bartosik: harmonikka<br \/>\nEmma Reid: viulu<\/p>\n<p><strong>4. Systerpolska 4 efter Blecko Anders Olsson, Orsa<\/strong><br \/>\nS\u00e4v. trad., sov. Tuulikki Bartosik, Emma Reid.<\/p>\n<p>Tuulikki Bartosik: harmonikka<br \/>\nEmma Reid: viulu<\/p>\n<p><strong>5. Lorikspolskan efter G\u00f6ssa Anders Andersson<\/strong><br \/>\nS\u00e4v. trad., sov. Tuulikki Bartosik, Emma Reid.<\/p>\n<p>Tuulikki Bartosik: harmonikka<br \/>\nEmma Reid: viulu<\/p>\n<p><strong>6. Orsa vals efter G\u00f6ssa Anders Andersson<\/strong><br \/>\nS\u00e4v. trad., sov. Tuulikki Bartosik, Emma Reid.<\/p>\n<p>Tuulikki Bartosik: harmonikka<br \/>\nEmma Reid: viulu<\/p>\n<p><strong>7. Leos g\u00e5ngl\u00e5t<\/strong><br \/>\nS\u00e4v. Emma Reid, sov. Tuulikki Bartosik, Emma Reid.<\/p>\n<p>Tuulikki Bartosik: harmonikka<br \/>\nEmma Reid: viulu<\/p>\n<p><strong>8. Mamma Tiinas 50-\u00e5rs vals, Bengts 50-\u00e5rs vals<\/strong><br \/>\nS\u00e4v. Tuulikki Bartosik, Emma Reid, sov. Tuulikki Bartosik, Emma Reid.<\/p>\n<p>Tuulikki Bartosik: harmonikka<br \/>\nEmma Reid: viulu<\/p>\n<p><strong>9. Polska efter J\u00e4mt Olle, Orsa. Svartviken, polska efter Evert \u00c5hs<\/strong><\/p>\n<audio class=\"wp-audio-shortcode\" id=\"audio-1182-2\" preload=\"none\" style=\"width: 100%;\" controls=\"controls\"><source type=\"audio\/mpeg\" src=\"https:\/\/etno.net\/wp-content\/uploads\/2020\/11\/etn_fcd_059_059_sou_009_prv.mp3?_=2\" \/><a href=\"https:\/\/etno.net\/wp-content\/uploads\/2020\/11\/etn_fcd_059_059_sou_009_prv.mp3\">https:\/\/etno.net\/wp-content\/uploads\/2020\/11\/etn_fcd_059_059_sou_009_prv.mp3<\/a><\/audio>\n<p>S\u00e4v. trad., sov. Tuulikki Bartosik, Emma Reid.<\/p>\n<p>Tuulikki Bartosik: harmonikka<br \/>\nEmma Reid: viulu<\/p>\n<p><strong>10. Vaggvisa till herr Lejon<\/strong><br \/>\nS\u00e4v. Tuulikki Bartosik, sov. Tuulikki Bartosik, Emma Reid.<\/p>\n<p>Tuulikki Bartosik: harmonikka<br \/>\nEmma Reid: viulu<\/p>\n<p><strong>11. Torsmopolskan, Orsa<\/strong><br \/>\nS\u00e4v. trad., sov. Tuulikki Bartosik, Emma Reid.<\/p>\n<p>Tuulikki Bartosik: harmonikka<br \/>\nEmma Reid: viulu<\/p>\n<p><strong>12. Karl-Olofs polska efter G\u00f6ssa Anders Andersson<\/strong><br \/>\nS\u00e4v. trad., sov. Tuulikki Bartosik, Emma Reid.<\/p>\n<p>Tuulikki Bartosik: harmonikka<br \/>\nEmma Reid: viulu<\/p>\n<p><strong>13. Vals efter fadern<\/strong><br \/>\nS\u00e4v. trad., sov. Tuulikki Bartosik, Emma Reid.<\/p>\n<p>Tuulikki Bartosik: harmonikka<br \/>\nEmma Reid: viulu<\/p>\n<p><strong>14. Polska efter J\u00e4mt Olle, Orsa. Pols efter Martinus Helgesen, Elve<\/strong><br \/>\nS\u00e4v. trad., sov. Tuulikki Bartosik, Emma Reid.<\/p>\n<p>Tuulikki Bartosik: harmonikka<br \/>\nEmma Reid: viulu<\/p>\n<p><strong>15. V\u00e4ntan. Polska efter Klockare Nystr\u00f6m<\/strong><br \/>\nS\u00e4v. Tuulikki Bartosik, trad., sov. Tuulikki Bartosik, Emma Reid.<\/p>\n<p>Tuulikki Bartosik: harmonikka<br \/>\nEmma Reid: viulu<\/p>\n<p><strong>16. Matikki reel<\/strong><\/p>\n<audio class=\"wp-audio-shortcode\" id=\"audio-1182-3\" preload=\"none\" style=\"width: 100%;\" controls=\"controls\"><source type=\"audio\/mpeg\" src=\"https:\/\/etno.net\/wp-content\/uploads\/2020\/11\/etn_fcd_059_059_sou_016_prv.mp3?_=3\" \/><a href=\"https:\/\/etno.net\/wp-content\/uploads\/2020\/11\/etn_fcd_059_059_sou_016_prv.mp3\">https:\/\/etno.net\/wp-content\/uploads\/2020\/11\/etn_fcd_059_059_sou_016_prv.mp3<\/a><\/audio>\n<p>S\u00e4v. Emma Reid, sov. Tuulikki Bartosik, Emma Reid.<\/p>\n<p>Tuulikki Bartosik: harmonikka<br \/>\nEmma Reid: viulu<\/p>\n<p><strong>17. Polska efter Br\u00e4nd Jon Larsson, Orsa<\/strong><br \/>\nS\u00e4v. trad., sov. Tuulikki Bartosik, Emma Reid.<\/p>\n<p>Tuulikki Bartosik: harmonikka<br \/>\nEmma Reid: viulu<\/p>\n","protected":false},"excerpt":{"rendered":"<p>Tuottajat: Tuulikki Bartosik, Emma Reid \u00c4\u00e4nitys: Marko My\u00f6h\u00e4nen Miksaus: Marko My\u00f6h\u00e4nen Masterointi: Minerva Pappi, Finnvox 1. Polska efter P\u00e5l Karl, Polska efter Artur Lunderg, Gr\u00f6nviken S\u00e4v. Tuulikki Bartosik, trad., sov. Tuulikki Bartosik, Emma Reid. Tuulikki Bartosik: harmonikka Emma Reid: viulu 2. Orsa Brudmarch efter G\u00f6ssa Anders Andersson S\u00e4v. trad., sov. Tuulikki Bartosik, Emma Reid. Tuulikki [&hellip;]<\/p>\n","protected":false},"featured_media":1186,"comment_status":"closed","ping_status":"closed","template":"","meta":{"_acf_changed":false},"product_brand":[],"product_cat":[65],"product_tag":[],"class_list":{"0":"post-1182","1":"product","2":"type-product","3":"status-publish","4":"has-post-thumbnail","6":"product_cat-aanitteet","8":"first","9":"instock","10":"shipping-taxable","11":"product-type-simple"},"acf":[],"_links":{"self":[{"href":"https:\/\/etno.net\/en\/wp-json\/wp\/v2\/product\/1182","targetHints":{"allow":["GET"]}}],"collection":[{"href":"https:\/\/etno.net\/en\/wp-json\/wp\/v2\/product"}],"about":[{"href":"https:\/\/etno.net\/en\/wp-json\/wp\/v2\/types\/product"}],"replies":[{"embeddable":true,"href":"https:\/\/etno.net\/en\/wp-json\/wp\/v2\/comments?post=1182"}],"wp:featuredmedia":[{"embeddable":true,"href":"https:\/\/etno.net\/en\/wp-json\/wp\/v2\/media\/1186"}],"wp:attachment":[{"href":"https:\/\/etno.net\/en\/wp-json\/wp\/v2\/media?parent=1182"}],"wp:term":[{"taxonomy":"product_brand","embeddable":true,"href":"https:\/\/etno.net\/en\/wp-json\/wp\/v2\/product_brand?post=1182"},{"taxonomy":"product_cat","embeddable":true,"href":"https:\/\/etno.net\/en\/wp-json\/wp\/v2\/product_cat?post=1182"},{"taxonomy":"product_tag","embeddable":true,"href":"https:\/\/etno.net\/en\/wp-json\/wp\/v2\/product_tag?post=1182"}],"curies":[{"name":"wp","href":"https:\/\/api.w.org\/{rel}","templated":true}]}}