{"id":1187,"date":"2020-11-04T14:56:48","date_gmt":"2020-11-04T12:56:48","guid":{"rendered":"https:\/\/etno.net\/?post_type=product&#038;p=1187"},"modified":"2020-11-04T14:56:49","modified_gmt":"2020-11-04T12:56:49","slug":"trepaanit-halla","status":"publish","type":"product","link":"https:\/\/etno.net\/en\/julkaisu\/aanitteet\/trepaanit-halla","title":{"rendered":"Trepaanit: Halla"},"content":{"rendered":"<p>\u00c4\u00e4nitys: Olli Varis<br \/>\nMiksaus: Olli Varis<br \/>\nMasterointi: Olli Varis<\/p>\n<p><strong>1. Peijooni<\/strong><br \/>\nS\u00e4v. Riku Kettunen, Antti Paalanen, Eero Turkka, Olli Varis, san. trad., sov. Riku Kettunen, Antti Paalanen, Eero Turkka, Olli Varis.<\/p>\n<p>Riku Kettunen: mandoliini, vantele<br \/>\nAntti Paalanen: 2 \u00bd -rivinen haitari<br \/>\nEero Turkka: laulu, jouhikko, igil, huuliharput<br \/>\nOlli Varis: busuki<\/p>\n<p><strong>2. Menuetti ja maanitus<\/strong><\/p>\n<!--[if lt IE 9]><script>document.createElement('audio');<\/script><![endif]-->\n<audio class=\"wp-audio-shortcode\" id=\"audio-1187-1\" preload=\"none\" style=\"width: 100%;\" controls=\"controls\"><source type=\"audio\/mpeg\" src=\"https:\/\/etno.net\/wp-content\/uploads\/2020\/11\/etn_fcd_060_060_sou_002_prv.mp3?_=1\" \/><a href=\"https:\/\/etno.net\/wp-content\/uploads\/2020\/11\/etn_fcd_060_060_sou_002_prv.mp3\">https:\/\/etno.net\/wp-content\/uploads\/2020\/11\/etn_fcd_060_060_sou_002_prv.mp3<\/a><\/audio>\n<p>S\u00e4v. Antti Paalanen, sov. Riku Kettunen, Antti Paalanen, Eero Turkka, Olli Varis.<\/p>\n<p>Riku Kettunen: mandoliini, vantele<br \/>\nAntti Paalanen: 2 \u00bd -rivinen haitari<br \/>\nEero Turkka: laulu, jouhikko, igil, huuliharput<br \/>\nOlli Varis: busuki<\/p>\n<p><strong>3. Nyyhkytys<\/strong><br \/>\nS\u00e4v. Riku Kettunen, Antti Paalanen, Eero Turkka, Olli Varis, sov. Riku Kettunen, Antti Paalanen, Eero Turkka, Olli Varis.<\/p>\n<p>Riku Kettunen: mandoliini, vantele<br \/>\nAntti Paalanen: 2 \u00bd -rivinen haitari<br \/>\nEero Turkka: laulu, jouhikko, igil, huuliharput<br \/>\nOlli Varis: busuki<\/p>\n<p><strong>4. M\u00e4nnyn alla<\/strong><\/p>\n<audio class=\"wp-audio-shortcode\" id=\"audio-1187-2\" preload=\"none\" style=\"width: 100%;\" controls=\"controls\"><source type=\"audio\/mpeg\" src=\"https:\/\/etno.net\/wp-content\/uploads\/2020\/11\/etn_fcd_060_060_sou_004_prv.mp3?_=2\" \/><a href=\"https:\/\/etno.net\/wp-content\/uploads\/2020\/11\/etn_fcd_060_060_sou_004_prv.mp3\">https:\/\/etno.net\/wp-content\/uploads\/2020\/11\/etn_fcd_060_060_sou_004_prv.mp3<\/a><\/audio>\n<p>S\u00e4v. trad., sov. Riku Kettunen, Antti Paalanen, Eero Turkka, Olli Varis.<\/p>\n<p>Riku Kettunen: mandoliini, vantele<br \/>\nAntti Paalanen: 2 \u00bd -rivinen haitari<br \/>\nEero Turkka: laulu, jouhikko, igil, huuliharput<br \/>\nOlli Varis: busuki<\/p>\n<p><strong>5. Hullunmylly<\/strong><\/p>\n<audio class=\"wp-audio-shortcode\" id=\"audio-1187-3\" preload=\"none\" style=\"width: 100%;\" controls=\"controls\"><source type=\"audio\/mpeg\" src=\"https:\/\/etno.net\/wp-content\/uploads\/2020\/11\/etn_fcd_060_060_sou_005_prv.mp3?_=3\" \/><a href=\"https:\/\/etno.net\/wp-content\/uploads\/2020\/11\/etn_fcd_060_060_sou_005_prv.mp3\">https:\/\/etno.net\/wp-content\/uploads\/2020\/11\/etn_fcd_060_060_sou_005_prv.mp3<\/a><\/audio>\n<p>S\u00e4v. Olli Varis, sov. Riku Kettunen, Antti Paalanen, Eero Turkka, Olli Varis.<\/p>\n<p>Riku Kettunen: mandoliini, vantele<br \/>\nAntti Paalanen: 2 \u00bd -rivinen haitari<br \/>\nEero Turkka: laulu, jouhikko, igil, huuliharput<br \/>\nOlli Varis: busuki<\/p>\n<p><strong>6. Halla<\/strong><br \/>\nS\u00e4v. trad., sov. Riku Kettunen, Antti Paalanen, Eero Turkka, Olli Varis.<\/p>\n<p>Riku Kettunen: mandoliini, vantele<br \/>\nAntti Paalanen: 2 \u00bd -rivinen haitari<br \/>\nEero Turkka: laulu, jouhikko, igil, huuliharput<br \/>\nOlli Varis: busuki<\/p>\n<p><strong>7. Sulat<\/strong><br \/>\nS\u00e4v. Olli Varis, sov. Riku Kettunen, Antti Paalanen, Eero Turkka, Olli Varis.<\/p>\n<p>Riku Kettunen: mandoliini, vantele<br \/>\nAntti Paalanen: 2 \u00bd -rivinen haitari<br \/>\nEero Turkka: laulu, jouhikko, igil, huuliharput<br \/>\nOlli Varis: busuki<\/p>\n","protected":false},"excerpt":{"rendered":"<p>&#8221;T\u00e4\u00e4l\u00e4 ne huajuu pienet koivut korpikuusten lailla, vaik on peijoonit pelloilla ja saikkarit salomailla.&#8221; Viaton rekilaulus\u00e4keist\u00f6 on kaiken avain. Nelj\u00e4 peijoonia, kansanmusiikin ammattilaista, on n\u00e4hnyt s\u00e4keist\u00f6n taakse ja kuullut sielt\u00e4 viettelev\u00e4n kutsun. On l\u00f6ytynyt laulun voima ja soiton mahti. Ne saavat koivutkin korpikuusina humisemaan, kasvattavat pienest\u00e4 s\u00e4keist\u00f6st\u00e4 el\u00e4m\u00e4n kokoista ekspressiota. Sulassa sovussa soivat tuvalainen jousisoitin igil ja pakahduttavaa valitusvirtt\u00e4\u00e4n itkev\u00e4 karjalainen jouhikko, irlantilainen busuki ja etel\u00e4pohjalainen kaksirivinen haitari sek\u00e4 aivan uusi soitin vantele, joka on syntynyt, kun olemassa olevat soittimet eiv\u00e4t pystyneet ilmaisemaan sit\u00e4, mik\u00e4 mieless\u00e4 soi. Kielten helin\u00e4 on hypnoottinen, yhtyeen sointi ainutlaatuinen. \u00c4\u00e4nimaisema t\u00e4yttyy v\u00e4lill\u00e4 ikiaikaisella yl\u00e4s\u00e4vellaululla tai m\u00f6risev\u00e4ll\u00e4 kurkku\u00e4\u00e4nell\u00e4. Mutta silti puhuttelevinta on musiikin pitk\u00e4sointinen, arkaainen estetiikka: kiireett\u00f6myys ja r\u00e4j\u00e4ht\u00e4v\u00e4\u00e4 voimaa enteilev\u00e4 viipyilevyys, peittelem\u00e4t\u00f6n miehinen tunteellisuus. Trepaanien keikat ovat aina yht\u00e4 h\u00e4ik\u00e4isevi\u00e4 kokemuksia. Jokainen s\u00e4vel on eletty, vereslihalla, mutta yhdess\u00e4 kuulijan kanssa. Onneksi tunnelma on syntynyt studiossakin.<\/p>\n<p><em>Heikki Laitinen<\/em><\/p>","protected":false},"featured_media":1188,"comment_status":"closed","ping_status":"closed","template":"","meta":{"_acf_changed":false},"product_brand":[],"product_cat":[65],"product_tag":[],"class_list":{"0":"post-1187","1":"product","2":"type-product","3":"status-publish","4":"has-post-thumbnail","6":"product_cat-aanitteet","8":"first","9":"instock","10":"shipping-taxable","11":"product-type-simple"},"acf":[],"_links":{"self":[{"href":"https:\/\/etno.net\/en\/wp-json\/wp\/v2\/product\/1187","targetHints":{"allow":["GET"]}}],"collection":[{"href":"https:\/\/etno.net\/en\/wp-json\/wp\/v2\/product"}],"about":[{"href":"https:\/\/etno.net\/en\/wp-json\/wp\/v2\/types\/product"}],"replies":[{"embeddable":true,"href":"https:\/\/etno.net\/en\/wp-json\/wp\/v2\/comments?post=1187"}],"wp:featuredmedia":[{"embeddable":true,"href":"https:\/\/etno.net\/en\/wp-json\/wp\/v2\/media\/1188"}],"wp:attachment":[{"href":"https:\/\/etno.net\/en\/wp-json\/wp\/v2\/media?parent=1187"}],"wp:term":[{"taxonomy":"product_brand","embeddable":true,"href":"https:\/\/etno.net\/en\/wp-json\/wp\/v2\/product_brand?post=1187"},{"taxonomy":"product_cat","embeddable":true,"href":"https:\/\/etno.net\/en\/wp-json\/wp\/v2\/product_cat?post=1187"},{"taxonomy":"product_tag","embeddable":true,"href":"https:\/\/etno.net\/en\/wp-json\/wp\/v2\/product_tag?post=1187"}],"curies":[{"name":"wp","href":"https:\/\/api.w.org\/{rel}","templated":true}]}}