{"id":1193,"date":"2020-11-04T15:02:17","date_gmt":"2020-11-04T13:02:17","guid":{"rendered":"https:\/\/etno.net\/?post_type=product&#038;p=1193"},"modified":"2020-11-04T15:02:28","modified_gmt":"2020-11-04T13:02:28","slug":"turkka-ja-paalanen-halituli","status":"publish","type":"product","link":"https:\/\/etno.net\/en\/julkaisu\/aanitteet\/turkka-ja-paalanen-halituli","title":{"rendered":"Turkka ja Paalanen: Halituli"},"content":{"rendered":"<p>\u00c4\u00e4nitys: Olli Varis<br \/>\nMiksaus: Olli Varis<br \/>\nMasterointi: Olli Varis<\/p>\n<p><strong>1. Huilupolkka ja Laihian polkka<\/strong><br \/>\nS\u00e4v. trad., sov. Antti Paalanen, Eero Turkka.<\/p>\n<p>Huilupolkka ja Laihian polkka edustavat suomalaista mollipolkkaa jaloimmillaan.<\/p>\n<p>Antti Paalanen: 1-rivinen haitari G\/C-Castagnari<br \/>\nEero Turkka: diatoninen huuliharppu G\/em-Hohner echo<\/p>\n<p><strong>2. Rintalan Heikin polska<\/strong><br \/>\nS\u00e4v. trad., sov. Antti Paalanen, Eero Turkka.<\/p>\n<p>Rintalan Heikin polska on opittu kuuluisalta viulupelimannilta Matti Haudanmaalta arkisto\u00e4\u00e4nitteen v\u00e4lityksell\u00e4.<\/p>\n<p>Antti Paalanen: 1-rivinen haitari D-Castagnari<br \/>\nEero Turkka: diatoninen huuliharppu D-Hohner marine band<\/p>\n<p><strong>3. Halituli (Severi Suhosen jenkka)<\/strong><\/p>\n<!--[if lt IE 9]><script>document.createElement('audio');<\/script><![endif]-->\n<audio class=\"wp-audio-shortcode\" id=\"audio-1193-1\" preload=\"none\" style=\"width: 100%;\" controls=\"controls\"><source type=\"audio\/mpeg\" src=\"https:\/\/etno.net\/wp-content\/uploads\/2020\/11\/etn_fcd_061_061_sou_003_prv.mp3?_=1\" \/><a href=\"https:\/\/etno.net\/wp-content\/uploads\/2020\/11\/etn_fcd_061_061_sou_003_prv.mp3\">https:\/\/etno.net\/wp-content\/uploads\/2020\/11\/etn_fcd_061_061_sou_003_prv.mp3<\/a><\/audio>\n<p>S\u00e4v. E. Pakarinen, san. R. Helismaa.<\/p>\n<p>Halituli (Severi Suhosen jenkka) on laulu miehen, naisen ja haitarin kolmiodraamasta It\u00e4-Suomessa kasvaneen Turkan kotikielell\u00e4.<\/p>\n<p>Antti Paalanen: 2 \u00bd -rivinen haitari G\/C-Castagnari<br \/>\nEero Turkka: laulu<\/p>\n<p><strong>4. Tallarin polskat<\/strong><br \/>\nS\u00e4v. trad., sov. Antti Paalanen, Eero Turkka.<\/p>\n<p>Tallarin polskat ovat tunnetun kuortanelaisen viuluniekan Elias Tallarin ohjelmistosta. Kappaleen keskivaiheen &#8221;huojuva borduna&#8221; -efekti on toteutettu hyvin vaativalla tekniikalla, jossa \u00e4\u00e4nen korkeutta muutetaan s\u00e4\u00e4telem\u00e4ll\u00e4 huuliharpun sis\u00e4lt\u00e4m\u00e4n syljen m\u00e4\u00e4r\u00e4\u00e4.<\/p>\n<p>Antti Paalanen: 1-rivinen haitari D-Castagnari<br \/>\nEero Turkka: diatoninen huuliharppu D-Hohner marine band<\/p>\n<p><strong>5. Bornholm<\/strong><br \/>\nS\u00e4v. trad., sov. Antti Paalanen, Eero Turkka.<\/p>\n<p>Bornholm-setti on tuliainen ikimuistoiselta opintomatkalta kuvankauniille saarelle Tanskassa. El\u00e4k\u00f6\u00f6n Pohjoismainen yhteisty\u00f6!<\/p>\n<p>Antti Paalanen: 2 \u00bd -rivinen haitari G\/C-Castagnari<br \/>\nEero Turkka: diatoninen huuliharppu G-Hohner marine band<\/p>\n<p><strong>6. Masurkkaa<\/strong><br \/>\nS\u00e4v. trad., sov. Antti Paalanen, Eero Turkka.<\/p>\n<p>Masurkoiden sovitusidean l\u00e4ht\u00f6kohtana oli huonokuntoisen arkisto\u00e4\u00e4nitteen ja halvan kelanauhurin tuottama \u00e4\u00e4nimaisema.<\/p>\n<p>Antti Paalanen: 1-rivinen haitari D-Castagnari<br \/>\nEero Turkka: diatoninen huuliharppu D- Hohner marine band<\/p>\n<p><strong>7. Leilinvirutespolkka<\/strong><br \/>\nS\u00e4v. trad., sov. Antti Paalanen, Eero Turkka.<\/p>\n<p>Leilinvirutespolkan rytmi on per\u00e4isin piim\u00e4leilin huuhtelun ankarasta ravistusliikkeest\u00e4.<\/p>\n<p>Antti Paalanen: 1-rivinen haitari D-Castagnari<br \/>\nEero Turkka: diatoninen huuliharppu D-Hohner marine band<\/p>\n<p><strong>8. Kattelin klassista<\/strong><br \/>\nS\u00e4v. trad., sov. Antti Paalanen, Eero Turkka.<\/p>\n<p>Kattelin klassista on saamattoman nuoren miehen tilitys, jonka Eero oppi poikasena Kyl\u00e4pelimannit -yhtyeen ohjelmistosta.<\/p>\n<p>Antti Paalanen: 2 \u00bd -rivinen haitari G\/C-Castagnari<br \/>\nEero Turkka: laulu<\/p>\n<p><strong>9. Sparkens polska och polska fr\u00e5n Svarteborg<\/strong><\/p>\n<audio class=\"wp-audio-shortcode\" id=\"audio-1193-2\" preload=\"none\" style=\"width: 100%;\" controls=\"controls\"><source type=\"audio\/mpeg\" src=\"https:\/\/etno.net\/wp-content\/uploads\/2020\/11\/etn_fcd_061_061_sou_009_prv.mp3?_=2\" \/><a href=\"https:\/\/etno.net\/wp-content\/uploads\/2020\/11\/etn_fcd_061_061_sou_009_prv.mp3\">https:\/\/etno.net\/wp-content\/uploads\/2020\/11\/etn_fcd_061_061_sou_009_prv.mp3<\/a><\/audio>\n<p>S\u00e4v. trad., sov. Antti Paalanen, Eero Turkka.<\/p>\n<p>Sparkens polska och polska fr\u00e5n Svarteborg edustavat rytmisesti kimuranttia triolipolskaa Ruotsista.<\/p>\n<p>Antti Paalanen: 1-rivinen haitari D-Castagnari<br \/>\nEero Turkka: diatoninen huuliharppu D-Hohner marine band<\/p>\n<p><strong>10. Jigivalssi<\/strong><br \/>\nS\u00e4v. Eero Turkka, sov. Antti Paalanen, Eero Turkka.<\/p>\n<p>Jigivalssi syntyi Eeron yrityksest\u00e4 s\u00e4velt\u00e4\u00e4 melodia, jota voisi soittaa sek\u00e4 jigin\u00e4, ett\u00e4 valssina. Ka, mik\u00e4p\u00e4 ettei!<\/p>\n<p>Antti Paalanen: 2 \u00bd -rivinen haitari G\/C-Castagnari<br \/>\nEero Turkka: diatonic harmonica G-Hohner marine band<\/p>\n<p><strong>11. Harrin jenkka<\/strong><br \/>\nS\u00e4v. H. Timdal, sov. Antti Paalanen, Eero Turkka.<\/p>\n<p>Harrin jenkka on ensimm\u00e4isi\u00e4 yhteisi\u00e4 kipaleitamme.<\/p>\n<p>Antti Paalanen: 2 \u00bd -rivinen haitari G\/C-Castagnari<br \/>\nEero Turkka: diatoninen huuliharppu G\/em-Hohner echo<\/p>\n<p><strong>12. Pavolinin s\u00e4vel<\/strong><\/p>\n<audio class=\"wp-audio-shortcode\" id=\"audio-1193-3\" preload=\"none\" style=\"width: 100%;\" controls=\"controls\"><source type=\"audio\/mpeg\" src=\"https:\/\/etno.net\/wp-content\/uploads\/2020\/11\/etn_fcd_061_061_sou_012_prv.mp3?_=3\" \/><a href=\"https:\/\/etno.net\/wp-content\/uploads\/2020\/11\/etn_fcd_061_061_sou_012_prv.mp3\">https:\/\/etno.net\/wp-content\/uploads\/2020\/11\/etn_fcd_061_061_sou_012_prv.mp3<\/a><\/audio>\n<p>S\u00e4v. Teppo Repo, sov. Antti Paalanen, Eero Turkka.<\/p>\n<p>Pavolinin s\u00e4vel on vapaa improvisaatio paimensoittaja Teppo Revon kauniin s\u00e4vellyksen teemoista.<\/p>\n<p>Antti Paalanen: 2 \u00bd -rivinen haitari G\/C-Castagnari<br \/>\nEero Turkka: diatoninen huuliharppu G-Hohner marine band<\/p>\n<p><strong>13. Kulkurin valssi<\/strong><br \/>\nS\u00e4v. trad., sov. Antti Paalanen, Eero Turkka.<\/p>\n<p>Kulkurin valssin sovituksellisena esikuvana on arkistojen k\u00e4tk\u00f6ist\u00e4 l\u00f6ytynyt huuliharppupelimanni Vihtori Hassisen mainio versio kappaleesta. Joskus mopo karkaa k\u00e4sist\u00e4 v\u00e4kisinkin!<\/p>\n<p>Antti Paalanen: 2 \u00bd -rivinen haitari G\/C-Castagnari<br \/>\nEero Turkka: diatoninen huuliharppu G-Hohner marine band<\/p>\n","protected":false},"excerpt":{"rendered":"<p>Arvoisa kuuntelija,<\/p>\n<p>Olemme musisoineet yhdess\u00e4 suurin piirtein kuluvan vuosituhannen alusta l\u00e4htien. Syksyll\u00e4 2001 edustimme Sibelius-Akatemian kansanmusiikin osastoa Euroopan nuorten kansanmuusikoiden konferenssissa Italiassa. Matkalla duon kohtalo sinet\u00f6ityi ja yhteinen soittotaipaleemme alkoi.<\/p>\n<p>Soitamme ilolla ja herk\u00e4ll\u00e4 kontaktipelill\u00e4 suomalaisia ja pohjoismaisia perinnes\u00e4velmi\u00e4. Ohjelmistoon kuuluu my\u00f6s omia s\u00e4vellyksi\u00e4mme. Soitossamme annamme hartaan tunnelmoinnin yhty\u00e4 omintakeiseen musiikilliseen huumoriin. Sovituksissa pyrimme aina j\u00e4tt\u00e4m\u00e4\u00e4n oven raolleen luovalle hulluudelle ja hetken mielijohteille. T\u00e4m\u00e4 esikoisemme onkin tehty yhtyeen linjaa noudattaen, jamisoiton hengess\u00e4. Osa kappaleista saatiin talteen ensi yritt\u00e4m\u00e4ll\u00e4, eik\u00e4 &#8221;v\u00e4\u00e4ri\u00e4 \u00e4\u00e4ni\u00e4&#8221; ruvettu paikkailemaan j\u00e4lkik\u00e4teen. Rapatessa roiskuu!<\/p>\n<p><em>Eero Turkka, Antti Paalanen<\/em><\/p>","protected":false},"featured_media":1194,"comment_status":"closed","ping_status":"closed","template":"","meta":{"_acf_changed":false},"product_brand":[],"product_cat":[65],"product_tag":[],"class_list":{"0":"post-1193","1":"product","2":"type-product","3":"status-publish","4":"has-post-thumbnail","6":"product_cat-aanitteet","8":"first","9":"instock","10":"shipping-taxable","11":"product-type-simple"},"acf":[],"_links":{"self":[{"href":"https:\/\/etno.net\/en\/wp-json\/wp\/v2\/product\/1193","targetHints":{"allow":["GET"]}}],"collection":[{"href":"https:\/\/etno.net\/en\/wp-json\/wp\/v2\/product"}],"about":[{"href":"https:\/\/etno.net\/en\/wp-json\/wp\/v2\/types\/product"}],"replies":[{"embeddable":true,"href":"https:\/\/etno.net\/en\/wp-json\/wp\/v2\/comments?post=1193"}],"wp:featuredmedia":[{"embeddable":true,"href":"https:\/\/etno.net\/en\/wp-json\/wp\/v2\/media\/1194"}],"wp:attachment":[{"href":"https:\/\/etno.net\/en\/wp-json\/wp\/v2\/media?parent=1193"}],"wp:term":[{"taxonomy":"product_brand","embeddable":true,"href":"https:\/\/etno.net\/en\/wp-json\/wp\/v2\/product_brand?post=1193"},{"taxonomy":"product_cat","embeddable":true,"href":"https:\/\/etno.net\/en\/wp-json\/wp\/v2\/product_cat?post=1193"},{"taxonomy":"product_tag","embeddable":true,"href":"https:\/\/etno.net\/en\/wp-json\/wp\/v2\/product_tag?post=1193"}],"curies":[{"name":"wp","href":"https:\/\/api.w.org\/{rel}","templated":true}]}}