{"id":1299,"date":"2020-11-07T12:54:53","date_gmt":"2020-11-07T10:54:53","guid":{"rendered":"https:\/\/etno.net\/?post_type=product&#038;p=1299"},"modified":"2021-08-30T12:32:53","modified_gmt":"2021-08-30T10:32:53","slug":"soolosoiton-mahti-laulava-viulisti-nykykansanmusiikin-saveltajana-ja-esittajana","status":"publish","type":"product","link":"https:\/\/etno.net\/en\/julkaisu\/opinnaytteet\/tohtoriopinnot\/tutkielmat\/soolosoiton-mahti-laulava-viulisti-nykykansanmusiikin-saveltajana-ja-esittajana","title":{"rendered":"Soolosoiton mahti &#8211; Laulava viulisti nykykansanmusiikin s\u00e4velt\u00e4j\u00e4n\u00e4 ja esitt\u00e4j\u00e4n\u00e4"},"content":{"rendered":"<p>Ta\u0308ssa\u0308 taiteellisen tohtorintutkinnon tutkielmassa valotan sa\u0308velta\u0308misen prosessia oman musiikkinsa sa\u0308velta\u0308va\u0308n ja esitta\u0308va\u0308n kansanmuusikon na\u0308ko\u0308kulmasta. Tarkastelen, kuinka sa\u0308velkieleni ja sa\u0308velta\u0308minen ovat kehittyneet ta\u0308ma\u0308nhetkiseen muotoonsa syventyessa\u0308ni soolotyo\u0308skentelyyn, viulunsoiton ja laulun yhdista\u0308miseen seka\u0308 suomalaisen kansanmusiikin kahteen eri historialliseen kerrostumaan: arkaaiseen eli vanhakantaiseen perinteeseen seka\u0308 uudempaan perinteeseen, erityisesti pelimannimusiikkiin.<\/p>\n<p>Tutkintoni taiteellisessa osiossa valmistin viisi konserttia, joista nelja\u0308 toteutin soolona ja yhden erikokoisten yhtyeiden kanssa. Soolokonsertit olivat Sanaton tarina (2014), Kaksi kertojaa (2014), Alasti synnyin mina\u0308 maailman helmaan (2015) ja Alku \u2013 The Beginning (2017). Viimeiseen konserttiin sisa\u0308ltyi myo\u0308s samannimisen soololevyn tekeminen (julkaisija Nordic Notes 2018). Nelja\u0308s konserttini Tarinankertojat (2016) oli yhtyekonsertti.<\/p>\n<p>Konsertteja tyo\u0308sta\u0308essa\u0308ni tutkin seka\u0308 soolosoiton etta\u0308 yhta\u0308aikaisen viulunsoiton ja laulamisen haasteita ja mahdollisuuksia. Na\u0308ita\u0308 kehitta\u0308ma\u0308lla\u0308 sain uusia na\u0308ko\u0308kulmia sa\u0308velta\u0308miseen ja esitta\u0308miseen. Kehitys kuului sa\u0308vellyksissa\u0308ni esimerkiksi haastavampina soittoteknisina\u0308 ratkaisuina ja musiikin pitka\u0308n kaaren luomisessa. Esiintyessa\u0308 la\u0308sna\u0308oloni vahvistui. Lo\u0308ysin itseni musiikin a\u0308a\u0308relta\u0308 haavoittuvaisempana mutta samalla rohkeampana.<\/p>\n<p>Tohtorintutkinnon taiteellinen ja kirjallinen tyo\u0308skentely muodostavat yhdessa\u0308 muusik- kola\u0308hto\u0308isen tutkimusna\u0308ko\u0308kulman. Tutkimus tuo uutta tietoa omaa musiikkiaan esitta\u0308va\u0308n muusikon tyo\u0308skentelemisesta\u0308, yksin esiintymisen eli soolosoiton olemuksesta seka\u0308 sa\u0308velta\u0308misesta\u0308 prosessina. Reflektoimalla taiteellista tyo\u0308skentelya\u0308ni na\u0308ista\u0308 la\u0308hto\u0308kodista valotan lukijalle sita\u0308 polkua, jossa musiikkini syntyy.<\/p>\n<p>Suomalaisen kansanmusiikin arkaaiseen kerrostumaan syventyminen on ollut avainasemassa sa\u0308velta\u0308jyyteni kehitykselle. Se muutti seka\u0308 musiikkika\u0308sitysta\u0308ni etta\u0308 koko sa\u0308velta\u0308misen tapaa ja laajensi musiikillisia keinovarojani. Tuon esille, kuinka musiikkini tyo\u0308sta\u0308misessa\u0308 sa\u0308velta\u0308minen ja harjoittelu eiva\u0308t ole ena\u0308a\u0308 toisistaan erillisia\u0308 osatekijo\u0308ita\u0308 ja kuinka improvisointi on vaikuttanut sa\u0308velta\u0308jyyteeni.<\/p>\n<p>Tutkimuksen yhtena\u0308 tavoitteena on rohkaista myo\u0308s muita viulisteja hyo\u0308dynta\u0308ma\u0308a\u0308n laulamista soittaessaan. Opettaessani olen huomannut, etta\u0308 se inspiroi oppilaita ja kehitta\u0308a\u0308 heida\u0308n ilmaisuaan ja soittoteknisia\u0308 taitojaan vapautuneempaan suuntaan.<\/p>\n<p><strong>Avainsanat<\/strong>: sa\u0308velta\u0308minen, soolosoitto, viulunsoiton ja laulun yhdista\u0308minen, viululaulu, arkaainen kansanmusiikki, improvisointi, taiteellinen tutkimus.<\/p>\n<p>\u00a9 2020 Pa\u0308ivi Hirvonen<br \/>\nKustantaja: Taideyliopiston Sibelius-Akatemia<br \/>\nKansi: Jan Rosstro\u0308m \/ Taideyliopiston Sibelius-Akatemia<br \/>\nKannen kuva: Antti Kokkola<br \/>\nTaitto: Alec Havinmaa<br \/>\nISBN 978-952-329-149-2 | ISSN 1237-4229 | ISSN 2489-7981<br \/>\nEST 51 | Sibelius-Akatemian kansanmusiikkijulkaisuja 32 | etno.net\/tohtoriopinnot<\/p>","protected":false},"excerpt":{"rendered":"<p><a title=\"hirvonen_paivi_soolosoiton_mahti_tohtori_final_v4_lukittu.pdf\" href=\"https:\/\/media.etno.net\/sites\/default\/files\/document\/hirvonen_paivi_soolosoiton_mahti_tohtori_etnonet.pdf\" target=\"_blank\" rel=\"noopener noreferrer\">Soolosoiton mahti \u2013 Laulava viulisti nykykansanmusiikin sa\u0308velta\u0308ja\u0308na\u0308 ja esitta\u0308ja\u0308na\u0308<\/a> (PDF)<\/p>\n<p>Taideyliopiston Sibelius-Akatemia, Helsinki<br \/>\nTaiteellisen tohtorintutkinnon tutkielma<br \/>\nKansanmusiikin aineryhm\u00e4<br \/>\nMuTri-tohtorikoulu, 2020<\/p>","protected":false},"featured_media":1300,"comment_status":"closed","ping_status":"closed","template":"","meta":{"_acf_changed":false},"product_brand":[],"product_cat":[15,84,78],"product_tag":[],"class_list":{"0":"post-1299","1":"product","2":"type-product","3":"status-publish","4":"has-post-thumbnail","6":"product_cat-kirjat","7":"product_cat-tutkielmat","8":"product_cat-tohtoriopinnot","10":"first","11":"instock","12":"shipping-taxable","13":"product-type-simple"},"acf":[],"_links":{"self":[{"href":"https:\/\/etno.net\/en\/wp-json\/wp\/v2\/product\/1299","targetHints":{"allow":["GET"]}}],"collection":[{"href":"https:\/\/etno.net\/en\/wp-json\/wp\/v2\/product"}],"about":[{"href":"https:\/\/etno.net\/en\/wp-json\/wp\/v2\/types\/product"}],"replies":[{"embeddable":true,"href":"https:\/\/etno.net\/en\/wp-json\/wp\/v2\/comments?post=1299"}],"wp:featuredmedia":[{"embeddable":true,"href":"https:\/\/etno.net\/en\/wp-json\/wp\/v2\/media\/1300"}],"wp:attachment":[{"href":"https:\/\/etno.net\/en\/wp-json\/wp\/v2\/media?parent=1299"}],"wp:term":[{"taxonomy":"product_brand","embeddable":true,"href":"https:\/\/etno.net\/en\/wp-json\/wp\/v2\/product_brand?post=1299"},{"taxonomy":"product_cat","embeddable":true,"href":"https:\/\/etno.net\/en\/wp-json\/wp\/v2\/product_cat?post=1299"},{"taxonomy":"product_tag","embeddable":true,"href":"https:\/\/etno.net\/en\/wp-json\/wp\/v2\/product_tag?post=1299"}],"curies":[{"name":"wp","href":"https:\/\/api.w.org\/{rel}","templated":true}]}}