{"id":1368,"date":"2020-11-19T14:11:01","date_gmt":"2020-11-19T12:11:01","guid":{"rendered":"https:\/\/etno.net\/?post_type=product&#038;p=1368"},"modified":"2021-11-19T12:44:33","modified_gmt":"2021-11-19T10:44:33","slug":"okra-playground-turmio","status":"publish","type":"product","link":"https:\/\/etno.net\/en\/julkaisu\/aanitteet\/okra-playground-turmio","title":{"rendered":"Okra Playground &#8211; Turmio"},"content":{"rendered":"<div class=\"field field-name-field-kamucd-teknikot field-type-text-long field-label-hidden\">\n<div class=\"field-items\">\n<div class=\"field-item even\">\n<p>Recorded and Mixed by Mikko Haapoja<br \/>\nMastered by Jaakko Viital\u00e4hde at Virtal\u00e4hde mastering<br \/>\nDesign and photos by Jimmy Tr\u00e4skelin<br \/>\nTranslations by Sara Norja<br \/>\nProduced by Sami Kurppa<\/p>\n<\/div>\n<\/div>\n<\/div>\n<div class=\"field field-name-field-kamucd-yht-kokoonpano field-type-text-long field-label-inline clearfix\">\n<div class=\"field-label\">Muusikot:<\/div>\n<div class=\"field-items\">\n<div class=\"field-item even\">\n<p>Veikko Muikku: Accordion<br \/>\nP\u00e4ivi Hirvonen: Vocals, Fiddle, Bowed lyre<br \/>\nSami Kujala: Electric bass<br \/>\nTatu Viitala: Percussion, Guitar (10)<br \/>\nMaija Kauhanen: Vocals, Kantele<br \/>\nEssi Muikku: Vocals, Kantele<\/p>\n<p>Guest musicians:<br \/>\nSami Kurppa: Programming<br \/>\nTero Pajunen: Vocals (1,2)<\/p>\n<\/div>\n<\/div>\n<\/div>\n<div class=\"field field-name-field-kamucd-raidat field-type-text-long field-label-hidden\">\n<div class=\"field-items\">\n<div class=\"field-item even\">\n<p>1. Kaunokieli \/ Silvertongue<\/p>\n<p>music Veikko Muikku, Maija Kauhanen, Sami Kurppa \/ lyrics Maija Kauhanen<\/p>\n<p>A deceitful womanizer fools around with several girls, picking and choosing, measuring their slim figures. But when the women fall for him, this silver-tongued man gives them only empty promises for the future.<\/p>\n<p>2. Turmio \/ Disgrace<\/p>\n<p>music P\u00e4ivi Hirvonen \/ Kanteletar<\/p>\n<p>A woman, once beautiful and virtuous, has fallen into disgrace.<\/p>\n<p><strong>3. Viivytysvirsi \/ Wasting time<\/strong><\/p>\n<p>music Veikko Muikku \/ lyrics trad.<\/p>\n<p>Singing makes you lazy, humming will delay your work. Only lazy people spend all day singing, while their work is left undone.<\/p>\n<!--[if lt IE 9]><script>document.createElement('audio');<\/script><![endif]-->\n<audio class=\"wp-audio-shortcode\" id=\"audio-1368-1\" preload=\"none\" style=\"width: 100%;\" controls=\"controls\"><source type=\"audio\/mpeg\" src=\"https:\/\/etno.net\/wp-content\/uploads\/2020\/11\/3_viivytysvirsi.mp3?_=1\" \/><a href=\"https:\/\/etno.net\/wp-content\/uploads\/2020\/11\/3_viivytysvirsi.mp3\">https:\/\/etno.net\/wp-content\/uploads\/2020\/11\/3_viivytysvirsi.mp3<\/a><\/audio>\n<p>4. Viimatar<\/p>\n<p>music Veikko Muikku \/ lyrics trad.<\/p>\n<p><strong>5. Pakkasloitsu \/ Frostbitten<\/strong><\/p>\n<p>music Veikko Muikku \/ lyrics trad.<\/p>\n<p>A charm to prevent the frost from biting, begging it to go and freeze marshes and hot stones instead of people&#8217;s bare skin.<\/p>\n<audio class=\"wp-audio-shortcode\" id=\"audio-1368-2\" preload=\"none\" style=\"width: 100%;\" controls=\"controls\"><source type=\"audio\/mpeg\" src=\"https:\/\/etno.net\/wp-content\/uploads\/2020\/11\/5_pakkasloitsu.mp3?_=2\" \/><a href=\"https:\/\/etno.net\/wp-content\/uploads\/2020\/11\/5_pakkasloitsu.mp3\">https:\/\/etno.net\/wp-content\/uploads\/2020\/11\/5_pakkasloitsu.mp3<\/a><\/audio>\n<p>6. Hopeamorsian \/ The silver bride<\/p>\n<p>music \/ lyriscs Maija Kauhanen<\/p>\n<p>A young man sets off to find himself a beautiful bride. He finally finds his silver bride on a high hill.<\/p>\n<p><strong>7. Tulen synty \/ The fire<\/strong><\/p>\n<p>music Essi Muikku \/ lyrics trad.<\/p>\n<p>Beyond the nine skies, it spreads during a dry summer, travelling over the earth. Fire spares nothing that gets in its way. The only things it leaves behind are graves made from heat-scorched stones.<\/p>\n<audio class=\"wp-audio-shortcode\" id=\"audio-1368-3\" preload=\"none\" style=\"width: 100%;\" controls=\"controls\"><source type=\"audio\/mpeg\" src=\"https:\/\/etno.net\/wp-content\/uploads\/2020\/11\/7_tulen_synty.mp3?_=3\" \/><a href=\"https:\/\/etno.net\/wp-content\/uploads\/2020\/11\/7_tulen_synty.mp3\">https:\/\/etno.net\/wp-content\/uploads\/2020\/11\/7_tulen_synty.mp3<\/a><\/audio>\n<p>8. Kun mun kultani tulisi \/ If my beloved shall come<\/p>\n<p>music P\u00e4ivi Hirvonen \/ lyrics Kanteletar<\/p>\n<p>A woman waits for her loved one to arrive, wanting to receive him even though he may already be in Tuonela, the kingdom of the dead. Still, she would hold him close even if death were wrapped around his neck, even if a snake were coiled up in his hand.<\/p>\n<p>9. Sorsa \/ The mallard<\/p>\n<p>music trad. \/ lyrics trad.<\/p>\n<p>A mallard loses a kantele-playing competition to V\u00e4in\u00e4m\u00f6inen. After the waterbird has failed to do so, V\u00e4in\u00e4m\u00f6inen&#8217;s playing makes the water ring with joy.<\/p>\n<p>10. Tuulen tuoma \/ Windblown<\/p>\n<p>music Veikko Muikku \/ lyrics trad.<\/p>\n<p>A lullaby for a newborn, wishing for good things to happen to the child. Windblown, tossed around by cold air, the child should be fearless of the weather like an elk, and should not cry when there is no reason to.<\/p>\n<\/div>\n<\/div>\n<\/div>\n","protected":false},"excerpt":{"rendered":"<p>Recorded and Mixed by Mikko Haapoja Mastered by Jaakko Viital\u00e4hde at Virtal\u00e4hde mastering Design and photos by Jimmy Tr\u00e4skelin Translations by Sara Norja Produced by Sami Kurppa Muusikot: Veikko Muikku: Accordion P\u00e4ivi Hirvonen: Vocals, Fiddle, Bowed lyre Sami Kujala: Electric bass Tatu Viitala: Percussion, Guitar (10) Maija Kauhanen: Vocals, Kantele Essi Muikku: Vocals, Kantele Guest [&hellip;]<\/p>\n","protected":false},"featured_media":1375,"comment_status":"closed","ping_status":"closed","template":"","meta":{"_acf_changed":false},"product_brand":[],"product_cat":[65],"product_tag":[],"class_list":{"0":"post-1368","1":"product","2":"type-product","3":"status-publish","4":"has-post-thumbnail","6":"product_cat-aanitteet","8":"first","9":"instock","10":"shipping-taxable","11":"product-type-simple"},"acf":[],"_links":{"self":[{"href":"https:\/\/etno.net\/en\/wp-json\/wp\/v2\/product\/1368","targetHints":{"allow":["GET"]}}],"collection":[{"href":"https:\/\/etno.net\/en\/wp-json\/wp\/v2\/product"}],"about":[{"href":"https:\/\/etno.net\/en\/wp-json\/wp\/v2\/types\/product"}],"replies":[{"embeddable":true,"href":"https:\/\/etno.net\/en\/wp-json\/wp\/v2\/comments?post=1368"}],"wp:featuredmedia":[{"embeddable":true,"href":"https:\/\/etno.net\/en\/wp-json\/wp\/v2\/media\/1375"}],"wp:attachment":[{"href":"https:\/\/etno.net\/en\/wp-json\/wp\/v2\/media?parent=1368"}],"wp:term":[{"taxonomy":"product_brand","embeddable":true,"href":"https:\/\/etno.net\/en\/wp-json\/wp\/v2\/product_brand?post=1368"},{"taxonomy":"product_cat","embeddable":true,"href":"https:\/\/etno.net\/en\/wp-json\/wp\/v2\/product_cat?post=1368"},{"taxonomy":"product_tag","embeddable":true,"href":"https:\/\/etno.net\/en\/wp-json\/wp\/v2\/product_tag?post=1368"}],"curies":[{"name":"wp","href":"https:\/\/api.w.org\/{rel}","templated":true}]}}