{"id":1374,"date":"2020-11-19T14:29:11","date_gmt":"2020-11-19T12:29:11","guid":{"rendered":"https:\/\/etno.net\/?post_type=product&#038;p=1374"},"modified":"2021-11-19T12:45:12","modified_gmt":"2021-11-19T10:45:12","slug":"rim-rim","status":"publish","type":"product","link":"https:\/\/etno.net\/en\/julkaisu\/aanitteet\/rim-rim","title":{"rendered":"Rim &#8211; RIM"},"content":{"rendered":"<div class=\"field field-name-body field-type-text-with-summary field-label-hidden\">\n<div class=\"field-items\">\n<div class=\"field-item even\">\n<p>I heard Rim For the first time in spring 2015, in Voss, and was immediately thrilled and entranced by the group&#8217;s personal and Nordic musical language. The musicians in Rim transcend boundaries, both in the way they play together and in their arrangements. They display breadth in their musical expression, they are good composers and imaginative arrangers. I was fascinated by their transparent soundscapes and their rhythmic ease and energy, not to mention the groove! And what&#8217;s more, each musician is a soloist whose personal style shines trough in the group&#8217;s sound and interaction.<\/p>\n<p>The lively pols from Helgeland is a temptation for dancers, and listeners are served subtle and personal songs in delightful harmonies. A Nordic sound with youthful vigor and musical valor!<\/p>\n<p>June 2015 Eli Storbekken<\/p>\n<\/div>\n<\/div>\n<\/div>\n<div class=\"field field-name-field-kamucd-teknikot field-type-text-long field-label-hidden\">\n<div class=\"field-items\">\n<div class=\"field-item even\">\n<p>Produced \u00a0by Maria Kalaniemi and Rim<br \/>\nRecorded and mixed by Teemu V\u00e4nsk\u00e4 at Helsinki Music Centre<br \/>\nMastered by Minerva Pappi at Chartmakers, Helsinki<br \/>\nPhotos by Agnes Stuber<br \/>\nLayout by Johanna-Adele J\u00fcssi<br \/>\nExecutive producer: Jo Einar Jansen<br \/>\nTranslation and editing: Mary Barthelemy<\/p>\n<\/div>\n<\/div>\n<\/div>\n<div class=\"field field-name-field-kamucd-yht-kokoonpano field-type-text-long field-label-inline clearfix\">\n<div class=\"field-label\">Muusikot:<\/div>\n<div class=\"field-items\">\n<div class=\"field-item even\">\n<p>Sunniva Abelli (SE): nyckelharpa, vocals, foot tapping<br \/>\nHilde Fjerding\u00f8y (NO): diatonic accordion, vocals, foot tapping<br \/>\nJo Einar Jansen (NO): fiddle, octave fiddle, Hardanger fiddle, vocals<br \/>\nElin Jonsson (SE): fiddle, viola, vocals, finger-snapping<br \/>\nGuest on track 11: Anette \u00c5kerlund: vocals<\/p>\n<\/div>\n<\/div>\n<\/div>\n<div class=\"field field-name-field-kamucd-raidat field-type-text-long field-label-hidden\">\n<div class=\"field-items\">\n<div class=\"field-item even\">\n<p><strong>1. Huldersl\u00e5tten\u00a0<\/strong><\/p>\n<p>Trad. Kristian Alm\u00e5s, Drevja. Arr: Rim<\/p>\n<!--[if lt IE 9]><script>document.createElement('audio');<\/script><![endif]-->\n<audio class=\"wp-audio-shortcode\" id=\"audio-1374-1\" preload=\"none\" style=\"width: 100%;\" controls=\"controls\"><source type=\"audio\/mpeg\" src=\"https:\/\/etno.net\/wp-content\/uploads\/2020\/11\/1_hulderslatten_patka.mp3?_=1\" \/><a href=\"https:\/\/etno.net\/wp-content\/uploads\/2020\/11\/1_hulderslatten_patka.mp3\">https:\/\/etno.net\/wp-content\/uploads\/2020\/11\/1_hulderslatten_patka.mp3<\/a><\/audio>\n<p>2. Yrsn\u00f6<\/p>\n<p>Mats Ed\u00e9n. Arr. Rim<\/p>\n<p>3. Barentsburg<\/p>\n<p>Hilde Fjerding\u00f8y<\/p>\n<p>4. Mars<\/p>\n<p>Hilde Fjerding\u00f8y<\/p>\n<p>5. Fram\u00e5t\/All den gl\u00e4dje<\/p>\n<p>Sunniva Abelli\/trad. Hilda Aljanki, Torinen. Lyrics translated to Swedish by Hans Alatalo. Arr: S. Abelli<\/p>\n<p><strong>6. Ack jag<\/strong><\/p>\n<p>Trad. Maria Misgeld. Comp: Sunniva Abelli\/Hilde Fjerding\u00f8y. Arr. Rim<\/p>\n<audio class=\"wp-audio-shortcode\" id=\"audio-1374-2\" preload=\"none\" style=\"width: 100%;\" controls=\"controls\"><source type=\"audio\/mpeg\" src=\"https:\/\/etno.net\/wp-content\/uploads\/2020\/11\/6_ack_jag_patka.mp3?_=2\" \/><a href=\"https:\/\/etno.net\/wp-content\/uploads\/2020\/11\/6_ack_jag_patka.mp3\">https:\/\/etno.net\/wp-content\/uploads\/2020\/11\/6_ack_jag_patka.mp3<\/a><\/audio>\n<p>7. Femton gastar<\/p>\n<p>Trad. Louis Engblom, Stockholm. Comp: Sunniva Abelli. Arr: S Abelli\/Rim<\/p>\n<p>8. Vintern kommer<\/p>\n<p>Elin Jonsson<\/p>\n<p>9. Reinlender etter Andreas Rug\u00e5s<\/p>\n<p>Trad. Velfjord. Arr: Rim<\/p>\n<p>10. Polska efter Isak Isaksson<\/p>\n<p>Trad. Hotagen. Arr. Elin Jonsson<\/p>\n<p><strong>11. Ikke rull<\/strong><\/p>\n<p>Sunniva Abelli. Lyrics: trad. Esperanza Fern\u00e1ndez<\/p>\n<audio class=\"wp-audio-shortcode\" id=\"audio-1374-3\" preload=\"none\" style=\"width: 100%;\" controls=\"controls\"><source type=\"audio\/mpeg\" src=\"https:\/\/etno.net\/wp-content\/uploads\/2020\/11\/11_ikke_rull_patka.mp3?_=3\" \/><a href=\"https:\/\/etno.net\/wp-content\/uploads\/2020\/11\/11_ikke_rull_patka.mp3\">https:\/\/etno.net\/wp-content\/uploads\/2020\/11\/11_ikke_rull_patka.mp3<\/a><\/audio>\n<p>12. M\u00e6rravisio<\/p>\n<p>Trad. Martin Hundvik, Elsfjord. Lyrics: Per Davesa, Elsfjord. Arr:\u00a0Hilde Fjerding\u00f8y<\/p>\n<p>13. Som stj\u00e4rnan<\/p>\n<p>Trad. Maria Misgeld\/Margit Finnek\u00e5sa. Arr: M. Misgeld\/Rim<\/p>\n<p>14. Nuoruustango\/Siliatanssit-tango<\/p>\n<p>Lyrics: Anu Kaipainen. Comp. Kaj Chydenius\/Arto J\u00e4rvel\u00e4. Arr: Eero Grundstr\u00f6m\/Rim\/A. J\u00e4rvel\u00e4<\/p>\n<\/div>\n<\/div>\n<\/div>\n","protected":false},"excerpt":{"rendered":"<p>I heard Rim For the first time in spring 2015, in Voss, and was immediately thrilled and entranced by the group&#8217;s personal and Nordic musical language. The musicians in Rim transcend boundaries, both in the way they play together and in their arrangements. They display breadth in their musical expression, they are good composers and [&hellip;]<\/p>\n","protected":false},"featured_media":1380,"comment_status":"closed","ping_status":"closed","template":"","meta":{"_acf_changed":false},"product_brand":[],"product_cat":[65],"product_tag":[],"class_list":{"0":"post-1374","1":"product","2":"type-product","3":"status-publish","4":"has-post-thumbnail","6":"product_cat-aanitteet","8":"first","9":"instock","10":"shipping-taxable","11":"product-type-simple"},"acf":[],"_links":{"self":[{"href":"https:\/\/etno.net\/en\/wp-json\/wp\/v2\/product\/1374","targetHints":{"allow":["GET"]}}],"collection":[{"href":"https:\/\/etno.net\/en\/wp-json\/wp\/v2\/product"}],"about":[{"href":"https:\/\/etno.net\/en\/wp-json\/wp\/v2\/types\/product"}],"replies":[{"embeddable":true,"href":"https:\/\/etno.net\/en\/wp-json\/wp\/v2\/comments?post=1374"}],"wp:featuredmedia":[{"embeddable":true,"href":"https:\/\/etno.net\/en\/wp-json\/wp\/v2\/media\/1380"}],"wp:attachment":[{"href":"https:\/\/etno.net\/en\/wp-json\/wp\/v2\/media?parent=1374"}],"wp:term":[{"taxonomy":"product_brand","embeddable":true,"href":"https:\/\/etno.net\/en\/wp-json\/wp\/v2\/product_brand?post=1374"},{"taxonomy":"product_cat","embeddable":true,"href":"https:\/\/etno.net\/en\/wp-json\/wp\/v2\/product_cat?post=1374"},{"taxonomy":"product_tag","embeddable":true,"href":"https:\/\/etno.net\/en\/wp-json\/wp\/v2\/product_tag?post=1374"}],"curies":[{"name":"wp","href":"https:\/\/api.w.org\/{rel}","templated":true}]}}