{"id":1384,"date":"2020-12-02T12:09:15","date_gmt":"2020-12-02T10:09:15","guid":{"rendered":"https:\/\/etno.net\/?post_type=product&#038;p=1384"},"modified":"2021-10-05T09:29:31","modified_gmt":"2021-10-05T07:29:31","slug":"iki-turson-runolaulukirja-runolaulusavelmia-ja-runoja-laulettavaksi-yksin-ja-yhdessa-2","status":"publish","type":"product","link":"https:\/\/etno.net\/en\/julkaisu\/kirjat\/iki-turson-runolaulukirja-runolaulusavelmia-ja-runoja-laulettavaksi-yksin-ja-yhdessa-2","title":{"rendered":"Iki-Turson runolaulukirja &#8211; Runolaulus\u00e4velmi\u00e4 ja runoja laulettavaksi yksin ja yhdess\u00e4"},"content":{"rendered":"<p>Runolaulu on ainutlaatuinen laulunlaji ja vanhan it\u00e4merensuomalaisen laulukulttuurin keskeisin osa. Sen avulla on k\u00e4sitelty, j\u00e4sennetty ja tulkittu maailmaa sek\u00e4 arjessa ett\u00e4 juhlassa. Runolaululle on ominaista viiden s\u00e4velen ja kahdeksantavuisten runos\u00e4keiden maailma. S\u00e4keist\u00f6j\u00e4 ei ole, vaan laulu etenee s\u00e4e tai s\u00e4epari kerrallaan. Lauluissa saa muunnella ja improvisoida. Mill\u00e4 tahansa s\u00e4velm\u00e4ll\u00e4 voi laulaa mink\u00e4 tahansa runon. Laulu voi olla aivan lyhyt tai satojen s\u00e4keiden mittainen.<\/p>\n<p>T\u00e4ss\u00e4 Iki-Turson runolaulukirjassa on julkaistu 50 runolaulus\u00e4velm\u00e4\u00e4 ja 48 runoa laulettavaksi yksin ja yhdess\u00e4. Kirja sis\u00e4lt\u00e4\u00e4 my\u00f6s runolaulumitan oppaan.<\/p>","protected":false},"excerpt":{"rendered":"<p><a href=\"https:\/\/media.etno.net\/sites\/default\/files\/document\/iki-turson_laulukirja_digi.pdf\">Iki-Turson runolaulukirja<\/a>\u00a0(PDF)<\/p>\n<p>Sibelius-Akatemian kansanmusiikkijulkaisuja 33<\/p>\n<p>Toimittaneet: Maari Kallberg ja Outi Pulkkinen<br \/>\nUlkoasu: Jimmy Tr\u00e4skelin<br \/>\nKannen valokuva: Wilma Hurskainen<br \/>\nPaino: Grano Oy, 2020<br \/>\n\u00a9 Taideyliopiston Sibelius-Akatemia, kansanmusiikin aineryhm\u00e4<\/p>\n<p>Painettu:<br \/>\nISBN 978-952-329-150-8<br \/>\nISSN 2242-8054<\/p>\n<p>PDF:<br \/>\nISBN 978-952-329-151-5<br \/>\nISSN 2489-8163<\/p>","protected":false},"featured_media":1385,"comment_status":"closed","ping_status":"closed","template":"","meta":{"_acf_changed":false},"product_brand":[],"product_cat":[15],"product_tag":[83,82,75],"class_list":{"0":"post-1384","1":"product","2":"type-product","3":"status-publish","4":"has-post-thumbnail","6":"product_cat-kirjat","7":"product_tag-laulu","8":"product_tag-nuotti","9":"product_tag-runolaulu","11":"first","12":"instock","13":"shipping-taxable","14":"product-type-simple"},"acf":[],"_links":{"self":[{"href":"https:\/\/etno.net\/en\/wp-json\/wp\/v2\/product\/1384","targetHints":{"allow":["GET"]}}],"collection":[{"href":"https:\/\/etno.net\/en\/wp-json\/wp\/v2\/product"}],"about":[{"href":"https:\/\/etno.net\/en\/wp-json\/wp\/v2\/types\/product"}],"replies":[{"embeddable":true,"href":"https:\/\/etno.net\/en\/wp-json\/wp\/v2\/comments?post=1384"}],"wp:featuredmedia":[{"embeddable":true,"href":"https:\/\/etno.net\/en\/wp-json\/wp\/v2\/media\/1385"}],"wp:attachment":[{"href":"https:\/\/etno.net\/en\/wp-json\/wp\/v2\/media?parent=1384"}],"wp:term":[{"taxonomy":"product_brand","embeddable":true,"href":"https:\/\/etno.net\/en\/wp-json\/wp\/v2\/product_brand?post=1384"},{"taxonomy":"product_cat","embeddable":true,"href":"https:\/\/etno.net\/en\/wp-json\/wp\/v2\/product_cat?post=1384"},{"taxonomy":"product_tag","embeddable":true,"href":"https:\/\/etno.net\/en\/wp-json\/wp\/v2\/product_tag?post=1384"}],"curies":[{"name":"wp","href":"https:\/\/api.w.org\/{rel}","templated":true}]}}