{"id":1393,"date":"2020-12-02T13:15:57","date_gmt":"2020-12-02T11:15:57","guid":{"rendered":"https:\/\/etno.net\/?post_type=product&#038;p=1393"},"modified":"2021-08-30T12:34:20","modified_gmt":"2021-08-30T10:34:20","slug":"perinnelaboratorio-haitariporukoissa","status":"publish","type":"product","link":"https:\/\/etno.net\/en\/julkaisu\/opinnaytteet\/tohtoriopinnot\/tutkielmat\/perinnelaboratorio-haitariporukoissa","title":{"rendered":"Perinnelaboratorio &#8211; #haitariporukoissa"},"content":{"rendered":"<h2><strong>Tiivistelm\u00e4<\/strong><\/h2>\n<p><strong>Perinnelaboratorio<\/strong><br \/>\n<strong>&#8211; #haitariporukoissa<\/strong><\/p>\n<blockquote><p>Anne-Mari Kivim\u00e4ki 2018<br \/>\nTaideyliopisto, Sibelius-Akatemia<br \/>\nMuTri-tohtorikoulu<br \/>\nKansanmusiikin aineryhm\u00e4<br \/>\nTaiteellinen tohtorintutkinto<\/p><\/blockquote>\n<p>T\u00e4m\u00e4n taiteellisen tohtorintutkinnon tutkielman keski\u00f6ss\u00e4 on suistamolainen haitarinsoittaja, tarinankertoja Ilja Kotikallio (1894-1961). Kotikalliosta tehdyn henkil\u00f6historian sek\u00e4 h\u00e4nelt\u00e4 tallennettujen arkistotarinoiden kautta tuodaan esiin 1900-luvun alun Raja-Karjalassa sijainneen Suistamon pit\u00e4j\u00e4n el\u00e4m\u00e4\u00e4 ja erityisesti haitarinsoiton esiintymist\u00e4 Suistamon alueella. Kotikallion henkil\u00f6kuvan lis\u00e4ksi k\u00e4yd\u00e4\u00e4n l\u00e4pi tohtorinty\u00f6n taiteelliset konsertit, Suistamo-sarjan konsertit, ja esitell\u00e4\u00e4n ty\u00f6n tulokset, asettaen ne laajempaan kontekstiin.<\/p>\n<p>Ty\u00f6n keskeisin k\u00e4site on Perinnelaboratorio, joka on syntynyt taiteellisen tutkimuksen aikana v\u00e4lineeksi yhdist\u00e4\u00e4 perinne ja taiteilijan uteliaisuus ja uudet haitaritrance-s\u00e4vellykset. Perinnelaboratorion peruspilareina ovat ven\u00e4l\u00e4inen Notka-haitari, Ilja Kotikallio ja taiteellisten konserttien ty\u00f6ryhm\u00e4t, jotka saivat ty\u00f6n aikana nimen haitariporukat. Kentt\u00e4matkat ja konserttien valmistelut hioivat ty\u00f6ryhmi\u00e4 yhteen, ja taiteilijoiden keskuudessa syntyi ty\u00f6ryhm\u00e4\u00e4n kuuluvuuden k\u00e4site: haitariporukoissa.<\/p>\n<p>Perinnelaboratorion yhdeksi merkitt\u00e4v\u00e4ksi ty\u00f6tavaksi nousevat kentt\u00e4matkat, jotka viev\u00e4t ty\u00f6t\u00e4 kohti todellista Suistamoa ja joista jatketaan eteenp\u00e4in monitaiteisuuden avulla kohti kuviteltua Suistamoa. Kotikallion tarinat yhdistet\u00e4\u00e4n ty\u00f6n aikana musiikkiin, valokuviin, elokuvaan, sarjakuvaan, tanssiin ja teatteriin. Monitaiteisuuden kautta onnistutaan luomaan uusia ty\u00f6ryhmi\u00e4 ja niiden avulla kokonaisia taide-el\u00e4myksi\u00e4. Perinnelaboratorio luo uusia kuvia Karjalasta, ja mielikuvien n\u00e4yteikkunoina toimivat Suistamo-sarjan konsertit, niiden visuaalisuus ja musiikki.<\/p>\n<p>Tutkielmassa sovelletaan erityisesti mikrohistoriaa, etnografiaa ja kuviteltuja kentt\u00e4retki\u00e4 tutkimusaineiston tarkasteluun ja arkistoaineiston kanssa ty\u00f6skentelyyn. Niiden avulla analysoidaan, kuinka taiteellista ty\u00f6t\u00e4 on tehty dialogissa arkistoaineiston kanssa. Ty\u00f6 nostaa esiin Karjalan kaippuun, evakkouden, haitarin maineen pirunsoittimena, poikkeavan kansanmusiikin ja -tanssin esitt\u00e4misen sek\u00e4 vuoden 2015 aikana virinneet pakolaiskeskustelut, jotka peilautuivat ty\u00f6h\u00f6n ja her\u00e4ttiv\u00e4t mielenkiintoisia keskusteluja ty\u00f6n aikana. Taiteellinen tutkimus avaa v\u00e4yl\u00e4\u00e4 Suistamon ymm\u00e4rt\u00e4miselle ja sille, kuinka arkistotarinat ja -musiikki\u00a0inspiroivat selvitt\u00e4m\u00e4\u00e4n karjalaista haitariperinnett\u00e4, karmuunin eli haitarin salaisuutta ja Ilja Kotikallion el\u00e4m\u00e4nvaiheita.<\/p>\n<p>Tutkielman yksi t\u00e4rke\u00e4 teht\u00e4v\u00e4 on karjalaisen haitarin nostaminen arkistoista kanteleen ja ruonolaulun rinnalle. Karjalainen haitarimusiikki on taiteellisen tutkimuksen my\u00f6t\u00e4 jatkunut, kehittynyt ja viety yleis\u00f6n kuultavaksi viidess\u00e4 tohtorintutkinnon konsertissa.<\/p>\n<p><strong>avainsanat:<\/strong>\u00a0<em>Notka-haitari, Perinnelaboratorio, kansanmusiikki, kansantanssi, Ilja Kotikallio, valokuva, sarjakuva, mykk\u00e4elokuva, monitaiteisuus, Suistamo, Karjala<\/em><\/p>","protected":false},"excerpt":{"rendered":"<div class=\"field field-name-field-learn-book-credits field-type-text-long field-label-hidden\">\n<div class=\"field-items\">\n<div class=\"field-item even\">\n<p><a title=\"kivimaki_anne-mari_perinnelaboratorio_haitariporukoissa.pdf\" href=\"https:\/\/media.etno.net\/sites\/default\/files\/document\/kivimaki_anne-mari_tohtori_perinnelaboratorio_haitariporukoissa_etnonet.pdf\" target=\"_blank\" rel=\"noopener noreferrer\">Perinnelaboratorio &#8211; #haitariporukoissa<\/a>\u00a0(PDF)<\/p>\n<p>Anne-Mari Kivim\u00e4ki 2018<br \/>\nTaideyliopisto, Sibelius-Akatemia<br \/>\nMuTri-tohtorikoulu<br \/>\nKansanmusiikin aineryhm\u00e4<br \/>\nTaiteellinen tohtorintutkinto<\/p>\n<p>ISBN 978-952-94-0235-9 (sid.)<br \/>\nISBN 978-952-94-0235-6 (PDF)<br \/>\nISSN 2242-8054<br \/>\nEST 42 | Sibelius-Akatemian kansanmusiikkijulkaisuja 30<\/p>\n<\/div>\n<\/div>\n<\/div>","protected":false},"featured_media":1394,"comment_status":"closed","ping_status":"closed","template":"","meta":{"_acf_changed":false},"product_brand":[],"product_cat":[15,76,84,78],"product_tag":[89,73,88,95,93,92,86,87,91,94,90],"class_list":{"0":"post-1393","1":"product","2":"type-product","3":"status-publish","4":"has-post-thumbnail","6":"product_cat-kirjat","7":"product_cat-opinnaytteet","8":"product_cat-tutkielmat","9":"product_cat-tohtoriopinnot","10":"product_tag-ilja-kotikallio","11":"product_tag-kansanmusiikki","12":"product_tag-kansantanssi","13":"product_tag-karjala","14":"product_tag-monitaiteisuus","15":"product_tag-mykkaelokuva","16":"product_tag-notka-haitari","17":"product_tag-perinnelaboratorio","18":"product_tag-sarjakuva","19":"product_tag-suistamo","20":"product_tag-valokuva","22":"first","23":"instock","24":"shipping-taxable","25":"product-type-simple"},"acf":[],"_links":{"self":[{"href":"https:\/\/etno.net\/en\/wp-json\/wp\/v2\/product\/1393","targetHints":{"allow":["GET"]}}],"collection":[{"href":"https:\/\/etno.net\/en\/wp-json\/wp\/v2\/product"}],"about":[{"href":"https:\/\/etno.net\/en\/wp-json\/wp\/v2\/types\/product"}],"replies":[{"embeddable":true,"href":"https:\/\/etno.net\/en\/wp-json\/wp\/v2\/comments?post=1393"}],"wp:featuredmedia":[{"embeddable":true,"href":"https:\/\/etno.net\/en\/wp-json\/wp\/v2\/media\/1394"}],"wp:attachment":[{"href":"https:\/\/etno.net\/en\/wp-json\/wp\/v2\/media?parent=1393"}],"wp:term":[{"taxonomy":"product_brand","embeddable":true,"href":"https:\/\/etno.net\/en\/wp-json\/wp\/v2\/product_brand?post=1393"},{"taxonomy":"product_cat","embeddable":true,"href":"https:\/\/etno.net\/en\/wp-json\/wp\/v2\/product_cat?post=1393"},{"taxonomy":"product_tag","embeddable":true,"href":"https:\/\/etno.net\/en\/wp-json\/wp\/v2\/product_tag?post=1393"}],"curies":[{"name":"wp","href":"https:\/\/api.w.org\/{rel}","templated":true}]}}