{"id":1396,"date":"2020-12-02T13:35:20","date_gmt":"2020-12-02T11:35:20","guid":{"rendered":"https:\/\/etno.net\/?post_type=product&#038;p=1396"},"modified":"2021-09-03T11:30:25","modified_gmt":"2021-09-03T09:30:25","slug":"kitapurjein-tuntemattomaan-tyylien-valilla-liikkuva-improvisaatio-ja-laulajan-kehitys","status":"publish","type":"product","link":"https:\/\/etno.net\/en\/julkaisu\/opinnaytteet\/tohtoriopinnot\/kirjalliset\/kitapurjein-tuntemattomaan-tyylien-valilla-liikkuva-improvisaatio-ja-laulajan-kehitys","title":{"rendered":"Kitapurjein tuntemattomaan &#8211; Tyylien v\u00e4lill\u00e4 liikkuva improvisaatio ja laulajan kehitys"},"content":{"rendered":"<p><strong>Tiivistelm\u00e4<\/strong><\/p>\n<p>T\u00e4ss\u00e4 taiteellisen tohtoritutkinnon kirjallisessa ty\u00f6ss\u00e4 tarkastelen improvisaatioty\u00f6skentelyn vaikutusta laulajan kehittymisess\u00e4. Kansanlaulajana ja tutkivana taiteilijana minua kiinnostaa improvisoiden syntyv\u00e4 musiikki. T\u00e4t\u00e4 selvitt\u00e4\u00e4kseni valitsin tutkintokonsertteihini viisi kesken\u00e4\u00e4n erilaista improvisointiymp\u00e4rist\u00f6\u00e4: jazz, kansanmusiikki, taidemusiikki, oopperaperformanssi sek\u00e4 elektroakustinen musiikki. Musiikillisten ja \u00e4\u00e4nenk\u00e4yt\u00f6llisten tekij\u00f6iden lis\u00e4ksi improvisointiini vaikuttivat ulkomusiikillisina tekij\u00f6in\u00e4 kehollinen kosketus, liike, esitysvalo sek\u00e4 yleis\u00f6n l\u00e4sn\u00e4olo.<\/p>\n<p>Kuvailen tutkintokonserttieni lis\u00e4ksi tutkintoon liittyneit\u00e4 opintojani, jotka ovat olleet merkitt\u00e4v\u00e4 osa tohtorintutkintoprosessiani. Esittelen joitain kansanomaisia \u00e4\u00e4nenk\u00e4ytt\u00f6tapoja ja n\u00e4kemyksi\u00e4ni niiden merkityksest\u00e4 ilmaisuuni. Oman improvisoinnin tutkiminen on mahdollista osallistuvan havainnoinnin ja siihen liittyv\u00e4n ty\u00f6p\u00e4iv\u00e4kirjan avulla. Ty\u00f6p\u00e4iv\u00e4kirja on oleellinen keino seurata henkil\u00f6kohtaista kehityst\u00e4 ja siihen vaikuttaneita tekij\u00f6it\u00e4.<\/p>\n<p>Loppup\u00e4\u00e4telmiss\u00e4 tuon esille oivallukseni intuitiivisen ty\u00f6skentelyn merkityksest\u00e4. T\u00e4m\u00e4 oli avaintekij\u00e4 kansanlaulajuuteni kehittymisess\u00e4 my\u00f6t\u00e4ilij\u00e4st\u00e4 solistiksi.<\/p>\n<p><strong>avainsanat:<\/strong>\u00a0<em>intuitio, kansanlaulajuus, kansanmusiikki, monityylisyys, taiteellinen tutkimus, tutkiva taiteilija, vapaa improvisaatio, \u00e4\u00e4ni-improvisaatio<\/em><\/p>","protected":false},"excerpt":{"rendered":"<p><a title=\"kosonensirkka_kitapurjeintuntemattomaan.pdf\" href=\"https:\/\/media.etno.net\/sites\/default\/files\/document\/kosonensirkka_kitapurjeintuntemattomaan.pdf\" target=\"_blank\" rel=\"noopener\">Kitapurjein tuntemattomaan<\/a>\u00a0(PDF)<\/p>\n<p>\u00a9 2017 Sirkka Kosonen<br \/>\nKustantaja: Taideyliopiston Sibelius-Akatemia<br \/>\nPaino: Unigrafia<br \/>\nKansi: Jan Rosstr\u00f6m \/ Taideyliopiston Sibelius-Akatemia<br \/>\nKannen piirros: Malin Skinnar<br \/>\nTaitto: Timo V\u00e4\u00e4n\u00e4nen \/ Maanite<br \/>\nISBN 978-952-329-094-5 | ISBN 978-952-329-095-2 (PDF)<br \/>\nISSN 1237-4229 | ISSN 2242-8054<br \/>\nEST 38 | Sibelius-Akatemian kansanmusiikkijulkaisuja 29<\/p>","protected":false},"featured_media":1397,"comment_status":"closed","ping_status":"closed","template":"","meta":{"_acf_changed":false},"product_brand":[],"product_cat":[15,76,85,78],"product_tag":[101,96,97,73,98,74,99,100],"class_list":{"0":"post-1396","1":"product","2":"type-product","3":"status-publish","4":"has-post-thumbnail","6":"product_cat-kirjat","7":"product_cat-opinnaytteet","8":"product_cat-kirjalliset","9":"product_cat-tohtoriopinnot","10":"product_tag-aani-improvisaatio","11":"product_tag-intuitio","12":"product_tag-kansanlaulajuus","13":"product_tag-kansanmusiikki","14":"product_tag-monityylisyys","15":"product_tag-taiteellinen-tutkimus","16":"product_tag-tutkiva-taiteilija","17":"product_tag-vapaa-improvisaatio","19":"first","20":"instock","21":"shipping-taxable","22":"product-type-simple"},"acf":[],"_links":{"self":[{"href":"https:\/\/etno.net\/en\/wp-json\/wp\/v2\/product\/1396","targetHints":{"allow":["GET"]}}],"collection":[{"href":"https:\/\/etno.net\/en\/wp-json\/wp\/v2\/product"}],"about":[{"href":"https:\/\/etno.net\/en\/wp-json\/wp\/v2\/types\/product"}],"replies":[{"embeddable":true,"href":"https:\/\/etno.net\/en\/wp-json\/wp\/v2\/comments?post=1396"}],"wp:featuredmedia":[{"embeddable":true,"href":"https:\/\/etno.net\/en\/wp-json\/wp\/v2\/media\/1397"}],"wp:attachment":[{"href":"https:\/\/etno.net\/en\/wp-json\/wp\/v2\/media?parent=1396"}],"wp:term":[{"taxonomy":"product_brand","embeddable":true,"href":"https:\/\/etno.net\/en\/wp-json\/wp\/v2\/product_brand?post=1396"},{"taxonomy":"product_cat","embeddable":true,"href":"https:\/\/etno.net\/en\/wp-json\/wp\/v2\/product_cat?post=1396"},{"taxonomy":"product_tag","embeddable":true,"href":"https:\/\/etno.net\/en\/wp-json\/wp\/v2\/product_tag?post=1396"}],"curies":[{"name":"wp","href":"https:\/\/api.w.org\/{rel}","templated":true}]}}