{"id":1399,"date":"2020-12-02T13:42:07","date_gmt":"2020-12-02T11:42:07","guid":{"rendered":"https:\/\/etno.net\/?post_type=product&#038;p=1399"},"modified":"2021-05-18T14:27:26","modified_gmt":"2021-05-18T12:27:26","slug":"jouhikko-the-bowed-lyre","status":"publish","type":"product","link":"https:\/\/etno.net\/en\/julkaisu\/kirjat\/jouhikko-the-bowed-lyre","title":{"rendered":"Jouhikko \/ The Bowed Lyre"},"content":{"rendered":"<p>Lyyraa alettiin soittaa Euroopassa jousella jo keskiajalla. Tietoja n\u00e4pp\u00e4ilt\u00e4vist\u00e4 ja soitettavista lyyrista l\u00f6ytyy It\u00e4meren alueelta. Soitin s\u00e4ilyi Virossa ja It\u00e4-Suomessa aina 1900-luvun alkuun.<\/p>\n<p>T\u00e4h\u00e4n kirjaan on koottu kaikki tiedossa olevat jouhikkonuotinnokset, joita on yhteens\u00e4 98 s\u00e4velm\u00e4st\u00e4. Ne on ker\u00e4tty Viron mantereelta ja saaristosta sek\u00e4 Savosta ja Karjalasta. Kirjan liitteen\u00e4 ovat my\u00f6s alkuper\u00e4iset fonografi- ja parlografilieri\u00f6ille sek\u00e4 arkistolevylle tallennetut jouhikkos\u00e4velm\u00e4t. Tarjolla on ainutlaatuinen tilaisuus kuulla seitsem\u00e4\u00e4 jouhikonsoittajaa sadan vuoden takaa 46 \u00e4\u00e4nitteell\u00e4. Kirjassa on tietoja jouhikon historiasta, soittajista ja soittotyyleist\u00e4 sek\u00e4 soitto-ohjeet. Lis\u00e4ksi kirjassa on jouhikon k\u00e4ytt\u00f6- ja huolto-ohjeet sek\u00e4 tietoa jouhikonsoiton nykyisest\u00e4 k\u00e4yt\u00e4nn\u00f6st\u00e4.<\/p>","protected":false},"excerpt":{"rendered":"<p>2. korjattu painos<br \/>\n\u00a9 Rauno Nieminen, 2017<br \/>\nRauno Niemisen julkaisuja 2, ISBN 978-952-68365-2-2<br \/>\nSibelius-Akatemian kansanmusiikkijulkaisuja 28, ISSN 2242-8054<br \/>\nKansanmusiikki-instituutin julkaisuja 61, ISSN 0355-9270<br \/>\nEditointi ja englanninkielinen k\u00e4\u00e4nn\u00f6s: Jim Landon ja Horst Bernhardt<br \/>\nTaitto: Joppe Kirsikka-aho, Graafinen Viestint\u00e4 Kyly Oy<br \/>\nNuotinnokset: Otto Andersson, Carl Collan, V\u00e4in\u00f6 Lamberg-Arjava, A. O. V\u00e4is\u00e4nen<br \/>\nNuotinnokset oheis\u00e4\u00e4nitteelt\u00e4: Jouni Koskim\u00e4ki assistentteina Joona Koskim\u00e4ki ja Rauno Nieminen<br \/>\nNuottien puhtaaksikirjoitus: Jouni Koskim\u00e4ki<br \/>\nPaino: H\u00e4meen Kirjapaino Oy<br \/>\nKansikuva: Hannu H\u00e4yh\u00e4<br \/>\nCD-masterointi: Matti Kontio (IMU)<br \/>\nDigitaalinen restaurointi: Jens von Weissenberg<\/p>\n<p>ISBN 978-952-68365-2-2<br \/>\nRauno Nieminen, Ikaalinen 2017<\/p>\n<p><a class=\"ext\" href=\"http:\/\/www.raunonieminen.com\/\">www.raunonieminen.com<\/a><br \/>\n<a class=\"ext\" href=\"https:\/\/holvi.com\/shop\/Raunonieminen\">https:\/\/holvi.com\/shop\/Raunonieminen<\/a><\/p>","protected":false},"featured_media":1400,"comment_status":"closed","ping_status":"closed","template":"","meta":{"_acf_changed":false},"product_brand":[],"product_cat":[15],"product_tag":[114,112,113],"class_list":{"0":"post-1399","1":"product","2":"type-product","3":"status-publish","4":"has-post-thumbnail","6":"product_cat-kirjat","7":"product_tag-historia","8":"product_tag-jouhikko","9":"product_tag-soitinrakennus","11":"first","12":"instock","13":"shipping-taxable","14":"product-type-simple"},"acf":[],"_links":{"self":[{"href":"https:\/\/etno.net\/en\/wp-json\/wp\/v2\/product\/1399","targetHints":{"allow":["GET"]}}],"collection":[{"href":"https:\/\/etno.net\/en\/wp-json\/wp\/v2\/product"}],"about":[{"href":"https:\/\/etno.net\/en\/wp-json\/wp\/v2\/types\/product"}],"replies":[{"embeddable":true,"href":"https:\/\/etno.net\/en\/wp-json\/wp\/v2\/comments?post=1399"}],"wp:featuredmedia":[{"embeddable":true,"href":"https:\/\/etno.net\/en\/wp-json\/wp\/v2\/media\/1400"}],"wp:attachment":[{"href":"https:\/\/etno.net\/en\/wp-json\/wp\/v2\/media?parent=1399"}],"wp:term":[{"taxonomy":"product_brand","embeddable":true,"href":"https:\/\/etno.net\/en\/wp-json\/wp\/v2\/product_brand?post=1399"},{"taxonomy":"product_cat","embeddable":true,"href":"https:\/\/etno.net\/en\/wp-json\/wp\/v2\/product_cat?post=1399"},{"taxonomy":"product_tag","embeddable":true,"href":"https:\/\/etno.net\/en\/wp-json\/wp\/v2\/product_tag?post=1399"}],"curies":[{"name":"wp","href":"https:\/\/api.w.org\/{rel}","templated":true}]}}