{"id":1402,"date":"2020-12-02T14:03:12","date_gmt":"2020-12-02T12:03:12","guid":{"rendered":"https:\/\/etno.net\/?post_type=product&#038;p=1402"},"modified":"2021-09-03T11:34:08","modified_gmt":"2021-09-03T09:34:08","slug":"balladilaulaja-leikaritanssija-monitaiteinen-nakokulma-balladien-esittamiseen","status":"publish","type":"product","link":"https:\/\/etno.net\/en\/julkaisu\/opinnaytteet\/tohtoriopinnot\/kirjalliset\/balladilaulaja-leikaritanssija-monitaiteinen-nakokulma-balladien-esittamiseen","title":{"rendered":"Balladilaulaja, leikaritanssija &#8211; Monitaiteinen n\u00e4k\u00f6kulma balladien esitt\u00e4miseen"},"content":{"rendered":"<p><strong>Tiivistelm\u00e4<\/strong><\/p>\n<blockquote><p>Balladilaulaja, leikaritanssija<br \/>\nMonitaiteinen n\u00e4k\u00f6kulma balladien esitt\u00e4miseen<\/p>\n<p>Maija Karhinen-Ilo 2016<br \/>\nTaideyliopisto, Sibelius-Akatemia<br \/>\nMuTri-tohtorikoulu, Kansanmusiikin aineryhm\u00e4<br \/>\nTaiteellinen tohtorintutkinto<\/p><\/blockquote>\n<p>T\u00e4ss\u00e4 taiteellisen tohtorintutkinnon kirjallisesa ty\u00f6ss\u00e4 tarkastellaan balladia historiallisena ja el\u00e4v\u00e4n\u00e4 perinteen\u00e4 monitaiteisen muusikon n\u00e4k\u00f6kulmasta. Balladilla tarkoitetaan keskiajan Euroopassa syntynytt\u00e4 kertovan kansanlaulun lajia ja monitaiteisella muusikolla soittoa, laulua, tanssia sek\u00e4 draamaa yhdist\u00e4v\u00e4\u00e4 esiintyj\u00e4\u00e4. Esikuvaksi nostetaan keskiajalla kiert\u00e4neet monitahoiset muusikot, leikarit.<\/p>\n<p>Ty\u00f6 perustuu ajatukseen tutkivasta muusikosta, joka etsii tietoa, materiaaleja ja inspiraatiota historialliseista l\u00e4hteist\u00e4 ja k\u00e4ytt\u00e4\u00e4 niit\u00e4 omassa taiteellisessa ty\u00f6ss\u00e4\u00e4n.\u00a0Aineisto pohjautuu erityisesti suomalaisiin balladil\u00e4hteisiin, mutta mukana on my\u00f6s kansainv\u00e4list\u00e4 materiaalia. Tutkinnon p\u00e4\u00e4paino on taiteellisissa tutkintokonserteissa,\u00a0joita t\u00e4m\u00e4 kirjallinen ty\u00f6 k\u00e4sittelee sek\u00e4 aineistona ja ett\u00e4 tuloksinaja joiden prosesseja se reflektoi.<\/p>\n<p>Historiallistataustaa avataan esittelem\u00e4\u00e4n lyhyesti balladeista ja leikareista saatua tietoa.<\/p>\n<p>Kirjallisessa ty\u00f6ss\u00e4 avataan sek\u00e4 balladikulttuurin taustoja ett\u00e4 leikarimuusikkojen roolia keskiajalla ja peilataan kansanmusiikissa yleist\u00e4 monitaiteista muusikkoutta n\u00e4iden ammattikuvaan.<\/p>\n<p>Tutkinnon keskeisimm\u00e4t kysymykset liittyv\u00e4t balladien esitt\u00e4miseen. Viidess\u00e4 tutkinotkonsertissa balladien esitt\u00e4mist\u00e4 l\u00e4hestyttiin eri n\u00e4k\u00f6kulmista: perinnel\u00e4ht\u00f6isesti ja uudistavasti, sooloesiintyj\u00e4n\u00e4 ja ryhm\u00e4ss\u00e4 tanssien sek\u00e4 draaman keinoja kokeillen. Konserttiesittelyss\u00e4 kuvataan ty\u00f6skentelyn prosesseja ja esiin nousseita teemoja, joista omien balladien s\u00e4velt\u00e4minen tutkinnnon loppuvaiheessa nousee vahvasti esille.<\/p>\n<p>Loppup\u00e4\u00e4telmiss\u00e4 avataan balladien esitt\u00e4miseen syntyneit\u00e4 n\u00e4k\u00f6kulmia ja balladitanssin kokemuksellisuutta sek\u00e4 arvioidaan balladin ja leikariuden asemaa nykykulttuurissa.<\/p>\n<p><strong>Avainsanat:\u00a0<\/strong>balladi, kansanlaulu, laulaminen, esitt\u00e4minen, leikarit, monitaiteisuus<\/p>","protected":false},"excerpt":{"rendered":"<p>Sibelius-Akatemian kansanmusiikkijulkaisuja 27<br \/>\n<a title=\"Balladilaulaja, leikaritanssija - Monitaiteinen n\u00e4k\u00f6kulma balladien esitt\u00e4miseen\" href=\"https:\/\/media.etno.net\/sites\/default\/files\/document\/maija_karhinen-ilo_tohtori_e_v02.pdf\" target=\"_blank\" rel=\"noopener\">Balladilaulaja, leikaritanssija &#8211; Monitaiteinen n\u00e4k\u00f6kulma balladien esitt\u00e4miseen<\/a>\u00a0(PDF)<\/p>\n<p>Paino: AM Print Oy, Helsinki<br \/>\n\u00a9 Maija Karhinen-Ilo &amp; Sibelius-Akatemia<br \/>\nISBN ISBN 978-952-329-053-2 (painettu versio)<br \/>\nISBN 978-952-329-054-9 (e-versio)<br \/>\nISSN: 2242-8054<br \/>\nSibelius-Akatemia<br \/>\nKansanmusiikin aineryhm\u00e4<br \/>\nPL 30<br \/>\n00097 Taideyliopisto<br \/>\nwww.uniarts.fi\/siba\/kansanmusiikki<br \/>\netno.net<\/p>","protected":false},"featured_media":1403,"comment_status":"closed","ping_status":"closed","template":"","meta":{"_acf_changed":false},"product_brand":[],"product_cat":[15,76,85,78],"product_tag":[115,118,116,117,119,93],"class_list":{"0":"post-1402","1":"product","2":"type-product","3":"status-publish","4":"has-post-thumbnail","6":"product_cat-kirjat","7":"product_cat-opinnaytteet","8":"product_cat-kirjalliset","9":"product_cat-tohtoriopinnot","10":"product_tag-balladi","11":"product_tag-esittaminen","12":"product_tag-kansanlaulu","13":"product_tag-laulaminen","14":"product_tag-leikarit","15":"product_tag-monitaiteisuus","17":"first","18":"instock","19":"shipping-taxable","20":"product-type-simple"},"acf":[],"_links":{"self":[{"href":"https:\/\/etno.net\/en\/wp-json\/wp\/v2\/product\/1402","targetHints":{"allow":["GET"]}}],"collection":[{"href":"https:\/\/etno.net\/en\/wp-json\/wp\/v2\/product"}],"about":[{"href":"https:\/\/etno.net\/en\/wp-json\/wp\/v2\/types\/product"}],"replies":[{"embeddable":true,"href":"https:\/\/etno.net\/en\/wp-json\/wp\/v2\/comments?post=1402"}],"wp:featuredmedia":[{"embeddable":true,"href":"https:\/\/etno.net\/en\/wp-json\/wp\/v2\/media\/1403"}],"wp:attachment":[{"href":"https:\/\/etno.net\/en\/wp-json\/wp\/v2\/media?parent=1402"}],"wp:term":[{"taxonomy":"product_brand","embeddable":true,"href":"https:\/\/etno.net\/en\/wp-json\/wp\/v2\/product_brand?post=1402"},{"taxonomy":"product_cat","embeddable":true,"href":"https:\/\/etno.net\/en\/wp-json\/wp\/v2\/product_cat?post=1402"},{"taxonomy":"product_tag","embeddable":true,"href":"https:\/\/etno.net\/en\/wp-json\/wp\/v2\/product_tag?post=1402"}],"curies":[{"name":"wp","href":"https:\/\/api.w.org\/{rel}","templated":true}]}}