{"id":1404,"date":"2020-12-02T14:08:23","date_gmt":"2020-12-02T12:08:23","guid":{"rendered":"https:\/\/etno.net\/?post_type=product&#038;p=1404"},"modified":"2021-09-03T11:39:59","modified_gmt":"2021-09-03T09:39:59","slug":"markkinarenkuttimesta-martin-pauliin-harmonikka-kansanvalistuksen-ja-populaarimusiikin-suomessa-1850-1900","status":"publish","type":"product","link":"https:\/\/etno.net\/en\/julkaisu\/opinnaytteet\/tohtoriopinnot\/kirjalliset\/markkinarenkuttimesta-martin-pauliin-harmonikka-kansanvalistuksen-ja-populaarimusiikin-suomessa-1850-1900","title":{"rendered":"Markkinarenkuttimesta Martin Pauliin &#8211; Harmonikka kansanvalistuksen ja populaarimusiikin Suomessa 1850-1900"},"content":{"rendered":"<p><strong>Tiivistelm\u00e4<\/strong><\/p>\n<p class=\"p1\">T\u00e4m\u00e4 kirjallinen ty\u00f6 on osa musiikin tohtorintutkintoani Taideyliopiston Sibelius-Akatemiassa. Taiteellisen\u00a0ty\u00f6ni aiheena oli sek\u00e4 historiallisen populaarimusiikin esitt\u00e4minen ett\u00e4 uuden harmonikkamusiikin\u00a0s\u00e4velt\u00e4minen vaihto\u00e4\u00e4nisille diatonisille pikkuharmonikoille. Kirjallisessa ty\u00f6ss\u00e4ni olen selvitt\u00e4nyt harmonikan\u00a0varhaishistoriaa Suomen suuriruhtinaskunnassa 1800-luvun j\u00e4lkipuoliskolla.<\/p>\n<p class=\"p1\">Tohtorintutkinnon taiteellisen kokonaisuuden muodostivat konsertit Salongista tupaan (2011), New Melodeon\u00a0Melodies (2013), Organetto Solo (2014), Palkein ja kielin \u2013 \u00e4\u00e4ni\u00e4 maisemassa (2014) ja Organetto &amp;\u00a0Organo (2016).<\/p>\n<p class=\"p1\">Taiteellisessa ty\u00f6ss\u00e4ni p\u00e4\u00e4m\u00e4\u00e4r\u00e4n\u00e4 yksirivisen harmonikan kohdalla oli tuoda esiin sek\u00e4 historiallista,<br \/>\n1800-luvulla harmonikalla esitetty\u00e4 populaarimusiikkia ett\u00e4 s\u00e4velt\u00e4\u00e4 sille uutta nykykansanmusiikkia.<br \/>\nIsompien 2,5- ja 3-rivisten vaihto\u00e4\u00e4nisten harmonikkojen kohdalla p\u00e4\u00e4m\u00e4\u00e4r\u00e4n\u00e4ni oli s\u00e4velt\u00e4\u00e4 ennen kaikkea\u00a0uutta musiikkia ja samalla kehitt\u00e4\u00e4 ja monipuolistaa omaa s\u00e4velkielt\u00e4 ja ilmaisukeinoja. Osa s\u00e4vellysty\u00f6st\u00e4ni\u00a0l\u00e4hti selke\u00e4sti vaihto\u00e4\u00e4nisten harmonikkojen soittimellisuudesta, mutta toisaalta pidin t\u00e4rke\u00e4n\u00e4\u00a0luoda musiikkia, joka ylitt\u00e4isi soitin- ja genrerajat.<\/p>\n<p class=\"p1\">Kirjallisessa ty\u00f6ss\u00e4ni olen tarkastellut erityisesti harmonikan varhaisia myyntikanavia, harmonikkaa<br \/>\nsoittaneita varhaisia esiintyji\u00e4 sek\u00e4 soittimen arvostukseen liittyvi\u00e4 seikkoja. Avainl\u00e4hdeaineistona toimi\u00a0Kansalliskirjaston yll\u00e4pit\u00e4m\u00e4 digitaalinen sanomalehtikirjasto, jonka kautta oli mahdollista koota monipuolisesti\u00a0yhteen tietoja mm. soitinkauppiaista, soitinkorjaajista ja harmonikan rakentajista. Yhten\u00e4 t\u00e4m\u00e4n\u00a0kirjallisen ty\u00f6n aiheena oli my\u00f6s harmonikasta k\u00e4yt\u00e4v\u00e4 keskustelu keskell\u00e4 kansanvalistuksen aikakautta.\u00a0Avainhenkil\u00f6n\u00e4 t\u00e4ss\u00e4 ty\u00f6ss\u00e4 oli saksalais-tanskalais-suomalainen harmonikkataiteilija Martin Paul\u00a0(1843\u20131893), joka loi Suomessa vuosina 1879\u20131893 merkitt\u00e4v\u00e4n uran sek\u00e4 esiintyv\u00e4n\u00e4 taiteilijana ett\u00e4\u00a0harmonikansoiton opettajana.<\/p>\n<p><strong>Avainsanat:\u00a0<\/strong>vaihto\u00e4\u00e4niset harmonikat, 1800-luvun populaarimusiikki, nykykansanmusiikki, Martin Paul,\u00a0harmonikan historia, kansanvalistus.<\/p>","protected":false},"excerpt":{"rendered":"<p>Sibelius-Akatemian kansanmusiikkijulkaisuja 26<br \/>\n<a title=\"Harmonikka kansanvalistuksen ja populaarimusiikin Suomessa 1850-1900\" href=\"https:\/\/media.etno.net\/sites\/default\/files\/document\/markku_lepisto_tohtori_03.pdf\" target=\"_blank\" rel=\"noopener\">Harmonikka kansanvalistuksen ja populaarimusiikin Suomessa 1850-1900<\/a>\u00a0(PDF)<\/p>\n<p>\u00a9 Markku Lepist\u00f6 &amp; Sibelius-Akatemia<br \/>\nISBN 978-952-329-047-1 (painettu versio)<br \/>\nISBN 978-952-329-048-8 (e-versio)<br \/>\nISSN: 2242-8054<br \/>\nSibelius-Akatemia<br \/>\nKansanmusiikin aineryhm\u00e4<br \/>\nPL 30<br \/>\n00097 Taideyliopisto<br \/>\nwww.uniarts.fi\/siba\/kansanmusiikki<br \/>\netno.net<\/p>","protected":false},"featured_media":1405,"comment_status":"closed","ping_status":"closed","template":"","meta":{"_acf_changed":false},"product_brand":[],"product_cat":[15,76,85,78],"product_tag":[121,124,125,123,122,120],"class_list":{"0":"post-1404","1":"product","2":"type-product","3":"status-publish","4":"has-post-thumbnail","6":"product_cat-kirjat","7":"product_cat-opinnaytteet","8":"product_cat-kirjalliset","9":"product_cat-tohtoriopinnot","10":"product_tag-1800-luvun-populaarimusiikki","11":"product_tag-harmonikan-historia","12":"product_tag-kansanvalistus","13":"product_tag-martin-paul","14":"product_tag-nykykansanmusiikki","15":"product_tag-vaihtoaaniset-harmonikat","17":"first","18":"instock","19":"shipping-taxable","20":"product-type-simple"},"acf":[],"_links":{"self":[{"href":"https:\/\/etno.net\/en\/wp-json\/wp\/v2\/product\/1404","targetHints":{"allow":["GET"]}}],"collection":[{"href":"https:\/\/etno.net\/en\/wp-json\/wp\/v2\/product"}],"about":[{"href":"https:\/\/etno.net\/en\/wp-json\/wp\/v2\/types\/product"}],"replies":[{"embeddable":true,"href":"https:\/\/etno.net\/en\/wp-json\/wp\/v2\/comments?post=1404"}],"wp:featuredmedia":[{"embeddable":true,"href":"https:\/\/etno.net\/en\/wp-json\/wp\/v2\/media\/1405"}],"wp:attachment":[{"href":"https:\/\/etno.net\/en\/wp-json\/wp\/v2\/media?parent=1404"}],"wp:term":[{"taxonomy":"product_brand","embeddable":true,"href":"https:\/\/etno.net\/en\/wp-json\/wp\/v2\/product_brand?post=1404"},{"taxonomy":"product_cat","embeddable":true,"href":"https:\/\/etno.net\/en\/wp-json\/wp\/v2\/product_cat?post=1404"},{"taxonomy":"product_tag","embeddable":true,"href":"https:\/\/etno.net\/en\/wp-json\/wp\/v2\/product_tag?post=1404"}],"curies":[{"name":"wp","href":"https:\/\/api.w.org\/{rel}","templated":true}]}}