{"id":1406,"date":"2020-12-02T14:14:14","date_gmt":"2020-12-02T12:14:14","guid":{"rendered":"https:\/\/etno.net\/?post_type=product&#038;p=1406"},"modified":"2021-08-30T12:27:38","modified_gmt":"2021-08-30T10:27:38","slug":"palkeen-kieli-vaihtoaanisen-haitarin-paljerytmiikka-savellystyossa","status":"publish","type":"product","link":"https:\/\/etno.net\/en\/julkaisu\/opinnaytteet\/tohtoriopinnot\/kirjalliset\/palkeen-kieli-vaihtoaanisen-haitarin-paljerytmiikka-savellystyossa","title":{"rendered":"Palkeen kieli &#8211; Vaihto\u00e4\u00e4nisen haitarin paljerytmiikka s\u00e4vellysty\u00f6ss\u00e4"},"content":{"rendered":"<p><strong>Tiivistelm\u00e4<\/strong><\/p>\n<p>T\u00e4m\u00e4 kirjallinen ty\u00f6 on osa musiikin tohtorintutkintoani Sibelius-Akatemiassa. Taiteellisen ty\u00f6ni aiheena oli uuden musiikin s\u00e4velt\u00e4minen vaihto\u00e4\u00e4nisell\u00e4 haitarilla. Kirjallisessa ty\u00f6ss\u00e4 tarkastelen s\u00e4velt\u00e4m\u00e4\u00e4ni musiikkia soittimellisuuden n\u00e4k\u00f6kulmasta.<\/p>\n<p>Tohtorintutkintoni taiteellisen kokonaisuuden muodostivat soolokonsertit Hauras (2008), \u00c4\u00e4nikertoja (2009) ja Pirunkeuhko (2009), musiikki teatteriteoksessa Mies Maailman Huipulla \u2013 Peer Gynt (Sein\u00e4joen Kaupunginteatteri 2013) sek\u00e4 sooloalbumit Breathbox (SibaRecords 2010) ja Meluta (Rockadillo Records 2014).<\/p>\n<p>Taiteellisessa ty\u00f6ss\u00e4 p\u00e4\u00e4m\u00e4\u00e4r\u00e4n\u00e4ni oli haitarin soittimellisten erityispiirteiden, eritoten vaihto\u00e4\u00e4nisen toimintaperiaatteen, hy\u00f6dynt\u00e4minen s\u00e4vellysty\u00f6ss\u00e4. Keskeisen\u00e4 tutkimuskohteena oli jatkoopintoja varten hankkimani uusi kolmirivinen vaihto\u00e4\u00e4ninen haitari, johon suunnittelin oman n\u00e4pp\u00e4inj\u00e4rjestelm\u00e4n. Kehitin soittimen avulla uusia paljetekniikoita, jotka perustuivat rytmiseen palkeen k\u00e4sittelyyn. N\u00e4ille soittotekniikoille olen antanut yhteisen nimikkeen paljerytmiikka.<\/p>\n<p>Valikoin s\u00e4velt\u00e4m\u00e4st\u00e4ni materiaalista paljerytmiikkaan perustuvia teoksia, joiden synty\u00e4, rakennetta ja soittotekniikoita esittelen t\u00e4ss\u00e4 kirjallisessa ty\u00f6ss\u00e4 videoiden sek\u00e4 paljerytmiikkaa havainnollistavien nuotinnosten avulla. Jatko-opintojen aikana s\u00e4velt\u00e4m\u00e4ni materiaali on kokonaisuudessaan kuunneltavissa ja katsottavissa ty\u00f6h\u00f6n liitetyist\u00e4 \u00e4\u00e4ni- ja videotiedostoista.<\/p>\n<p>Taiteellinen tutkimus on omalla kohdallani tarkoittanut uusien soittotekniikoiden sek\u00e4 oman s\u00e4velkielen ja ilmaisukeinojen kehitt\u00e4mist\u00e4, johon liittyi oleellisena osana soittimen \u00e4\u00e4nentoistotekninen kehitysty\u00f6. Haitari on ollut monessa ajassa suosittu tanssimusiikin soitin. T\u00e4st\u00e4 n\u00e4k\u00f6kulmasta nousi esiin yksi taiteellisen prosessini tavoite, jossa haitari on pyritt\u00e4v\u00e4 tuomaan l\u00e4hemm\u00e4ksi nykyist\u00e4 tanssimusiikkia ja soittimesta on kaivettava ilmaisullisesti esiin nykyisiin populaarimusiikin kuuntelutottumuksiin vetoavaa soinnillista voimaa.<\/p>\n<p>Taiteellisen ty\u00f6ni reflektointi soittimellisuuden n\u00e4k\u00f6kulmasta toi uusia n\u00e4k\u00f6kulmia s\u00e4velt\u00e4miseen ja auttoi minua l\u00f6yt\u00e4m\u00e4\u00e4n soittotyylini keskeisen piirteen, paljerytmiikan, josta on muodostunut samalla s\u00e4vellysty\u00f6ni perusta.<\/p>\n<p><strong>Avainsanat:<\/strong> vaihto\u00e4\u00e4ninen haitari, paljerytmiikka, kansanmusiikki, soittimellisuus, s\u00e4velt\u00e4minen, taiteellinen tutkimus.<\/p>","protected":false},"excerpt":{"rendered":"<p>Sibelius-Akatemian kansanmusiikkijulkaisuja 25<\/p>\n<p><a title=\"Palkeen kieli, monimediainen tohtorinty\u00f6\" href=\"https:\/\/media.etno.net\/sites\/default\/files\/document\/antti_paalanen_palkeen_kieli_interaktiivinen_tohtorintyo_etnonet.pdf\" target=\"_blank\" rel=\"noopener noreferrer\">Palkeen kieli, monimediainen tohtorinty\u00f6<\/a> (PDF)<br \/>\n<a title=\"Palkeen kieli, tohtorinty\u00f6n monimediainen liite\" href=\"https:\/\/media.etno.net\/sites\/default\/files\/document\/antti_paalanen_palkeen_kieli_tohtorintyon_monimediainen_liite_etnonet.pdf\" target=\"_blank\" rel=\"noopener noreferrer\">Palkeen kieli, tohtorinty\u00f6n monimediainen liite<\/a> (PDF).<\/p>\n<p>ISBN 978-952-329-003-7 (PAINETTU)<br \/>\n978-952-329-002-0 (PDF)<br \/>\nISSN: 2242-8054<\/p>","protected":false},"featured_media":1407,"comment_status":"closed","ping_status":"closed","template":"","meta":{"_acf_changed":false},"product_brand":[],"product_cat":[15,76,85,78],"product_tag":[73,127,129,128,74,126],"class_list":{"0":"post-1406","1":"product","2":"type-product","3":"status-publish","4":"has-post-thumbnail","6":"product_cat-kirjat","7":"product_cat-opinnaytteet","8":"product_cat-kirjalliset","9":"product_cat-tohtoriopinnot","10":"product_tag-kansanmusiikki","11":"product_tag-paljerytmiikka","12":"product_tag-saveltaminen","13":"product_tag-soittimellisuus","14":"product_tag-taiteellinen-tutkimus","15":"product_tag-vaihtoaaninen-haitari","17":"first","18":"instock","19":"shipping-taxable","20":"product-type-simple"},"acf":[],"_links":{"self":[{"href":"https:\/\/etno.net\/en\/wp-json\/wp\/v2\/product\/1406","targetHints":{"allow":["GET"]}}],"collection":[{"href":"https:\/\/etno.net\/en\/wp-json\/wp\/v2\/product"}],"about":[{"href":"https:\/\/etno.net\/en\/wp-json\/wp\/v2\/types\/product"}],"replies":[{"embeddable":true,"href":"https:\/\/etno.net\/en\/wp-json\/wp\/v2\/comments?post=1406"}],"wp:featuredmedia":[{"embeddable":true,"href":"https:\/\/etno.net\/en\/wp-json\/wp\/v2\/media\/1407"}],"wp:attachment":[{"href":"https:\/\/etno.net\/en\/wp-json\/wp\/v2\/media?parent=1406"}],"wp:term":[{"taxonomy":"product_brand","embeddable":true,"href":"https:\/\/etno.net\/en\/wp-json\/wp\/v2\/product_brand?post=1406"},{"taxonomy":"product_cat","embeddable":true,"href":"https:\/\/etno.net\/en\/wp-json\/wp\/v2\/product_cat?post=1406"},{"taxonomy":"product_tag","embeddable":true,"href":"https:\/\/etno.net\/en\/wp-json\/wp\/v2\/product_tag?post=1406"}],"curies":[{"name":"wp","href":"https:\/\/api.w.org\/{rel}","templated":true}]}}