{"id":1408,"date":"2020-12-02T14:28:20","date_gmt":"2020-12-02T12:28:20","guid":{"rendered":"https:\/\/etno.net\/?post_type=product&#038;p=1408"},"modified":"2021-08-30T12:35:11","modified_gmt":"2021-08-30T10:35:11","slug":"runolaulusta-kokonaisvaltaiseen-improvisointiin","status":"publish","type":"product","link":"https:\/\/etno.net\/en\/julkaisu\/opinnaytteet\/tohtoriopinnot\/kirjalliset\/runolaulusta-kokonaisvaltaiseen-improvisointiin","title":{"rendered":"Runolaulusta kokonaisvaltaiseen improvisointiin"},"content":{"rendered":"<p><strong>Tiivistelm\u00e4<\/strong><\/p>\n<p>T\u00e4m\u00e4 kirjallinen ty\u00f6 on osa Outi Pulkkisen taiteellista tohtorintutkintoa Sile\u00e4n tilan laulu Taideyliopiston Sibelius-Akatemiassa.<\/p>\n<p>Kirjallisessa ty\u00f6ss\u00e4 avataan taiteellisen tutkinnon harjoitusmenetelmien kehittymist\u00e4 ja harjoitusprosesseja, joiden kautta taiteellinen tutkimus tehtiin. Tutkimus keskittyi kokonaisvaltaisen improvisaation kehitt\u00e4miseen ja suomalaiseen arkaaiseen musiikkiin, erityisesti runolauluun.<\/p>\n<p>Kokonaisvaltaisen sooloimprovisaatiomenetelm\u00e4n kehitysty\u00f6ss\u00e4 tutkimuksen kohteita olivat esiintyj\u00e4ntietoisuus, itseohjaus, lihas-, kuulo- ja tunnemuisti, ilmaisullisten elementtien yhteys toisiinsa sek\u00e4 esityksellisyys.<\/p>\n<p>Arkaaisen musiikin taiteellisen tutkimuksen tuloksia esitell\u00e4\u00e4n kolmessa artikkelissa. Ensimm\u00e4inen artikkeli k\u00e4sittelee runonoppimismenetelmi\u00e4, toinen runolaulutarinoiden ja -s\u00e4velmien sekoittumista ja kolmas tietoisuuden tilan muutoksia arkaaisen musiikin esitystilanteessa.<\/p>\n<p>Tutkinnon taiteellisena tuloksena syntyi CD-levy ja 23 soolo- ja ryhm\u00e4esityst\u00e4, joiden yhteiskesto oli 38 tuntia. Kokonaisvaltaista monitaiteellista improvisaatiota oli 13 tuntia, runolaulua, jouhikonsoittoa ja improvisaatiota yhdist\u00e4vi\u00e4 konsertteja 24 tuntia.<\/p>\n<p>Tohtorintutkinnon lopputulema on taiteilija, joka kokee olevansa esiintyess\u00e4\u00e4n virheet\u00f6n ja vapaa ilmaisemaan sen hetkist\u00e4 olemustaan; muusikko, joka on laajentanut esityksellisen ilmaisunsa liikkeeseen ja puheeseen.<\/p>\n<p>Kirjallinen ty\u00f6 esittelee my\u00f6s tekij\u00e4n taiteilijuuden kehittymisen lapsuudesta tohtoriopintojen alkuun. Kirjallisen ty\u00f6n monimediaisessa versiossa on n\u00e4ht\u00e4viss\u00e4 ja kuultavissa video- ja \u00e4\u00e4nitallenteita taiteellisten osioiden esityksist\u00e4.<\/p>\n<p>Vapauden edellytyksen\u00e4 on luopua yritt\u00e4misest\u00e4 ja kuunnella itse\u00e4 ja ymp\u00e4rist\u00f6\u00e4 t\u00e4ss\u00e4 hetkess\u00e4.<\/p>","protected":false},"excerpt":{"rendered":"<p><a href=\"https:\/\/media.etno.net\/sites\/default\/files\/document\/outi_pulkkinen_interaktiivinen_tohtorintyo_etnonet.pdf\" target=\"_blank\" rel=\"noopener noreferrer\">Runolaulusta kokonaisvaltaiseen improvisointiin<\/a> (PDF).<\/p>\n<p>Taiteelliseen tohtorintutkintoon liittyv\u00e4 kirjallinen ty\u00f6<br \/>\nSibelius-Akatemian kansanmusiikkijulkaisuja 24<\/p>\n<p>ISBN 978-952-5959-75-8 (PAINETTU)<br \/>\n978-952-5959-76-5 (PDF)<br \/>\nISSN: 2242-8054<\/p>","protected":false},"featured_media":1409,"comment_status":"closed","ping_status":"closed","template":"","meta":{"_acf_changed":false},"product_brand":[],"product_cat":[15,76,85,78],"product_tag":[],"class_list":{"0":"post-1408","1":"product","2":"type-product","3":"status-publish","4":"has-post-thumbnail","6":"product_cat-kirjat","7":"product_cat-opinnaytteet","8":"product_cat-kirjalliset","9":"product_cat-tohtoriopinnot","11":"first","12":"instock","13":"shipping-taxable","14":"product-type-simple"},"acf":[],"_links":{"self":[{"href":"https:\/\/etno.net\/en\/wp-json\/wp\/v2\/product\/1408","targetHints":{"allow":["GET"]}}],"collection":[{"href":"https:\/\/etno.net\/en\/wp-json\/wp\/v2\/product"}],"about":[{"href":"https:\/\/etno.net\/en\/wp-json\/wp\/v2\/types\/product"}],"replies":[{"embeddable":true,"href":"https:\/\/etno.net\/en\/wp-json\/wp\/v2\/comments?post=1408"}],"wp:featuredmedia":[{"embeddable":true,"href":"https:\/\/etno.net\/en\/wp-json\/wp\/v2\/media\/1409"}],"wp:attachment":[{"href":"https:\/\/etno.net\/en\/wp-json\/wp\/v2\/media?parent=1408"}],"wp:term":[{"taxonomy":"product_brand","embeddable":true,"href":"https:\/\/etno.net\/en\/wp-json\/wp\/v2\/product_brand?post=1408"},{"taxonomy":"product_cat","embeddable":true,"href":"https:\/\/etno.net\/en\/wp-json\/wp\/v2\/product_cat?post=1408"},{"taxonomy":"product_tag","embeddable":true,"href":"https:\/\/etno.net\/en\/wp-json\/wp\/v2\/product_tag?post=1408"}],"curies":[{"name":"wp","href":"https:\/\/api.w.org\/{rel}","templated":true}]}}